{"id":15373,"date":"2017-11-23T10:51:17","date_gmt":"2017-11-23T10:51:17","guid":{"rendered":"https:\/\/www.thehippohouse.org\/?page_id=15373"},"modified":"2024-12-13T16:03:05","modified_gmt":"2024-12-13T16:03:05","slug":"descarrec-de-responsabilitat","status":"publish","type":"page","link":"https:\/\/www.thehippohouse.org\/ca\/inici\/descarrec-de-responsabilitat\/","title":{"rendered":"Desc\u00e0rrec de Responsabilitat"},"content":{"rendered":"\t\t<div data-elementor-type=\"wp-post\" data-elementor-id=\"15373\" class=\"elementor elementor-15373 elementor-52\" data-elementor-post-type=\"page\">\n\t\t\t\t\t\t<section class=\"elementor-section elementor-top-section elementor-element elementor-element-370552cd elementor-section-stretched elementor-section-boxed elementor-section-height-default elementor-section-height-default\" data-id=\"370552cd\" data-element_type=\"section\" data-e-type=\"section\" data-settings=\"{&quot;stretch_section&quot;:&quot;section-stretched&quot;}\">\n\t\t\t\t\t\t<div class=\"elementor-container elementor-column-gap-default\">\n\t\t\t\t\t<div class=\"elementor-column elementor-col-100 elementor-top-column elementor-element elementor-element-4f0c2ce\" data-id=\"4f0c2ce\" data-element_type=\"column\" data-e-type=\"column\">\n\t\t\t<div class=\"elementor-widget-wrap elementor-element-populated\">\n\t\t\t\t\t\t<div class=\"elementor-element elementor-element-ce9d68f elementor-widget elementor-widget-heading\" data-id=\"ce9d68f\" data-element_type=\"widget\" data-e-type=\"widget\" data-widget_type=\"heading.default\">\n\t\t\t\t<div class=\"elementor-widget-container\">\n\t\t\t\t\t<h1 class=\"elementor-heading-title elementor-size-default\">Desc\u00e0rrec de Responsabilitat de The Hippo House \ud83e\udd9b\ud83d\udc99<\/h1>\t\t\t\t<\/div>\n\t\t\t\t<\/div>\n\t\t\t\t<div class=\"elementor-element elementor-element-4d351a34 elementor-widget elementor-widget-text-editor\" data-id=\"4d351a34\" data-element_type=\"widget\" data-e-type=\"widget\" data-widget_type=\"text-editor.default\">\n\t\t\t\t<div class=\"elementor-widget-container\">\n\t\t\t\t\t\t\t\t\t<p>A <strong>The Hippo House<\/strong>, el nostre objectiu \u00e9s oferir informaci\u00f3 i recursos educatius amb el m\u00e0xim afecte i comprom\u00eds. No obstant aix\u00f2, \u00e9s important que s\u00e0pigues que <strong>els continguts d\u2019aquesta p\u00e0gina web s\u00f3n \u00fanicament de car\u00e0cter informatiu<\/strong> i no s\u2019han de considerar com a substituts de consells, diagn\u00f2stics o tractaments oferts per <strong>professionals qualificats en les \u00e0rees m\u00e8dica, psicol\u00f2gica, legal o altres especialitats.<\/strong><\/p>\t\t\t\t\t\t\t\t<\/div>\n\t\t\t\t<\/div>\n\t\t\t\t<div class=\"elementor-element elementor-element-1b24987 elementor-widget elementor-widget-heading\" data-id=\"1b24987\" data-element_type=\"widget\" data-e-type=\"widget\" data-widget_type=\"heading.default\">\n\t\t\t\t<div class=\"elementor-widget-container\">\n\t\t\t\t\t<h2 class=\"elementor-heading-title elementor-size-default\">Prop\u00f2sit Exclusivament Informatiu<\/h2>\t\t\t\t<\/div>\n\t\t\t\t<\/div>\n\t\t\t\t<div class=\"elementor-element elementor-element-ae3967e elementor-widget elementor-widget-text-editor\" data-id=\"ae3967e\" data-element_type=\"widget\" data-e-type=\"widget\" data-widget_type=\"text-editor.default\">\n\t\t\t\t<div class=\"elementor-widget-container\">\n\t\t\t\t\t\t\t\t\t<p>Tota la informaci\u00f3 publicada a <strong><a href=\"https:\/\/www.thehippohouse.org\/ca\/\">www.thehippohouse.org<\/a><\/strong> est\u00e0 dissenyada amb finalitats educatives i no s\u2019ha d\u2019utilitzar com a base per a decisions cr\u00edtiques relacionades amb la salut, la seguretat o qualsevol altre aspecte essencial de la vida. <strong>The Hippo House no est\u00e0 validat per organismes com l\u2019EMA (Ag\u00e8ncia Europea de Medicaments), FDA (Administraci\u00f3 d&#8217;Aliments i Medicaments dels Estats Units) ni per cap altra autoritat reguladora oficial.<\/strong><\/p><p>Si tens preocupacions relacionades amb la salut, el maneig de malalties, tractaments o qualsevol altre tema, et recomanem que <strong>consultis directament amb professionals degudament qualificats.<\/strong><\/p>\t\t\t\t\t\t\t\t<\/div>\n\t\t\t\t<\/div>\n\t\t\t\t<div class=\"elementor-element elementor-element-a04cd20 elementor-widget elementor-widget-heading\" data-id=\"a04cd20\" data-element_type=\"widget\" data-e-type=\"widget\" data-widget_type=\"heading.default\">\n\t\t\t\t<div class=\"elementor-widget-container\">\n\t\t\t\t\t<h2 class=\"elementor-heading-title elementor-size-default\">Condicions d\u2019\u00das<\/h2>\t\t\t\t<\/div>\n\t\t\t\t<\/div>\n\t\t\t\t<div class=\"elementor-element elementor-element-147a86f elementor-widget elementor-widget-text-editor\" data-id=\"147a86f\" data-element_type=\"widget\" data-e-type=\"widget\" data-widget_type=\"text-editor.default\">\n\t\t\t\t<div class=\"elementor-widget-container\">\n\t\t\t\t\t\t\t\t\t<p>L\u2019\u00fas de <strong><a href=\"https:\/\/www.thehippohouse.org\/ca\/\">www.thehippohouse.org<\/a><\/strong> implica l\u2019acceptaci\u00f3 dels seg\u00fcents termes:<\/p><ol><li><strong>La informaci\u00f3 proporcionada no substitueix el consell de professionals qualificats.<\/strong> En cap circumst\u00e0ncia, els continguts d\u2019aquesta p\u00e0gina web han de substituir l\u2019atenci\u00f3 de metges, psic\u00f2legs, nutricionistes, advocats o altres experts.<\/li><li>Els productes, declaracions i continguts presentats en aquest lloc <strong>no han estat avaluats ni aprovats per organismes oficials<\/strong> i <strong>no estan destinats a diagnosticar, tractar, curar o prevenir malalties.<\/strong><\/li><li>Abans d\u2019iniciar qualsevol programa relacionat amb dietes, suplements, medicaments o rutines d\u2019exercici mencionats en aquest lloc, \u00e9s fonamental que consultis un professional qualificat.<\/li><li><strong>La informaci\u00f3 oferida a aquesta web pot no ser aplicable a totes les persones ni garantir resultats espec\u00edfics.<\/strong> Cada persona \u00e9s \u00fanica, i les reaccions o resultats poden variar significativament.<\/li><li><strong>No assumim responsabilitat per possibles interaccions adverses entre medicaments, suplements o tractaments<\/strong> esmentats en aquesta p\u00e0gina. Consulta sempre el teu metge abans de combinar-los.<\/li><li><strong>L\u2019\u00fas de la informaci\u00f3 continguda en aquesta web pot comportar riscos<\/strong>, especialment per a persones amb condicions m\u00e8diques o mentals preexistents. Si decideixes assumir aquests riscos, ho fas sota la teva pr\u00f2pia responsabilitat.<\/li><li>Tot i que treballem per garantir que la informaci\u00f3 presentada sigui precisa i actualitzada, <strong>The Hippo House no garanteix l\u2019exhaustivitat ni la precisi\u00f3 dels continguts<\/strong>, ja que aquests es limiten a la informaci\u00f3 disponible en el moment de la seva publicaci\u00f3.<\/li><\/ol>\t\t\t\t\t\t\t\t<\/div>\n\t\t\t\t<\/div>\n\t\t\t\t<div class=\"elementor-element elementor-element-9929139 elementor-widget elementor-widget-heading\" data-id=\"9929139\" data-element_type=\"widget\" data-e-type=\"widget\" data-widget_type=\"heading.default\">\n\t\t\t\t<div class=\"elementor-widget-container\">\n\t\t\t\t\t<h2 class=\"elementor-heading-title elementor-size-default\">Sobre Productes o Serveis de Tercers<\/h2>\t\t\t\t<\/div>\n\t\t\t\t<\/div>\n\t\t\t\t<div class=\"elementor-element elementor-element-2571bc1 elementor-widget elementor-widget-text-editor\" data-id=\"2571bc1\" data-element_type=\"widget\" data-e-type=\"widget\" data-widget_type=\"text-editor.default\">\n\t\t\t\t<div class=\"elementor-widget-container\">\n\t\t\t\t\t\t\t\t\t<p>A <strong>The Hippo House<\/strong>, ocasionalment podem mencionar o referir-nos a productes, serveis, empreses o institucions externes. No obstant aix\u00f2:<\/p><ul><li><strong>No recomanem ni donem suport a cap producte, servei o instituci\u00f3 espec\u00edfica.<\/strong><\/li><li><strong>No rebem influ\u00e8ncies ni compensacions de tercers<\/strong> per crear o publicar continguts.<\/li><li>Les mencions o refer\u00e8ncies no impliquen aprovaci\u00f3 ni associaci\u00f3 amb les empreses, laboratoris o institucions esmentades.<\/li><\/ul>\t\t\t\t\t\t\t\t<\/div>\n\t\t\t\t<\/div>\n\t\t\t\t<div class=\"elementor-element elementor-element-a05f90d elementor-widget elementor-widget-heading\" data-id=\"a05f90d\" data-element_type=\"widget\" data-e-type=\"widget\" data-widget_type=\"heading.default\">\n\t\t\t\t<div class=\"elementor-widget-container\">\n\t\t\t\t\t<h2 class=\"elementor-heading-title elementor-size-default\">Limitaci\u00f3 de Responsabilitat<\/h2>\t\t\t\t<\/div>\n\t\t\t\t<\/div>\n\t\t\t\t<div class=\"elementor-element elementor-element-5f193e6 elementor-widget elementor-widget-text-editor\" data-id=\"5f193e6\" data-element_type=\"widget\" data-e-type=\"widget\" data-widget_type=\"text-editor.default\">\n\t\t\t\t<div class=\"elementor-widget-container\">\n\t\t\t\t\t\t\t\t\t<p>En utilitzar aquesta p\u00e0gina web, <strong>eximeixes a The Hippo House<\/strong> i als seus administradors, autors, empleats i col\u00b7laboradors de qualsevol responsabilitat per:<\/p><ul><li>Danys, lesions o perjudicis derivats de l\u2019\u00fas indegut de la informaci\u00f3 continguda en aquest lloc.<\/li><li>Reclamacions o costos relacionats amb l\u2019\u00fas inadequat dels continguts, llevat de possibles casos de neglig\u00e8ncia greu o actes intencionals per part nostra.<\/li><\/ul>\t\t\t\t\t\t\t\t<\/div>\n\t\t\t\t<\/div>\n\t\t\t\t<div class=\"elementor-element elementor-element-7dd63e6 elementor-widget elementor-widget-heading\" data-id=\"7dd63e6\" data-element_type=\"widget\" data-e-type=\"widget\" data-widget_type=\"heading.default\">\n\t\t\t\t<div class=\"elementor-widget-container\">\n\t\t\t\t\t<h2 class=\"elementor-heading-title elementor-size-default\">Testimonis i Exemples<\/h2>\t\t\t\t<\/div>\n\t\t\t\t<\/div>\n\t\t\t\t<div class=\"elementor-element elementor-element-4bd79df elementor-widget elementor-widget-text-editor\" data-id=\"4bd79df\" data-element_type=\"widget\" data-e-type=\"widget\" data-widget_type=\"text-editor.default\">\n\t\t\t\t<div class=\"elementor-widget-container\">\n\t\t\t\t\t\t\t\t\t<p>Els testimonis i exemples compartits en aquesta p\u00e0gina web:<\/p><ul><li><strong>S\u00f3n casos individuals i no representen resultats t\u00edpics ni garantits.<\/strong><\/li><li>Poden basar-se en informaci\u00f3 proporcionada per tercers, com fabricants o usuaris, i no sempre reflecteixen dades completament verificades.<\/li><\/ul>\t\t\t\t\t\t\t\t<\/div>\n\t\t\t\t<\/div>\n\t\t\t\t<div class=\"elementor-element elementor-element-6f16be2c elementor-widget elementor-widget-heading\" data-id=\"6f16be2c\" data-element_type=\"widget\" data-e-type=\"widget\" data-widget_type=\"heading.default\">\n\t\t\t\t<div class=\"elementor-widget-container\">\n\t\t\t\t\t<h2 class=\"elementor-heading-title elementor-size-default\">\u2764\ufe0f Gr\u00e0cies per formar part de The Hippo House \u2764\ufe0f<\/h2>\t\t\t\t<\/div>\n\t\t\t\t<\/div>\n\t\t\t\t<div class=\"elementor-element elementor-element-b83e1de elementor-widget elementor-widget-text-editor\" data-id=\"b83e1de\" data-element_type=\"widget\" data-e-type=\"widget\" data-widget_type=\"text-editor.default\">\n\t\t\t\t<div class=\"elementor-widget-container\">\n\t\t\t\t\t\t\t\t\t<p><strong>Recorda sempre actuar amb responsabilitat<\/strong> quan utilitzis la informaci\u00f3 disponible a la nostra web.<\/p><p><strong><u>Si tens dubtes o preocupacions, consulta-les amb professionals qualificats per garantir la seguretat i el benestar.<\/u><\/strong><\/p>\t\t\t\t\t\t\t\t<\/div>\n\t\t\t\t<\/div>\n\t\t\t\t\t<\/div>\n\t\t<\/div>\n\t\t\t\t\t<\/div>\n\t\t<\/section>\n\t\t\t\t<\/div>\n\t\t","protected":false},"excerpt":{"rendered":"<p>Desc\u00e0rrec de Responsabilitat de The Hippo House \ud83e\udd9b\ud83d\udc99 A The Hippo House, el nostre objectiu \u00e9s oferir informaci\u00f3 i recursos educatius amb el m\u00e0xim afecte i comprom\u00eds. No obstant aix\u00f2, \u00e9s important que s\u00e0pigues que els continguts d\u2019aquesta p\u00e0gina web s\u00f3n \u00fanicament de car\u00e0cter informatiu i no s\u2019han de considerar com a substituts de consells, &#8230; <a title=\"Desc\u00e0rrec de Responsabilitat\" class=\"read-more\" href=\"https:\/\/www.thehippohouse.org\/ca\/inici\/descarrec-de-responsabilitat\/\" aria-label=\"Read more about Desc\u00e0rrec de Responsabilitat\">Leer m\u00e1s<\/a><\/p>\n","protected":false},"author":1,"featured_media":0,"parent":13925,"menu_order":6,"comment_status":"closed","ping_status":"closed","template":"elementor_header_footer","meta":{"_acf_changed":false,"_seopress_robots_primary_cat":"","_seopress_titles_title":"","_seopress_titles_desc":"","_seopress_robots_index":"","footnotes":""},"class_list":["post-15373","page","type-page","status-publish"],"acf":[],"_links":{"self":[{"href":"https:\/\/www.thehippohouse.org\/ca\/wp-json\/wp\/v2\/pages\/15373","targetHints":{"allow":["GET"]}}],"collection":[{"href":"https:\/\/www.thehippohouse.org\/ca\/wp-json\/wp\/v2\/pages"}],"about":[{"href":"https:\/\/www.thehippohouse.org\/ca\/wp-json\/wp\/v2\/types\/page"}],"author":[{"embeddable":true,"href":"https:\/\/www.thehippohouse.org\/ca\/wp-json\/wp\/v2\/users\/1"}],"replies":[{"embeddable":true,"href":"https:\/\/www.thehippohouse.org\/ca\/wp-json\/wp\/v2\/comments?post=15373"}],"version-history":[{"count":0,"href":"https:\/\/www.thehippohouse.org\/ca\/wp-json\/wp\/v2\/pages\/15373\/revisions"}],"up":[{"embeddable":true,"href":"https:\/\/www.thehippohouse.org\/ca\/wp-json\/wp\/v2\/pages\/13925"}],"wp:attachment":[{"href":"https:\/\/www.thehippohouse.org\/ca\/wp-json\/wp\/v2\/media?parent=15373"}],"curies":[{"name":"wp","href":"https:\/\/api.w.org\/{rel}","templated":true}]}}