{"id":18406,"date":"2023-11-19T09:39:50","date_gmt":"2023-11-19T09:39:50","guid":{"rendered":"https:\/\/www.thehippohouse.org\/?page_id=18406"},"modified":"2025-09-26T07:12:37","modified_gmt":"2025-09-26T07:12:37","slug":"politica-de-privadesa-i-proteccio-de-dades","status":"publish","type":"page","link":"https:\/\/www.thehippohouse.org\/ca\/politica-de-privadesa-i-proteccio-de-dades\/","title":{"rendered":"Pol\u00edtica de Privadesa i Protecci\u00f3 de Dades de The Hippo House"},"content":{"rendered":"\t\t<div data-elementor-type=\"wp-post\" data-elementor-id=\"18406\" class=\"elementor elementor-18406 elementor-674\" data-elementor-post-type=\"page\">\n\t\t\t\t\t\t<section class=\"elementor-section elementor-top-section elementor-element elementor-element-6c223b71 elementor-section-boxed elementor-section-height-default elementor-section-height-default\" data-id=\"6c223b71\" data-element_type=\"section\" data-e-type=\"section\">\n\t\t\t\t\t\t<div class=\"elementor-container elementor-column-gap-default\">\n\t\t\t\t\t<div class=\"elementor-column elementor-col-100 elementor-top-column elementor-element elementor-element-7ce1a2e6\" data-id=\"7ce1a2e6\" data-element_type=\"column\" data-e-type=\"column\">\n\t\t\t<div class=\"elementor-widget-wrap elementor-element-populated\">\n\t\t\t\t\t\t<div class=\"elementor-element elementor-element-1b30921 elementor-widget elementor-widget-heading\" data-id=\"1b30921\" data-element_type=\"widget\" data-e-type=\"widget\" data-widget_type=\"heading.default\">\n\t\t\t\t<div class=\"elementor-widget-container\">\n\t\t\t\t\t<h1 class=\"elementor-heading-title elementor-size-default\">Pol\u00edtica de Privadesa i Protecci\u00f3 de Dades de The Hippo House<\/h1>\t\t\t\t<\/div>\n\t\t\t\t<\/div>\n\t\t\t\t<div class=\"elementor-element elementor-element-48c830a8 elementor-widget elementor-widget-text-editor\" data-id=\"48c830a8\" data-element_type=\"widget\" data-e-type=\"widget\" data-widget_type=\"text-editor.default\">\n\t\t\t\t<div class=\"elementor-widget-container\">\n\t\t\t\t\t\t\t\t\t<p>Data entrada en vig\u00e8ncia: 14\/11\/2023<\/p>\t\t\t\t\t\t\t\t<\/div>\n\t\t\t\t<\/div>\n\t\t\t\t<div class=\"elementor-element elementor-element-b7bf419 elementor-widget elementor-widget-heading\" data-id=\"b7bf419\" data-element_type=\"widget\" data-e-type=\"widget\" data-widget_type=\"heading.default\">\n\t\t\t\t<div class=\"elementor-widget-container\">\n\t\t\t\t\t<h2 class=\"elementor-heading-title elementor-size-default\">I. Introducci\u00f3<\/h2>\t\t\t\t<\/div>\n\t\t\t\t<\/div>\n\t\t\t\t<div class=\"elementor-element elementor-element-cc0ee2c elementor-widget elementor-widget-text-editor\" data-id=\"cc0ee2c\" data-element_type=\"widget\" data-e-type=\"widget\" data-widget_type=\"text-editor.default\">\n\t\t\t\t<div class=\"elementor-widget-container\">\n\t\t\t\t\t\t\t\t\t<p>Respectant el que estableix la legislaci\u00f3 vigent, The Hippo House (d&#8217;ara endavant, tamb\u00e9 Lloc Web) es compromet a adoptar les mesures t\u00e8cniques i organitzatives necess\u00e0ries, segons el nivell de seguretat adequat al risc de les dades recollides.<\/p>\t\t\t\t\t\t\t\t<\/div>\n\t\t\t\t<\/div>\n\t\t\t\t<div class=\"elementor-element elementor-element-b6af9b4 elementor-widget elementor-widget-heading\" data-id=\"b6af9b4\" data-element_type=\"widget\" data-e-type=\"widget\" data-widget_type=\"heading.default\">\n\t\t\t\t<div class=\"elementor-widget-container\">\n\t\t\t\t\t<h2 class=\"elementor-heading-title elementor-size-default\">Lleis que Incorpora aquesta Pol\u00edtica de Privadesa<\/h2>\t\t\t\t<\/div>\n\t\t\t\t<\/div>\n\t\t\t\t<div class=\"elementor-element elementor-element-a51dcbf elementor-widget elementor-widget-text-editor\" data-id=\"a51dcbf\" data-element_type=\"widget\" data-e-type=\"widget\" data-widget_type=\"text-editor.default\">\n\t\t\t\t<div class=\"elementor-widget-container\">\n\t\t\t\t\t\t\t\t\t<p>Aquesta pol\u00edtica de privadesa est\u00e0 adaptada a la normativa espanyola i europea vigent en mat\u00e8ria de protecci\u00f3 de dades personals a internet, incloent:<\/p><ul><li>Reglament (UE) 2016\/679 del Parlament Europeu i del Consell (RGPD).<\/li><li>Llei org\u00e0nica 3\/2018, de 5 de desembre, de protecci\u00f3 de dades personals i garantia dels drets digitals (LOPD-GDD).<\/li><li>Reial Decret 1720\/2007, de 21 de desembre, pel qual s&#8217;aprova el Reglament de desenvolupament de la LOPD-GDD.<\/li><li>Llei 34\/2002, d&#8217;11 de juliol, de serveis de la societat de la informaci\u00f3 i de comer\u00e7 electr\u00f2nic (LSSI-CE)<\/li><\/ul>\t\t\t\t\t\t\t\t<\/div>\n\t\t\t\t<\/div>\n\t\t\t\t<div class=\"elementor-element elementor-element-0bfc659 elementor-widget elementor-widget-heading\" data-id=\"0bfc659\" data-element_type=\"widget\" data-e-type=\"widget\" data-widget_type=\"heading.default\">\n\t\t\t\t<div class=\"elementor-widget-container\">\n\t\t\t\t\t<h2 class=\"elementor-heading-title elementor-size-default\">Identitat del Responsable del Tractament<\/h2>\t\t\t\t<\/div>\n\t\t\t\t<\/div>\n\t\t\t\t<div class=\"elementor-element elementor-element-16f4ffd elementor-widget elementor-widget-text-editor\" data-id=\"16f4ffd\" data-element_type=\"widget\" data-e-type=\"widget\" data-widget_type=\"text-editor.default\">\n\t\t\t\t<div class=\"elementor-widget-container\">\n\t\t\t\t\t\t\t\t\t<p>El responsable del tractament de les dades personals recollides a The Hippo House \u00e9s: Cristina Pindado Gonz\u00e1lez. Les seves dades de contacte s\u00f3n les seg\u00fcents:<\/p><p>Email de contacte: info@thehippohouse.org<\/p>\t\t\t\t\t\t\t\t<\/div>\n\t\t\t\t<\/div>\n\t\t\t\t<div class=\"elementor-element elementor-element-0fc34b0 elementor-widget elementor-widget-heading\" data-id=\"0fc34b0\" data-element_type=\"widget\" data-e-type=\"widget\" data-widget_type=\"heading.default\">\n\t\t\t\t<div class=\"elementor-widget-container\">\n\t\t\t\t\t<h2 class=\"elementor-heading-title elementor-size-default\">Registre de Dades de Car\u00e0cter Personal<\/h2>\t\t\t\t<\/div>\n\t\t\t\t<\/div>\n\t\t\t\t<div class=\"elementor-element elementor-element-6e0b48e elementor-widget__width-initial elementor-widget elementor-widget-text-editor\" data-id=\"6e0b48e\" data-element_type=\"widget\" data-e-type=\"widget\" data-widget_type=\"text-editor.default\">\n\t\t\t\t<div class=\"elementor-widget-container\">\n\t\t\t\t\t\t\t\t\t<p>En compliment del RGPD i la LOPD-GDD, informem que les dades personals recollides per The Hippo House quedaran incorporades i seran tractades al nostre fitxer per tal de facilitar, agilitzar i complir els compromisos establerts amb l&#8217;Usuari, aix\u00ed com per mantenir la relaci\u00f3 establerta als formularis que aquest empleni.<\/p><p>El tipus i la quantitat d&#8217;informaci\u00f3 que rebem i guardem depenen de l&#8217;\u00fas que faci cada usuari de la nostra p\u00e0gina web. Els usuaris poden accedir a la majoria de p\u00e0gines i entrades de <a href=\"https:\/\/www.thehippohouse.org\/ca\/\">thehippohouse.org<\/a> sense revelar-nos la seva identitat o altres dades personals.<\/p><p>A les visites a la nostra p\u00e0gina web, el nostre lloc emmagatzema arxius de registre an\u00f2nims que ens faciliten informaci\u00f3 valuosa per millorar lexperi\u00e8ncia de l&#8217;usuari. Si vols m\u00e9s informaci\u00f3, pots accedir a la nostra pol\u00edtica de cookies.<\/p><p>The Hippo House no recull informaci\u00f3 d&#8217;identificaci\u00f3 de l&#8217;usuari (com nom, adre\u00e7a, n\u00famero de tel\u00e8fon o adre\u00e7a de correu electr\u00f2nic) a no ser que el mateix usuari decideixi proporcionar-nos com, per exemple, en fer una compra a la nostra botiga o en unir-se al Club Hippo.<\/p>\t\t\t\t\t\t\t\t<\/div>\n\t\t\t\t<\/div>\n\t\t\t\t<div class=\"elementor-element elementor-element-c619f5b elementor-widget elementor-widget-heading\" data-id=\"c619f5b\" data-element_type=\"widget\" data-e-type=\"widget\" data-widget_type=\"heading.default\">\n\t\t\t\t<div class=\"elementor-widget-container\">\n\t\t\t\t\t<h2 class=\"elementor-heading-title elementor-size-default\">Principis Aplicables al Tractament de les Dades Personals<\/h2>\t\t\t\t<\/div>\n\t\t\t\t<\/div>\n\t\t\t\t<div class=\"elementor-element elementor-element-f7464e9 elementor-widget__width-initial elementor-widget elementor-widget-text-editor\" data-id=\"f7464e9\" data-element_type=\"widget\" data-e-type=\"widget\" data-widget_type=\"text-editor.default\">\n\t\t\t\t<div class=\"elementor-widget-container\">\n\t\t\t\t\t\t\t\t\t<p>El tractament de les dades personals de l&#8217;Usuari se sotmetr\u00e0 als principis recollits al RGPD i la LOPD-GDD:<\/p><ol><li><b>Licitud, lleialtat i transpar\u00e8ncia:<\/b> Es requerir\u00e0 en tot moment el consentiment de l&#8217;Usuari amb informaci\u00f3 transparent pr\u00e8via.<\/li><li><b>Limitaci\u00f3 de la finalitat: <\/b>Les dades personals seran recollides amb fins determinats, expl\u00edcits i leg\u00edtims.<\/li><li><b>Minimitzaci\u00f3 de dades: <\/b>Es recolliran \u00fanicament les dades estrictament necess\u00e0ries.<\/li><li><b>Exactitud: <\/b>Les dades personals han de ser exactes i estar sempre actualitzades.<\/li><li><b>Limitaci\u00f3 del termini de conservaci\u00f3: <\/b>Les dades es mantindran el temps necessari per al tractament.<\/li><li><b>Integritat i confidencialitat:<\/b> Es garantir\u00e0 la seguretat i la confidencialitat de les dades.<\/li><li><b>Responsabilitat proactiva: <\/b>El responsable del tractament assegurar\u00e0 el compliment dels principis anteriors.<\/li><\/ol>\t\t\t\t\t\t\t\t<\/div>\n\t\t\t\t<\/div>\n\t\t\t\t<div class=\"elementor-element elementor-element-3a102fd elementor-widget elementor-widget-heading\" data-id=\"3a102fd\" data-element_type=\"widget\" data-e-type=\"widget\" data-widget_type=\"heading.default\">\n\t\t\t\t<div class=\"elementor-widget-container\">\n\t\t\t\t\t<h2 class=\"elementor-heading-title elementor-size-default\">Categories de Dades Personals<\/h2>\t\t\t\t<\/div>\n\t\t\t\t<\/div>\n\t\t\t\t<div class=\"elementor-element elementor-element-50b0588 elementor-widget__width-initial elementor-widget elementor-widget-text-editor\" data-id=\"50b0588\" data-element_type=\"widget\" data-e-type=\"widget\" data-widget_type=\"text-editor.default\">\n\t\t\t\t<div class=\"elementor-widget-container\">\n\t\t\t\t\t\t\t\t\t<p>Les categories de dades que es tracten a The Hippo House s\u00f3n \u00fanicament dades identificatives, sense tractar categories especials de dades personals segons l&#8217;article 9 del RGPD.<\/p>\t\t\t\t\t\t\t\t<\/div>\n\t\t\t\t<\/div>\n\t\t\t\t<div class=\"elementor-element elementor-element-b358813 elementor-widget elementor-widget-heading\" data-id=\"b358813\" data-element_type=\"widget\" data-e-type=\"widget\" data-widget_type=\"heading.default\">\n\t\t\t\t<div class=\"elementor-widget-container\">\n\t\t\t\t\t<h2 class=\"elementor-heading-title elementor-size-default\">Base Legal per al Tractament de les Dades Personals<\/h2>\t\t\t\t<\/div>\n\t\t\t\t<\/div>\n\t\t\t\t<div class=\"elementor-element elementor-element-c9518cd elementor-widget__width-initial elementor-widget elementor-widget-text-editor\" data-id=\"c9518cd\" data-element_type=\"widget\" data-e-type=\"widget\" data-widget_type=\"text-editor.default\">\n\t\t\t\t<div class=\"elementor-widget-container\">\n\t\t\t\t\t\t\t\t\t<p>La base legal per al tractament de les dades personals \u00e9s el consentiment expr\u00e9s i verificable de lusuari.<\/p>\t\t\t\t\t\t\t\t<\/div>\n\t\t\t\t<\/div>\n\t\t\t\t<div class=\"elementor-element elementor-element-8bb82c7 elementor-widget elementor-widget-heading\" data-id=\"8bb82c7\" data-element_type=\"widget\" data-e-type=\"widget\" data-widget_type=\"heading.default\">\n\t\t\t\t<div class=\"elementor-widget-container\">\n\t\t\t\t\t<h2 class=\"elementor-heading-title elementor-size-default\">Fins del Tractament<\/h2>\t\t\t\t<\/div>\n\t\t\t\t<\/div>\n\t\t\t\t<div class=\"elementor-element elementor-element-19e0714 elementor-widget__width-initial elementor-widget elementor-widget-text-editor\" data-id=\"19e0714\" data-element_type=\"widget\" data-e-type=\"widget\" data-widget_type=\"text-editor.default\">\n\t\t\t\t<div class=\"elementor-widget-container\">\n\t\t\t\t\t\t\t\t\t<p>The Hippo House i els seus prove\u00efdors de serveis (per exemple: l&#8217;empresa de missatgeria que et porta la comanda a casa), tractaran les teves dades amb confidencialitat i les guardarem en un entorn segur.<\/p><div><div>Les dades personals s\u00f3n recollides i gestionades amb la finalitat de facilitar, agilitzar i complir els compromisos establerts amb l&#8217;usuari, aix\u00ed com per a activitats pr\u00f2pies de l&#8217;objecte social de l&#8217;organitzaci\u00f3.<\/div><div>\u00a0<\/div><\/div><div><p>La recollida i tractament automatitzat de les dades de car\u00e0cter personal de l&#8217;usuari tenen com a finalitat el manteniment de la relaci\u00f3 contractual que en cada cas s&#8217;estableixi amb The Hippo House. Per exemple:<\/p><\/div><ul><li>Per enviar-te els productes f\u00edsics que compres a la nostra botiga.<\/li><li>Per contactar amb tu en cas d&#8217;incid\u00e8ncies relacionades amb l&#8217;enviament dels productes o el pagament de les comandes.<\/li><li>Per informar-te sobre esdeveniments o novetats relacionades amb la p\u00e0gina web o els productes. En cas d&#8217;enviament de publicitat sempre la identificarem com a tal i nom\u00e9s t&#8217;ho enviarem si ens d\u00f3nes el teu consentiment. A m\u00e9s, sempre tindr\u00e0s acc\u00e9s directe a la possibilitat de deixar de rebre aquesta publicitat en qualsevol moment.<\/li><li>Envieu-te la Newsletter si t&#8217;has subscrit.<\/li><\/ul><p>Els pagaments a The Hippo House es fan a trav\u00e9s de la plataforma Paypal i no tenim acc\u00e9s a les teves dades de la targeta de d\u00e8bit o cr\u00e8dit, ni a les del teu compte de Paypal.<\/p>\t\t\t\t\t\t\t\t<\/div>\n\t\t\t\t<\/div>\n\t\t\t\t<div class=\"elementor-element elementor-element-54bf3ae elementor-widget elementor-widget-heading\" data-id=\"54bf3ae\" data-element_type=\"widget\" data-e-type=\"widget\" data-widget_type=\"heading.default\">\n\t\t\t\t<div class=\"elementor-widget-container\">\n\t\t\t\t\t<h2 class=\"elementor-heading-title elementor-size-default\">Per\u00edodes de Retenci\u00f3<\/h2>\t\t\t\t<\/div>\n\t\t\t\t<\/div>\n\t\t\t\t<div class=\"elementor-element elementor-element-5dbda69 elementor-widget__width-initial elementor-widget elementor-widget-text-editor\" data-id=\"5dbda69\" data-element_type=\"widget\" data-e-type=\"widget\" data-widget_type=\"text-editor.default\">\n\t\t\t\t<div class=\"elementor-widget-container\">\n\t\t\t\t\t\t\t\t\t<p>Les dades personals seran retingudes durant el temps m\u00ednim necessari per als fins del seu tractament, fins a 12 mesos o fins que l&#8217;Usuari sol\u00b7liciti la supressi\u00f3.<\/p>\t\t\t\t\t\t\t\t<\/div>\n\t\t\t\t<\/div>\n\t\t\t\t<div class=\"elementor-element elementor-element-0651f21 elementor-widget elementor-widget-heading\" data-id=\"0651f21\" data-element_type=\"widget\" data-e-type=\"widget\" data-widget_type=\"heading.default\">\n\t\t\t\t<div class=\"elementor-widget-container\">\n\t\t\t\t\t<h2 class=\"elementor-heading-title elementor-size-default\">Dades Personals de Menors d'Edat<\/h2>\t\t\t\t<\/div>\n\t\t\t\t<\/div>\n\t\t\t\t<div class=\"elementor-element elementor-element-3cea29b elementor-widget__width-initial elementor-widget elementor-widget-text-editor\" data-id=\"3cea29b\" data-element_type=\"widget\" data-e-type=\"widget\" data-widget_type=\"text-editor.default\">\n\t\t\t\t<div class=\"elementor-widget-container\">\n\t\t\t\t\t\t\t\t\t<p>Nom\u00e9s els m\u00e9s grans de 14 anys podran atorgar el seu consentiment per al tractament de les seves dades personals per part de The Hippo House. En cas de menors de 14 anys, es requerir\u00e0 el consentiment dels pares o tutors.<\/p>\t\t\t\t\t\t\t\t<\/div>\n\t\t\t\t<\/div>\n\t\t\t\t<div class=\"elementor-element elementor-element-551d387 elementor-widget elementor-widget-heading\" data-id=\"551d387\" data-element_type=\"widget\" data-e-type=\"widget\" data-widget_type=\"heading.default\">\n\t\t\t\t<div class=\"elementor-widget-container\">\n\t\t\t\t\t<h2 class=\"elementor-heading-title elementor-size-default\">Secret i Seguretat de les Dades Personals<\/h2>\t\t\t\t<\/div>\n\t\t\t\t<\/div>\n\t\t\t\t<div class=\"elementor-element elementor-element-5b10378 elementor-widget__width-initial elementor-widget elementor-widget-text-editor\" data-id=\"5b10378\" data-element_type=\"widget\" data-e-type=\"widget\" data-widget_type=\"text-editor.default\">\n\t\t\t\t<div class=\"elementor-widget-container\">\n\t\t\t\t\t\t\t\t\t<p>The Hippo House adoptar\u00e0 les mesures t\u00e8cniques i organitzatives necess\u00e0ries per garantir la seguretat de les dades personals i evitar-ne la p\u00e8rdua, destrucci\u00f3 o acc\u00e9s no autoritzat.<\/p>\t\t\t\t\t\t\t\t<\/div>\n\t\t\t\t<\/div>\n\t\t\t\t<div class=\"elementor-element elementor-element-bc3702b elementor-widget elementor-widget-heading\" data-id=\"bc3702b\" data-element_type=\"widget\" data-e-type=\"widget\" data-widget_type=\"heading.default\">\n\t\t\t\t<div class=\"elementor-widget-container\">\n\t\t\t\t\t<h2 class=\"elementor-heading-title elementor-size-default\">Drets Derivats del Tractament<\/h2>\t\t\t\t<\/div>\n\t\t\t\t<\/div>\n\t\t\t\t<div class=\"elementor-element elementor-element-7a1e3a1 elementor-widget__width-initial elementor-widget elementor-widget-text-editor\" data-id=\"7a1e3a1\" data-element_type=\"widget\" data-e-type=\"widget\" data-widget_type=\"text-editor.default\">\n\t\t\t\t<div class=\"elementor-widget-container\">\n\t\t\t\t\t\t\t\t\t<p>L&#8217;Usuari podr\u00e0 exercir els drets reconeguts al RGPD i la LOPD-GDD, incloent-hi el dret d&#8217;acc\u00e9s, rectificaci\u00f3, supressi\u00f3, limitaci\u00f3 del tractament, portabilitat de dades, oposici\u00f3 i a no ser objecte de decisions automatitzades.<\/p>\t\t\t\t\t\t\t\t<\/div>\n\t\t\t\t<\/div>\n\t\t\t\t<div class=\"elementor-element elementor-element-5df72e5 elementor-widget elementor-widget-heading\" data-id=\"5df72e5\" data-element_type=\"widget\" data-e-type=\"widget\" data-widget_type=\"heading.default\">\n\t\t\t\t<div class=\"elementor-widget-container\">\n\t\t\t\t\t<h2 class=\"elementor-heading-title elementor-size-default\">Enlla\u00e7os a Llocs Web de Tercers<\/h2>\t\t\t\t<\/div>\n\t\t\t\t<\/div>\n\t\t\t\t<div class=\"elementor-element elementor-element-2e908a7 elementor-widget__width-initial elementor-widget elementor-widget-text-editor\" data-id=\"2e908a7\" data-element_type=\"widget\" data-e-type=\"widget\" data-widget_type=\"text-editor.default\">\n\t\t\t\t<div class=\"elementor-widget-container\">\n\t\t\t\t\t\t\t\t\t<p>El Lloc Web pot incloure enlla\u00e7os a p\u00e0gines web de tercers, sent aquests responsables de les seves pr\u00f2pies pol\u00edtiques de protecci\u00f3 de dades.<\/p>\t\t\t\t\t\t\t\t<\/div>\n\t\t\t\t<\/div>\n\t\t\t\t<div class=\"elementor-element elementor-element-874c144 elementor-widget elementor-widget-heading\" data-id=\"874c144\" data-element_type=\"widget\" data-e-type=\"widget\" data-widget_type=\"heading.default\">\n\t\t\t\t<div class=\"elementor-widget-container\">\n\t\t\t\t\t<h2 class=\"elementor-heading-title elementor-size-default\">Reclamacions davant l'Autoritat de Control<\/h2>\t\t\t\t<\/div>\n\t\t\t\t<\/div>\n\t\t\t\t<div class=\"elementor-element elementor-element-746e7cb elementor-widget__width-initial elementor-widget elementor-widget-text-editor\" data-id=\"746e7cb\" data-element_type=\"widget\" data-e-type=\"widget\" data-widget_type=\"text-editor.default\">\n\t\t\t\t<div class=\"elementor-widget-container\">\n\t\t\t\t\t\t\t\t\t<p>Si l&#8217;Usuari considera que hi ha una infracci\u00f3 de la normativa de protecci\u00f3 de dades, t\u00e9 dret a presentar una reclamaci\u00f3 davant l&#8217;Ag\u00e8ncia Espanyola de Protecci\u00f3 de Dades.<\/p>\t\t\t\t\t\t\t\t<\/div>\n\t\t\t\t<\/div>\n\t\t\t\t<div class=\"elementor-element elementor-element-cffbf5b elementor-widget elementor-widget-heading\" data-id=\"cffbf5b\" data-element_type=\"widget\" data-e-type=\"widget\" data-widget_type=\"heading.default\">\n\t\t\t\t<div class=\"elementor-widget-container\">\n\t\t\t\t\t<h2 class=\"elementor-heading-title elementor-size-default\">II. Acceptaci\u00f3 i Canvis en aquesta Pol\u00edtica de Privadesa<\/h2>\t\t\t\t<\/div>\n\t\t\t\t<\/div>\n\t\t\t\t<div class=\"elementor-element elementor-element-ce303f8 elementor-widget__width-initial elementor-widget elementor-widget-text-editor\" data-id=\"ce303f8\" data-element_type=\"widget\" data-e-type=\"widget\" data-widget_type=\"text-editor.default\">\n\t\t\t\t<div class=\"elementor-widget-container\">\n\t\t\t\t\t\t\t\t\t<p>L&#8217;\u00fas del Lloc Web implica l&#8217;acceptaci\u00f3 de la Pol\u00edtica de Privadesa. The Hippo House es reserva el dret de modificar aquesta pol\u00edtica d&#8217;acord amb el seu criteri o per canvis legislatius. Es recomana a l&#8217;Usuari revisar peri\u00f2dicament aquesta Pol\u00edtica de Privadesa.<\/p><p>Aquesta Pol\u00edtica de Privadesa es va actualitzar per adaptar-se al RGPD i la LOPD-GDD.<\/p><div>Si vols exercir qualsevol dels teus drets o tens algun dubte sobre la nostra pol\u00edtica de privadesa, pots posar-se en contacte amb nosaltres a <strong><a href=\"mailto: info@thehippohouse.org\">info@thehippohouse.org.<\/a><\/strong><\/div>\t\t\t\t\t\t\t\t<\/div>\n\t\t\t\t<\/div>\n\t\t\t\t\t<\/div>\n\t\t<\/div>\n\t\t\t\t\t<\/div>\n\t\t<\/section>\n\t\t\t\t<\/div>\n\t\t","protected":false},"excerpt":{"rendered":"<p>Pol\u00edtica de Privadesa i Protecci\u00f3 de Dades de The Hippo House Data entrada en vig\u00e8ncia: 14\/11\/2023 I. Introducci\u00f3 Respectant el que estableix la legislaci\u00f3 vigent, The Hippo House (d&#8217;ara endavant, tamb\u00e9 Lloc Web) es compromet a adoptar les mesures t\u00e8cniques i organitzatives necess\u00e0ries, segons el nivell de seguretat adequat al risc de les dades recollides. &#8230; <a title=\"Pol\u00edtica de Privadesa i Protecci\u00f3 de Dades de The Hippo House\" class=\"read-more\" href=\"https:\/\/www.thehippohouse.org\/ca\/politica-de-privadesa-i-proteccio-de-dades\/\" aria-label=\"Read more about Pol\u00edtica de Privadesa i Protecci\u00f3 de Dades de The Hippo House\">Leer m\u00e1s<\/a><\/p>\n","protected":false},"author":1,"featured_media":0,"parent":0,"menu_order":2,"comment_status":"closed","ping_status":"closed","template":"elementor_header_footer","meta":{"_acf_changed":false,"_seopress_robots_primary_cat":"","_seopress_titles_title":"","_seopress_titles_desc":"","_seopress_robots_index":"","footnotes":""},"class_list":["post-18406","page","type-page","status-publish"],"acf":[],"_links":{"self":[{"href":"https:\/\/www.thehippohouse.org\/ca\/wp-json\/wp\/v2\/pages\/18406","targetHints":{"allow":["GET"]}}],"collection":[{"href":"https:\/\/www.thehippohouse.org\/ca\/wp-json\/wp\/v2\/pages"}],"about":[{"href":"https:\/\/www.thehippohouse.org\/ca\/wp-json\/wp\/v2\/types\/page"}],"author":[{"embeddable":true,"href":"https:\/\/www.thehippohouse.org\/ca\/wp-json\/wp\/v2\/users\/1"}],"replies":[{"embeddable":true,"href":"https:\/\/www.thehippohouse.org\/ca\/wp-json\/wp\/v2\/comments?post=18406"}],"version-history":[{"count":3,"href":"https:\/\/www.thehippohouse.org\/ca\/wp-json\/wp\/v2\/pages\/18406\/revisions"}],"predecessor-version":[{"id":41408,"href":"https:\/\/www.thehippohouse.org\/ca\/wp-json\/wp\/v2\/pages\/18406\/revisions\/41408"}],"wp:attachment":[{"href":"https:\/\/www.thehippohouse.org\/ca\/wp-json\/wp\/v2\/media?parent=18406"}],"curies":[{"name":"wp","href":"https:\/\/api.w.org\/{rel}","templated":true}]}}