{"id":34848,"date":"2024-12-11T10:23:17","date_gmt":"2024-12-11T10:23:17","guid":{"rendered":"https:\/\/www.thehippohouse.org\/?page_id=34848"},"modified":"2024-12-11T10:26:59","modified_gmt":"2024-12-11T10:26:59","slug":"sobre-els-enviaments","status":"publish","type":"page","link":"https:\/\/www.thehippohouse.org\/ca\/sobre-els-enviaments\/","title":{"rendered":"Sobre Els Enviaments"},"content":{"rendered":"\t\t<div data-elementor-type=\"wp-page\" data-elementor-id=\"34848\" class=\"elementor elementor-34848 elementor-34855\" data-elementor-post-type=\"page\">\n\t\t\t\t\t\t<section class=\"elementor-section elementor-top-section elementor-element elementor-element-22e91a3a elementor-section-stretched elementor-section-boxed elementor-section-height-default elementor-section-height-default\" data-id=\"22e91a3a\" data-element_type=\"section\" data-e-type=\"section\" data-settings=\"{&quot;stretch_section&quot;:&quot;section-stretched&quot;}\">\n\t\t\t\t\t\t<div class=\"elementor-container elementor-column-gap-default\">\n\t\t\t\t\t<div class=\"elementor-column elementor-col-100 elementor-top-column elementor-element elementor-element-4635d9\" data-id=\"4635d9\" data-element_type=\"column\" data-e-type=\"column\">\n\t\t\t<div class=\"elementor-widget-wrap elementor-element-populated\">\n\t\t\t\t\t\t<div class=\"elementor-element elementor-element-28b70700 elementor-widget elementor-widget-heading\" data-id=\"28b70700\" data-element_type=\"widget\" data-e-type=\"widget\" data-widget_type=\"heading.default\">\n\t\t\t\t<div class=\"elementor-widget-container\">\n\t\t\t\t\t<h1 class=\"elementor-heading-title elementor-size-default\">Els enviaments de la Botiga Solid\u00e0ria Hippo  \ud83e\udd9b\ud83d\udc99<\/h1>\t\t\t\t<\/div>\n\t\t\t\t<\/div>\n\t\t\t\t<div class=\"elementor-element elementor-element-5977de3b elementor-widget elementor-widget-text-editor\" data-id=\"5977de3b\" data-element_type=\"widget\" data-e-type=\"widget\" data-widget_type=\"text-editor.default\">\n\t\t\t\t<div class=\"elementor-widget-container\">\n\t\t\t\t\t\t\t\t\t<p>Volem que la teva experi\u00e8ncia a la <strong>Botiga de The Hippo House<\/strong>, sigui tan c\u00e0lida i especial com la <strong>nostra Missi\u00f3<\/strong>. Cada comanda que fas no nom\u00e9s et porta un <strong>producte solidari<\/strong> ple de significat, sin\u00f3 que tamb\u00e9 ens ajuda a continuar creant <strong>recursos educatius <\/strong><strong>gratu\u00efts <\/strong>per a les fam\u00edlies que conviuen amb les <strong>hipogluc\u00e8mies<\/strong>. Aqu\u00ed t\u2019expliquem tot el que necessites saber per rebre els teus productes amb <strong>facilitat i confian\u00e7a<\/strong>. <strong>\ud83d\udce6<\/strong><\/p>\t\t\t\t\t\t\t\t<\/div>\n\t\t\t\t<\/div>\n\t\t\t\t<div class=\"elementor-element elementor-element-60ec3180 elementor-widget elementor-widget-heading\" data-id=\"60ec3180\" data-element_type=\"widget\" data-e-type=\"widget\" data-widget_type=\"heading.default\">\n\t\t\t\t<div class=\"elementor-widget-container\">\n\t\t\t\t\t<h2 class=\"elementor-heading-title elementor-size-default\">\ud83c\udf0d On enviem?<\/h2>\t\t\t\t<\/div>\n\t\t\t\t<\/div>\n\t\t\t\t<div class=\"elementor-element elementor-element-0e6dcbc elementor-widget elementor-widget-text-editor\" data-id=\"0e6dcbc\" data-element_type=\"widget\" data-e-type=\"widget\" data-widget_type=\"text-editor.default\">\n\t\t\t\t<div class=\"elementor-widget-container\">\n\t\t\t\t\t\t\t\t\t<p>La <strong>Botiga Hippo<\/strong> creua fronteres per arribar fins a tu. Actualment, fem enviaments dins de la <strong>Pen\u00ednsula Ib\u00e8rica<\/strong>, la <strong>Uni\u00f3 Europea<\/strong> i <strong>alguns pa\u00efsos de l&#8217;Espai Econ\u00f2mic Europeu.<\/strong><\/p><p>Vius fora d&#8217;aquestes \u00e0rees i vols un trosset d\u2019Hippo a casa? \ud83d\udc8c Escriu-nos a <strong><a href=\"mailto:info@thehippohouse.org\">info@thehippohouse.org<\/a><\/strong>, i farem tot el possible per fer realitat la teva comanda. Perqu\u00e8, com b\u00e9 saps, les bones causes no tenen fronteres. \u2708\ufe0f\ud83d\udcab<\/p>\t\t\t\t\t\t\t\t<\/div>\n\t\t\t\t<\/div>\n\t\t\t\t<div class=\"elementor-element elementor-element-0162231 elementor-widget elementor-widget-heading\" data-id=\"0162231\" data-element_type=\"widget\" data-e-type=\"widget\" data-widget_type=\"heading.default\">\n\t\t\t\t<div class=\"elementor-widget-container\">\n\t\t\t\t\t<h2 class=\"elementor-heading-title elementor-size-default\">\ud83d\udce6 Quant trigar\u00e0 la teva comanda a arribar des de la Botiga Hippo? \ud83e\udd9b<\/h2>\t\t\t\t<\/div>\n\t\t\t\t<\/div>\n\t\t\t\t<div class=\"elementor-element elementor-element-6724d80 elementor-widget elementor-widget-text-editor\" data-id=\"6724d80\" data-element_type=\"widget\" data-e-type=\"widget\" data-widget_type=\"text-editor.default\">\n\t\t\t\t<div class=\"elementor-widget-container\">\n\t\t\t\t\t\t\t\t\t<p>A <strong>The Hippo House<\/strong>, volem que gaudeixis de la teva compra com m\u00e9s aviat millor, perqu\u00e8 sabem que cada paquet porta amb ell molt m\u00e9s que productes: porta solidaritat, esperan\u00e7a i aprenentatge! \ud83d\udc8c Com a <strong>equip solidari<\/strong>, posem tot el nostre <strong>Amor<\/strong> i recursos en cada enviament, assegurant-nos que arribi <strong>r\u00e0pid i sense contratemps.<\/strong><\/p><p>Un vegada confirmis la teva comanda, si tenim tots els productes en <strong>stock<\/strong>, la processarem en un termini m\u00e0xim de <strong>24 hores laborables<\/strong>. Si has triat pagar mitjan\u00e7ant <strong>transfer\u00e8ncia banc\u00e0ria<\/strong>, necessitarem rebre l\u2019import al nostre compte abans d\u2019iniciar el proc\u00e9s, per\u00f2 no et preocupis: tan aviat com el rebem, tindrem la teva comanda llesta per enviar en 24 hores laborables!<\/p><p>Normalment, les comandes triguen entre <strong>2 i 7 dies laborables<\/strong> a arribar des del moment de la confirmaci\u00f3. Cada compra compta amb la nostra <strong>dedicaci\u00f3 i afecte<\/strong> per assegurar-nos que tinguis una experi\u00e8ncia tan dol\u00e7a i fluida com <strong>els recursos que ajudem a crear<\/strong>. \ud83e\udd9b\ud83d\udc99<\/p><p>Els temps de <strong>lliurament<\/strong> poden variar segons la teva ubicaci\u00f3, aqu\u00ed tens els <strong>terminis habituals<\/strong> despr\u00e9s de l\u2019enviament:<\/p><ul><li><strong>1-2 dies: <\/strong>Espanya peninsular i Portugal.<\/li><li><strong>2-3 dies: <\/strong>Fran\u00e7a.<\/li><li><strong>3-4 dies:<\/strong> Alemanya, \u00c0ustria, B\u00e8lgica, Holanda, It\u00e0lia, Luxemburg, Regne Unit.<\/li><li><strong>4-5 dies:<\/strong> Dinamarca, Eslov\u00e0quia, Eslov\u00e8nia, Rep\u00fablica Txeca, Finl\u00e0ndia, Hongria, Su\u00e8cia.<\/li><li><strong>4-6 dies:<\/strong> Noruega, Pol\u00f2nia, Irlanda, Romania, Su\u00efssa.<\/li><li><strong>5-6 dies:<\/strong> Bulg\u00e0ria, Est\u00f2nia, Gr\u00e8cia, Let\u00f2nia, Litu\u00e0nia.<\/li><li><strong>6-10 dies:<\/strong> B\u00f2snia i Hercegovina, S\u00e8rbia, Montenegro, Cro\u00e0cia.<\/li><\/ul><p>Si algun dels productes que vas demanar <strong>no est\u00e0 en<\/strong> <strong>stock<\/strong>, ens posarem en contacte amb tu per informar-te i oferir-te <strong>opcions<\/strong>. Alguns articles s\u00f3n tan especials que, si s\u2019esgoten, <strong>els fabriquem exclusivament per a tu<\/strong>. Si per alguna ra\u00f3 aliena no \u00e9s possible fabricar-los, t\u2019avisarem al m\u00e9s aviat possible i actualitzarem la nostra <strong>botiga solid\u00e0ria<\/strong>.<\/p><p>Necessites la teva comanda per a una data especial? Escriu-nos i farem <strong>m\u00e0gia<\/strong> per ajudar-te. \ud83e\ude84\ud83d\udcab<\/p>\t\t\t\t\t\t\t\t<\/div>\n\t\t\t\t<\/div>\n\t\t\t\t<div class=\"elementor-element elementor-element-55a7f6c elementor-widget elementor-widget-heading\" data-id=\"55a7f6c\" data-element_type=\"widget\" data-e-type=\"widget\" data-widget_type=\"heading.default\">\n\t\t\t\t<div class=\"elementor-widget-container\">\n\t\t\t\t\t<h2 class=\"elementor-heading-title elementor-size-default\">\ud83d\udcb6 Quant costen els enviaments?<\/h2>\t\t\t\t<\/div>\n\t\t\t\t<\/div>\n\t\t\t\t<div class=\"elementor-element elementor-element-f3adb63 elementor-widget elementor-widget-text-editor\" data-id=\"f3adb63\" data-element_type=\"widget\" data-e-type=\"widget\" data-widget_type=\"text-editor.default\">\n\t\t\t\t<div class=\"elementor-widget-container\">\n\t\t\t\t\t\t\t\t\t<p>Sabem que vols con\u00e8ixer les despeses abans de completar la teva compra, aqu\u00ed tens els detalls!<\/p><p><strong>Enviaments dins d\u2019Espanya i Portugal:<\/strong><\/p><ul><li><strong>Espanya peninsular i Portugal:<\/strong> <strong>8,75\u20ac<\/strong><\/li><li>Per a enviaments a les Illes, consulta\u2019ns.<\/li><\/ul><p><strong>Enviaments dins d\u2019Europa i Espai Econ\u00f2mic Europeu (per zones):<\/strong><\/p><ul><li><strong>Zona 1<\/strong>: Alemanya, Fran\u00e7a, Luxemburg, Pa\u00efsos Baixos \u2013 <strong>18,75\u20ac<\/strong><\/li><li><strong>Zona 2<\/strong>: B\u00e8lgica, \u00c0ustria, It\u00e0lia, Rep\u00fablica Txeca \u2013 <strong>21\u20ac<\/strong><\/li><li><strong>Zona 3<\/strong>: Dinamarca, Irlanda, Eslov\u00e0quia, Pol\u00f2nia, Eslov\u00e8nia, Hongria \u2013 <strong>22,50\u20ac<\/strong><\/li><li><strong>Zona 4<\/strong>: Cro\u00e0cia, Let\u00f2nia, Su\u00e8cia, Est\u00f2nia, Litu\u00e0nia \u2013 <strong>35,75\u20ac<\/strong><\/li><li><strong>Zona 5<\/strong>: Bulg\u00e0ria, Gr\u00e8cia, Finl\u00e0ndia, Romania \u2013 <strong>40,50\u20ac<\/strong><\/li><li><strong>Zona 6: <\/strong>B\u00f2snia i Hercegovina, Noruega, S\u00e8rbia, Montenegro, Su\u00efssa <strong>\u2013 50\u20ac <\/strong><\/li><\/ul><p>Si vols rebre la teva comanda en un lloc que no apareix a la llista, cap problema! Posa\u2019t en contacte amb nosaltres a trav\u00e9s del correu electr\u00f2nic <strong><a href=\"mailto:info@thehippohouse.org\">info@thehippohouse.org<\/a><\/strong> o truca\u2019ns al <strong>+34 931 782 359<\/strong>, i t\u2019oferirem tota la informaci\u00f3 que necessitis.<\/p><p>Recorda que cada c\u00e8ntim que aportes a trav\u00e9s de les despeses d\u2019enviament es fa servir per garantir que la teva comanda arribi segura i a temps. <strong>Gr\u00e0cies per entendre-ho!<\/strong> \ud83c\udf1f<\/p>\t\t\t\t\t\t\t\t<\/div>\n\t\t\t\t<\/div>\n\t\t\t\t<div class=\"elementor-element elementor-element-9e92c21 elementor-widget elementor-widget-heading\" data-id=\"9e92c21\" data-element_type=\"widget\" data-e-type=\"widget\" data-widget_type=\"heading.default\">\n\t\t\t\t<div class=\"elementor-widget-container\">\n\t\t\t\t\t<h2 class=\"elementor-heading-title elementor-size-default\">\ud83d\udce9 Puc fer el seguiment de la meva comanda?<\/h2>\t\t\t\t<\/div>\n\t\t\t\t<\/div>\n\t\t\t\t<div class=\"elementor-element elementor-element-5d0530d elementor-widget elementor-widget-text-editor\" data-id=\"5d0530d\" data-element_type=\"widget\" data-e-type=\"widget\" data-widget_type=\"text-editor.default\">\n\t\t\t\t<div class=\"elementor-widget-container\">\n\t\t\t\t\t\t\t\t\t<p>I tant! Un cop la teva comanda estigui en cam\u00ed, rebr\u00e0s un correu electr\u00f2nic amb el <strong>n\u00famero de seguiment<\/strong>. Aix\u00ed podr\u00e0s saber exactament quan trucar\u00e0 a la teva porta.<\/p>\t\t\t\t\t\t\t\t<\/div>\n\t\t\t\t<\/div>\n\t\t\t\t<div class=\"elementor-element elementor-element-8ccaf32 elementor-widget elementor-widget-heading\" data-id=\"8ccaf32\" data-element_type=\"widget\" data-e-type=\"widget\" data-widget_type=\"heading.default\">\n\t\t\t\t<div class=\"elementor-widget-container\">\n\t\t\t\t\t<h2 class=\"elementor-heading-title elementor-size-default\">\u2728 M\u00e9s que un enviament: est\u00e0s canviant vides<\/h2>\t\t\t\t<\/div>\n\t\t\t\t<\/div>\n\t\t\t\t<div class=\"elementor-element elementor-element-edd6a81 elementor-widget elementor-widget-text-editor\" data-id=\"edd6a81\" data-element_type=\"widget\" data-e-type=\"widget\" data-widget_type=\"text-editor.default\">\n\t\t\t\t<div class=\"elementor-widget-container\">\n\t\t\t\t\t\t\t\t\t<p>Recorda que, en triar comprar a la <strong>Botiga Solid\u00e0ria Hippo<\/strong>, no nom\u00e9s reps <strong>productes amb \u00c0nima i Cor<\/strong>, sin\u00f3 que tamb\u00e9 ajudes a la nostra Missi\u00f3: el <strong>100% dels beneficis<\/strong> <strong>es destinen a crear nous recursos educatius i l\u00fadics per a les fam\u00edlies que conviuen amb hipogluc\u00e8mies.<\/strong><\/p>\t\t\t\t\t\t\t\t<\/div>\n\t\t\t\t<\/div>\n\t\t\t\t<div class=\"elementor-element elementor-element-5227232 elementor-widget elementor-widget-heading\" data-id=\"5227232\" data-element_type=\"widget\" data-e-type=\"widget\" data-widget_type=\"heading.default\">\n\t\t\t\t<div class=\"elementor-widget-container\">\n\t\t\t\t\t<h2 class=\"elementor-heading-title elementor-size-default\">\ud83e\udde1 Gr\u00e0cies per ser part de la Fam\u00edlia Hippo! \ud83e\udd9b<\/h2>\t\t\t\t<\/div>\n\t\t\t\t<\/div>\n\t\t\t\t\t<\/div>\n\t\t<\/div>\n\t\t\t\t\t<\/div>\n\t\t<\/section>\n\t\t\t\t<\/div>\n\t\t","protected":false},"excerpt":{"rendered":"<p>Els enviaments de la Botiga Solid\u00e0ria Hippo \ud83e\udd9b\ud83d\udc99 Volem que la teva experi\u00e8ncia a la Botiga de The Hippo House, sigui tan c\u00e0lida i especial com la nostra Missi\u00f3. Cada comanda que fas no nom\u00e9s et porta un producte solidari ple de significat, sin\u00f3 que tamb\u00e9 ens ajuda a continuar creant recursos educatius gratu\u00efts per &#8230; <a title=\"Sobre Els Enviaments\" class=\"read-more\" href=\"https:\/\/www.thehippohouse.org\/ca\/sobre-els-enviaments\/\" aria-label=\"Read more about Sobre Els Enviaments\">Leer m\u00e1s<\/a><\/p>\n","protected":false},"author":1,"featured_media":0,"parent":0,"menu_order":1,"comment_status":"closed","ping_status":"closed","template":"elementor_header_footer","meta":{"_acf_changed":false,"_seopress_robots_primary_cat":"","_seopress_titles_title":"","_seopress_titles_desc":"","_seopress_robots_index":"","footnotes":""},"class_list":["post-34848","page","type-page","status-publish"],"acf":[],"_links":{"self":[{"href":"https:\/\/www.thehippohouse.org\/ca\/wp-json\/wp\/v2\/pages\/34848","targetHints":{"allow":["GET"]}}],"collection":[{"href":"https:\/\/www.thehippohouse.org\/ca\/wp-json\/wp\/v2\/pages"}],"about":[{"href":"https:\/\/www.thehippohouse.org\/ca\/wp-json\/wp\/v2\/types\/page"}],"author":[{"embeddable":true,"href":"https:\/\/www.thehippohouse.org\/ca\/wp-json\/wp\/v2\/users\/1"}],"replies":[{"embeddable":true,"href":"https:\/\/www.thehippohouse.org\/ca\/wp-json\/wp\/v2\/comments?post=34848"}],"version-history":[{"count":0,"href":"https:\/\/www.thehippohouse.org\/ca\/wp-json\/wp\/v2\/pages\/34848\/revisions"}],"wp:attachment":[{"href":"https:\/\/www.thehippohouse.org\/ca\/wp-json\/wp\/v2\/media?parent=34848"}],"curies":[{"name":"wp","href":"https:\/\/api.w.org\/{rel}","templated":true}]}}