{"id":34909,"date":"2024-12-11T17:10:59","date_gmt":"2024-12-11T17:10:59","guid":{"rendered":"https:\/\/www.thehippohouse.org\/?page_id=34909"},"modified":"2024-12-11T17:25:15","modified_gmt":"2024-12-11T17:25:15","slug":"com-comprar","status":"publish","type":"page","link":"https:\/\/www.thehippohouse.org\/ca\/com-comprar\/","title":{"rendered":"Com Comprar"},"content":{"rendered":"\t\t<div data-elementor-type=\"wp-page\" data-elementor-id=\"34909\" class=\"elementor elementor-34909 elementor-34914\" data-elementor-post-type=\"page\">\n\t\t\t\t\t\t<section class=\"elementor-section elementor-top-section elementor-element elementor-element-78163347 elementor-section-stretched elementor-section-boxed elementor-section-height-default elementor-section-height-default\" data-id=\"78163347\" data-element_type=\"section\" data-e-type=\"section\" data-settings=\"{&quot;stretch_section&quot;:&quot;section-stretched&quot;}\">\n\t\t\t\t\t\t<div class=\"elementor-container elementor-column-gap-default\">\n\t\t\t\t\t<div class=\"elementor-column elementor-col-100 elementor-top-column elementor-element elementor-element-67487952\" data-id=\"67487952\" data-element_type=\"column\" data-e-type=\"column\">\n\t\t\t<div class=\"elementor-widget-wrap elementor-element-populated\">\n\t\t\t\t\t\t<div class=\"elementor-element elementor-element-6dbde6ab elementor-widget elementor-widget-heading\" data-id=\"6dbde6ab\" data-element_type=\"widget\" data-e-type=\"widget\" data-widget_type=\"heading.default\">\n\t\t\t\t<div class=\"elementor-widget-container\">\n\t\t\t\t\t<h1 class=\"elementor-heading-title elementor-size-default\">Com Comprar a la Botiga Solid\u00e0ria Hippo? \ud83e\udd9b\ud83d\udc99<\/h1>\t\t\t\t<\/div>\n\t\t\t\t<\/div>\n\t\t\t\t<div class=\"elementor-element elementor-element-2405d8c0 elementor-widget elementor-widget-text-editor\" data-id=\"2405d8c0\" data-element_type=\"widget\" data-e-type=\"widget\" data-widget_type=\"text-editor.default\">\n\t\t\t\t<div class=\"elementor-widget-container\">\n\t\t\t\t\t\t\t\t\t<p>A <strong>The Hippo House<\/strong> hem dissenyat un proc\u00e9s de compra senzill i segur, perqu\u00e8 puguis omplir el teu carret de <strong>solidaritat<\/strong> en pocs passos. Aqu\u00ed t&#8217;expliquem tot el que necessites saber per fer la teva comanda i contribuir a la nostra <strong>Missi\u00f3<\/strong>: crear<strong> recursos educatius i l\u00fadics gratu\u00efts <\/strong>per a les fam\u00edlies que conviuen amb<strong> hipogluc\u00e8mies.<\/strong><\/p>\t\t\t\t\t\t\t\t<\/div>\n\t\t\t\t<\/div>\n\t\t\t\t<div class=\"elementor-element elementor-element-48f91675 elementor-widget elementor-widget-heading\" data-id=\"48f91675\" data-element_type=\"widget\" data-e-type=\"widget\" data-widget_type=\"heading.default\">\n\t\t\t\t<div class=\"elementor-widget-container\">\n\t\t\t\t\t<h2 class=\"elementor-heading-title elementor-size-default\">\ud83d\udce6 Pas 1: Afegeix articles al carret<\/h2>\t\t\t\t<\/div>\n\t\t\t\t<\/div>\n\t\t\t\t<div class=\"elementor-element elementor-element-68c5e349 elementor-widget elementor-widget-text-editor\" data-id=\"68c5e349\" data-element_type=\"widget\" data-e-type=\"widget\" data-widget_type=\"text-editor.default\">\n\t\t\t\t<div class=\"elementor-widget-container\">\n\t\t\t\t\t\t\t\t\t<p>T&#8217;ha <strong>enamorat<\/strong> un <strong>producte solidari<\/strong>? \ud83d\udc8c \u00c9s molt f\u00e0cil afegir-lo al teu <strong>carret<\/strong>! Nom\u00e9s has de fer clic al bot\u00f3 <strong>\u201cAfegeix al carret\u201d<\/strong> i l&#8217;article es guardar\u00e0 autom\u00e0ticament al teu carret de la compra.<\/p><p>Pots seguir navegant per la nostra <strong>botiga<\/strong> per afegir m\u00e9s <strong>productes<\/strong>, o dirigir-te directament al <strong>\u201cCarret\u201d,<\/strong> al qual pots accedir des de la part superior de la p\u00e0gina.<\/p>\t\t\t\t\t\t\t\t<\/div>\n\t\t\t\t<\/div>\n\t\t\t\t<div class=\"elementor-element elementor-element-945f6fd elementor-widget elementor-widget-heading\" data-id=\"945f6fd\" data-element_type=\"widget\" data-e-type=\"widget\" data-widget_type=\"heading.default\">\n\t\t\t\t<div class=\"elementor-widget-container\">\n\t\t\t\t\t<h2 class=\"elementor-heading-title elementor-size-default\">\ud83d\uded2 Pas 2: Revisa el teu carret<\/h2>\t\t\t\t<\/div>\n\t\t\t\t<\/div>\n\t\t\t\t<div class=\"elementor-element elementor-element-2c9b5136 elementor-widget elementor-widget-text-editor\" data-id=\"2c9b5136\" data-element_type=\"widget\" data-e-type=\"widget\" data-widget_type=\"text-editor.default\">\n\t\t\t\t<div class=\"elementor-widget-container\">\n\t\t\t\t\t\t\t\t\t<p>A la <strong>p\u00e0gina del carret<\/strong> trobar\u00e0s una llista detallada amb tots els articles que has triat. Veur\u00e0s:<\/p><ul><li><strong>Foto<\/strong> del producte.<\/li><li>Nom i <strong>descripci\u00f3<\/strong>.<\/li><li><strong>Preu <\/strong>unitari i <strong>quantitat<\/strong>.<\/li><li><strong>Import<\/strong> total.<\/li><\/ul><p>Des d\u2019aqu\u00ed pots:<\/p><ul><li><strong>Ajustar<\/strong> les quantitats amb les fletxetes al costat del n\u00famero.<\/li><li>Eliminar qualsevol <strong>producte<\/strong> que ja no vulguis.<\/li><li>Introduir un <strong>codi promocional de descompte<\/strong> (si en tens un). Escriu teu cup\u00f3 i fes clic a <strong>\u201cAplica el cup\u00f3\u201d<\/strong>!<\/li><\/ul>\t\t\t\t\t\t\t\t<\/div>\n\t\t\t\t<\/div>\n\t\t\t\t<div class=\"elementor-element elementor-element-25f1002b elementor-widget elementor-widget-heading\" data-id=\"25f1002b\" data-element_type=\"widget\" data-e-type=\"widget\" data-widget_type=\"heading.default\">\n\t\t\t\t<div class=\"elementor-widget-container\">\n\t\t\t\t\t<h2 class=\"elementor-heading-title elementor-size-default\">\ud83e\uddd1\u200d\ud83d\udcbb Pas 3: Identificaci\u00f3 o registre<\/h2>\t\t\t\t<\/div>\n\t\t\t\t<\/div>\n\t\t\t\t<div class=\"elementor-element elementor-element-5f431073 elementor-widget elementor-widget-text-editor\" data-id=\"5f431073\" data-element_type=\"widget\" data-e-type=\"widget\" data-widget_type=\"text-editor.default\">\n\t\t\t\t<div class=\"elementor-widget-container\">\n\t\t\t\t\t\t\t\t\t<p>Si \u00e9s la teva <strong>primera compra<\/strong> a la <strong>Botiga Solid\u00e0ria Hippo<\/strong>, haur\u00e0s de crear un compte. Nom\u00e9s et demanarem algunes dades b\u00e0siques com el teu <strong>nom<\/strong>, <strong>correu electr\u00f2nic<\/strong>, <strong>adre\u00e7a<\/strong> i una <strong>contrasenya<\/strong>. Prometem cuidar les teves dades amb tot <strong>l&#8217;Amor<\/strong> i conforme a la Llei! Consulta la nostra <a href=\"https:\/\/www.thehippohouse.org\/ca\/politica-de-privadesa-i-proteccio-de-dades\/\" target=\"_blank\" rel=\"noopener\"><strong>Pol\u00edtica de Privacitat i Protecci\u00f3 de Dades<\/strong><\/a> per a m\u00e9s informaci\u00f3.<\/p><p><strong>Ja tens un compte?<\/strong> Perfecte! Nom\u00e9s has d&#8217;<strong>iniciar sessi\u00f3 <\/strong>amb el teu usuari i contrasenya.<\/p>\t\t\t\t\t\t\t\t<\/div>\n\t\t\t\t<\/div>\n\t\t\t\t<div class=\"elementor-element elementor-element-220bae7a elementor-widget elementor-widget-heading\" data-id=\"220bae7a\" data-element_type=\"widget\" data-e-type=\"widget\" data-widget_type=\"heading.default\">\n\t\t\t\t<div class=\"elementor-widget-container\">\n\t\t\t\t\t<h2 class=\"elementor-heading-title elementor-size-default\">\ud83d\udccd Pas 4: Indica les teves dades d'enviament<\/h2>\t\t\t\t<\/div>\n\t\t\t\t<\/div>\n\t\t\t\t<div class=\"elementor-element elementor-element-16c31f29 elementor-widget elementor-widget-text-editor\" data-id=\"16c31f29\" data-element_type=\"widget\" data-e-type=\"widget\" data-widget_type=\"text-editor.default\">\n\t\t\t\t<div class=\"elementor-widget-container\">\n\t\t\t\t\t\t\t\t\t<p>Tria l&#8217;<strong>adre\u00e7a<\/strong> on vols rebre la teva <strong>comanda<\/strong>. Per defecte, utilitzarem l&#8217;adre\u00e7a que ens vas donar en registrar-te, per\u00f2 pots canviar-la si ho necessites. Volem que la teva comanda arribi just on la necessites.<\/p>\t\t\t\t\t\t\t\t<\/div>\n\t\t\t\t<\/div>\n\t\t\t\t<div class=\"elementor-element elementor-element-cdd04c3 elementor-widget elementor-widget-heading\" data-id=\"cdd04c3\" data-element_type=\"widget\" data-e-type=\"widget\" data-widget_type=\"heading.default\">\n\t\t\t\t<div class=\"elementor-widget-container\">\n\t\t\t\t\t<h2 class=\"elementor-heading-title elementor-size-default\">\ud83d\udcb3 Pas 5: Realitza el teu pagament<\/h2>\t\t\t\t<\/div>\n\t\t\t\t<\/div>\n\t\t\t\t<div class=\"elementor-element elementor-element-32838297 elementor-widget elementor-widget-text-editor\" data-id=\"32838297\" data-element_type=\"widget\" data-e-type=\"widget\" data-widget_type=\"text-editor.default\">\n\t\t\t\t<div class=\"elementor-widget-container\">\n\t\t\t\t\t\t\t\t\t<p>\u00c9s el moment de <strong>confirmar la teva compra<\/strong> i triar com vols pagar. Oferim <strong>opcions segures i flexibles<\/strong> perqu\u00e8 tri\u00efs la que m\u00e9s et convingui:<\/p><ul><li><strong>Targeta de cr\u00e8dit o d\u00e8bit<\/strong>: Paga de manera segura a trav\u00e9s de <strong>WooPayments<\/strong>, amb el suport de <strong>Stripe<\/strong>. Nom\u00e9s haur\u00e0s d&#8217;introduir les dades de la teva targeta.<\/li><li><strong>Paypal:<\/strong> Si tens un compte Paypal, pots utilitzar el teu <strong>saldo<\/strong> o la teva targeta vinculada.<\/li><li><strong>Transfer\u00e8ncia banc\u00e0ria<\/strong>: Rebr\u00e0s un correu amb les dades del nostre compte bancari per fer <strong>l&#8217;ingr\u00e9s.<\/strong> Tingues en compte que les transfer\u00e8ncies poden demorar alguns dies, i processarem la teva comanda tan <strong>aviat<\/strong> com l&#8217;import aparegui reflectit al nostre compte. Prometem enviar-la <strong>el m\u00e9s aviat possible<\/strong> un cop confirmada!<\/li><\/ul><p>\ud83d\udd12 A la <strong>Botiga Solid\u00e0ria Hippo<\/strong>, no tenim acc\u00e9s a les dades de la teva targeta ni dels teus comptes. Totes les <strong>transaccions<\/strong> es processen de <strong>manera segura<\/strong> a trav\u00e9s de <strong>plataformes de pagament fiables<\/strong> com Woopayments, Paypal i Stripe. La teva seguretat \u00e9s la nostra prioritat! \ud83d\udc99<\/p>\t\t\t\t\t\t\t\t<\/div>\n\t\t\t\t<\/div>\n\t\t\t\t<div class=\"elementor-element elementor-element-47e5c41 elementor-widget elementor-widget-heading\" data-id=\"47e5c41\" data-element_type=\"widget\" data-e-type=\"widget\" data-widget_type=\"heading.default\">\n\t\t\t\t<div class=\"elementor-widget-container\">\n\t\t\t\t\t<h2 class=\"elementor-heading-title elementor-size-default\">\ud83d\udce9 Pas 6: Confirmaci\u00f3 de la teva comanda<\/h2>\t\t\t\t<\/div>\n\t\t\t\t<\/div>\n\t\t\t\t<div class=\"elementor-element elementor-element-db44f3a elementor-widget elementor-widget-text-editor\" data-id=\"db44f3a\" data-element_type=\"widget\" data-e-type=\"widget\" data-widget_type=\"text-editor.default\">\n\t\t\t\t<div class=\"elementor-widget-container\">\n\t\t\t\t\t\t\t\t\t<p>Un cop realitzat el pagament, rebr\u00e0s una <strong>confirmaci\u00f3<\/strong> per correu electr\u00f2nic amb tots els detalls de la teva compra. Pots guardar aquest correu com a justificant. Si tens qualsevol dubte o necessites m\u00e9s informaci\u00f3, estem a la teva disposici\u00f3 a <strong><a href=\"mailto:info@thehippohouse.org\">info@thehippohouse.org<\/a><\/strong> o al tel\u00e8fon <strong>+34 931 782 359.<\/strong><\/p>\t\t\t\t\t\t\t\t<\/div>\n\t\t\t\t<\/div>\n\t\t\t\t<div class=\"elementor-element elementor-element-1fec2fbd elementor-widget elementor-widget-heading\" data-id=\"1fec2fbd\" data-element_type=\"widget\" data-e-type=\"widget\" data-widget_type=\"heading.default\">\n\t\t\t\t<div class=\"elementor-widget-container\">\n\t\t\t\t\t<h2 class=\"elementor-heading-title elementor-size-default\">\ud83e\udde1 Gr\u00e0cies per formar part de la Fam\u00edlia Hippo\ud83e\udd9b<\/h2>\t\t\t\t<\/div>\n\t\t\t\t<\/div>\n\t\t\t\t<div class=\"elementor-element elementor-element-fe0f131 elementor-widget elementor-widget-text-editor\" data-id=\"fe0f131\" data-element_type=\"widget\" data-e-type=\"widget\" data-widget_type=\"text-editor.default\">\n\t\t\t\t<div class=\"elementor-widget-container\">\n\t\t\t\t\t\t\t\t\t<p>Recorda que <strong>el 100% dels beneficis<\/strong> <strong>de la teva compra a la Botiga Solid\u00e0ria Hippo es destinen a crear recursos educatius gratu\u00efts per donar suport a les fam\u00edlies que conviuen amb hipogluc\u00e8mies.<\/strong><\/p>\t\t\t\t\t\t\t\t<\/div>\n\t\t\t\t<\/div>\n\t\t\t\t<div class=\"elementor-element elementor-element-d5b7802 elementor-widget elementor-widget-heading\" data-id=\"d5b7802\" data-element_type=\"widget\" data-e-type=\"widget\" data-widget_type=\"heading.default\">\n\t\t\t\t<div class=\"elementor-widget-container\">\n\t\t\t\t\t<h2 class=\"elementor-heading-title elementor-size-default\">\ud83d\udcab Cada clic a la nostra botiga \u00e9s un granet de sucre per donar suport a les fam\u00edlies! \ud83d\udcab<\/h2>\t\t\t\t<\/div>\n\t\t\t\t<\/div>\n\t\t\t\t\t<\/div>\n\t\t<\/div>\n\t\t\t\t\t<\/div>\n\t\t<\/section>\n\t\t\t\t<\/div>\n\t\t","protected":false},"excerpt":{"rendered":"<p>Com Comprar a la Botiga Solid\u00e0ria Hippo? \ud83e\udd9b\ud83d\udc99 A The Hippo House hem dissenyat un proc\u00e9s de compra senzill i segur, perqu\u00e8 puguis omplir el teu carret de solidaritat en pocs passos. Aqu\u00ed t&#8217;expliquem tot el que necessites saber per fer la teva comanda i contribuir a la nostra Missi\u00f3: crear recursos educatius i l\u00fadics &#8230; <a title=\"Com Comprar\" class=\"read-more\" href=\"https:\/\/www.thehippohouse.org\/ca\/com-comprar\/\" aria-label=\"Read more about Com Comprar\">Leer m\u00e1s<\/a><\/p>\n","protected":false},"author":1,"featured_media":0,"parent":0,"menu_order":2,"comment_status":"closed","ping_status":"closed","template":"elementor_header_footer","meta":{"_acf_changed":false,"_seopress_robots_primary_cat":"","_seopress_titles_title":"","_seopress_titles_desc":"","_seopress_robots_index":"","footnotes":""},"class_list":["post-34909","page","type-page","status-publish"],"acf":[],"_links":{"self":[{"href":"https:\/\/www.thehippohouse.org\/ca\/wp-json\/wp\/v2\/pages\/34909","targetHints":{"allow":["GET"]}}],"collection":[{"href":"https:\/\/www.thehippohouse.org\/ca\/wp-json\/wp\/v2\/pages"}],"about":[{"href":"https:\/\/www.thehippohouse.org\/ca\/wp-json\/wp\/v2\/types\/page"}],"author":[{"embeddable":true,"href":"https:\/\/www.thehippohouse.org\/ca\/wp-json\/wp\/v2\/users\/1"}],"replies":[{"embeddable":true,"href":"https:\/\/www.thehippohouse.org\/ca\/wp-json\/wp\/v2\/comments?post=34909"}],"version-history":[{"count":0,"href":"https:\/\/www.thehippohouse.org\/ca\/wp-json\/wp\/v2\/pages\/34909\/revisions"}],"wp:attachment":[{"href":"https:\/\/www.thehippohouse.org\/ca\/wp-json\/wp\/v2\/media?parent=34909"}],"curies":[{"name":"wp","href":"https:\/\/api.w.org\/{rel}","templated":true}]}}