{"id":35022,"date":"2024-12-13T07:59:05","date_gmt":"2024-12-13T07:59:05","guid":{"rendered":"https:\/\/www.thehippohouse.org\/?page_id=35022"},"modified":"2024-12-13T12:30:52","modified_gmt":"2024-12-13T12:30:52","slug":"condicions-generals-de-venda","status":"publish","type":"page","link":"https:\/\/www.thehippohouse.org\/ca\/condicions-generals-de-venda\/","title":{"rendered":"Condicions Generals de Venda"},"content":{"rendered":"\t\t<div data-elementor-type=\"wp-page\" data-elementor-id=\"35022\" class=\"elementor elementor-35022 elementor-35030\" data-elementor-post-type=\"page\">\n\t\t\t\t\t\t<section class=\"elementor-section elementor-top-section elementor-element elementor-element-1c50a0fa elementor-section-stretched elementor-section-boxed elementor-section-height-default elementor-section-height-default\" data-id=\"1c50a0fa\" data-element_type=\"section\" data-e-type=\"section\" data-settings=\"{&quot;stretch_section&quot;:&quot;section-stretched&quot;}\">\n\t\t\t\t\t\t<div class=\"elementor-container elementor-column-gap-default\">\n\t\t\t\t\t<div class=\"elementor-column elementor-col-100 elementor-top-column elementor-element elementor-element-39162af4\" data-id=\"39162af4\" data-element_type=\"column\" data-e-type=\"column\">\n\t\t\t<div class=\"elementor-widget-wrap elementor-element-populated\">\n\t\t\t\t\t\t<div class=\"elementor-element elementor-element-2be54a88 elementor-widget elementor-widget-heading\" data-id=\"2be54a88\" data-element_type=\"widget\" data-e-type=\"widget\" data-widget_type=\"heading.default\">\n\t\t\t\t<div class=\"elementor-widget-container\">\n\t\t\t\t\t<h1 class=\"elementor-heading-title elementor-size-default\">Condicions Generals de Venda de la Botiga Solid\u00e0ria Hippo\ud83e\udd9b\ud83d\udc99\n<\/h1>\t\t\t\t<\/div>\n\t\t\t\t<\/div>\n\t\t\t\t<div class=\"elementor-element elementor-element-7e1e406d elementor-widget elementor-widget-text-editor\" data-id=\"7e1e406d\" data-element_type=\"widget\" data-e-type=\"widget\" data-widget_type=\"text-editor.default\">\n\t\t\t\t<div class=\"elementor-widget-container\">\n\t\t\t\t\t\t\t\t\t<p>Benvingut a la <strong>Botiga Solid\u00e0ria Hippo<\/strong>! Aqu\u00ed, cada compra no nom\u00e9s t&#8217;acosta a <strong>productes amb \u00c0nima i Cor<\/strong>, sin\u00f3 que tamb\u00e9 ajuda a complir la nostra <strong>Missi\u00f3<\/strong>: crear <strong>recursos educatius gratu\u00efts<\/strong> per donar suport a les fam\u00edlies que conviuen amb <strong>hipogluc\u00e8mies<\/strong>. \ud83c\udf1f<\/p><p>Aquestes condicions t&#8217;expliquen tot el que necessites saber sobre les teves <strong>comandes, pagaments, devolucions<\/strong> i m\u00e9s.<\/p>\t\t\t\t\t\t\t\t<\/div>\n\t\t\t\t<\/div>\n\t\t\t\t<div class=\"elementor-element elementor-element-4ca583ed elementor-widget elementor-widget-heading\" data-id=\"4ca583ed\" data-element_type=\"widget\" data-e-type=\"widget\" data-widget_type=\"heading.default\">\n\t\t\t\t<div class=\"elementor-widget-container\">\n\t\t\t\t\t<h2 class=\"elementor-heading-title elementor-size-default\">Pre\u00e0mbul<\/h2>\t\t\t\t<\/div>\n\t\t\t\t<\/div>\n\t\t\t\t<div class=\"elementor-element elementor-element-645029b7 elementor-widget elementor-widget-text-editor\" data-id=\"645029b7\" data-element_type=\"widget\" data-e-type=\"widget\" data-widget_type=\"text-editor.default\">\n\t\t\t\t<div class=\"elementor-widget-container\">\n\t\t\t\t\t\t\t\t\t<p>Aquestes <strong>condicions generals<\/strong> s&#8217;apliquen \u00fanicament <strong>als productes comercialitzats directament per The Hippo House<\/strong>. Si veus altres productes o serveis mencionats a la nostra web, per\u00f2 no gestionats directament per nosaltres, aquests no estan subjectes a aquestes condicions.<\/p><p>Entre tu, el <strong>CLIENT<\/strong>, i nosaltres, <a href=\"https:\/\/www.thehippohouse.org\/ca\/inici\/lassociacio\/\" target=\"_blank\" rel=\"noopener\"><strong>L&#8217;ASSOCIACI\u00d3 HIPPO HOUSE<\/strong><\/a> (CIF G16496077), establim aquestes condicions per a que tot sigui <strong>clar i transparent.<\/strong><\/p><p>Realitzem enviaments a gaireb\u00e9 tot el m\u00f3n \ud83c\udf0d, sempre que es cobreixin les tarifes d&#8217;enviament detallades a la secci\u00f3 <a href=\"https:\/\/www.thehippohouse.org\/ca\/botiga-solidaria\/sobre-els-enviaments\/\" target=\"_blank\" rel=\"noopener\"><strong>\u201cSobre els Enviaments\u201d<\/strong>.<\/a> Aquestes condicions s\u00f3n nom\u00e9s per a consumidors; <span style=\"text-decoration: underline;\"><strong>la revenda no est\u00e0 permesa.<\/strong><\/span><\/p><p>Fer una <strong>comanda<\/strong> a la <strong>Botiga Solid\u00e0ria Hippo<\/strong> implica que acceptes aquestes condicions, aix\u00ed com qualsevol altra especificada en la mateixa comanda.<\/p>\t\t\t\t\t\t\t\t<\/div>\n\t\t\t\t<\/div>\n\t\t\t\t<div class=\"elementor-element elementor-element-d4f1bea elementor-widget elementor-widget-heading\" data-id=\"d4f1bea\" data-element_type=\"widget\" data-e-type=\"widget\" data-widget_type=\"heading.default\">\n\t\t\t\t<div class=\"elementor-widget-container\">\n\t\t\t\t\t<h2 class=\"elementor-heading-title elementor-size-default\">1. Objecte<\/h2>\t\t\t\t<\/div>\n\t\t\t\t<\/div>\n\t\t\t\t<div class=\"elementor-element elementor-element-2014762c elementor-widget elementor-widget-text-editor\" data-id=\"2014762c\" data-element_type=\"widget\" data-e-type=\"widget\" data-widget_type=\"text-editor.default\">\n\t\t\t\t<div class=\"elementor-widget-container\">\n\t\t\t\t\t\t\t\t\t<p>Aquestes <strong>condicions<\/strong> tenen com a objectiu definir la nostra relaci\u00f3 comercial, des de la realitzaci\u00f3 de la comanda, el pagament, l&#8217;entrega i el servei postvenda. Volem que la teva experi\u00e8ncia sigui incre\u00efble!<\/p>\t\t\t\t\t\t\t\t<\/div>\n\t\t\t\t<\/div>\n\t\t\t\t<div class=\"elementor-element elementor-element-7931276f elementor-widget elementor-widget-heading\" data-id=\"7931276f\" data-element_type=\"widget\" data-e-type=\"widget\" data-widget_type=\"heading.default\">\n\t\t\t\t<div class=\"elementor-widget-container\">\n\t\t\t\t\t<h2 class=\"elementor-heading-title elementor-size-default\">2. Comandes<\/h2>\t\t\t\t<\/div>\n\t\t\t\t<\/div>\n\t\t\t\t<div class=\"elementor-element elementor-element-6651ff4f elementor-widget elementor-widget-text-editor\" data-id=\"6651ff4f\" data-element_type=\"widget\" data-e-type=\"widget\" data-widget_type=\"text-editor.default\">\n\t\t\t\t<div class=\"elementor-widget-container\">\n\t\t\t\t\t\t\t\t\t<p>Fer la teva comanda a la <strong>Botiga Solid\u00e0ria Hippo<\/strong> \u00e9s molt senzill, t&#8217;ho expliquem!<br \/>Pots fer la teva comanda de les seg\u00fcents maneres:<\/p><ul><li><strong>A trav\u00e9s de la nostra web<\/strong> (recomanat), visitant la p\u00e0gina <strong><a href=\"https:\/\/www.thehippohouse.org\/ca\/\" target=\"_blank\" rel=\"noopener\">thehippohouse.org<\/a><\/strong> i seguint el procediment que trobar\u00e0s a la secci\u00f3 <a href=\"https:\/\/www.thehippohouse.org\/ca\/botiga-solidaria\/com-comprar\/\" target=\"_blank\" rel=\"noopener\"><strong>&#8220;Com comprar&#8221;<\/strong>.<\/a><\/li><li><strong>A trav\u00e9s de correu electr\u00f2nic,<\/strong> enviant-nos un missatge a <a href=\"mailto:info@thehippohouse.org\"><strong>info@thehippohouse.org<\/strong><\/a><strong>.<\/strong><\/li><\/ul><p>Quan facis la comanda, haur\u00e0s de facilitar-nos algunes dades personals per poder processar-la, excepte que ja tinguis un <strong>compte de client<\/strong> amb nosaltres.<br \/>En realitzar la comanda, el <strong>CLIENT<\/strong> accepta tots els preus, la descripci\u00f3 dels productes i les condicions de venda. Si algun producte no est\u00e0 disponible, t&#8217;informarem al m\u00e9s aviat possible.<\/p><p>Tens disponible la informaci\u00f3 detallada sobre el proc\u00e9s de compra a la secci\u00f3 <a href=\"https:\/\/www.thehippohouse.org\/ca\/botiga-solidaria\/com-comprar\/\" target=\"_blank\" rel=\"noopener\"><strong>&#8220;Com comprar&#8221;<\/strong><\/a> de la nostra p\u00e0gina web.<\/p>\t\t\t\t\t\t\t\t<\/div>\n\t\t\t\t<\/div>\n\t\t\t\t<div class=\"elementor-element elementor-element-1e785175 elementor-widget elementor-widget-heading\" data-id=\"1e785175\" data-element_type=\"widget\" data-e-type=\"widget\" data-widget_type=\"heading.default\">\n\t\t\t\t<div class=\"elementor-widget-container\">\n\t\t\t\t\t<h2 class=\"elementor-heading-title elementor-size-default\">3. Entrega<\/h2>\t\t\t\t<\/div>\n\t\t\t\t<\/div>\n\t\t\t\t<div class=\"elementor-element elementor-element-736dda65 elementor-widget elementor-widget-text-editor\" data-id=\"736dda65\" data-element_type=\"widget\" data-e-type=\"widget\" data-widget_type=\"text-editor.default\">\n\t\t\t\t<div class=\"elementor-widget-container\">\n\t\t\t\t\t\t\t\t\t<p>Ens comprometem a enviar els <strong>productes disponibles en estoc<\/strong> tan r\u00e0pidament com sigui possible. Tot i aix\u00f2, si algun dels productes es troba fora d&#8217;estoc o est\u00e0 en producci\u00f3, t&#8217;informarem sobre la <strong>disponibilitat<\/strong> i el <strong>termini estimat<\/strong> de lliurament.<\/p><p>Les entregues es realitzen de <strong>dilluns a divendres laborables<\/strong> a l&#8217;adre\u00e7a que ens indiquis. Si tens qualsevol dubte o sol\u00b7licitud especial, digues-nos-ho i ho gestionem amb molt de gust! \ud83d\ude0a<\/p><p><strong>Terminis estimats de lliurament <\/strong>(un cop processada la teva comanda):<\/p><ul><li><strong>48\/72 hores <\/strong>(Espanya Peninsular i Portugal).<\/li><li><strong>4\/10 dies <\/strong>(Uni\u00f3 Europea i Espai Econ\u00f2mic Europeu).<\/li><li><strong>7\/25 dies <\/strong>(Resta del M\u00f3n).<\/li><\/ul><p>Si algun <strong>producte<\/strong> no est\u00e0 disponible i no pot ser reposat, t&#8217;informarem i procedirem a reemborsar-te l&#8217;import de seguida. No et preocupis, tot es resol r\u00e0pidament!<\/p><p>Pots trobar tota la informaci\u00f3 sobre els enviaments a l&#8217;apartat <a href=\"https:\/\/www.thehippohouse.org\/ca\/botiga-solidaria\/sobre-els-enviaments\/\" target=\"_blank\" rel=\"noopener\"><strong>\u201cSobre els Enviaments\u201d<\/strong><\/a> de la nostra p\u00e0gina web.<\/p>\t\t\t\t\t\t\t\t<\/div>\n\t\t\t\t<\/div>\n\t\t\t\t<div class=\"elementor-element elementor-element-31a4eedd elementor-widget elementor-widget-heading\" data-id=\"31a4eedd\" data-element_type=\"widget\" data-e-type=\"widget\" data-widget_type=\"heading.default\">\n\t\t\t\t<div class=\"elementor-widget-container\">\n\t\t\t\t\t<h2 class=\"elementor-heading-title elementor-size-default\">4. Pagament<\/h2>\t\t\t\t<\/div>\n\t\t\t\t<\/div>\n\t\t\t\t<div class=\"elementor-element elementor-element-48234685 elementor-widget elementor-widget-text-editor\" data-id=\"48234685\" data-element_type=\"widget\" data-e-type=\"widget\" data-widget_type=\"text-editor.default\">\n\t\t\t\t<div class=\"elementor-widget-container\">\n\t\t\t\t\t\t\t\t\t<p>Oferim diferents <strong>formes de pagament segures<\/strong> i c\u00f2modes per a tu:<\/p><ul><li><strong>Pagament amb targeta a trav\u00e9s de WooPayments (Stripe), <\/strong>que et permet pagar amb targeta de d\u00e8bit o cr\u00e8dit de manera segura. No et preocupis, no tenim acc\u00e9s als teus dades banc\u00e0ries! <strong>\ud83d\udcb3<\/strong><\/li><li><strong>Pagament mitjan\u00e7ant PayPal, <\/strong>si tens compte, pots pagar directament des del teu saldo o targeta vinculada..<\/li><li><strong>Pagament per transfer\u00e8ncia banc\u00e0ria. <\/strong>En aquest cas, et enviarem els detalls del nostre compte perqu\u00e8 puguis fer la transfer\u00e8ncia. Tingues en compte que les transfer\u00e8ncies poden trigar alguns dies. Tan aviar com el pagament aparegui al nostre compte, processarem la teva comanda! <strong>\u23f3<\/strong><\/li><\/ul><p>Tens tota la informaci\u00f3 detallada sobre les formes de pagament a la secci\u00f3 <a href=\"https:\/\/www.thehippohouse.org\/ca\/botiga-solidaria\/com-comprar\/\" target=\"_blank\" rel=\"noopener\"><strong>&#8220;Com comprar&#8221;<\/strong><\/a> de la nostra p\u00e0gina web.<\/p>\t\t\t\t\t\t\t\t<\/div>\n\t\t\t\t<\/div>\n\t\t\t\t<div class=\"elementor-element elementor-element-cb16e93 elementor-widget elementor-widget-heading\" data-id=\"cb16e93\" data-element_type=\"widget\" data-e-type=\"widget\" data-widget_type=\"heading.default\">\n\t\t\t\t<div class=\"elementor-widget-container\">\n\t\t\t\t\t<h2 class=\"elementor-heading-title elementor-size-default\">5. Preus<\/h2>\t\t\t\t<\/div>\n\t\t\t\t<\/div>\n\t\t\t\t<div class=\"elementor-element elementor-element-5536b7c elementor-widget elementor-widget-text-editor\" data-id=\"5536b7c\" data-element_type=\"widget\" data-e-type=\"widget\" data-widget_type=\"text-editor.default\">\n\t\t\t\t<div class=\"elementor-widget-container\">\n\t\t\t\t\t\t\t\t\t<p>Per defecte els preus que veus a la nostra web inclouen els impostos legals a Espanya. <strong>Sense sorpreses!<\/strong> \ud83d\ude0e El preu final de cada comanda pot incloure un c\u00e0rrec addicional pels costos d&#8217;embalatge i enviament, segons la destinaci\u00f3 de la comanda.<\/p><p>Pots consultar els costos addicionals a l&#8217;apartat <a href=\"https:\/\/www.thehippohouse.org\/ca\/botiga-solidaria\/sobre-els-enviaments\/\" target=\"_blank\" rel=\"noopener\"><strong>\u201cSobre els Enviaments\u201d<\/strong><\/a> de la nostra p\u00e0gina web.<\/p>\t\t\t\t\t\t\t\t<\/div>\n\t\t\t\t<\/div>\n\t\t\t\t<div class=\"elementor-element elementor-element-772a72d elementor-widget elementor-widget-heading\" data-id=\"772a72d\" data-element_type=\"widget\" data-e-type=\"widget\" data-widget_type=\"heading.default\">\n\t\t\t\t<div class=\"elementor-widget-container\">\n\t\t\t\t\t<h2 class=\"elementor-heading-title elementor-size-default\">6. Dret de ren\u00fancia i devoluci\u00f3<\/h2>\t\t\t\t<\/div>\n\t\t\t\t<\/div>\n\t\t\t\t<div class=\"elementor-element elementor-element-423f675 elementor-widget elementor-widget-text-editor\" data-id=\"423f675\" data-element_type=\"widget\" data-e-type=\"widget\" data-widget_type=\"text-editor.default\">\n\t\t\t\t<div class=\"elementor-widget-container\">\n\t\t\t\t\t\t\t\t\t<p>Sabem que a vegades les coses no surten com esperaves. No passa res, tens<strong> 7 dies naturals<\/strong> des de la <strong>recepci\u00f3 de la comanda<\/strong> per retornar un producte sense penalitzaci\u00f3. Nom\u00e9s assegura&#8217;t que l&#8217;article estigui en <strong>perfecte estat<\/strong>, amb les etiquetes intactes.<\/p><p><span style=\"text-decoration: underline;\"><strong>Recorda, els productes personalitzats o consumibles no es poden retornar.<\/strong> <\/span>\ud83d\udca1<\/p><p>Si la devoluci\u00f3 \u00e9s per un error nostre (producte incorrecte o defectu\u00f3s), <strong>ens fem c\u00e0rrec de les despeses!<\/strong> Si no, el <strong>CLIENT<\/strong> assumir\u00e0 els costos de la devoluci\u00f3.<\/p><p>Pots trobar tota la informaci\u00f3 a la secci\u00f3 <a href=\"https:\/\/www.thehippohouse.org\/ca\/botiga-solidaria\/politica-de-devolucions\/\" target=\"_blank\" rel=\"noopener\"><strong>\u201cPol\u00edtica de Devolucions\u201d<\/strong><\/a> de la nostra p\u00e0gina web.<\/p>\t\t\t\t\t\t\t\t<\/div>\n\t\t\t\t<\/div>\n\t\t\t\t<div class=\"elementor-element elementor-element-901380e elementor-widget elementor-widget-heading\" data-id=\"901380e\" data-element_type=\"widget\" data-e-type=\"widget\" data-widget_type=\"heading.default\">\n\t\t\t\t<div class=\"elementor-widget-container\">\n\t\t\t\t\t<h2 class=\"elementor-heading-title elementor-size-default\">7. Garanties<\/h2>\t\t\t\t<\/div>\n\t\t\t\t<\/div>\n\t\t\t\t<div class=\"elementor-element elementor-element-4ee06ce elementor-widget elementor-widget-text-editor\" data-id=\"4ee06ce\" data-element_type=\"widget\" data-e-type=\"widget\" data-widget_type=\"text-editor.default\">\n\t\t\t\t<div class=\"elementor-widget-container\">\n\t\t\t\t\t\t\t\t\t<p>Si un producte no compleix amb les teves expectatives o presenta algun defecte, no et preocupis! Pots sol\u00b7licitar un <strong>canvi, substituci\u00f3 o reemborsament.<\/strong> La reparaci\u00f3 i substituci\u00f3 seran <strong>totalment gratu\u00eftes<\/strong> per a tu. Si decideixes canviar el producte, si el preu del nou producte \u00e9s m\u00e9s alt, haur\u00e0s d&#8217;abonar la difer\u00e8ncia. Si \u00e9s m\u00e9s baix, et reemborsarem la difer\u00e8ncia. \ud83d\ude0a<\/p>\t\t\t\t\t\t\t\t<\/div>\n\t\t\t\t<\/div>\n\t\t\t\t<div class=\"elementor-element elementor-element-293ba02 elementor-widget elementor-widget-heading\" data-id=\"293ba02\" data-element_type=\"widget\" data-e-type=\"widget\" data-widget_type=\"heading.default\">\n\t\t\t\t<div class=\"elementor-widget-container\">\n\t\t\t\t\t<h2 class=\"elementor-heading-title elementor-size-default\">8. Responsabilitat<\/h2>\t\t\t\t<\/div>\n\t\t\t\t<\/div>\n\t\t\t\t<div class=\"elementor-element elementor-element-4c68135 elementor-widget elementor-widget-text-editor\" data-id=\"4c68135\" data-element_type=\"widget\" data-e-type=\"widget\" data-widget_type=\"text-editor.default\">\n\t\t\t\t<div class=\"elementor-widget-container\">\n\t\t\t\t\t\t\t\t\t<p>Ens prenem molt seriosament la seguretat de les teves dades. <strong>The Hippo House<\/strong> garanteix que <strong><u>totes les teves dades personals seran tractades de forma segura,<\/u><\/strong> per evitar qualsevol acc\u00e9s no autoritzat.<\/p><p>\ud83d\udd10 Pots consultar la nostra <a href=\"https:\/\/www.thehippohouse.org\/ca\/politica-de-privadesa-i-proteccio-de-dades\/\" target=\"_blank\" rel=\"noopener\"><strong>\u201cPol\u00edtica de Privacitat i Protecci\u00f3 de Dades\u201d <\/strong><\/a>per con\u00e8ixer tots els detalls.<\/p>\t\t\t\t\t\t\t\t<\/div>\n\t\t\t\t<\/div>\n\t\t\t\t<div class=\"elementor-element elementor-element-f4bcc9c elementor-widget elementor-widget-heading\" data-id=\"f4bcc9c\" data-element_type=\"widget\" data-e-type=\"widget\" data-widget_type=\"heading.default\">\n\t\t\t\t<div class=\"elementor-widget-container\">\n\t\t\t\t\t<h2 class=\"elementor-heading-title elementor-size-default\">9. Propietat intel\u00b7lectual<\/h2>\t\t\t\t<\/div>\n\t\t\t\t<\/div>\n\t\t\t\t<div class=\"elementor-element elementor-element-7fa17e5 elementor-widget elementor-widget-text-editor\" data-id=\"7fa17e5\" data-element_type=\"widget\" data-e-type=\"widget\" data-widget_type=\"text-editor.default\">\n\t\t\t\t<div class=\"elementor-widget-container\">\n\t\t\t\t\t\t\t\t\t<p>Tota la informaci\u00f3 i contingut de la nostra web (imatges, textos, v\u00eddeos) estan protegits per <strong>drets d&#8217;autor<\/strong>. Alguns dels continguts s\u00f3n propietat de <a href=\"https:\/\/www.thehippohouse.org\/ca\/inici\/lassociacio\/\" target=\"_blank\" rel=\"noopener\"><strong>l\u2019Associaci\u00f3 Hippo House<\/strong> <\/a>i altres de tercers. No dubtis a compartir el nostre contingut sempre que ens citis com a font! \ud83d\udcda<\/p>\t\t\t\t\t\t\t\t<\/div>\n\t\t\t\t<\/div>\n\t\t\t\t<div class=\"elementor-element elementor-element-c2771d1 elementor-widget elementor-widget-heading\" data-id=\"c2771d1\" data-element_type=\"widget\" data-e-type=\"widget\" data-widget_type=\"heading.default\">\n\t\t\t\t<div class=\"elementor-widget-container\">\n\t\t\t\t\t<h2 class=\"elementor-heading-title elementor-size-default\">10. Acord total<\/h2>\t\t\t\t<\/div>\n\t\t\t\t<\/div>\n\t\t\t\t<div class=\"elementor-element elementor-element-e067b98 elementor-widget elementor-widget-text-editor\" data-id=\"e067b98\" data-element_type=\"widget\" data-e-type=\"widget\" data-widget_type=\"text-editor.default\">\n\t\t\t\t<div class=\"elementor-widget-container\">\n\t\t\t\t\t\t\t\t\t<p>Aquestes <strong>condicions generals<\/strong> s\u00f3n l&#8217;acord complet entre nosaltres i tu. Si alguna cl\u00e0usula fos anul\u00b7lada, no afectar\u00e0 la resta de les condicions. Tot es mant\u00e9 clar i transparent. \u2705<\/p>\t\t\t\t\t\t\t\t<\/div>\n\t\t\t\t<\/div>\n\t\t\t\t<div class=\"elementor-element elementor-element-ec091ca elementor-widget elementor-widget-heading\" data-id=\"ec091ca\" data-element_type=\"widget\" data-e-type=\"widget\" data-widget_type=\"heading.default\">\n\t\t\t\t<div class=\"elementor-widget-container\">\n\t\t\t\t\t<h2 class=\"elementor-heading-title elementor-size-default\">11. Llei aplicable i compet\u00e8ncia<\/h2>\t\t\t\t<\/div>\n\t\t\t\t<\/div>\n\t\t\t\t<div class=\"elementor-element elementor-element-ea102f5 elementor-widget elementor-widget-text-editor\" data-id=\"ea102f5\" data-element_type=\"widget\" data-e-type=\"widget\" data-widget_type=\"text-editor.default\">\n\t\t\t\t<div class=\"elementor-widget-container\">\n\t\t\t\t\t\t\t\t\t<p>Aquestes <strong>Condicions Generals de Venda<\/strong> es regeixen per la llei espanyola. Si alguna vegada hi ha una disputa o dubte, <strong>The Hippo House<\/strong> i el <strong>CLIENT<\/strong> es sotmeten als jutjats i tribunals del domicili fiscal de <a href=\"https:\/\/www.thehippohouse.org\/ca\/inici\/lassociacio\/\" target=\"_blank\" rel=\"noopener\"><strong>l\u2019Associaci\u00f3 Hippo House<\/strong>.<\/a><\/p><p>Si tens alguna pregunta o necessites m\u00e9s informaci\u00f3, no dubtis a contactar-nos a<strong> <a href=\"mailto:info@thehippohouse.org\">info@thehippohouse.org<\/a><\/strong> o al tel\u00e8fon <strong>+34 931 782 359.<\/strong> \ud83d\udcde<\/p>\t\t\t\t\t\t\t\t<\/div>\n\t\t\t\t<\/div>\n\t\t\t\t<div class=\"elementor-element elementor-element-3f46dc46 elementor-widget elementor-widget-heading\" data-id=\"3f46dc46\" data-element_type=\"widget\" data-e-type=\"widget\" data-widget_type=\"heading.default\">\n\t\t\t\t<div class=\"elementor-widget-container\">\n\t\t\t\t\t<h2 class=\"elementor-heading-title elementor-size-default\">\ud83e\udde1 Gr\u00e0cies per ser part de la fam\u00edlia Hippo i per fer que cada compra compti! \ud83e\udd9b<\/h2>\t\t\t\t<\/div>\n\t\t\t\t<\/div>\n\t\t\t\t<div class=\"elementor-element elementor-element-79e07e1 elementor-widget elementor-widget-text-editor\" data-id=\"79e07e1\" data-element_type=\"widget\" data-e-type=\"widget\" data-widget_type=\"text-editor.default\">\n\t\t\t\t<div class=\"elementor-widget-container\">\n\t\t\t\t\t\t\t\t\t<p>Recorda que el <strong>100% dels beneficis<\/strong> <strong>de la teva compra a la Botiga Solid\u00e0ria Hippo es destinen a crear recursos educatius gratu\u00efts per donar suport a les fam\u00edlies que conviuen amb hipogluc\u00e8mies.<\/strong><\/p>\t\t\t\t\t\t\t\t<\/div>\n\t\t\t\t<\/div>\n\t\t\t\t<div class=\"elementor-element elementor-element-37ed2f6 elementor-widget elementor-widget-heading\" data-id=\"37ed2f6\" data-element_type=\"widget\" data-e-type=\"widget\" data-widget_type=\"heading.default\">\n\t\t\t\t<div class=\"elementor-widget-container\">\n\t\t\t\t\t<h2 class=\"elementor-heading-title elementor-size-default\">\ud83d\udcab Cada clic a la nostra botiga \u00e9s un granet de sucre!\ud83d\udcab<\/h2>\t\t\t\t<\/div>\n\t\t\t\t<\/div>\n\t\t\t\t\t<\/div>\n\t\t<\/div>\n\t\t\t\t\t<\/div>\n\t\t<\/section>\n\t\t\t\t<\/div>\n\t\t","protected":false},"excerpt":{"rendered":"<p>Condicions Generals de Venda de la Botiga Solid\u00e0ria Hippo\ud83e\udd9b\ud83d\udc99 Benvingut a la Botiga Solid\u00e0ria Hippo! Aqu\u00ed, cada compra no nom\u00e9s t&#8217;acosta a productes amb \u00c0nima i Cor, sin\u00f3 que tamb\u00e9 ajuda a complir la nostra Missi\u00f3: crear recursos educatius gratu\u00efts per donar suport a les fam\u00edlies que conviuen amb hipogluc\u00e8mies. \ud83c\udf1f Aquestes condicions t&#8217;expliquen tot &#8230; <a title=\"Condicions Generals de Venda\" class=\"read-more\" href=\"https:\/\/www.thehippohouse.org\/ca\/condicions-generals-de-venda\/\" aria-label=\"Read more about Condicions Generals de Venda\">Leer m\u00e1s<\/a><\/p>\n","protected":false},"author":1,"featured_media":0,"parent":0,"menu_order":4,"comment_status":"closed","ping_status":"closed","template":"elementor_header_footer","meta":{"_acf_changed":false,"_seopress_robots_primary_cat":"","_seopress_titles_title":"","_seopress_titles_desc":"","_seopress_robots_index":"","footnotes":""},"class_list":["post-35022","page","type-page","status-publish"],"acf":[],"_links":{"self":[{"href":"https:\/\/www.thehippohouse.org\/ca\/wp-json\/wp\/v2\/pages\/35022","targetHints":{"allow":["GET"]}}],"collection":[{"href":"https:\/\/www.thehippohouse.org\/ca\/wp-json\/wp\/v2\/pages"}],"about":[{"href":"https:\/\/www.thehippohouse.org\/ca\/wp-json\/wp\/v2\/types\/page"}],"author":[{"embeddable":true,"href":"https:\/\/www.thehippohouse.org\/ca\/wp-json\/wp\/v2\/users\/1"}],"replies":[{"embeddable":true,"href":"https:\/\/www.thehippohouse.org\/ca\/wp-json\/wp\/v2\/comments?post=35022"}],"version-history":[{"count":0,"href":"https:\/\/www.thehippohouse.org\/ca\/wp-json\/wp\/v2\/pages\/35022\/revisions"}],"wp:attachment":[{"href":"https:\/\/www.thehippohouse.org\/ca\/wp-json\/wp\/v2\/media?parent=35022"}],"curies":[{"name":"wp","href":"https:\/\/api.w.org\/{rel}","templated":true}]}}