{"id":20931,"date":"2023-12-27T16:30:42","date_gmt":"2023-12-27T16:30:42","guid":{"rendered":"https:\/\/www.thehippohouse.org\/?page_id=20931"},"modified":"2025-09-26T07:10:43","modified_gmt":"2025-09-26T07:10:43","slug":"privatsphaere-und-datenschutz","status":"publish","type":"page","link":"https:\/\/www.thehippohouse.org\/de\/privatsphaere-und-datenschutz\/","title":{"rendered":"The Hippo House &#8211; Privatsph\u00e4re und Datenschutz"},"content":{"rendered":"\t\t<div data-elementor-type=\"wp-post\" data-elementor-id=\"20931\" class=\"elementor elementor-20931 elementor-674\" data-elementor-post-type=\"page\">\n\t\t\t\t\t\t<section class=\"elementor-section elementor-top-section elementor-element elementor-element-6c223b71 elementor-section-boxed elementor-section-height-default elementor-section-height-default\" data-id=\"6c223b71\" data-element_type=\"section\" data-e-type=\"section\">\n\t\t\t\t\t\t<div class=\"elementor-container elementor-column-gap-default\">\n\t\t\t\t\t<div class=\"elementor-column elementor-col-100 elementor-top-column elementor-element elementor-element-7ce1a2e6\" data-id=\"7ce1a2e6\" data-element_type=\"column\" data-e-type=\"column\">\n\t\t\t<div class=\"elementor-widget-wrap elementor-element-populated\">\n\t\t\t\t\t\t<div class=\"elementor-element elementor-element-1b30921 elementor-widget elementor-widget-heading\" data-id=\"1b30921\" data-element_type=\"widget\" data-e-type=\"widget\" data-widget_type=\"heading.default\">\n\t\t\t\t<div class=\"elementor-widget-container\">\n\t\t\t\t\t<h1 class=\"elementor-heading-title elementor-size-default\">The Hippo House - Privatsph\u00e4re und Datenschutz<\/h1>\t\t\t\t<\/div>\n\t\t\t\t<\/div>\n\t\t\t\t<div class=\"elementor-element elementor-element-48c830a8 elementor-widget elementor-widget-text-editor\" data-id=\"48c830a8\" data-element_type=\"widget\" data-e-type=\"widget\" data-widget_type=\"text-editor.default\">\n\t\t\t\t<div class=\"elementor-widget-container\">\n\t\t\t\t\t\t\t\t\t<p>Datum des Inkrafttretens: 14.11.2023<\/p>\t\t\t\t\t\t\t\t<\/div>\n\t\t\t\t<\/div>\n\t\t\t\t<div class=\"elementor-element elementor-element-b7bf419 elementor-widget elementor-widget-heading\" data-id=\"b7bf419\" data-element_type=\"widget\" data-e-type=\"widget\" data-widget_type=\"heading.default\">\n\t\t\t\t<div class=\"elementor-widget-container\">\n\t\t\t\t\t<h2 class=\"elementor-heading-title elementor-size-default\">I. Einleitung<\/h2>\t\t\t\t<\/div>\n\t\t\t\t<\/div>\n\t\t\t\t<div class=\"elementor-element elementor-element-cc0ee2c elementor-widget elementor-widget-text-editor\" data-id=\"cc0ee2c\" data-element_type=\"widget\" data-e-type=\"widget\" data-widget_type=\"text-editor.default\">\n\t\t\t\t<div class=\"elementor-widget-container\">\n\t\t\t\t\t\t\t\t\t<p>The Hippo House (im Folgenden auch Website) verpflichtet sich, unter Beachtung der geltenden Gesetzgebung die notwendigen technischen und organisatorischen Ma\u00dfnahmen zu ergreifen, die dem Risiko der erhobenen Daten angemessen sind.<\/p>\t\t\t\t\t\t\t\t<\/div>\n\t\t\t\t<\/div>\n\t\t\t\t<div class=\"elementor-element elementor-element-b6af9b4 elementor-widget elementor-widget-heading\" data-id=\"b6af9b4\" data-element_type=\"widget\" data-e-type=\"widget\" data-widget_type=\"heading.default\">\n\t\t\t\t<div class=\"elementor-widget-container\">\n\t\t\t\t\t<h2 class=\"elementor-heading-title elementor-size-default\">Gesetze, die in diese Datenschutzrichtlinie einbezogen sind<\/h2>\t\t\t\t<\/div>\n\t\t\t\t<\/div>\n\t\t\t\t<div class=\"elementor-element elementor-element-a51dcbf elementor-widget elementor-widget-text-editor\" data-id=\"a51dcbf\" data-element_type=\"widget\" data-e-type=\"widget\" data-widget_type=\"text-editor.default\">\n\t\t\t\t<div class=\"elementor-widget-container\">\n\t\t\t\t\t\t\t\t\t<p>Diese Datenschutzrichtlinie ist an die geltenden spanischen und europ\u00e4ischen Vorschriften zum Schutz personenbezogener Daten im Internet angepasst, darunter:<\/p><ul><li>Verordnung (EU) 2016\/679 des Europ\u00e4ischen Parlaments und des Rates (GDPR).<\/li><li>Organgesetz 3\/2018 vom 5. Dezember 2018 \u00fcber den Schutz personenbezogener Daten und die Gew\u00e4hrleistung der digitalen Rechte (LOPD-GDD).<\/li><li>K\u00f6niglicher Erlass 1720\/2007 vom 21. Dezember 2007, der die Vorschriften zur Entwicklung der LOPD-GDD genehmigt.<\/li><li>Gesetz 34\/2002 vom 11. Juli 2002 \u00fcber die Dienste der Informationsgesellschaft und den elektronischen Handel (LSSI-CE).<\/li><\/ul>\t\t\t\t\t\t\t\t<\/div>\n\t\t\t\t<\/div>\n\t\t\t\t<div class=\"elementor-element elementor-element-0bfc659 elementor-widget elementor-widget-heading\" data-id=\"0bfc659\" data-element_type=\"widget\" data-e-type=\"widget\" data-widget_type=\"heading.default\">\n\t\t\t\t<div class=\"elementor-widget-container\">\n\t\t\t\t\t<h2 class=\"elementor-heading-title elementor-size-default\">Identit\u00e4t des f\u00fcr die Datenverarbeitung Verantwortlichen<\/h2>\t\t\t\t<\/div>\n\t\t\t\t<\/div>\n\t\t\t\t<div class=\"elementor-element elementor-element-16f4ffd elementor-widget elementor-widget-text-editor\" data-id=\"16f4ffd\" data-element_type=\"widget\" data-e-type=\"widget\" data-widget_type=\"text-editor.default\">\n\t\t\t\t<div class=\"elementor-widget-container\">\n\t\t\t\t\t\t\t\t\t<p>Der Verantwortliche f\u00fcr die Verarbeitung der in The Hippo House gesammelten personenbezogenen Daten ist: Cristina Pindado Gonz\u00e1lez. Seine Kontaktdaten lauten wie folgt:<\/p><p>E-Mail-Kontakt: info@thehippohouse.org<\/p>\t\t\t\t\t\t\t\t<\/div>\n\t\t\t\t<\/div>\n\t\t\t\t<div class=\"elementor-element elementor-element-0fc34b0 elementor-widget elementor-widget-heading\" data-id=\"0fc34b0\" data-element_type=\"widget\" data-e-type=\"widget\" data-widget_type=\"heading.default\">\n\t\t\t\t<div class=\"elementor-widget-container\">\n\t\t\t\t\t<h2 class=\"elementor-heading-title elementor-size-default\">Register f\u00fcr personenbezogene Daten<\/h2>\t\t\t\t<\/div>\n\t\t\t\t<\/div>\n\t\t\t\t<div class=\"elementor-element elementor-element-6e0b48e elementor-widget__width-initial elementor-widget elementor-widget-text-editor\" data-id=\"6e0b48e\" data-element_type=\"widget\" data-e-type=\"widget\" data-widget_type=\"text-editor.default\">\n\t\t\t\t<div class=\"elementor-widget-container\">\n\t\t\t\t\t\t\t\t\t<p>In \u00dcbereinstimmung mit der RGPD und der LOPD-GDD informieren wir dar\u00fcber, dass die von The Hippo House gesammelten pers\u00f6nlichen Daten in unsere Datei aufgenommen und behandelt werden, um die mit dem Nutzer eingegangenen Verpflichtungen zu erleichtern, zu beschleunigen und zu erf\u00fcllen sowie die in den vom Nutzer ausgef\u00fcllten Formularen aufgebaute Beziehung zu pflegen.<\/p><p>Die Art und Menge der Informationen, die wir erhalten und speichern, h\u00e4ngt von der Nutzung unserer Website durch den jeweiligen Benutzer ab. Die Nutzer k\u00f6nnen auf die meisten Seiten und Eintr\u00e4ge auf thehippohouse.org zugreifen, ohne uns ihre Identit\u00e4t oder andere pers\u00f6nliche Informationen preiszugeben.<\/p><p>Beim Besuch unserer Website speichert unsere Website anonyme Protokolldateien, die uns wertvolle Informationen zur Verbesserung der Nutzererfahrung liefern. Wenn Sie mehr dar\u00fcber erfahren m\u00f6chten, k\u00f6nnen Sie unsere Cookie-Richtlinie einsehen.<\/p><p>The Hippo House sammelt keine personenbezogenen Daten (wie z. B. Name, Adresse, Telefonnummer oder E-Mail-Adresse), es sei denn, der Benutzer stellt sie uns freiwillig zur Verf\u00fcgung, z. B. bei einem Einkauf in unserem Gesch\u00e4ft oder bei der Mitgliedschaft im Hippo Club.<\/p>\t\t\t\t\t\t\t\t<\/div>\n\t\t\t\t<\/div>\n\t\t\t\t<div class=\"elementor-element elementor-element-c619f5b elementor-widget elementor-widget-heading\" data-id=\"c619f5b\" data-element_type=\"widget\" data-e-type=\"widget\" data-widget_type=\"heading.default\">\n\t\t\t\t<div class=\"elementor-widget-container\">\n\t\t\t\t\t<h2 class=\"elementor-heading-title elementor-size-default\">F\u00fcr die Verarbeitung personenbezogener Daten geltende Grunds\u00e4tze<\/h2>\t\t\t\t<\/div>\n\t\t\t\t<\/div>\n\t\t\t\t<div class=\"elementor-element elementor-element-d01dad1 elementor-widget__width-initial elementor-widget elementor-widget-text-editor\" data-id=\"d01dad1\" data-element_type=\"widget\" data-e-type=\"widget\" data-widget_type=\"text-editor.default\">\n\t\t\t\t<div class=\"elementor-widget-container\">\n\t\t\t\t\t\t\t\t\t<p>Die Verarbeitung der personenbezogenen Daten des Nutzers unterliegt den in der RGPD und der LOPD-GDD festgelegten Grunds\u00e4tzen:<\/p><ol><li><strong>Rechtm\u00e4\u00dfigkeit, Fairness und Transparenz:<\/strong> Die Zustimmung des Nutzers ist jederzeit erforderlich, wobei er zuvor transparent informiert werden muss.<\/li><li><strong>Zweckbindung:<\/strong> Personenbezogene Daten werden f\u00fcr spezifische, ausdr\u00fcckliche und rechtm\u00e4\u00dfige Zwecke erhoben.<\/li><li><strong>Datenminimierung:<\/strong> Es werden nur die unbedingt erforderlichen Daten erhoben.<\/li><li><strong>Korrektheit:<\/strong> Personenbezogene Daten m\u00fcssen richtig und stets auf dem neuesten Stand sein.<\/li><li><strong>Begrenzung der Aufbewahrungsfrist:<\/strong> Die Daten werden so lange aufbewahrt, wie es f\u00fcr die Verarbeitung erforderlich ist.<\/li><li><strong>Integrit\u00e4t und Vertraulichkeit:<\/strong> Die Sicherheit und Vertraulichkeit der Daten muss gew\u00e4hrleistet sein.<br \/>Proaktive<\/li><li><strong>Verantwortung:<\/strong> Der f\u00fcr die Verarbeitung Verantwortliche hat f\u00fcr die Einhaltung der oben genannten Grunds\u00e4tze zu sorgen.<\/li><\/ol>\t\t\t\t\t\t\t\t<\/div>\n\t\t\t\t<\/div>\n\t\t\t\t<div class=\"elementor-element elementor-element-3a102fd elementor-widget elementor-widget-heading\" data-id=\"3a102fd\" data-element_type=\"widget\" data-e-type=\"widget\" data-widget_type=\"heading.default\">\n\t\t\t\t<div class=\"elementor-widget-container\">\n\t\t\t\t\t<h2 class=\"elementor-heading-title elementor-size-default\">Kategorien von personenbezogenen Daten<\/h2>\t\t\t\t<\/div>\n\t\t\t\t<\/div>\n\t\t\t\t<div class=\"elementor-element elementor-element-50b0588 elementor-widget__width-initial elementor-widget elementor-widget-text-editor\" data-id=\"50b0588\" data-element_type=\"widget\" data-e-type=\"widget\" data-widget_type=\"text-editor.default\">\n\t\t\t\t<div class=\"elementor-widget-container\">\n\t\t\t\t\t\t\t\t\t<p>Bei den von The Hippo House verarbeiteten Datenkategorien handelt es sich ausschlie\u00dflich um identifizierende Daten, ohne dass besondere Kategorien personenbezogener Daten gem\u00e4\u00df Artikel 9 der Datenschutz-Grundverordnung verarbeitet werden.<\/p>\t\t\t\t\t\t\t\t<\/div>\n\t\t\t\t<\/div>\n\t\t\t\t<div class=\"elementor-element elementor-element-b358813 elementor-widget elementor-widget-heading\" data-id=\"b358813\" data-element_type=\"widget\" data-e-type=\"widget\" data-widget_type=\"heading.default\">\n\t\t\t\t<div class=\"elementor-widget-container\">\n\t\t\t\t\t<h2 class=\"elementor-heading-title elementor-size-default\">Rechtsgrundlage f\u00fcr die Verarbeitung von personenbezogenen Daten<\/h2>\t\t\t\t<\/div>\n\t\t\t\t<\/div>\n\t\t\t\t<div class=\"elementor-element elementor-element-c9518cd elementor-widget__width-initial elementor-widget elementor-widget-text-editor\" data-id=\"c9518cd\" data-element_type=\"widget\" data-e-type=\"widget\" data-widget_type=\"text-editor.default\">\n\t\t\t\t<div class=\"elementor-widget-container\">\n\t\t\t\t\t\t\t\t\t<p>Die Rechtsgrundlage f\u00fcr die Verarbeitung personenbezogener Daten ist die ausdr\u00fcckliche und nachpr\u00fcfbare Zustimmung des Nutzers.<\/p>\t\t\t\t\t\t\t\t<\/div>\n\t\t\t\t<\/div>\n\t\t\t\t<div class=\"elementor-element elementor-element-8bb82c7 elementor-widget elementor-widget-heading\" data-id=\"8bb82c7\" data-element_type=\"widget\" data-e-type=\"widget\" data-widget_type=\"heading.default\">\n\t\t\t\t<div class=\"elementor-widget-container\">\n\t\t\t\t\t<h2 class=\"elementor-heading-title elementor-size-default\">Ziele der Behandlung<\/h2>\t\t\t\t<\/div>\n\t\t\t\t<\/div>\n\t\t\t\t<div class=\"elementor-element elementor-element-19e0714 elementor-widget__width-initial elementor-widget elementor-widget-text-editor\" data-id=\"19e0714\" data-element_type=\"widget\" data-e-type=\"widget\" data-widget_type=\"text-editor.default\">\n\t\t\t\t<div class=\"elementor-widget-container\">\n\t\t\t\t\t\t\t\t\t<p>The Hippo House und seine Dienstleister (z.B. der Kurierdienst, der Ihre Bestellung zu Ihnen nach Hause liefert) behandeln Ihre Daten vertraulich und speichern sie in einer sicheren Umgebung.<\/p><p>Personenbezogene Daten werden gesammelt und verwaltet, um die mit dem Nutzer eingegangenen Verpflichtungen zu erleichtern, zu beschleunigen und zu erf\u00fcllen, sowie f\u00fcr Aktivit\u00e4ten, die mit dem Unternehmenszweck der Organisation zusammenh\u00e4ngen.<\/p><p>Die Erhebung und automatisierte Verarbeitung der personenbezogenen Daten des Nutzers dient dem Zweck der Aufrechterhaltung der vertraglichen Beziehung, die in jedem Fall mit The Hippo House eingegangen wird. Zum Beispiel:<\/p><ul><li>Um Ihnen die physischen Produkte, die Sie in unserem Gesch\u00e4ft kaufen, zuzusenden.<\/li><li>Um Sie im Falle von Zwischenf\u00e4llen im Zusammenhang mit dem Versand von Produkten oder der Bezahlung von Bestellungen zu kontaktieren.<\/li><li>Um Sie \u00fcber Veranstaltungen oder Neuigkeiten im Zusammenhang mit der Website oder den Produkten zu informieren. Falls wir Ihnen Werbung zusenden, werden wir diese immer als solche kennzeichnen und nur dann an Sie weiterleiten, wenn Sie uns Ihre Zustimmung dazu geben. Dar\u00fcber hinaus haben Sie jederzeit die M\u00f6glichkeit, den Erhalt solcher Werbung zu stoppen.<br \/>Ihnen den Newsletter zu schicken, wenn Sie ihn abonniert haben.<\/li><li>Zahlungen an The Hippo House erfolgen \u00fcber die Paypal-Plattform und wir haben weder Zugang zu Ihren Debit- oder Kreditkartendaten noch zu Ihren Paypal-Kontodaten.<\/li><\/ul>\t\t\t\t\t\t\t\t<\/div>\n\t\t\t\t<\/div>\n\t\t\t\t<div class=\"elementor-element elementor-element-54bf3ae elementor-widget elementor-widget-heading\" data-id=\"54bf3ae\" data-element_type=\"widget\" data-e-type=\"widget\" data-widget_type=\"heading.default\">\n\t\t\t\t<div class=\"elementor-widget-container\">\n\t\t\t\t\t<h2 class=\"elementor-heading-title elementor-size-default\">Haltefristen<\/h2>\t\t\t\t<\/div>\n\t\t\t\t<\/div>\n\t\t\t\t<div class=\"elementor-element elementor-element-5dbda69 elementor-widget__width-initial elementor-widget elementor-widget-text-editor\" data-id=\"5dbda69\" data-element_type=\"widget\" data-e-type=\"widget\" data-widget_type=\"text-editor.default\">\n\t\t\t\t<div class=\"elementor-widget-container\">\n\t\t\t\t\t\t\t\t\t<p>Personenbezogene Daten werden so lange aufbewahrt, wie es f\u00fcr die Zwecke ihrer Verarbeitung erforderlich ist, d. h. bis zu 12 Monate oder bis der Nutzer ihre L\u00f6schung beantragt.<\/p>\t\t\t\t\t\t\t\t<\/div>\n\t\t\t\t<\/div>\n\t\t\t\t<div class=\"elementor-element elementor-element-0651f21 elementor-widget elementor-widget-heading\" data-id=\"0651f21\" data-element_type=\"widget\" data-e-type=\"widget\" data-widget_type=\"heading.default\">\n\t\t\t\t<div class=\"elementor-widget-container\">\n\t\t\t\t\t<h2 class=\"elementor-heading-title elementor-size-default\">Personenbezogene Daten von Minderj\u00e4hrigen<\/h2>\t\t\t\t<\/div>\n\t\t\t\t<\/div>\n\t\t\t\t<div class=\"elementor-element elementor-element-3cea29b elementor-widget__width-initial elementor-widget elementor-widget-text-editor\" data-id=\"3cea29b\" data-element_type=\"widget\" data-e-type=\"widget\" data-widget_type=\"text-editor.default\">\n\t\t\t\t<div class=\"elementor-widget-container\">\n\t\t\t\t\t\t\t\t\t<p>Nur Personen, die \u00fcber 14 Jahre alt sind, k\u00f6nnen ihre Zustimmung zur Verarbeitung ihrer personenbezogenen Daten durch The Hippo House geben. Im Falle von Minderj\u00e4hrigen unter 14 Jahren ist die Zustimmung der Eltern oder des Vormunds erforderlich.<\/p>\t\t\t\t\t\t\t\t<\/div>\n\t\t\t\t<\/div>\n\t\t\t\t<div class=\"elementor-element elementor-element-551d387 elementor-widget elementor-widget-heading\" data-id=\"551d387\" data-element_type=\"widget\" data-e-type=\"widget\" data-widget_type=\"heading.default\">\n\t\t\t\t<div class=\"elementor-widget-container\">\n\t\t\t\t\t<h2 class=\"elementor-heading-title elementor-size-default\">Geheimhaltung und Sicherheit von personenbezogenen Daten<\/h2>\t\t\t\t<\/div>\n\t\t\t\t<\/div>\n\t\t\t\t<div class=\"elementor-element elementor-element-5b10378 elementor-widget__width-initial elementor-widget elementor-widget-text-editor\" data-id=\"5b10378\" data-element_type=\"widget\" data-e-type=\"widget\" data-widget_type=\"text-editor.default\">\n\t\t\t\t<div class=\"elementor-widget-container\">\n\t\t\t\t\t\t\t\t\t<p>The Hippo House ergreift die notwendigen technischen und organisatorischen Ma\u00dfnahmen, um die Sicherheit der personenbezogenen Daten zu gew\u00e4hrleisten und deren Verlust, Zerst\u00f6rung oder unbefugten Zugriff zu verhindern.<\/p>\t\t\t\t\t\t\t\t<\/div>\n\t\t\t\t<\/div>\n\t\t\t\t<div class=\"elementor-element elementor-element-bc3702b elementor-widget elementor-widget-heading\" data-id=\"bc3702b\" data-element_type=\"widget\" data-e-type=\"widget\" data-widget_type=\"heading.default\">\n\t\t\t\t<div class=\"elementor-widget-container\">\n\t\t\t\t\t<h2 class=\"elementor-heading-title elementor-size-default\">Aus der Verarbeitung abgeleitete Rechte<\/h2>\t\t\t\t<\/div>\n\t\t\t\t<\/div>\n\t\t\t\t<div class=\"elementor-element elementor-element-7a1e3a1 elementor-widget__width-initial elementor-widget elementor-widget-text-editor\" data-id=\"7a1e3a1\" data-element_type=\"widget\" data-e-type=\"widget\" data-widget_type=\"text-editor.default\">\n\t\t\t\t<div class=\"elementor-widget-container\">\n\t\t\t\t\t\t\t\t\t<p>Der Nutzer kann die in der RGPD und der LOPD-GDD anerkannten Rechte aus\u00fcben, darunter das Recht auf Auskunft, Berichtigung, L\u00f6schung, Einschr\u00e4nkung der Verarbeitung, Daten\u00fcbertragbarkeit, Widerspruch und das Recht, keinen automatisierten Entscheidungen unterworfen zu werden.<\/p>\t\t\t\t\t\t\t\t<\/div>\n\t\t\t\t<\/div>\n\t\t\t\t<div class=\"elementor-element elementor-element-5df72e5 elementor-widget elementor-widget-heading\" data-id=\"5df72e5\" data-element_type=\"widget\" data-e-type=\"widget\" data-widget_type=\"heading.default\">\n\t\t\t\t<div class=\"elementor-widget-container\">\n\t\t\t\t\t<h2 class=\"elementor-heading-title elementor-size-default\">Links zu Websites von Dritten<\/h2>\t\t\t\t<\/div>\n\t\t\t\t<\/div>\n\t\t\t\t<div class=\"elementor-element elementor-element-2e908a7 elementor-widget__width-initial elementor-widget elementor-widget-text-editor\" data-id=\"2e908a7\" data-element_type=\"widget\" data-e-type=\"widget\" data-widget_type=\"text-editor.default\">\n\t\t\t\t<div class=\"elementor-widget-container\">\n\t\t\t\t\t\t\t\t\t<p>Die Website kann Links zu Webseiten von Dritten enthalten, die f\u00fcr ihre eigene Datenschutzpolitik verantwortlich sind.<\/p>\t\t\t\t\t\t\t\t<\/div>\n\t\t\t\t<\/div>\n\t\t\t\t<div class=\"elementor-element elementor-element-874c144 elementor-widget elementor-widget-heading\" data-id=\"874c144\" data-element_type=\"widget\" data-e-type=\"widget\" data-widget_type=\"heading.default\">\n\t\t\t\t<div class=\"elementor-widget-container\">\n\t\t\t\t\t<h2 class=\"elementor-heading-title elementor-size-default\">Beschwerden bei der Kontrollstelle<\/h2>\t\t\t\t<\/div>\n\t\t\t\t<\/div>\n\t\t\t\t<div class=\"elementor-element elementor-element-746e7cb elementor-widget__width-initial elementor-widget elementor-widget-text-editor\" data-id=\"746e7cb\" data-element_type=\"widget\" data-e-type=\"widget\" data-widget_type=\"text-editor.default\">\n\t\t\t\t<div class=\"elementor-widget-container\">\n\t\t\t\t\t\t\t\t\t<p>Wenn der Nutzer der Meinung ist, dass ein Versto\u00df gegen die Datenschutzbestimmungen vorliegt, hat er das Recht, eine Beschwerde bei der spanischen Datenschutzbeh\u00f6rde einzureichen.<\/p>\t\t\t\t\t\t\t\t<\/div>\n\t\t\t\t<\/div>\n\t\t\t\t<div class=\"elementor-element elementor-element-cffbf5b elementor-widget elementor-widget-heading\" data-id=\"cffbf5b\" data-element_type=\"widget\" data-e-type=\"widget\" data-widget_type=\"heading.default\">\n\t\t\t\t<div class=\"elementor-widget-container\">\n\t\t\t\t\t<h2 class=\"elementor-heading-title elementor-size-default\">II. Akzeptanz und \u00c4nderungen dieser Datenschutzrichtlinie<\/h2>\t\t\t\t<\/div>\n\t\t\t\t<\/div>\n\t\t\t\t<div class=\"elementor-element elementor-element-ce303f8 elementor-widget__width-initial elementor-widget elementor-widget-text-editor\" data-id=\"ce303f8\" data-element_type=\"widget\" data-e-type=\"widget\" data-widget_type=\"text-editor.default\">\n\t\t\t\t<div class=\"elementor-widget-container\">\n\t\t\t\t\t\t\t\t\t<p>Mit der Nutzung der Website erkl\u00e4ren Sie sich mit den Datenschutzbestimmungen einverstanden. The Hippo House beh\u00e4lt sich das Recht vor, diese Richtlinie nach eigenem Ermessen oder aufgrund von Gesetzes\u00e4nderungen zu \u00e4ndern. Dem Nutzer wird empfohlen, diese Datenschutzrichtlinie regelm\u00e4\u00dfig zu \u00fcberpr\u00fcfen.<\/p><p>Diese Datenschutzrichtlinie wurde aktualisiert, um sie an die RGPD und die LOPD-GDD anzupassen.<\/p><p>Wenn Sie von Ihren Rechten Gebrauch machen m\u00f6chten oder Fragen zu unserer Datenschutzpolitik haben, k\u00f6nnen Sie uns unter <strong><a href=\"mailto:info@thehippohouse.org\">info@thehippohouse.org<\/a><\/strong> kontaktieren.<\/p>\t\t\t\t\t\t\t\t<\/div>\n\t\t\t\t<\/div>\n\t\t\t\t\t<\/div>\n\t\t<\/div>\n\t\t\t\t\t<\/div>\n\t\t<\/section>\n\t\t\t\t<\/div>\n\t\t","protected":false},"excerpt":{"rendered":"<p>The Hippo House &#8211; Privatsph\u00e4re und Datenschutz Datum des Inkrafttretens: 14.11.2023 I. Einleitung The Hippo House (im Folgenden auch Website) verpflichtet sich, unter Beachtung der geltenden Gesetzgebung die notwendigen technischen und organisatorischen Ma\u00dfnahmen zu ergreifen, die dem Risiko der erhobenen Daten angemessen sind. Gesetze, die in diese Datenschutzrichtlinie einbezogen sind Diese Datenschutzrichtlinie ist an die &#8230; <a title=\"The Hippo House &#8211; Privatsph\u00e4re und Datenschutz\" class=\"read-more\" href=\"https:\/\/www.thehippohouse.org\/de\/privatsphaere-und-datenschutz\/\" aria-label=\"Read more about The Hippo House &#8211; Privatsph\u00e4re und Datenschutz\">Leer m\u00e1s<\/a><\/p>\n","protected":false},"author":1,"featured_media":0,"parent":0,"menu_order":2,"comment_status":"closed","ping_status":"closed","template":"elementor_header_footer","meta":{"_acf_changed":false,"_seopress_robots_primary_cat":"","_seopress_titles_title":"","_seopress_titles_desc":"","_seopress_robots_index":"","footnotes":""},"class_list":["post-20931","page","type-page","status-publish"],"acf":[],"_links":{"self":[{"href":"https:\/\/www.thehippohouse.org\/de\/wp-json\/wp\/v2\/pages\/20931","targetHints":{"allow":["GET"]}}],"collection":[{"href":"https:\/\/www.thehippohouse.org\/de\/wp-json\/wp\/v2\/pages"}],"about":[{"href":"https:\/\/www.thehippohouse.org\/de\/wp-json\/wp\/v2\/types\/page"}],"author":[{"embeddable":true,"href":"https:\/\/www.thehippohouse.org\/de\/wp-json\/wp\/v2\/users\/1"}],"replies":[{"embeddable":true,"href":"https:\/\/www.thehippohouse.org\/de\/wp-json\/wp\/v2\/comments?post=20931"}],"version-history":[{"count":3,"href":"https:\/\/www.thehippohouse.org\/de\/wp-json\/wp\/v2\/pages\/20931\/revisions"}],"predecessor-version":[{"id":41399,"href":"https:\/\/www.thehippohouse.org\/de\/wp-json\/wp\/v2\/pages\/20931\/revisions\/41399"}],"wp:attachment":[{"href":"https:\/\/www.thehippohouse.org\/de\/wp-json\/wp\/v2\/media?parent=20931"}],"curies":[{"name":"wp","href":"https:\/\/api.w.org\/{rel}","templated":true}]}}