{"id":34872,"date":"2024-12-11T11:34:12","date_gmt":"2024-12-11T11:34:12","guid":{"rendered":"https:\/\/www.thehippohouse.org\/?page_id=34872"},"modified":"2024-12-11T11:59:19","modified_gmt":"2024-12-11T11:59:19","slug":"ueber-den-versand","status":"publish","type":"page","link":"https:\/\/www.thehippohouse.org\/de\/ueber-den-versand\/","title":{"rendered":"\u00dcber den Versand"},"content":{"rendered":"\t\t<div data-elementor-type=\"wp-page\" data-elementor-id=\"34872\" class=\"elementor elementor-34872 elementor-34855\" data-elementor-post-type=\"page\">\n\t\t\t\t\t\t<section class=\"elementor-section elementor-top-section elementor-element elementor-element-22e91a3a elementor-section-stretched elementor-section-boxed elementor-section-height-default elementor-section-height-default\" data-id=\"22e91a3a\" data-element_type=\"section\" data-e-type=\"section\" data-settings=\"{&quot;stretch_section&quot;:&quot;section-stretched&quot;}\">\n\t\t\t\t\t\t<div class=\"elementor-container elementor-column-gap-default\">\n\t\t\t\t\t<div class=\"elementor-column elementor-col-100 elementor-top-column elementor-element elementor-element-4635d9\" data-id=\"4635d9\" data-element_type=\"column\" data-e-type=\"column\">\n\t\t\t<div class=\"elementor-widget-wrap elementor-element-populated\">\n\t\t\t\t\t\t<div class=\"elementor-element elementor-element-28b70700 elementor-widget elementor-widget-heading\" data-id=\"28b70700\" data-element_type=\"widget\" data-e-type=\"widget\" data-widget_type=\"heading.default\">\n\t\t\t\t<div class=\"elementor-widget-container\">\n\t\t\t\t\t<h1 class=\"elementor-heading-title elementor-size-default\">Sendungen aus dem Hippo-Solidarit\u00e4tsladen \ud83e\udd9b\ud83d\udc99<\/h1>\t\t\t\t<\/div>\n\t\t\t\t<\/div>\n\t\t\t\t<div class=\"elementor-element elementor-element-5977de3b elementor-widget elementor-widget-text-editor\" data-id=\"5977de3b\" data-element_type=\"widget\" data-e-type=\"widget\" data-widget_type=\"text-editor.default\">\n\t\t\t\t<div class=\"elementor-widget-container\">\n\t\t\t\t\t\t\t\t\t<p>Wir m\u00f6chten, dass deine Erfahrung im <strong>Shop von The Hippo House<\/strong> genauso warmherzig und besonders ist wie <strong>unsere Mission<\/strong>. Jede Bestellung, die du t\u00e4tigst, bringt dir nicht nur ein bedeutungsvolles, <strong>solidarisches Produkt<\/strong>, sondern hilft uns auch, weiterhin <strong>kostenlose Bildungsressourcen<\/strong> f\u00fcr Familien bereitzustellen, die mit <strong>Hypoglyk\u00e4mien<\/strong> leben. Hier findest du alles, was du wissen musst, um deine Produkte <strong>einfach und zuverl\u00e4ssig<\/strong> zu erhalten. \ud83d\udce6<\/p>\t\t\t\t\t\t\t\t<\/div>\n\t\t\t\t<\/div>\n\t\t\t\t<div class=\"elementor-element elementor-element-60ec3180 elementor-widget elementor-widget-heading\" data-id=\"60ec3180\" data-element_type=\"widget\" data-e-type=\"widget\" data-widget_type=\"heading.default\">\n\t\t\t\t<div class=\"elementor-widget-container\">\n\t\t\t\t\t<h2 class=\"elementor-heading-title elementor-size-default\">\ud83c\udf0d Wohin versenden wir?<\/h2>\t\t\t\t<\/div>\n\t\t\t\t<\/div>\n\t\t\t\t<div class=\"elementor-element elementor-element-0e6dcbc elementor-widget elementor-widget-text-editor\" data-id=\"0e6dcbc\" data-element_type=\"widget\" data-e-type=\"widget\" data-widget_type=\"text-editor.default\">\n\t\t\t\t<div class=\"elementor-widget-container\">\n\t\t\t\t\t\t\t\t\t<p>Der <strong>Hippo-Shop<\/strong> \u00fcberschreitet Grenzen, um dich zu erreichen. Derzeit liefern wir innerhalb des <strong>spanischen Festlands<\/strong>, der <strong>Europ\u00e4ischen Union<\/strong> und <strong>einiger L\u00e4nder des Europ\u00e4ischen Wirtschaftsraums<\/strong>.<\/p><p>Wohnst du au\u00dferhalb dieser Gebiete und m\u00f6chtest ein St\u00fcck Hippo bei dir zu Hause haben? \ud83d\udc8c Schreib uns an <strong><a href=\"mailto:info@thehippohouse.org\">info@thehippohouse.org<\/a><\/strong>, und wir werden alles tun, um deine Bestellung m\u00f6glich zu machen. Denn wie du wei\u00dft, kennen gute Taten keine Grenzen. \u2708\ufe0f\ud83d\udcab<\/p>\t\t\t\t\t\t\t\t<\/div>\n\t\t\t\t<\/div>\n\t\t\t\t<div class=\"elementor-element elementor-element-0162231 elementor-widget elementor-widget-heading\" data-id=\"0162231\" data-element_type=\"widget\" data-e-type=\"widget\" data-widget_type=\"heading.default\">\n\t\t\t\t<div class=\"elementor-widget-container\">\n\t\t\t\t\t<h2 class=\"elementor-heading-title elementor-size-default\">\ud83d\udce6 Wie lange dauert es, bis deine Bestellung aus dem Hippo-Shop ankommt? \ud83e\udd9b<\/h2>\t\t\t\t<\/div>\n\t\t\t\t<\/div>\n\t\t\t\t<div class=\"elementor-element elementor-element-6724d80 elementor-widget elementor-widget-text-editor\" data-id=\"6724d80\" data-element_type=\"widget\" data-e-type=\"widget\" data-widget_type=\"text-editor.default\">\n\t\t\t\t<div class=\"elementor-widget-container\">\n\t\t\t\t\t\t\t\t\t<p>Bei <strong>The Hippo House<\/strong> m\u00f6chten wir, dass du deinen Einkauf so schnell wie m\u00f6glich genie\u00dfen kannst, denn wir wissen, dass jedes Paket mehr als nur Produkte mitbringt: Es bringt Solidarit\u00e4t, Hoffnung und Lernen! \ud83d\udc8c Als <strong>solidarisches Team<\/strong> stecken wir all unsere <strong>Liebe<\/strong> und Ressourcen in jeden Versand, um sicherzustellen, dass er <strong>schnell und reibungslos<\/strong> ankommt.<\/p><p>Sobald du deine Bestellung best\u00e4tigt hast, bearbeiten wir sie, falls alle Produkte <strong>vorr\u00e4tig<\/strong> sind, innerhalb von maximal <strong>24 Werktagen<\/strong>. Wenn du dich f\u00fcr eine Zahlung per <strong>Bank\u00fcberweisung<\/strong> entschieden hast, m\u00fcssen wir den Betrag auf unserem Konto erhalten, bevor wir den Prozess starten. Aber keine Sorge: Sobald wir das Geld erhalten haben, machen wir deine Bestellung innerhalb von 24 Arbeitsstunden versandfertig!<\/p><p>Normalerweise dauert es <strong>2 bis 7 Werktage<\/strong>, bis Bestellungen ab dem Best\u00e4tigungszeitpunkt ankommen. Jede Bestellung wird mit <strong>Hingabe und Liebe<\/strong> bearbeitet, um sicherzustellen, dass du eine Erfahrung machst, die genauso s\u00fc\u00df und reibungslos ist wie <strong>die Ressourcen, die wir helfen zu erstellen<\/strong>. \ud83e\udd9b\ud83d\udc99<\/p><p>Die <strong>Lieferzeit<\/strong> h\u00e4ngt von deinem Wohnort ab. Dies sind die <strong>\u00fcblichen Versandzeiten<\/strong> nach dem Versand:<\/p><ul><li><strong>1-2 Tage: <\/strong>Spanien Festland und Portugal.<\/li><li><strong>2-3 Tage: <\/strong>Frankreich.<\/li><li><strong>3-4 Tage:<\/strong> Deutschland, \u00d6sterreich, Belgien, Niederlande, Italien, Luxemburg, Vereinigtes K\u00f6nigreich.<\/li><li><strong>4-5 Tage:<\/strong> D\u00e4nemark, Slowakei, Slowenien, Tschechische Republik, Finnland, Ungarn, Schweden.<\/li><li><strong>4-6 Tage:<\/strong> Norwegen, Polen, Irland, Rum\u00e4nien, Schweiz.<\/li><li><strong>5-6 Tage:<\/strong> Bulgarien, Estland, Griechenland, Lettland, Litauen.<\/li><li><strong>6-10 Tage:<\/strong> Bosnien und Herzegowina, Serbien, Montenegro, Kroatien.<\/li><\/ul><p>Falls eines der bestellten Produkte <strong>nicht auf Lager ist<\/strong>, werden wir uns mit dir in Verbindung setzen, um dich zu <strong>informieren<\/strong> und <strong>Alternativen<\/strong> anzubieten. Einige Artikel sind so besonders, dass wir sie, falls sie ausverkauft sind, <strong>exklusiv f\u00fcr dich anfertigen<\/strong>. Wenn es aus Gr\u00fcnden, die au\u00dferhalb unserer Kontrolle liegen, nicht m\u00f6glich ist, es herzustellen, werden wir dich so schnell wie m\u00f6glich informieren und unseren <strong>solidarischen Shop<\/strong> aktualisieren.<\/p><p>Brauchst du deine Bestellung zu einem bestimmten Termin? Schreib uns, und wir zaubern eine <strong>L\u00f6sung<\/strong> f\u00fcr dich. \ud83e\ude84\ud83d\udcab<\/p>\t\t\t\t\t\t\t\t<\/div>\n\t\t\t\t<\/div>\n\t\t\t\t<div class=\"elementor-element elementor-element-55a7f6c elementor-widget elementor-widget-heading\" data-id=\"55a7f6c\" data-element_type=\"widget\" data-e-type=\"widget\" data-widget_type=\"heading.default\">\n\t\t\t\t<div class=\"elementor-widget-container\">\n\t\t\t\t\t<h2 class=\"elementor-heading-title elementor-size-default\">\ud83d\udcb6 Wie viel kosten die Versandkosten?<\/h2>\t\t\t\t<\/div>\n\t\t\t\t<\/div>\n\t\t\t\t<div class=\"elementor-element elementor-element-f3adb63 elementor-widget elementor-widget-text-editor\" data-id=\"f3adb63\" data-element_type=\"widget\" data-e-type=\"widget\" data-widget_type=\"text-editor.default\">\n\t\t\t\t<div class=\"elementor-widget-container\">\n\t\t\t\t\t\t\t\t\t<p>Wir wissen, dass du die Kosten vor Abschluss deines Einkaufs wissen m\u00f6chtest. Hier sind die Details!<\/p><p><strong>Versand innerhalb Spaniens und Portugals:<\/strong><\/p><ul><li><strong>Spanisches Festland und Portugal<\/strong>: <strong>8,75\u20ac<\/strong><\/li><li>F\u00fcr Sendungen auf die Inseln kontaktiere uns bitte.<\/li><\/ul><p><strong>Versand innerhalb Europas und des Europ\u00e4ischen Wirtschaftsraums (nach Zonen):<\/strong><\/p><ul><li><strong>Zone 1<\/strong>: Deutschland, Frankreich, Luxemburg, Niederlande \u2013 <strong>18,75\u20ac<\/strong><\/li><li><strong>Zone 2<\/strong>: Belgien, \u00d6sterreich, Italien, Tschechische Republik \u2013 <strong>21\u20ac<\/strong><\/li><li><strong>Zone 3<\/strong>: D\u00e4nemark, Irland, Slowakei, Polen, Slowenien, Ungarn \u2013 <strong>22,50\u20ac<\/strong><\/li><li><strong>Zone 4<\/strong>: Kroatien, Lettland, Schweden, Estland, Litauen \u2013 <strong>35,75\u20ac<\/strong><\/li><li><strong>Zone 5<\/strong>: Bulgarien, Griechenland, Finnland, Rum\u00e4nien \u2013 <strong>40,50\u20ac<\/strong><\/li><li><strong>Zone 6: <\/strong>Bosnien und Herzegowina, Norwegen, Serbien, Montenegro, Schweiz <strong>\u2013 50\u20ac<\/strong><\/li><\/ul><p>M\u00f6chtest du deine Bestellung an einen Ort liefern lassen, der nicht in der Liste steht? Kein Problem! Kontaktiere uns \u00fcber unsere E-Mail-Adresse <strong><a href=\"mailto:info@thehippohouse.org\">info@thehippohouse.org<\/a> <\/strong>oder rufe uns unter <strong>+34 931 782 359<\/strong> an, und wir geben dir alle Informationen, die du brauchst.<\/p><p>Denke daran, dass jeder Cent, den du durch die Versandkosten beitr\u00e4gst, dazu verwendet wird, sicherzustellen, dass deine Bestellung sicher und p\u00fcnktlich ankommt. <strong>Danke, dass du das verstehst! <\/strong><strong>\ud83c\udf1f<\/strong><\/p>\t\t\t\t\t\t\t\t<\/div>\n\t\t\t\t<\/div>\n\t\t\t\t<div class=\"elementor-element elementor-element-9e92c21 elementor-widget elementor-widget-heading\" data-id=\"9e92c21\" data-element_type=\"widget\" data-e-type=\"widget\" data-widget_type=\"heading.default\">\n\t\t\t\t<div class=\"elementor-widget-container\">\n\t\t\t\t\t<h2 class=\"elementor-heading-title elementor-size-default\">\ud83d\udce9 Kann ich meine Bestellung verfolgen?<\/h2>\t\t\t\t<\/div>\n\t\t\t\t<\/div>\n\t\t\t\t<div class=\"elementor-element elementor-element-5d0530d elementor-widget elementor-widget-text-editor\" data-id=\"5d0530d\" data-element_type=\"widget\" data-e-type=\"widget\" data-widget_type=\"text-editor.default\">\n\t\t\t\t<div class=\"elementor-widget-container\">\n\t\t\t\t\t\t\t\t\t<p>Na klar! Sobald deine Bestellung unterwegs ist, erh\u00e4ltst du eine E-Mail mit der <strong>Sendungsverfolgungsnummer<\/strong>. So wei\u00dft du genau, wann sie bei dir ankommt.<\/p>\t\t\t\t\t\t\t\t<\/div>\n\t\t\t\t<\/div>\n\t\t\t\t<div class=\"elementor-element elementor-element-8ccaf32 elementor-widget elementor-widget-heading\" data-id=\"8ccaf32\" data-element_type=\"widget\" data-e-type=\"widget\" data-widget_type=\"heading.default\">\n\t\t\t\t<div class=\"elementor-widget-container\">\n\t\t\t\t\t<h2 class=\"elementor-heading-title elementor-size-default\">\u2728 Mehr als nur eine Lieferung: Du ver\u00e4nderst Leben<\/h2>\t\t\t\t<\/div>\n\t\t\t\t<\/div>\n\t\t\t\t<div class=\"elementor-element elementor-element-edd6a81 elementor-widget elementor-widget-text-editor\" data-id=\"edd6a81\" data-element_type=\"widget\" data-e-type=\"widget\" data-widget_type=\"text-editor.default\">\n\t\t\t\t<div class=\"elementor-widget-container\">\n\t\t\t\t\t\t\t\t\t<p>Denke daran, dass du, wenn du dich entscheidest, im <strong>Solidarischen Hippo-Shop<\/strong> einzukaufen, nicht nur <strong>Produkte mit<\/strong> <strong>Seele und Herz<\/strong> erh\u00e4ltst, sondern auch unsere Mission unterst\u00fctzt: <strong>100% der Gewinne<\/strong> <strong>flie\u00dfen in die Erstellung neuer Bildungs- und Spielressourcen f\u00fcr Familien, die mit Hypoglyk\u00e4mien leben.<\/strong><\/p>\t\t\t\t\t\t\t\t<\/div>\n\t\t\t\t<\/div>\n\t\t\t\t<div class=\"elementor-element elementor-element-5227232 elementor-widget elementor-widget-heading\" data-id=\"5227232\" data-element_type=\"widget\" data-e-type=\"widget\" data-widget_type=\"heading.default\">\n\t\t\t\t<div class=\"elementor-widget-container\">\n\t\t\t\t\t<h2 class=\"elementor-heading-title elementor-size-default\">\ud83e\udde1 Danke, dass du Teil der Hippo-Familie bist! \ud83e\udd9b<\/h2>\t\t\t\t<\/div>\n\t\t\t\t<\/div>\n\t\t\t\t\t<\/div>\n\t\t<\/div>\n\t\t\t\t\t<\/div>\n\t\t<\/section>\n\t\t\t\t<\/div>\n\t\t","protected":false},"excerpt":{"rendered":"<p>Sendungen aus dem Hippo-Solidarit\u00e4tsladen \ud83e\udd9b\ud83d\udc99 Wir m\u00f6chten, dass deine Erfahrung im Shop von The Hippo House genauso warmherzig und besonders ist wie unsere Mission. Jede Bestellung, die du t\u00e4tigst, bringt dir nicht nur ein bedeutungsvolles, solidarisches Produkt, sondern hilft uns auch, weiterhin kostenlose Bildungsressourcen f\u00fcr Familien bereitzustellen, die mit Hypoglyk\u00e4mien leben. Hier findest du alles, &#8230; <a title=\"\u00dcber den Versand\" class=\"read-more\" href=\"https:\/\/www.thehippohouse.org\/de\/ueber-den-versand\/\" aria-label=\"Read more about \u00dcber den Versand\">Leer m\u00e1s<\/a><\/p>\n","protected":false},"author":1,"featured_media":0,"parent":0,"menu_order":1,"comment_status":"closed","ping_status":"closed","template":"elementor_header_footer","meta":{"_acf_changed":false,"_seopress_robots_primary_cat":"","_seopress_titles_title":"","_seopress_titles_desc":"","_seopress_robots_index":"","footnotes":""},"class_list":["post-34872","page","type-page","status-publish"],"acf":[],"_links":{"self":[{"href":"https:\/\/www.thehippohouse.org\/de\/wp-json\/wp\/v2\/pages\/34872","targetHints":{"allow":["GET"]}}],"collection":[{"href":"https:\/\/www.thehippohouse.org\/de\/wp-json\/wp\/v2\/pages"}],"about":[{"href":"https:\/\/www.thehippohouse.org\/de\/wp-json\/wp\/v2\/types\/page"}],"author":[{"embeddable":true,"href":"https:\/\/www.thehippohouse.org\/de\/wp-json\/wp\/v2\/users\/1"}],"replies":[{"embeddable":true,"href":"https:\/\/www.thehippohouse.org\/de\/wp-json\/wp\/v2\/comments?post=34872"}],"version-history":[{"count":0,"href":"https:\/\/www.thehippohouse.org\/de\/wp-json\/wp\/v2\/pages\/34872\/revisions"}],"wp:attachment":[{"href":"https:\/\/www.thehippohouse.org\/de\/wp-json\/wp\/v2\/media?parent=34872"}],"curies":[{"name":"wp","href":"https:\/\/api.w.org\/{rel}","templated":true}]}}