{"id":34930,"date":"2024-12-11T18:22:55","date_gmt":"2024-12-11T18:22:55","guid":{"rendered":"https:\/\/www.thehippohouse.org\/?page_id=34930"},"modified":"2024-12-12T14:38:19","modified_gmt":"2024-12-12T14:38:19","slug":"wie-kaufen","status":"publish","type":"page","link":"https:\/\/www.thehippohouse.org\/de\/wie-kaufen\/","title":{"rendered":"Wie kaufen?"},"content":{"rendered":"\t\t<div data-elementor-type=\"wp-page\" data-elementor-id=\"34930\" class=\"elementor elementor-34930 elementor-34914\" data-elementor-post-type=\"page\">\n\t\t\t\t\t\t<section class=\"elementor-section elementor-top-section elementor-element elementor-element-78163347 elementor-section-stretched elementor-section-boxed elementor-section-height-default elementor-section-height-default\" data-id=\"78163347\" data-element_type=\"section\" data-e-type=\"section\" data-settings=\"{&quot;stretch_section&quot;:&quot;section-stretched&quot;}\">\n\t\t\t\t\t\t<div class=\"elementor-container elementor-column-gap-default\">\n\t\t\t\t\t<div class=\"elementor-column elementor-col-100 elementor-top-column elementor-element elementor-element-67487952\" data-id=\"67487952\" data-element_type=\"column\" data-e-type=\"column\">\n\t\t\t<div class=\"elementor-widget-wrap elementor-element-populated\">\n\t\t\t\t\t\t<div class=\"elementor-element elementor-element-6dbde6ab elementor-widget elementor-widget-heading\" data-id=\"6dbde6ab\" data-element_type=\"widget\" data-e-type=\"widget\" data-widget_type=\"heading.default\">\n\t\t\t\t<div class=\"elementor-widget-container\">\n\t\t\t\t\t<h1 class=\"elementor-heading-title elementor-size-default\">Wie kauft man im Hippo Solidarity Shop ein? \ud83e\udd9b\ud83d\udc99<\/h1>\t\t\t\t<\/div>\n\t\t\t\t<\/div>\n\t\t\t\t<div class=\"elementor-element elementor-element-2405d8c0 elementor-widget elementor-widget-text-editor\" data-id=\"2405d8c0\" data-element_type=\"widget\" data-e-type=\"widget\" data-widget_type=\"text-editor.default\">\n\t\t\t\t<div class=\"elementor-widget-container\">\n\t\t\t\t\t\t\t\t\t<p>Bei <strong>The Hippo House<\/strong> haben wir einen einfachen und sicheren Einkaufsprozess entwickelt, damit du deinen Warenkorb voller <strong>Solidarit\u00e4t<\/strong> in nur wenigen Schritten f\u00fcllen kannst. Hier erf\u00e4hrst du alles, was du wissen musst, um deine Bestellung aufzugeben und unsere <strong>Mission<\/strong> zu unterst\u00fctzen: <strong>kostenlose Bildungs- und Spielressourcen<\/strong> f\u00fcr Familien zu erstellen, die mit <strong>Hypoglyk\u00e4mie<\/strong> leben.<\/p>\t\t\t\t\t\t\t\t<\/div>\n\t\t\t\t<\/div>\n\t\t\t\t<div class=\"elementor-element elementor-element-48f91675 elementor-widget elementor-widget-heading\" data-id=\"48f91675\" data-element_type=\"widget\" data-e-type=\"widget\" data-widget_type=\"heading.default\">\n\t\t\t\t<div class=\"elementor-widget-container\">\n\t\t\t\t\t<h2 class=\"elementor-heading-title elementor-size-default\">\ud83d\udce6 Schritt 1: Artikel in den Warenkorb legen<\/h2>\t\t\t\t<\/div>\n\t\t\t\t<\/div>\n\t\t\t\t<div class=\"elementor-element elementor-element-68c5e349 elementor-widget elementor-widget-text-editor\" data-id=\"68c5e349\" data-element_type=\"widget\" data-e-type=\"widget\" data-widget_type=\"text-editor.default\">\n\t\t\t\t<div class=\"elementor-widget-container\">\n\t\t\t\t\t\t\t\t\t<p>Hast du dich in ein <strong>solidarisches Produkt<\/strong> <strong>verliebt<\/strong>? \ud83d\udc8c Es ist ganz einfach, es deinem <strong>Warenkorb<\/strong> hinzuzuf\u00fcgen! Klicke einfach auf die Schaltfl\u00e4che <strong>\u201eIn den Warenkorb\u201c,<\/strong> und der Artikel wird automatisch gespeichert.<\/p><p>Du kannst weiterhin in unserem <strong>Shop<\/strong> st\u00f6bern, um weitere <strong>Produkte<\/strong> hinzuzuf\u00fcgen, oder direkt zum <strong>\u201eWarenkorb\u201c<\/strong> gehen, den du oben auf der Seite findest.<\/p>\t\t\t\t\t\t\t\t<\/div>\n\t\t\t\t<\/div>\n\t\t\t\t<div class=\"elementor-element elementor-element-945f6fd elementor-widget elementor-widget-heading\" data-id=\"945f6fd\" data-element_type=\"widget\" data-e-type=\"widget\" data-widget_type=\"heading.default\">\n\t\t\t\t<div class=\"elementor-widget-container\">\n\t\t\t\t\t<h2 class=\"elementor-heading-title elementor-size-default\">\ud83d\uded2 Schritt 2: \u00dcberpr\u00fcfe deinen Warenkorb<\/h2>\t\t\t\t<\/div>\n\t\t\t\t<\/div>\n\t\t\t\t<div class=\"elementor-element elementor-element-2c9b5136 elementor-widget elementor-widget-text-editor\" data-id=\"2c9b5136\" data-element_type=\"widget\" data-e-type=\"widget\" data-widget_type=\"text-editor.default\">\n\t\t\t\t<div class=\"elementor-widget-container\">\n\t\t\t\t\t\t\t\t\t<p>Auf der Warenkorbseite findest du eine detaillierte Liste aller ausgew\u00e4hlten Artikel. Du siehst:<\/p><ul><li><strong>Foto <\/strong>des Produkts.<\/li><li>Name und <strong>Beschreibung<\/strong>.<\/li><li><strong>Einzelpreis <\/strong>und<strong> Menge.<\/strong><\/li><li><strong>Gesamtsumme<\/strong>.<\/li><\/ul><p>Von hier aus kannst du:<\/p><ul><li>Die Mengen mit den Pfeilen neben der Zahl<strong> anpassen.<\/strong><\/li><li><strong>Produkte<\/strong> entfernen, die du nicht mehr m\u00f6chtest.<\/li><li>Einen <strong>Gutscheincode<\/strong> eingeben (falls du einen hast). Gib einfach deinen Code ein und klicke auf <strong>\u201eGutschein anwenden\u201c!<\/strong><\/li><\/ul>\t\t\t\t\t\t\t\t<\/div>\n\t\t\t\t<\/div>\n\t\t\t\t<div class=\"elementor-element elementor-element-25f1002b elementor-widget elementor-widget-heading\" data-id=\"25f1002b\" data-element_type=\"widget\" data-e-type=\"widget\" data-widget_type=\"heading.default\">\n\t\t\t\t<div class=\"elementor-widget-container\">\n\t\t\t\t\t<h2 class=\"elementor-heading-title elementor-size-default\">\ud83e\uddd1\u200d\ud83d\udcbb Schritt 3: Anmeldung oder Registrierung<\/h2>\t\t\t\t<\/div>\n\t\t\t\t<\/div>\n\t\t\t\t<div class=\"elementor-element elementor-element-5f431073 elementor-widget elementor-widget-text-editor\" data-id=\"5f431073\" data-element_type=\"widget\" data-e-type=\"widget\" data-widget_type=\"text-editor.default\">\n\t\t\t\t<div class=\"elementor-widget-container\">\n\t\t\t\t\t\t\t\t\t<p>Falls dies dein <strong>erster Einkauf<\/strong> im <strong>Hippo Solidarity Shop<\/strong> ist, musst du ein Konto erstellen. Wir fragen nur nach einigen grundlegenden Informationen wie deinem <strong>Namen<\/strong>, deiner <strong>E-Mail-Adresse<\/strong>, deiner <strong>Postanschrift<\/strong> und einem <strong>Passwort<\/strong>. Wir versprechen, deine Daten <strong>sorgf\u00e4ltig<\/strong> und gem\u00e4\u00df dem Gesetz zu behandeln! Weitere Informationen findest du in unserer <strong><a href=\"https:\/\/www.thehippohouse.org\/de\/privatsphaere-und-datenschutz\/\" target=\"_blank\" rel=\"noopener\">Datenschutzrichtlinie<\/a>.<\/strong><\/p><p><strong>Hast du bereits ein Konto?<\/strong> Perfekt! <strong>Melde<\/strong> dich einfach mit deinem Benutzernamen und Passwort <strong>an<\/strong>.<\/p>\t\t\t\t\t\t\t\t<\/div>\n\t\t\t\t<\/div>\n\t\t\t\t<div class=\"elementor-element elementor-element-220bae7a elementor-widget elementor-widget-heading\" data-id=\"220bae7a\" data-element_type=\"widget\" data-e-type=\"widget\" data-widget_type=\"heading.default\">\n\t\t\t\t<div class=\"elementor-widget-container\">\n\t\t\t\t\t<h2 class=\"elementor-heading-title elementor-size-default\">\ud83d\udccd Schritt 4: Gib deine Versanddaten ein<\/h2>\t\t\t\t<\/div>\n\t\t\t\t<\/div>\n\t\t\t\t<div class=\"elementor-element elementor-element-16c31f29 elementor-widget elementor-widget-text-editor\" data-id=\"16c31f29\" data-element_type=\"widget\" data-e-type=\"widget\" data-widget_type=\"text-editor.default\">\n\t\t\t\t<div class=\"elementor-widget-container\">\n\t\t\t\t\t\t\t\t\t<p>W\u00e4hle die <strong>Adresse<\/strong> aus, an die deine <strong>Bestellung<\/strong> geliefert werden soll. Standardm\u00e4\u00dfig verwenden wir die Adresse, die du bei der Registrierung angegeben hast, aber du kannst sie bei Bedarf \u00e4ndern. Wir m\u00f6chten sicherstellen, dass deine Bestellung genau dort ankommt, wo du sie ben\u00f6tigst.<\/p>\t\t\t\t\t\t\t\t<\/div>\n\t\t\t\t<\/div>\n\t\t\t\t<div class=\"elementor-element elementor-element-cdd04c3 elementor-widget elementor-widget-heading\" data-id=\"cdd04c3\" data-element_type=\"widget\" data-e-type=\"widget\" data-widget_type=\"heading.default\">\n\t\t\t\t<div class=\"elementor-widget-container\">\n\t\t\t\t\t<h2 class=\"elementor-heading-title elementor-size-default\">\ud83d\udcb3 Schritt 5: F\u00fchre die Zahlung durch<\/h2>\t\t\t\t<\/div>\n\t\t\t\t<\/div>\n\t\t\t\t<div class=\"elementor-element elementor-element-32838297 elementor-widget elementor-widget-text-editor\" data-id=\"32838297\" data-element_type=\"widget\" data-e-type=\"widget\" data-widget_type=\"text-editor.default\">\n\t\t\t\t<div class=\"elementor-widget-container\">\n\t\t\t\t\t\t\t\t\t<p>Jetzt ist es Zeit, <strong>deinen Einkauf zu best\u00e4tigen<\/strong> und deine bevorzugte Zahlungsmethode auszuw\u00e4hlen. Wir bieten <strong>sichere und flexible Optionen<\/strong>, damit du die w\u00e4hlen kannst, die dir am besten passt:<\/p><ul><li><strong>Kredit- oder Debitkarte<\/strong>: Sichere Zahlung \u00fcber <strong>WooPayments<\/strong>, unterst\u00fctzt von <strong>Stripe<\/strong>. Du musst nur deine Kartendaten eingeben.<\/li><li><strong>Paypal:<\/strong> Wenn du ein Paypal-Konto hast, kannst du dein <strong>Guthaben<\/strong> oder eine verkn\u00fcpfte Karte verwenden.<\/li><li><strong>Bank\u00fcberweisung<\/strong>: Du erh\u00e4ltst eine E-Mail mit unseren Bankdaten, um die <strong>Zahlung<\/strong> vorzunehmen. Bitte beachte, dass \u00dcberweisungen einige Tage dauern k\u00f6nnen, und wir versenden deine Bestellung, <strong>sobald<\/strong> der Betrag auf unserem Konto sichtbar ist. Wir versprechen, sie <strong>so schnell wie m\u00f6glich<\/strong> zu versenden, sobald die Zahlung eingegangen ist!<\/li><\/ul><p>\ud83d\udd12 Im <strong>Hippo Solidarity Shop<\/strong> haben wir keinen Zugriff auf deine Kartendaten oder Kontoinformationen<strong>.<\/strong> Alle <strong>Transaktionen<\/strong> werden <strong>sicher<\/strong> \u00fcber <strong>vertrauensw\u00fcrdige Zahlungsplattformen<\/strong> wie Woopayments, Paypal und Stripe abgewickelt. Deine Sicherheit hat f\u00fcr uns oberste Priorit\u00e4t! \ud83d\udc99<\/p>\t\t\t\t\t\t\t\t<\/div>\n\t\t\t\t<\/div>\n\t\t\t\t<div class=\"elementor-element elementor-element-47e5c41 elementor-widget elementor-widget-heading\" data-id=\"47e5c41\" data-element_type=\"widget\" data-e-type=\"widget\" data-widget_type=\"heading.default\">\n\t\t\t\t<div class=\"elementor-widget-container\">\n\t\t\t\t\t<h2 class=\"elementor-heading-title elementor-size-default\">\ud83d\udce9 Schritt 6: Best\u00e4tigung deiner Bestellung<\/h2>\t\t\t\t<\/div>\n\t\t\t\t<\/div>\n\t\t\t\t<div class=\"elementor-element elementor-element-db44f3a elementor-widget elementor-widget-text-editor\" data-id=\"db44f3a\" data-element_type=\"widget\" data-e-type=\"widget\" data-widget_type=\"text-editor.default\">\n\t\t\t\t<div class=\"elementor-widget-container\">\n\t\t\t\t\t\t\t\t\t<p>Sobald die Zahlung erfolgt ist, erh\u00e4ltst du eine <strong>Best\u00e4tigungs-E-Mail<\/strong> mit allen <strong>Details<\/strong> zu deinem Einkauf. Du kannst diese E-Mail als Beleg aufbewahren. Wenn du Fragen hast oder weitere Informationen ben\u00f6tigst, kannst du uns jederzeit unter <a href=\"mailto:info@thehippohouse.org\"><strong>info@thehippohouse.org<\/strong><\/a> oder telefonisch unter <strong>+34 931 782 359<\/strong> erreichen.<\/p>\t\t\t\t\t\t\t\t<\/div>\n\t\t\t\t<\/div>\n\t\t\t\t<div class=\"elementor-element elementor-element-1fec2fbd elementor-widget elementor-widget-heading\" data-id=\"1fec2fbd\" data-element_type=\"widget\" data-e-type=\"widget\" data-widget_type=\"heading.default\">\n\t\t\t\t<div class=\"elementor-widget-container\">\n\t\t\t\t\t<h2 class=\"elementor-heading-title elementor-size-default\">\ud83e\udde1 Vielen Dank, dass du Teil der Hippo-Familie bist \ud83e\udd9b<\/h2>\t\t\t\t<\/div>\n\t\t\t\t<\/div>\n\t\t\t\t<div class=\"elementor-element elementor-element-fe0f131 elementor-widget elementor-widget-text-editor\" data-id=\"fe0f131\" data-element_type=\"widget\" data-e-type=\"widget\" data-widget_type=\"text-editor.default\">\n\t\t\t\t<div class=\"elementor-widget-container\">\n\t\t\t\t\t\t\t\t\t<p>Denk daran, dass <strong>100 % der Gewinne<\/strong> <strong>deines Einkaufs im Hippo Solidarity Shop der Erstellung kostenloser Bildungsressourcen zugutekommen, um Familien zu unterst\u00fctzen, die mit Hypoglyk\u00e4mie leben.<\/strong><\/p>\t\t\t\t\t\t\t\t<\/div>\n\t\t\t\t<\/div>\n\t\t\t\t<div class=\"elementor-element elementor-element-d5b7802 elementor-widget elementor-widget-heading\" data-id=\"d5b7802\" data-element_type=\"widget\" data-e-type=\"widget\" data-widget_type=\"heading.default\">\n\t\t\t\t<div class=\"elementor-widget-container\">\n\t\t\t\t\t<h2 class=\"elementor-heading-title elementor-size-default\">\ud83d\udcab Jeder Klick in unserem Shop ist ein s\u00fc\u00dfes Zuckerk\u00f6rnchen, um Familien zu unterst\u00fctzen! \ud83d\udcab<\/h2>\t\t\t\t<\/div>\n\t\t\t\t<\/div>\n\t\t\t\t\t<\/div>\n\t\t<\/div>\n\t\t\t\t\t<\/div>\n\t\t<\/section>\n\t\t\t\t<\/div>\n\t\t","protected":false},"excerpt":{"rendered":"<p>Wie kauft man im Hippo Solidarity Shop ein? \ud83e\udd9b\ud83d\udc99 Bei The Hippo House haben wir einen einfachen und sicheren Einkaufsprozess entwickelt, damit du deinen Warenkorb voller Solidarit\u00e4t in nur wenigen Schritten f\u00fcllen kannst. Hier erf\u00e4hrst du alles, was du wissen musst, um deine Bestellung aufzugeben und unsere Mission zu unterst\u00fctzen: kostenlose Bildungs- und Spielressourcen f\u00fcr &#8230; <a title=\"Wie kaufen?\" class=\"read-more\" href=\"https:\/\/www.thehippohouse.org\/de\/wie-kaufen\/\" aria-label=\"Read more about Wie kaufen?\">Leer m\u00e1s<\/a><\/p>\n","protected":false},"author":1,"featured_media":0,"parent":0,"menu_order":2,"comment_status":"closed","ping_status":"closed","template":"elementor_header_footer","meta":{"_acf_changed":false,"_seopress_robots_primary_cat":"","_seopress_titles_title":"","_seopress_titles_desc":"","_seopress_robots_index":"","footnotes":""},"class_list":["post-34930","page","type-page","status-publish"],"acf":[],"_links":{"self":[{"href":"https:\/\/www.thehippohouse.org\/de\/wp-json\/wp\/v2\/pages\/34930","targetHints":{"allow":["GET"]}}],"collection":[{"href":"https:\/\/www.thehippohouse.org\/de\/wp-json\/wp\/v2\/pages"}],"about":[{"href":"https:\/\/www.thehippohouse.org\/de\/wp-json\/wp\/v2\/types\/page"}],"author":[{"embeddable":true,"href":"https:\/\/www.thehippohouse.org\/de\/wp-json\/wp\/v2\/users\/1"}],"replies":[{"embeddable":true,"href":"https:\/\/www.thehippohouse.org\/de\/wp-json\/wp\/v2\/comments?post=34930"}],"version-history":[{"count":0,"href":"https:\/\/www.thehippohouse.org\/de\/wp-json\/wp\/v2\/pages\/34930\/revisions"}],"wp:attachment":[{"href":"https:\/\/www.thehippohouse.org\/de\/wp-json\/wp\/v2\/media?parent=34930"}],"curies":[{"name":"wp","href":"https:\/\/api.w.org\/{rel}","templated":true}]}}