{"id":34976,"date":"2024-12-12T17:22:23","date_gmt":"2024-12-12T17:22:23","guid":{"rendered":"https:\/\/www.thehippohouse.org\/?page_id=34976"},"modified":"2024-12-12T17:50:08","modified_gmt":"2024-12-12T17:50:08","slug":"rueckgabepolitik","status":"publish","type":"page","link":"https:\/\/www.thehippohouse.org\/de\/rueckgabepolitik\/","title":{"rendered":"R\u00fcckgabepolitik"},"content":{"rendered":"\t\t<div data-elementor-type=\"wp-page\" data-elementor-id=\"34976\" class=\"elementor elementor-34976 elementor-34963\" data-elementor-post-type=\"page\">\n\t\t\t\t\t\t<section class=\"elementor-section elementor-top-section elementor-element elementor-element-407dd1b3 elementor-section-stretched elementor-section-boxed elementor-section-height-default elementor-section-height-default\" data-id=\"407dd1b3\" data-element_type=\"section\" data-e-type=\"section\" data-settings=\"{&quot;stretch_section&quot;:&quot;section-stretched&quot;}\">\n\t\t\t\t\t\t<div class=\"elementor-container elementor-column-gap-default\">\n\t\t\t\t\t<div class=\"elementor-column elementor-col-100 elementor-top-column elementor-element elementor-element-2165a382\" data-id=\"2165a382\" data-element_type=\"column\" data-e-type=\"column\">\n\t\t\t<div class=\"elementor-widget-wrap elementor-element-populated\">\n\t\t\t\t\t\t<div class=\"elementor-element elementor-element-35a3510c elementor-widget elementor-widget-heading\" data-id=\"35a3510c\" data-element_type=\"widget\" data-e-type=\"widget\" data-widget_type=\"heading.default\">\n\t\t\t\t<div class=\"elementor-widget-container\">\n\t\t\t\t\t<h1 class=\"elementor-heading-title elementor-size-default\">R\u00fcckgabebedingungen im Hippo Solidarity Shop\ud83e\udd9b\ud83d\udc99<\/h1>\t\t\t\t<\/div>\n\t\t\t\t<\/div>\n\t\t\t\t<div class=\"elementor-element elementor-element-3ab6468e elementor-widget elementor-widget-text-editor\" data-id=\"3ab6468e\" data-element_type=\"widget\" data-e-type=\"widget\" data-widget_type=\"text-editor.default\">\n\t\t\t\t<div class=\"elementor-widget-container\">\n\t\t\t\t\t\t\t\t\t<p>Hallo! M\u00f6chten Sie einen Artikel <strong>zur\u00fcckgeben<\/strong>? Kein Problem, im <strong>Hippo Shop<\/strong> sind wir hier, um Ihnen mit viel <strong>Liebe<\/strong> zu helfen und den Prozess so <strong>einfach<\/strong> wie m\u00f6glich zu gestalten. Hier erkl\u00e4ren wir Ihnen alles, was Sie wissen m\u00fcssen, um <strong>R\u00fccksendungen zu verwalten<\/strong> und worauf Sie <strong>achten sollten.<\/strong> \ud83c\udf1f<\/p>\t\t\t\t\t\t\t\t<\/div>\n\t\t\t\t<\/div>\n\t\t\t\t<div class=\"elementor-element elementor-element-6d93a392 elementor-widget elementor-widget-heading\" data-id=\"6d93a392\" data-element_type=\"widget\" data-e-type=\"widget\" data-widget_type=\"heading.default\">\n\t\t\t\t<div class=\"elementor-widget-container\">\n\t\t\t\t\t<h2 class=\"elementor-heading-title elementor-size-default\">\ud83d\udc8c Wie beantrage ich eine R\u00fcckgabe?<\/h2>\t\t\t\t<\/div>\n\t\t\t\t<\/div>\n\t\t\t\t<div class=\"elementor-element elementor-element-57540416 elementor-widget elementor-widget-text-editor\" data-id=\"57540416\" data-element_type=\"widget\" data-e-type=\"widget\" data-widget_type=\"text-editor.default\">\n\t\t\t\t<div class=\"elementor-widget-container\">\n\t\t\t\t\t\t\t\t\t<p>Wenn Sie einen <strong>Artikel zur\u00fcckgeben<\/strong> m\u00f6chten, setzen Sie sich bitte zun\u00e4chst mit uns in Verbindung. Dies k\u00f6nnen Sie auf verschiedene Weise tun:<\/p><ul><li><strong>Kontaktformular<\/strong> auf unserer Website.<\/li><li><strong>E-Mail: <\/strong>Senden Sie uns eine Nachricht an <a href=\"mailto:info@thehippohouse.org\"><strong>info@thehippohouse.org<\/strong><\/a><strong>.<\/strong><\/li><li><strong>Telefon: <\/strong>Rufen Sie uns unter <strong>+34 931 782 359 <\/strong>an.<\/li><\/ul><p>Bitte teilen Sie uns mit, dass Sie eine <strong>R\u00fcckgabe vornehmen m\u00f6chten<\/strong> und um <strong>welchen Artikel<\/strong> es sich handelt. \ud83e\udd9b Ein Mitglied des <strong>Hippo-Teams<\/strong> wird sich <strong>schnell<\/strong> bei Ihnen melden und Ihnen alle notwendigen <strong>Anweisungen<\/strong> geben.<\/p>\t\t\t\t\t\t\t\t<\/div>\n\t\t\t\t<\/div>\n\t\t\t\t<div class=\"elementor-element elementor-element-61b0797f elementor-widget elementor-widget-heading\" data-id=\"61b0797f\" data-element_type=\"widget\" data-e-type=\"widget\" data-widget_type=\"heading.default\">\n\t\t\t\t<div class=\"elementor-widget-container\">\n\t\t\t\t\t<h2 class=\"elementor-heading-title elementor-size-default\">\u23f3 R\u00fcckgabebedingungen und -fristen<\/h2>\t\t\t\t<\/div>\n\t\t\t\t<\/div>\n\t\t\t\t<div class=\"elementor-element elementor-element-74ebcaa5 elementor-widget elementor-widget-text-editor\" data-id=\"74ebcaa5\" data-element_type=\"widget\" data-e-type=\"widget\" data-widget_type=\"text-editor.default\">\n\t\t\t\t<div class=\"elementor-widget-container\">\n\t\t\t\t\t\t\t\t\t<p>Wir wissen, dass sich Pl\u00e4ne \u00e4ndern k\u00f6nnen, und das ist v\u00f6llig in Ordnung! Hier sind die <strong>Bedingungen<\/strong> f\u00fcr die R\u00fcckgabe eines Artikels:<\/p><ul><li><strong>Sie haben<\/strong> <strong>7 Kalendertage<\/strong> ab <strong>Erhalt<\/strong> Ihrer Bestellung Zeit, um eine R\u00fcckgabe zu beantragen.<\/li><li>Der <strong>Artikel<\/strong> muss sich in <strong>einwandfreiem Zustand<\/strong> befinden und <strong><u>die Originaletiketten m\u00fcssen noch angebracht sein.<\/u><\/strong><\/li><li>Aus <strong>Hygiene- und Sicherheitsgr\u00fcnden<\/strong> k\u00f6nnen bestimmte Artikel (wie personalisierte Produkte oder Verbrauchsmaterialien) <strong><u>nicht zur\u00fcckgegeben werden.<\/u><\/strong><\/li><\/ul><p><strong>Erf\u00fcllen Sie diese Bedingungen?<\/strong> Gro\u00dfartig! Schreiben Sie uns und wir werden alles schnell und einfach regeln.<\/p>\t\t\t\t\t\t\t\t<\/div>\n\t\t\t\t<\/div>\n\t\t\t\t<div class=\"elementor-element elementor-element-1a2e7a12 elementor-widget elementor-widget-heading\" data-id=\"1a2e7a12\" data-element_type=\"widget\" data-e-type=\"widget\" data-widget_type=\"heading.default\">\n\t\t\t\t<div class=\"elementor-widget-container\">\n\t\t\t\t\t<h2 class=\"elementor-heading-title elementor-size-default\">\ud83d\udce6 Geb\u00fchren f\u00fcr R\u00fccksendungen<\/h2>\t\t\t\t<\/div>\n\t\t\t\t<\/div>\n\t\t\t\t<div class=\"elementor-element elementor-element-cefc1c7 elementor-widget elementor-widget-text-editor\" data-id=\"cefc1c7\" data-element_type=\"widget\" data-e-type=\"widget\" data-widget_type=\"text-editor.default\">\n\t\t\t\t<div class=\"elementor-widget-container\">\n\t\t\t\t\t\t\t\t\t<p>Wir m\u00f6chten <strong>transparent<\/strong> sein:<\/p><ul><li>Wenn Sie sich entscheiden, einen Artikel zur\u00fcckzusenden,<strong> gehen die Versandkosten zu Ihren Lasten.<\/strong><\/li><li>Wenn die R\u00fccksendung auf <strong>einen Fehler unsererseits<\/strong> zur\u00fcckzuf\u00fchren ist (z.B. falsches oder defektes Produkt), tragen wir alle Kosten &#8211; das liegt in unserer Verantwortung!<\/li><\/ul>\t\t\t\t\t\t\t\t<\/div>\n\t\t\t\t<\/div>\n\t\t\t\t<div class=\"elementor-element elementor-element-d6ba9db elementor-widget elementor-widget-heading\" data-id=\"d6ba9db\" data-element_type=\"widget\" data-e-type=\"widget\" data-widget_type=\"heading.default\">\n\t\t\t\t<div class=\"elementor-widget-container\">\n\t\t\t\t\t<h2 class=\"elementor-heading-title elementor-size-default\">\ud83d\udcb6 Wie erhalten Sie Ihre Erstattung?<\/h2>\t\t\t\t<\/div>\n\t\t\t\t<\/div>\n\t\t\t\t<div class=\"elementor-element elementor-element-30f28c3a elementor-widget elementor-widget-text-editor\" data-id=\"30f28c3a\" data-element_type=\"widget\" data-e-type=\"widget\" data-widget_type=\"text-editor.default\">\n\t\t\t\t<div class=\"elementor-widget-container\">\n\t\t\t\t\t\t\t\t\t<p>Sobald wir \u00fcberpr\u00fcft haben, dass das Produkt <strong>den R\u00fcckgabebedingungen entspricht<\/strong>, erstatten wir Ihnen <strong>den Betrag umgehend zur\u00fcck<\/strong>. Hier sind die Details entsprechend Ihrer Zahlungsmethode:<\/p><ul><li><strong>Sie haben mit Karte oder \u00fcber WooPayments (Stripe) bezahlt: <\/strong>Der Betrag wird auf dieselbe Karte oder dasselbe Konto zur\u00fcckerstattet, die bzw. das Sie f\u00fcr die Zahlung verwendet haben. Wie lange dies dauert, h\u00e4ngt von Ihrer Bank ab, wird aber in der Regel innerhalb <strong>weniger Arbeitstage<\/strong> erledigt sein.<\/li><li><strong>Sie haben mit PayPal bezahlt:<\/strong> Wir erstatten den Betrag direkt \u00fcber Ihr PayPal-Konto. Bitte beachten Sie, dass <strong>es ein paar Tage dauern kann<\/strong>, bis PayPal die R\u00fcckerstattung vornimmt.<\/li><li><strong>Sie haben per Bank\u00fcberweisung bezahlt:<\/strong> Bitte teilen Sie uns Ihre Kontonummer mit, damit wir die Zahlung vornehmen k\u00f6nnen. Wie lange es dauert, bis der Betrag auf Ihrem Konto erscheint, h\u00e4ngt von Ihrer Bank ab.<\/li><\/ul><p>Wir versprechen, alles zu beschleunigen, damit Sie Ihre <strong>R\u00fcckerstattung<\/strong> so schnell wie m\u00f6glich erhalten! Wenn Sie irgendwelche Fragen haben, z\u00f6gern Sie nicht, uns zu schreiben oder anzurufen, wir helfen Ihnen gerne. \ud83d\udc8c<\/p>\t\t\t\t\t\t\t\t<\/div>\n\t\t\t\t<\/div>\n\t\t\t\t<div class=\"elementor-element elementor-element-7bf0b41e elementor-widget elementor-widget-heading\" data-id=\"7bf0b41e\" data-element_type=\"widget\" data-e-type=\"widget\" data-widget_type=\"heading.default\">\n\t\t\t\t<div class=\"elementor-widget-container\">\n\t\t\t\t\t<h2 class=\"elementor-heading-title elementor-size-default\">\ud83e\udde1 Vielen Dank f\u00fcr Ihr Vertrauen<\/h2>\t\t\t\t<\/div>\n\t\t\t\t<\/div>\n\t\t\t\t<div class=\"elementor-element elementor-element-2051c324 elementor-widget elementor-widget-text-editor\" data-id=\"2051c324\" data-element_type=\"widget\" data-e-type=\"widget\" data-widget_type=\"text-editor.default\">\n\t\t\t\t<div class=\"elementor-widget-container\">\n\t\t\t\t\t\t\t\t\t<p>Denken Sie daran: Mit jedem Einkauf im <strong>Hippo Solidarity Shop<\/strong> helfen Sie dabei, <strong>kostenlose Bildungsressourcen f\u00fcr Familien zu schaffen, die mit Hypoglyk\u00e4mien leben<\/strong>. Selbst wenn Sie etwas zur\u00fcckgeben m\u00fcssen, bleibt Ihr s\u00fc\u00dfer Beitrag ein Unterst\u00fctzer unserer Mission. \ud83c\udf1f<\/p>\t\t\t\t\t\t\t\t<\/div>\n\t\t\t\t<\/div>\n\t\t\t\t\t<\/div>\n\t\t<\/div>\n\t\t\t\t\t<\/div>\n\t\t<\/section>\n\t\t\t\t<\/div>\n\t\t","protected":false},"excerpt":{"rendered":"<p>R\u00fcckgabebedingungen im Hippo Solidarity Shop\ud83e\udd9b\ud83d\udc99 Hallo! M\u00f6chten Sie einen Artikel zur\u00fcckgeben? Kein Problem, im Hippo Shop sind wir hier, um Ihnen mit viel Liebe zu helfen und den Prozess so einfach wie m\u00f6glich zu gestalten. Hier erkl\u00e4ren wir Ihnen alles, was Sie wissen m\u00fcssen, um R\u00fccksendungen zu verwalten und worauf Sie achten sollten. \ud83c\udf1f \ud83d\udc8c &#8230; <a title=\"R\u00fcckgabepolitik\" class=\"read-more\" href=\"https:\/\/www.thehippohouse.org\/de\/rueckgabepolitik\/\" aria-label=\"Read more about R\u00fcckgabepolitik\">Leer m\u00e1s<\/a><\/p>\n","protected":false},"author":1,"featured_media":0,"parent":0,"menu_order":3,"comment_status":"closed","ping_status":"closed","template":"elementor_header_footer","meta":{"_acf_changed":false,"_seopress_robots_primary_cat":"","_seopress_titles_title":"","_seopress_titles_desc":"","_seopress_robots_index":"","footnotes":""},"class_list":["post-34976","page","type-page","status-publish"],"acf":[],"_links":{"self":[{"href":"https:\/\/www.thehippohouse.org\/de\/wp-json\/wp\/v2\/pages\/34976","targetHints":{"allow":["GET"]}}],"collection":[{"href":"https:\/\/www.thehippohouse.org\/de\/wp-json\/wp\/v2\/pages"}],"about":[{"href":"https:\/\/www.thehippohouse.org\/de\/wp-json\/wp\/v2\/types\/page"}],"author":[{"embeddable":true,"href":"https:\/\/www.thehippohouse.org\/de\/wp-json\/wp\/v2\/users\/1"}],"replies":[{"embeddable":true,"href":"https:\/\/www.thehippohouse.org\/de\/wp-json\/wp\/v2\/comments?post=34976"}],"version-history":[{"count":0,"href":"https:\/\/www.thehippohouse.org\/de\/wp-json\/wp\/v2\/pages\/34976\/revisions"}],"wp:attachment":[{"href":"https:\/\/www.thehippohouse.org\/de\/wp-json\/wp\/v2\/media?parent=34976"}],"curies":[{"name":"wp","href":"https:\/\/api.w.org\/{rel}","templated":true}]}}