{"id":35068,"date":"2024-12-13T10:18:58","date_gmt":"2024-12-13T10:18:58","guid":{"rendered":"https:\/\/www.thehippohouse.org\/?page_id=35068"},"modified":"2024-12-13T12:34:05","modified_gmt":"2024-12-13T12:34:05","slug":"allgemeine-verkaufsbedingungen","status":"publish","type":"page","link":"https:\/\/www.thehippohouse.org\/de\/allgemeine-verkaufsbedingungen\/","title":{"rendered":"Allgemeine Verkaufsbedingungen"},"content":{"rendered":"\t\t<div data-elementor-type=\"wp-page\" data-elementor-id=\"35068\" class=\"elementor elementor-35068 elementor-35030\" data-elementor-post-type=\"page\">\n\t\t\t\t\t\t<section class=\"elementor-section elementor-top-section elementor-element elementor-element-1c50a0fa elementor-section-stretched elementor-section-boxed elementor-section-height-default elementor-section-height-default\" data-id=\"1c50a0fa\" data-element_type=\"section\" data-e-type=\"section\" data-settings=\"{&quot;stretch_section&quot;:&quot;section-stretched&quot;}\">\n\t\t\t\t\t\t<div class=\"elementor-container elementor-column-gap-default\">\n\t\t\t\t\t<div class=\"elementor-column elementor-col-100 elementor-top-column elementor-element elementor-element-39162af4\" data-id=\"39162af4\" data-element_type=\"column\" data-e-type=\"column\">\n\t\t\t<div class=\"elementor-widget-wrap elementor-element-populated\">\n\t\t\t\t\t\t<div class=\"elementor-element elementor-element-2be54a88 elementor-widget elementor-widget-heading\" data-id=\"2be54a88\" data-element_type=\"widget\" data-e-type=\"widget\" data-widget_type=\"heading.default\">\n\t\t\t\t<div class=\"elementor-widget-container\">\n\t\t\t\t\t<h1 class=\"elementor-heading-title elementor-size-default\">Allgemeine Verkaufsbedingungen des Hippo-Solidarit\u00e4tsladen \ud83e\udd9b\ud83d\udc99\n<\/h1>\t\t\t\t<\/div>\n\t\t\t\t<\/div>\n\t\t\t\t<div class=\"elementor-element elementor-element-7e1e406d elementor-widget elementor-widget-text-editor\" data-id=\"7e1e406d\" data-element_type=\"widget\" data-e-type=\"widget\" data-widget_type=\"text-editor.default\">\n\t\t\t\t<div class=\"elementor-widget-container\">\n\t\t\t\t\t\t\t\t\t<p>Willkommen im <strong>Hippo-Solidarit\u00e4tsladen!<\/strong> Hier bringt dich jeder Kauf nicht nur n\u00e4her an <strong>Produkte mit Herz und<\/strong> <strong>Seele<\/strong>, sondern hilft auch, unsere <strong>Mission<\/strong> zu erf\u00fcllen: <strong>Kostenlose Bildungsressourcen f\u00fcr Familien bereitzustellen<\/strong>, die mit <strong>Hypoglyk\u00e4mie<\/strong> leben. \ud83c\udf1f<\/p><p>In diesen Allgemeinen Gesch\u00e4ftsbedingungen erfahren Sie alles, was Sie \u00fcber Ihre <strong>Bestellungen, Zahlungen, R\u00fccksendungen<\/strong> und mehr wissen m\u00fcssen.<\/p>\t\t\t\t\t\t\t\t<\/div>\n\t\t\t\t<\/div>\n\t\t\t\t<div class=\"elementor-element elementor-element-4ca583ed elementor-widget elementor-widget-heading\" data-id=\"4ca583ed\" data-element_type=\"widget\" data-e-type=\"widget\" data-widget_type=\"heading.default\">\n\t\t\t\t<div class=\"elementor-widget-container\">\n\t\t\t\t\t<h2 class=\"elementor-heading-title elementor-size-default\">Pr\u00e4ambel<\/h2>\t\t\t\t<\/div>\n\t\t\t\t<\/div>\n\t\t\t\t<div class=\"elementor-element elementor-element-645029b7 elementor-widget elementor-widget-text-editor\" data-id=\"645029b7\" data-element_type=\"widget\" data-e-type=\"widget\" data-widget_type=\"text-editor.default\">\n\t\t\t\t<div class=\"elementor-widget-container\">\n\t\t\t\t\t\t\t\t\t<p>Diese <strong>allgemeinen Verkaufsbedingungen<\/strong> gelten ausschlie\u00dflich <strong>f\u00fcr Produkte, die direkt von The Hippo House vermarktet<\/strong> werden. Andere auf unserer Website erw\u00e4hnte Produkte oder Dienstleistungen, die nicht direkt von uns verwaltet werden, unterliegen nicht diesen Bedingungen.<\/p><p>Zwischen dir, dem <strong>KUNDEN<\/strong>, und uns, die <a href=\"https:\/\/www.thehippohouse.org\/de\/startseite\/die-partnerschaft\/\" target=\"_blank\" rel=\"noopener\"><strong>HIPPO HOUSE ASSOZIATION<\/strong><\/a> (CIF G16496077), werden diese Bedingungen festgelegt, um alles <strong>klar und transparent<\/strong> zu machen.<\/p><p>Wir liefern in fast alle L\u00e4nder der Welt \ud83c\udf0d, sofern die Versandgeb\u00fchren gem\u00e4\u00df der Rubrik <a href=\"https:\/\/www.thehippohouse.org\/de\/charity-shop\/ueber-den-versand\/\" target=\"_blank\" rel=\"noopener\"><strong>&#8220;\u00dcber den Versand&#8221;<\/strong><\/a> gedeckt sind. Diese Bedingungen gelten nur f\u00fcr Verbraucher; <strong><u>der Weiterverkauf ist nicht gestattet.<\/u><\/strong><\/p><p>Mit einer <strong>Bestellung<\/strong> im <strong>Hippo-Solidarit\u00e4tsladen <\/strong>erkl\u00e4rst du dich mit diesen Bedingungen sowie allen weiteren in der Bestellung angegebenen Bedingungen einverstanden.<\/p>\t\t\t\t\t\t\t\t<\/div>\n\t\t\t\t<\/div>\n\t\t\t\t<div class=\"elementor-element elementor-element-d4f1bea elementor-widget elementor-widget-heading\" data-id=\"d4f1bea\" data-element_type=\"widget\" data-e-type=\"widget\" data-widget_type=\"heading.default\">\n\t\t\t\t<div class=\"elementor-widget-container\">\n\t\t\t\t\t<h2 class=\"elementor-heading-title elementor-size-default\">1. Gegenstand<\/h2>\t\t\t\t<\/div>\n\t\t\t\t<\/div>\n\t\t\t\t<div class=\"elementor-element elementor-element-2014762c elementor-widget elementor-widget-text-editor\" data-id=\"2014762c\" data-element_type=\"widget\" data-e-type=\"widget\" data-widget_type=\"text-editor.default\">\n\t\t\t\t<div class=\"elementor-widget-container\">\n\t\t\t\t\t\t\t\t\t<p>Diese <strong>Bedingungen<\/strong> sollen die Gesch\u00e4ftsbeziehung zwischen uns definieren, von der Bestellung \u00fcber die Zahlung und Lieferung bis hin zum After-Sales-Service. Wir m\u00f6chten, dass deine Erfahrung au\u00dfergew\u00f6hnlich ist!<\/p>\t\t\t\t\t\t\t\t<\/div>\n\t\t\t\t<\/div>\n\t\t\t\t<div class=\"elementor-element elementor-element-7931276f elementor-widget elementor-widget-heading\" data-id=\"7931276f\" data-element_type=\"widget\" data-e-type=\"widget\" data-widget_type=\"heading.default\">\n\t\t\t\t<div class=\"elementor-widget-container\">\n\t\t\t\t\t<h2 class=\"elementor-heading-title elementor-size-default\">2. Bestellungen<\/h2>\t\t\t\t<\/div>\n\t\t\t\t<\/div>\n\t\t\t\t<div class=\"elementor-element elementor-element-6651ff4f elementor-widget elementor-widget-text-editor\" data-id=\"6651ff4f\" data-element_type=\"widget\" data-e-type=\"widget\" data-widget_type=\"text-editor.default\">\n\t\t\t\t<div class=\"elementor-widget-container\">\n\t\t\t\t\t\t\t\t\t<p>Eine Bestellung im <strong>Hippo-Solidarit\u00e4tsladen <\/strong>ist ganz einfach, wir erkl\u00e4ren dir alles!<\/p><p>Du kannst deine Bestellung wie folgt aufgeben:<\/p><ul><li><strong>\u00dcber unsere Website<\/strong> (empfohlen), indem du <a href=\"https:\/\/www.thehippohouse.org\/de\/\" target=\"_blank\" rel=\"noopener\"><strong>thehippohouse.org<\/strong><\/a> besuchst und den Anweisungen im Abschnitt <a href=\"https:\/\/www.thehippohouse.org\/de\/charity-shop\/wie-kaufen\/\" target=\"_blank\" rel=\"noopener\"><strong>&#8220;Wie kaufen&#8221;<\/strong><\/a> folgst.<\/li><li><br \/><strong>Per E-Mail,<\/strong> indem du uns eine Nachricht an <strong><a href=\"mailto:info@thehippohouse.org\">info@thehippohouse.org<\/a> <\/strong>sendest.<\/li><\/ul><p>Bei der Bestellung musst du uns einige pers\u00f6nliche Daten zur Bearbeitung bereitstellen, es sei denn, du hast bereits ein <strong>Kundenkonto<\/strong> bei uns.<\/p><p>Mit der Bestellung akzeptiert der <strong>KUNDE<\/strong> alle Preise, Produktbeschreibungen und Verkaufsbedingungen. Falls ein Produkt nicht verf\u00fcgbar ist, informieren wir dich so schnell wie m\u00f6glich.<\/p><p>Detaillierte Informationen zum Kaufvorgang findest du im Abschnitt <a href=\"https:\/\/www.thehippohouse.org\/de\/charity-shop\/wie-kaufen\/\" target=\"_blank\" rel=\"noopener\"><strong>&#8220;Wie kaufen&#8221;<\/strong><\/a> auf unserer Website.<\/p>\t\t\t\t\t\t\t\t<\/div>\n\t\t\t\t<\/div>\n\t\t\t\t<div class=\"elementor-element elementor-element-1e785175 elementor-widget elementor-widget-heading\" data-id=\"1e785175\" data-element_type=\"widget\" data-e-type=\"widget\" data-widget_type=\"heading.default\">\n\t\t\t\t<div class=\"elementor-widget-container\">\n\t\t\t\t\t<h2 class=\"elementor-heading-title elementor-size-default\">3. Lieferung<\/h2>\t\t\t\t<\/div>\n\t\t\t\t<\/div>\n\t\t\t\t<div class=\"elementor-element elementor-element-736dda65 elementor-widget elementor-widget-text-editor\" data-id=\"736dda65\" data-element_type=\"widget\" data-e-type=\"widget\" data-widget_type=\"text-editor.default\">\n\t\t\t\t<div class=\"elementor-widget-container\">\n\t\t\t\t\t\t\t\t\t<p>Wir verpflichten uns, <strong>Produkte auf Lager<\/strong> so schnell wie m\u00f6glich zu versenden. Sollte jedoch ein Produkt nicht auf Lager oder in Produktion sein, informieren wir dich \u00fcber die <strong>Verf\u00fcgbarkeit<\/strong> und die voraussichtliche <strong>Lieferzeit<\/strong>.<\/p><p>Die <strong>Lieferungen<\/strong> erfolgen <strong>von Montag bis Freitag<\/strong> an die von dir angegebene Adresse. Wenn du Fragen oder besondere W\u00fcnsche hast, lass es uns wissen, und wir k\u00fcmmern uns darum! \ud83d\ude0a<\/p><p><strong>Voraussichtliche Lieferzeiten<\/strong> (nach Bearbeitung deiner Bestellung):<\/p><ul><li><strong>48\/72 Stunden<\/strong> (Spanisches Festland und Portugal).<\/li><li><strong>4\/10 Tage<\/strong> (Europ\u00e4ische Union und Europ\u00e4ischer Wirtschaftsraum).<\/li><li><strong>7\/25 Tage<\/strong> (Rest der Welt).<\/li><\/ul><p>Falls ein <strong>Produkt<\/strong> nicht verf\u00fcgbar ist und nicht nachproduziert werden kann, informieren wir dich und erstatten den Betrag sofort zur\u00fcck. Keine Sorge, alles wird schnell gel\u00f6st!<\/p><p>Alle Informationen zum Versand findest du in der Rubrik <a href=\"https:\/\/www.thehippohouse.org\/de\/charity-shop\/ueber-den-versand\/\" target=\"_blank\" rel=\"noopener\"><strong>&#8220;\u00dcber den Versand&#8221;<\/strong><\/a> auf unserer Website.<\/p>\t\t\t\t\t\t\t\t<\/div>\n\t\t\t\t<\/div>\n\t\t\t\t<div class=\"elementor-element elementor-element-31a4eedd elementor-widget elementor-widget-heading\" data-id=\"31a4eedd\" data-element_type=\"widget\" data-e-type=\"widget\" data-widget_type=\"heading.default\">\n\t\t\t\t<div class=\"elementor-widget-container\">\n\t\t\t\t\t<h2 class=\"elementor-heading-title elementor-size-default\">4. Bezahlung<\/h2>\t\t\t\t<\/div>\n\t\t\t\t<\/div>\n\t\t\t\t<div class=\"elementor-element elementor-element-48234685 elementor-widget elementor-widget-text-editor\" data-id=\"48234685\" data-element_type=\"widget\" data-e-type=\"widget\" data-widget_type=\"text-editor.default\">\n\t\t\t\t<div class=\"elementor-widget-container\">\n\t\t\t\t\t\t\t\t\t<p>Wir bieten dir verschiedene <strong>sichere und bequeme Zahlungsmethoden<\/strong> an:<\/p><ul><li><strong>Bezahlung per Karte \u00fcber WooPayments (Stripe),<\/strong> damit du sicher mit Debit- oder Kreditkarte bezahlen kannst. Keine Sorge, wir haben keinen Zugriff auf deine Bankdaten! \ud83d\udcb3<\/li><li><strong>Bezahlung \u00fcber PayPal<\/strong>. Wenn du ein Konto hast, kannst du direkt mit deinem Guthaben oder deiner verkn\u00fcpften Karte bezahlen.<\/li><li><strong>Bezahlung per Bank\u00fcberweisung.<\/strong> In diesem Fall senden wir dir unsere Kontodaten, damit du die \u00dcberweisung durchf\u00fchren kannst. Beachte, dass \u00dcberweisungen ein paar Tage dauern k\u00f6nnen. Sobald wir die Zahlung erhalten haben, bearbeiten wir deine Bestellung! \u23f3<\/li><\/ul><p>Detaillierte Informationen zu den Zahlungsmethoden findest du im Abschnitt <a href=\"https:\/\/www.thehippohouse.org\/de\/charity-shop\/wie-kaufen\/\" target=\"_blank\" rel=\"noopener\"><strong>&#8220;Wie kaufen&#8221;<\/strong><\/a> auf unserer Website.<\/p>\t\t\t\t\t\t\t\t<\/div>\n\t\t\t\t<\/div>\n\t\t\t\t<div class=\"elementor-element elementor-element-cb16e93 elementor-widget elementor-widget-heading\" data-id=\"cb16e93\" data-element_type=\"widget\" data-e-type=\"widget\" data-widget_type=\"heading.default\">\n\t\t\t\t<div class=\"elementor-widget-container\">\n\t\t\t\t\t<h2 class=\"elementor-heading-title elementor-size-default\">5. Preise <\/h2>\t\t\t\t<\/div>\n\t\t\t\t<\/div>\n\t\t\t\t<div class=\"elementor-element elementor-element-5536b7c elementor-widget elementor-widget-text-editor\" data-id=\"5536b7c\" data-element_type=\"widget\" data-e-type=\"widget\" data-widget_type=\"text-editor.default\">\n\t\t\t\t<div class=\"elementor-widget-container\">\n\t\t\t\t\t\t\t\t\t<p>Die auf unserer Website angezeigten Preise beinhalten standardm\u00e4\u00dfig die in Spanien geltenden gesetzlichen Steuern. <strong>Keine \u00dcberraschungen!<\/strong> \ud83d\ude0e Der Endpreis jeder Bestellung kann zus\u00e4tzliche Geb\u00fchren f\u00fcr Verpackung und Versand enthalten, abh\u00e4ngig vom Zielort der Bestellung.<\/p><p>Zus\u00e4tzliche Kosten kannst du in der Rubrik <a href=\"https:\/\/www.thehippohouse.org\/de\/charity-shop\/ueber-den-versand\/\" target=\"_blank\" rel=\"noopener\"><strong>&#8220;\u00dcber den Versand&#8221;<\/strong><\/a> auf unserer Website einsehen.<\/p>\t\t\t\t\t\t\t\t<\/div>\n\t\t\t\t<\/div>\n\t\t\t\t<div class=\"elementor-element elementor-element-772a72d elementor-widget elementor-widget-heading\" data-id=\"772a72d\" data-element_type=\"widget\" data-e-type=\"widget\" data-widget_type=\"heading.default\">\n\t\t\t\t<div class=\"elementor-widget-container\">\n\t\t\t\t\t<h2 class=\"elementor-heading-title elementor-size-default\">6. Widerrufsrecht und R\u00fcckgabe<\/h2>\t\t\t\t<\/div>\n\t\t\t\t<\/div>\n\t\t\t\t<div class=\"elementor-element elementor-element-423f675 elementor-widget elementor-widget-text-editor\" data-id=\"423f675\" data-element_type=\"widget\" data-e-type=\"widget\" data-widget_type=\"text-editor.default\">\n\t\t\t\t<div class=\"elementor-widget-container\">\n\t\t\t\t\t\t\t\t\t<p>Manchmal l\u00e4uft nicht alles wie geplant. Kein Problem,<strong> du hast 7 Tage Zeit<\/strong>, <strong>nachdem du deine Bestellung erhalten hast<\/strong>, um ein Produkt ohne Strafe zur\u00fcckzugeben. Stelle nur sicher, dass der Artikel in <strong>einwandfreiem Zustand<\/strong> ist und die Etiketten intakt sind.<\/p><p><span style=\"text-decoration: underline;\"><strong>Denke daran, dass personalisierte Produkte oder Verbrauchsmaterialien nicht zur\u00fcckgegeben werden k\u00f6nnen.<\/strong><\/span> \ud83d\udca1<\/p><p>Wenn die R\u00fcckgabe auf einen Fehler unsererseits zur\u00fcckzuf\u00fchren ist (falsches oder defektes Produkt), <strong>\u00fcbernehmen wir die Kosten!<\/strong> Andernfalls tr\u00e4gt der <strong>KUNDE<\/strong> die R\u00fccksendekosten.<\/p><p>Alle Informationen findest du in der Rubrik <a href=\"https:\/\/www.thehippohouse.org\/de\/charity-shop\/rueckgabepolitik\/\" target=\"_blank\" rel=\"noopener\"><strong>&#8220;R\u00fcckgabebedingungen&#8221;<\/strong><\/a> auf unserer Website.<\/p>\t\t\t\t\t\t\t\t<\/div>\n\t\t\t\t<\/div>\n\t\t\t\t<div class=\"elementor-element elementor-element-901380e elementor-widget elementor-widget-heading\" data-id=\"901380e\" data-element_type=\"widget\" data-e-type=\"widget\" data-widget_type=\"heading.default\">\n\t\t\t\t<div class=\"elementor-widget-container\">\n\t\t\t\t\t<h2 class=\"elementor-heading-title elementor-size-default\">7. Garantien<\/h2>\t\t\t\t<\/div>\n\t\t\t\t<\/div>\n\t\t\t\t<div class=\"elementor-element elementor-element-4ee06ce elementor-widget elementor-widget-text-editor\" data-id=\"4ee06ce\" data-element_type=\"widget\" data-e-type=\"widget\" data-widget_type=\"text-editor.default\">\n\t\t\t\t<div class=\"elementor-widget-container\">\n\t\t\t\t\t\t\t\t\t<p>Wenn ein Produkt nicht deinen Erwartungen entspricht oder einen Mangel aufweist, <strong>keine Sorge!<\/strong> Du kannst einen <strong>Umtausch, Ersatz<\/strong> oder eine <strong>R\u00fcckerstattung<\/strong> verlangen. Reparatur und Ersatz sind f\u00fcr dich <strong>v\u00f6llig kostenlos<\/strong>. Wenn du das Produkt austauschen m\u00f6chtest und der Preis des neuen Produkts h\u00f6her ist, musst du die Differenz zahlen. Wenn der Preis niedriger ist, erstatten wir dir die Differenz. \ud83d\ude0a<\/p>\t\t\t\t\t\t\t\t<\/div>\n\t\t\t\t<\/div>\n\t\t\t\t<div class=\"elementor-element elementor-element-293ba02 elementor-widget elementor-widget-heading\" data-id=\"293ba02\" data-element_type=\"widget\" data-e-type=\"widget\" data-widget_type=\"heading.default\">\n\t\t\t\t<div class=\"elementor-widget-container\">\n\t\t\t\t\t<h2 class=\"elementor-heading-title elementor-size-default\">8. Haftung<\/h2>\t\t\t\t<\/div>\n\t\t\t\t<\/div>\n\t\t\t\t<div class=\"elementor-element elementor-element-4c68135 elementor-widget elementor-widget-text-editor\" data-id=\"4c68135\" data-element_type=\"widget\" data-e-type=\"widget\" data-widget_type=\"text-editor.default\">\n\t\t\t\t<div class=\"elementor-widget-container\">\n\t\t\t\t\t\t\t\t\t<p>Wir nehmen den Schutz deiner Daten sehr ernst. <strong>The Hippo House<\/strong> garantiert, dass alle <strong><u>deine personenbezogenen Daten sicher verarbeitet werden<\/u><\/strong>, um unbefugten Zugriff zu verhindern.<\/p><p>\ud83d\udd10 Du kannst unsere <a href=\"https:\/\/www.thehippohouse.org\/de\/privatsphaere-und-datenschutz\/\" target=\"_blank\" rel=\"noopener\"><strong>&#8220;Datenschutzrichtlinie&#8221;<\/strong><\/a> einsehen, um alle Details zu erfahren.<\/p>\t\t\t\t\t\t\t\t<\/div>\n\t\t\t\t<\/div>\n\t\t\t\t<div class=\"elementor-element elementor-element-f4bcc9c elementor-widget elementor-widget-heading\" data-id=\"f4bcc9c\" data-element_type=\"widget\" data-e-type=\"widget\" data-widget_type=\"heading.default\">\n\t\t\t\t<div class=\"elementor-widget-container\">\n\t\t\t\t\t<h2 class=\"elementor-heading-title elementor-size-default\">9. Geistiges Eigentum<\/h2>\t\t\t\t<\/div>\n\t\t\t\t<\/div>\n\t\t\t\t<div class=\"elementor-element elementor-element-7fa17e5 elementor-widget elementor-widget-text-editor\" data-id=\"7fa17e5\" data-element_type=\"widget\" data-e-type=\"widget\" data-widget_type=\"text-editor.default\">\n\t\t\t\t<div class=\"elementor-widget-container\">\n\t\t\t\t\t\t\t\t\t<p>Alle Informationen und Inhalte auf unserer Website (Bilder, Texte, Videos) sind <strong>urheberrechtlich<\/strong> gesch\u00fctzt. Einige Inhalte geh\u00f6ren die <a href=\"https:\/\/www.thehippohouse.org\/de\/startseite\/die-partnerschaft\/\" target=\"_blank\" rel=\"noopener\"><strong>Hippo House Assoziation<\/strong>,<\/a> andere Dritten. Teile unsere Inhalte gerne, solange du uns als Quelle angibst! \ud83d\udcda<\/p>\t\t\t\t\t\t\t\t<\/div>\n\t\t\t\t<\/div>\n\t\t\t\t<div class=\"elementor-element elementor-element-c2771d1 elementor-widget elementor-widget-heading\" data-id=\"c2771d1\" data-element_type=\"widget\" data-e-type=\"widget\" data-widget_type=\"heading.default\">\n\t\t\t\t<div class=\"elementor-widget-container\">\n\t\t\t\t\t<h2 class=\"elementor-heading-title elementor-size-default\">10. Gesamte Vereinbarung<\/h2>\t\t\t\t<\/div>\n\t\t\t\t<\/div>\n\t\t\t\t<div class=\"elementor-element elementor-element-e067b98 elementor-widget elementor-widget-text-editor\" data-id=\"e067b98\" data-element_type=\"widget\" data-e-type=\"widget\" data-widget_type=\"text-editor.default\">\n\t\t\t\t<div class=\"elementor-widget-container\">\n\t\t\t\t\t\t\t\t\t<p>Estas <strong>condiciones generales<\/strong> son el acuerdo completo entre nosotros y t\u00fa. Si alguna cl\u00e1usula fuera anulada, no afectar\u00e1 al resto de las condiciones. Todo se mantiene claro y transparente. \u2705<\/p><p>Diese <strong>allgemeinen Bedingungen<\/strong> stellen die vollst\u00e4ndige Vereinbarung zwischen dir und uns dar. Sollte eine Klausel f\u00fcr ung\u00fcltig erkl\u00e4rt werden, bleibt der Rest der Bedingungen davon unber\u00fchrt. Alles bleibt klar und transparent. \u2705<\/p>\t\t\t\t\t\t\t\t<\/div>\n\t\t\t\t<\/div>\n\t\t\t\t<div class=\"elementor-element elementor-element-ec091ca elementor-widget elementor-widget-heading\" data-id=\"ec091ca\" data-element_type=\"widget\" data-e-type=\"widget\" data-widget_type=\"heading.default\">\n\t\t\t\t<div class=\"elementor-widget-container\">\n\t\t\t\t\t<h2 class=\"elementor-heading-title elementor-size-default\">11. Anwendbares Recht und Gerichtsstand<\/h2>\t\t\t\t<\/div>\n\t\t\t\t<\/div>\n\t\t\t\t<div class=\"elementor-element elementor-element-ea102f5 elementor-widget elementor-widget-text-editor\" data-id=\"ea102f5\" data-element_type=\"widget\" data-e-type=\"widget\" data-widget_type=\"text-editor.default\">\n\t\t\t\t<div class=\"elementor-widget-container\">\n\t\t\t\t\t\t\t\t\t<p>Diese <strong>Allgemeinen Verkaufsbedingungen<\/strong> unterliegen spanischem Recht. Im Falle von Streitigkeiten oder Unklarheiten unterwerfen sich <strong>The Hippo House<\/strong> und der <strong>KUNDE<\/strong> den Gerichten des eingetragenen Firmensitzes die <a href=\"https:\/\/www.thehippohouse.org\/de\/startseite\/die-partnerschaft\/\" target=\"_blank\" rel=\"noopener\"><strong>Hippo House Assoziation<\/strong>.<\/a><\/p><p>Wenn du Fragen hast oder weitere Informationen ben\u00f6tigst, kontaktiere uns bitte unter <strong><a href=\"mailto:info@thehippohouse.org\">info@thehippohouse.org<\/a><\/strong> oder telefonisch unter <strong>+34 931 782 359.<\/strong> \ud83d\udcde<\/p>\t\t\t\t\t\t\t\t<\/div>\n\t\t\t\t<\/div>\n\t\t\t\t<div class=\"elementor-element elementor-element-3f46dc46 elementor-widget elementor-widget-heading\" data-id=\"3f46dc46\" data-element_type=\"widget\" data-e-type=\"widget\" data-widget_type=\"heading.default\">\n\t\t\t\t<div class=\"elementor-widget-container\">\n\t\t\t\t\t<h2 class=\"elementor-heading-title elementor-size-default\">\ud83e\udde1 Danke, dass du Teil der Hippo-Familie bist und jeden Kauf z\u00e4hlst! \ud83e\udd9b<\/h2>\t\t\t\t<\/div>\n\t\t\t\t<\/div>\n\t\t\t\t<div class=\"elementor-element elementor-element-79e07e1 elementor-widget elementor-widget-text-editor\" data-id=\"79e07e1\" data-element_type=\"widget\" data-e-type=\"widget\" data-widget_type=\"text-editor.default\">\n\t\t\t\t<div class=\"elementor-widget-container\">\n\t\t\t\t\t\t\t\t\t<p>Denke daran, dass <strong>100 % der Gewinne deines Einkaufs im Hippo-Solidarit\u00e4tsladen<\/strong> <strong>zur Erstellung kostenloser Bildungsressourcen f\u00fcr Familien verwendet werden, die mit Hypoglyk\u00e4mie leben.<\/strong><\/p>\t\t\t\t\t\t\t\t<\/div>\n\t\t\t\t<\/div>\n\t\t\t\t<div class=\"elementor-element elementor-element-37ed2f6 elementor-widget elementor-widget-heading\" data-id=\"37ed2f6\" data-element_type=\"widget\" data-e-type=\"widget\" data-widget_type=\"heading.default\">\n\t\t\t\t<div class=\"elementor-widget-container\">\n\t\t\t\t\t<h2 class=\"elementor-heading-title elementor-size-default\">\ud83d\udcab Jeder Klick in unserem Shop ist ein kleines St\u00fcck Zucker! \ud83d\udcab<\/h2>\t\t\t\t<\/div>\n\t\t\t\t<\/div>\n\t\t\t\t\t<\/div>\n\t\t<\/div>\n\t\t\t\t\t<\/div>\n\t\t<\/section>\n\t\t\t\t<\/div>\n\t\t","protected":false},"excerpt":{"rendered":"<p>Allgemeine Verkaufsbedingungen des Hippo-Solidarit\u00e4tsladen \ud83e\udd9b\ud83d\udc99 Willkommen im Hippo-Solidarit\u00e4tsladen! Hier bringt dich jeder Kauf nicht nur n\u00e4her an Produkte mit Herz und Seele, sondern hilft auch, unsere Mission zu erf\u00fcllen: Kostenlose Bildungsressourcen f\u00fcr Familien bereitzustellen, die mit Hypoglyk\u00e4mie leben. \ud83c\udf1f In diesen Allgemeinen Gesch\u00e4ftsbedingungen erfahren Sie alles, was Sie \u00fcber Ihre Bestellungen, Zahlungen, R\u00fccksendungen und mehr &#8230; <a title=\"Allgemeine Verkaufsbedingungen\" class=\"read-more\" href=\"https:\/\/www.thehippohouse.org\/de\/allgemeine-verkaufsbedingungen\/\" aria-label=\"Read more about Allgemeine Verkaufsbedingungen\">Leer m\u00e1s<\/a><\/p>\n","protected":false},"author":1,"featured_media":0,"parent":0,"menu_order":4,"comment_status":"closed","ping_status":"closed","template":"elementor_header_footer","meta":{"_acf_changed":false,"_seopress_robots_primary_cat":"","_seopress_titles_title":"","_seopress_titles_desc":"","_seopress_robots_index":"","footnotes":""},"class_list":["post-35068","page","type-page","status-publish"],"acf":[],"_links":{"self":[{"href":"https:\/\/www.thehippohouse.org\/de\/wp-json\/wp\/v2\/pages\/35068","targetHints":{"allow":["GET"]}}],"collection":[{"href":"https:\/\/www.thehippohouse.org\/de\/wp-json\/wp\/v2\/pages"}],"about":[{"href":"https:\/\/www.thehippohouse.org\/de\/wp-json\/wp\/v2\/types\/page"}],"author":[{"embeddable":true,"href":"https:\/\/www.thehippohouse.org\/de\/wp-json\/wp\/v2\/users\/1"}],"replies":[{"embeddable":true,"href":"https:\/\/www.thehippohouse.org\/de\/wp-json\/wp\/v2\/comments?post=35068"}],"version-history":[{"count":0,"href":"https:\/\/www.thehippohouse.org\/de\/wp-json\/wp\/v2\/pages\/35068\/revisions"}],"wp:attachment":[{"href":"https:\/\/www.thehippohouse.org\/de\/wp-json\/wp\/v2\/media?parent=35068"}],"curies":[{"name":"wp","href":"https:\/\/api.w.org\/{rel}","templated":true}]}}