{"id":35161,"date":"2024-12-13T16:50:03","date_gmt":"2024-12-13T16:50:03","guid":{"rendered":"https:\/\/www.thehippohouse.org\/?page_id=35161"},"modified":"2024-12-13T17:02:55","modified_gmt":"2024-12-13T17:02:55","slug":"haftungsausschluss","status":"publish","type":"page","link":"https:\/\/www.thehippohouse.org\/de\/startseite\/haftungsausschluss\/","title":{"rendered":"Haftungsausschluss"},"content":{"rendered":"\t\t<div data-elementor-type=\"wp-post\" data-elementor-id=\"35161\" class=\"elementor elementor-35161 elementor-52\" data-elementor-post-type=\"page\">\n\t\t\t\t\t\t<section class=\"elementor-section elementor-top-section elementor-element elementor-element-370552cd elementor-section-stretched elementor-section-boxed elementor-section-height-default elementor-section-height-default\" data-id=\"370552cd\" data-element_type=\"section\" data-e-type=\"section\" data-settings=\"{&quot;stretch_section&quot;:&quot;section-stretched&quot;}\">\n\t\t\t\t\t\t<div class=\"elementor-container elementor-column-gap-default\">\n\t\t\t\t\t<div class=\"elementor-column elementor-col-100 elementor-top-column elementor-element elementor-element-4f0c2ce\" data-id=\"4f0c2ce\" data-element_type=\"column\" data-e-type=\"column\">\n\t\t\t<div class=\"elementor-widget-wrap elementor-element-populated\">\n\t\t\t\t\t\t<div class=\"elementor-element elementor-element-ce9d68f elementor-widget elementor-widget-heading\" data-id=\"ce9d68f\" data-element_type=\"widget\" data-e-type=\"widget\" data-widget_type=\"heading.default\">\n\t\t\t\t<div class=\"elementor-widget-container\">\n\t\t\t\t\t<h1 class=\"elementor-heading-title elementor-size-default\">Haftungsausschluss von The Hippo House\ud83e\udd9b\ud83d\udc99<\/h1>\t\t\t\t<\/div>\n\t\t\t\t<\/div>\n\t\t\t\t<div class=\"elementor-element elementor-element-4d351a34 elementor-widget elementor-widget-text-editor\" data-id=\"4d351a34\" data-element_type=\"widget\" data-e-type=\"widget\" data-widget_type=\"text-editor.default\">\n\t\t\t\t<div class=\"elementor-widget-container\">\n\t\t\t\t\t\t\t\t\t<p>Bei <strong>The Hippo House<\/strong> ist es unser Ziel, Informationen und Bildungsressourcen mit gr\u00f6\u00dfter Sorgfalt und Hingabe bereitzustellen. Es ist jedoch wichtig zu verstehen, dass <strong>die Inhalte dieser Website ausschlie\u00dflich zu Informationszwecken<\/strong> dienen und nicht als Ersatz f\u00fcr Ratschl\u00e4ge, Diagnosen oder Behandlungen durch <strong>qualifizierte Fachkr\u00e4fte in den Bereichen Medizin, Psychologie, Recht oder anderen Spezialgebieten angesehen werden d\u00fcrfen.<\/strong><\/p>\t\t\t\t\t\t\t\t<\/div>\n\t\t\t\t<\/div>\n\t\t\t\t<div class=\"elementor-element elementor-element-1b24987 elementor-widget elementor-widget-heading\" data-id=\"1b24987\" data-element_type=\"widget\" data-e-type=\"widget\" data-widget_type=\"heading.default\">\n\t\t\t\t<div class=\"elementor-widget-container\">\n\t\t\t\t\t<h2 class=\"elementor-heading-title elementor-size-default\">Ausschlie\u00dflich zu Informationszwecken<\/h2>\t\t\t\t<\/div>\n\t\t\t\t<\/div>\n\t\t\t\t<div class=\"elementor-element elementor-element-ae3967e elementor-widget elementor-widget-text-editor\" data-id=\"ae3967e\" data-element_type=\"widget\" data-e-type=\"widget\" data-widget_type=\"text-editor.default\">\n\t\t\t\t<div class=\"elementor-widget-container\">\n\t\t\t\t\t\t\t\t\t<p>Alle auf <strong><a href=\"https:\/\/www.thehippohouse.org\/de\/\">www.thehippohouse.org<\/a><\/strong> ver\u00f6ffentlichten Informationen sind zu Bildungszwecken gedacht und sollten nicht als Grundlage f\u00fcr kritische Entscheidungen in Bezug auf Gesundheit, Sicherheit oder andere wichtige Lebensaspekte verwendet werden<strong>. The Hippo House ist weder von der EMA (Europ\u00e4ische Arzneimittel-Agentur), der FDA (US-amerikanische Food and Drug Administration) noch von einer anderen offiziellen Regulierungsbeh\u00f6rde validiert.<\/strong><\/p><p>Wenn du gesundheitliche Bedenken, Fragen zu Krankheitsmanagement, Behandlungen oder anderen Themen hast, empfehlen wir dir dringend, <strong>dich direkt an qualifizierte Fachkr\u00e4fte zu wenden.<\/strong><\/p>\t\t\t\t\t\t\t\t<\/div>\n\t\t\t\t<\/div>\n\t\t\t\t<div class=\"elementor-element elementor-element-a04cd20 elementor-widget elementor-widget-heading\" data-id=\"a04cd20\" data-element_type=\"widget\" data-e-type=\"widget\" data-widget_type=\"heading.default\">\n\t\t\t\t<div class=\"elementor-widget-container\">\n\t\t\t\t\t<h2 class=\"elementor-heading-title elementor-size-default\">Nutzungsbedingungen<\/h2>\t\t\t\t<\/div>\n\t\t\t\t<\/div>\n\t\t\t\t<div class=\"elementor-element elementor-element-147a86f elementor-widget elementor-widget-text-editor\" data-id=\"147a86f\" data-element_type=\"widget\" data-e-type=\"widget\" data-widget_type=\"text-editor.default\">\n\t\t\t\t<div class=\"elementor-widget-container\">\n\t\t\t\t\t\t\t\t\t<p>Durch die Nutzung von <strong><a href=\"https:\/\/www.thehippohouse.org\/de\/\">www.thehippohouse.org<\/a><\/strong> erkl\u00e4rst du dich mit den folgenden Bedingungen einverstanden:<\/p><ol><li><strong>Die bereitgestellten Informationen ersetzen keine Beratung durch qualifizierte Fachkr\u00e4fte.<\/strong> Unter keinen Umst\u00e4nden sollten die Inhalte dieser Website die Betreuung durch \u00c4rzte, Psychologen, Ern\u00e4hrungsberater, Anw\u00e4lte oder andere Experten ersetzen.<\/li><li>Die auf dieser Website pr\u00e4sentierten Produkte, Aussagen und Inhalte <strong>wurden nicht von offiziellen Stellen bewertet oder genehmigt<\/strong> und <strong>sind nicht dazu bestimmt, Krankheiten zu diagnostizieren, zu behandeln, zu heilen oder vorzubeugen.<\/strong><\/li><li>Bevor du ein Programm im Zusammenhang mit Di\u00e4ten, Nahrungserg\u00e4nzungsmitteln, Medikamenten oder Trainingsroutinen beginnst, die auf dieser Website erw\u00e4hnt werden, ist es unerl\u00e4sslich, einen qualifizierten Fachmann zu konsultieren.<\/li><li><strong>Die bereitgestellten Informationen gelten m\u00f6glicherweise nicht f\u00fcr alle Personen und garantieren keine spezifischen Ergebnisse.<\/strong> Jeder Mensch ist einzigartig, und Reaktionen oder Ergebnisse k\u00f6nnen erheblich variieren.<\/li><li><strong>Wir \u00fcbernehmen keine Verantwortung f\u00fcr m\u00f6gliche negative Wechselwirkungen zwischen Medikamenten, Nahrungserg\u00e4nzungsmitteln oder Behandlungen,<\/strong> die auf dieser Website erw\u00e4hnt werden. Konsultiere immer deinen Arzt, bevor du diese kombinierst.<\/li><li><strong>Die Nutzung der auf dieser Website enthaltenen Informationen kann Risiken bergen,<\/strong> insbesondere f\u00fcr Personen mit bestehenden gesundheitlichen oder psychischen Bedingungen. Wenn du dich entscheidest, diese Risiken einzugehen, tust du dies auf eigene Verantwortung.<\/li><li>Obwohl wir uns bem\u00fchen, sicherzustellen, dass die bereitgestellten Informationen korrekt und aktuell sind, <strong>garantiert The Hippo House weder die Vollst\u00e4ndigkeit noch die Genauigkeit der Inhalte<\/strong>, da diese auf die zum Zeitpunkt der Ver\u00f6ffentlichung verf\u00fcgbaren Informationen beschr\u00e4nkt sind.<\/li><\/ol>\t\t\t\t\t\t\t\t<\/div>\n\t\t\t\t<\/div>\n\t\t\t\t<div class=\"elementor-element elementor-element-9929139 elementor-widget elementor-widget-heading\" data-id=\"9929139\" data-element_type=\"widget\" data-e-type=\"widget\" data-widget_type=\"heading.default\">\n\t\t\t\t<div class=\"elementor-widget-container\">\n\t\t\t\t\t<h2 class=\"elementor-heading-title elementor-size-default\">Zu Produkten oder Dienstleistungen Dritter<\/h2>\t\t\t\t<\/div>\n\t\t\t\t<\/div>\n\t\t\t\t<div class=\"elementor-element elementor-element-2571bc1 elementor-widget elementor-widget-text-editor\" data-id=\"2571bc1\" data-element_type=\"widget\" data-e-type=\"widget\" data-widget_type=\"text-editor.default\">\n\t\t\t\t<div class=\"elementor-widget-container\">\n\t\t\t\t\t\t\t\t\t<p>Bei <strong>The Hippo House<\/strong> k\u00f6nnen wir gelegentlich Produkte, Dienstleistungen, Unternehmen oder Institutionen Dritter erw\u00e4hnen oder auf sie verweisen. Dennoch gilt:<\/p><ul><li><strong>Wir empfehlen oder unterst\u00fctzen keine bestimmten Produkte, Dienstleistungen oder Institutionen.<\/strong><\/li><li><strong>Wir erhalten keine Einflussnahme oder Verg\u00fctung von Dritten<\/strong> f\u00fcr die Erstellung oder Ver\u00f6ffentlichung von Inhalten.<\/li><li>Erw\u00e4hnungen oder Verweise bedeuten keine Billigung oder Verbindung mit den genannten Unternehmen, Laboren oder Institutionen.<\/li><\/ul>\t\t\t\t\t\t\t\t<\/div>\n\t\t\t\t<\/div>\n\t\t\t\t<div class=\"elementor-element elementor-element-a05f90d elementor-widget elementor-widget-heading\" data-id=\"a05f90d\" data-element_type=\"widget\" data-e-type=\"widget\" data-widget_type=\"heading.default\">\n\t\t\t\t<div class=\"elementor-widget-container\">\n\t\t\t\t\t<h2 class=\"elementor-heading-title elementor-size-default\">Haftungsbeschr\u00e4nkung<\/h2>\t\t\t\t<\/div>\n\t\t\t\t<\/div>\n\t\t\t\t<div class=\"elementor-element elementor-element-5f193e6 elementor-widget elementor-widget-text-editor\" data-id=\"5f193e6\" data-element_type=\"widget\" data-e-type=\"widget\" data-widget_type=\"text-editor.default\">\n\t\t\t\t<div class=\"elementor-widget-container\">\n\t\t\t\t\t\t\t\t\t<p>Durch die Nutzung dieser Website <strong>entbindest du The Hippo House<\/strong> sowie seine Administratoren, Autoren, Mitarbeiter und Mitwirkenden von jeglicher Haftung f\u00fcr:<\/p><ul><li>Sch\u00e4den, Verletzungen oder Beeintr\u00e4chtigungen, die durch die unsachgem\u00e4\u00dfe Nutzung der auf dieser Website enthaltenen Informationen entstehen.<\/li><li>Anspr\u00fcche oder Kosten im Zusammenhang mit der unsachgem\u00e4\u00dfen Nutzung der Inhalte, mit Ausnahme von F\u00e4llen grober Fahrl\u00e4ssigkeit oder vors\u00e4tzlicher Handlungen unsererseits.<\/li><\/ul>\t\t\t\t\t\t\t\t<\/div>\n\t\t\t\t<\/div>\n\t\t\t\t<div class=\"elementor-element elementor-element-7dd63e6 elementor-widget elementor-widget-heading\" data-id=\"7dd63e6\" data-element_type=\"widget\" data-e-type=\"widget\" data-widget_type=\"heading.default\">\n\t\t\t\t<div class=\"elementor-widget-container\">\n\t\t\t\t\t<h2 class=\"elementor-heading-title elementor-size-default\">Erfahrungsberichte und Beispiele<\/h2>\t\t\t\t<\/div>\n\t\t\t\t<\/div>\n\t\t\t\t<div class=\"elementor-element elementor-element-4bd79df elementor-widget elementor-widget-text-editor\" data-id=\"4bd79df\" data-element_type=\"widget\" data-e-type=\"widget\" data-widget_type=\"text-editor.default\">\n\t\t\t\t<div class=\"elementor-widget-container\">\n\t\t\t\t\t\t\t\t\t<p>Die auf dieser Website geteilten Erfahrungsberichte und Beispiele:<\/p><ul><li><strong>Sind Einzelf\u00e4lle und stellen keine typischen oder garantierten Ergebnisse dar.<\/strong><\/li><li>K\u00f6nnen auf Informationen von Dritten wie Herstellern oder Nutzern basieren und spiegeln nicht immer vollst\u00e4ndig verifizierte Daten wider.<\/li><\/ul>\t\t\t\t\t\t\t\t<\/div>\n\t\t\t\t<\/div>\n\t\t\t\t<div class=\"elementor-element elementor-element-6f16be2c elementor-widget elementor-widget-heading\" data-id=\"6f16be2c\" data-element_type=\"widget\" data-e-type=\"widget\" data-widget_type=\"heading.default\">\n\t\t\t\t<div class=\"elementor-widget-container\">\n\t\t\t\t\t<h2 class=\"elementor-heading-title elementor-size-default\">\u2764\ufe0f Vielen Dank, dass du Teil von The Hippo House bist \u2764\ufe0f<\/h2>\t\t\t\t<\/div>\n\t\t\t\t<\/div>\n\t\t\t\t<div class=\"elementor-element elementor-element-b83e1de elementor-widget elementor-widget-text-editor\" data-id=\"b83e1de\" data-element_type=\"widget\" data-e-type=\"widget\" data-widget_type=\"text-editor.default\">\n\t\t\t\t<div class=\"elementor-widget-container\">\n\t\t\t\t\t\t\t\t\t<p><strong>Handle immer verantwortungsbewusst, <\/strong>wenn du die auf unserer Website verf\u00fcgbaren Informationen nutzt.<\/p><p><strong><u>Wenn du Fragen oder Bedenken hast, konsultiere qualifizierte Fachkr\u00e4fte, um deine Sicherheit und dein Wohlbefinden zu gew\u00e4hrleisten.<\/u><\/strong><\/p>\t\t\t\t\t\t\t\t<\/div>\n\t\t\t\t<\/div>\n\t\t\t\t\t<\/div>\n\t\t<\/div>\n\t\t\t\t\t<\/div>\n\t\t<\/section>\n\t\t\t\t<\/div>\n\t\t","protected":false},"excerpt":{"rendered":"<p>Haftungsausschluss von The Hippo House\ud83e\udd9b\ud83d\udc99 Bei The Hippo House ist es unser Ziel, Informationen und Bildungsressourcen mit gr\u00f6\u00dfter Sorgfalt und Hingabe bereitzustellen. Es ist jedoch wichtig zu verstehen, dass die Inhalte dieser Website ausschlie\u00dflich zu Informationszwecken dienen und nicht als Ersatz f\u00fcr Ratschl\u00e4ge, Diagnosen oder Behandlungen durch qualifizierte Fachkr\u00e4fte in den Bereichen Medizin, Psychologie, Recht &#8230; <a title=\"Haftungsausschluss\" class=\"read-more\" href=\"https:\/\/www.thehippohouse.org\/de\/startseite\/haftungsausschluss\/\" aria-label=\"Read more about Haftungsausschluss\">Leer m\u00e1s<\/a><\/p>\n","protected":false},"author":1,"featured_media":0,"parent":10302,"menu_order":6,"comment_status":"closed","ping_status":"closed","template":"elementor_header_footer","meta":{"_acf_changed":false,"_seopress_robots_primary_cat":"","_seopress_titles_title":"","_seopress_titles_desc":"","_seopress_robots_index":"","footnotes":""},"class_list":["post-35161","page","type-page","status-publish"],"acf":[],"_links":{"self":[{"href":"https:\/\/www.thehippohouse.org\/de\/wp-json\/wp\/v2\/pages\/35161","targetHints":{"allow":["GET"]}}],"collection":[{"href":"https:\/\/www.thehippohouse.org\/de\/wp-json\/wp\/v2\/pages"}],"about":[{"href":"https:\/\/www.thehippohouse.org\/de\/wp-json\/wp\/v2\/types\/page"}],"author":[{"embeddable":true,"href":"https:\/\/www.thehippohouse.org\/de\/wp-json\/wp\/v2\/users\/1"}],"replies":[{"embeddable":true,"href":"https:\/\/www.thehippohouse.org\/de\/wp-json\/wp\/v2\/comments?post=35161"}],"version-history":[{"count":0,"href":"https:\/\/www.thehippohouse.org\/de\/wp-json\/wp\/v2\/pages\/35161\/revisions"}],"up":[{"embeddable":true,"href":"https:\/\/www.thehippohouse.org\/de\/wp-json\/wp\/v2\/pages\/10302"}],"wp:attachment":[{"href":"https:\/\/www.thehippohouse.org\/de\/wp-json\/wp\/v2\/media?parent=35161"}],"curies":[{"name":"wp","href":"https:\/\/api.w.org\/{rel}","templated":true}]}}