{"id":20858,"date":"2023-12-27T15:34:28","date_gmt":"2023-12-27T15:34:28","guid":{"rendered":"https:\/\/www.thehippohouse.org\/?page_id=20858"},"modified":"2025-09-26T07:11:42","modified_gmt":"2025-09-26T07:11:42","slug":"politique-de-confidentialite-et-de-protection-des-donnees-de-the-hippo-house","status":"publish","type":"page","link":"https:\/\/www.thehippohouse.org\/fr\/politique-de-confidentialite-et-de-protection-des-donnees-de-the-hippo-house\/","title":{"rendered":"Politique de confidentialit\u00e9 et de protection des donn\u00e9es de The Hippo House"},"content":{"rendered":"\t\t<div data-elementor-type=\"wp-post\" data-elementor-id=\"20858\" class=\"elementor elementor-20858 elementor-674\" data-elementor-post-type=\"page\">\n\t\t\t\t\t\t<section class=\"elementor-section elementor-top-section elementor-element elementor-element-6c223b71 elementor-section-boxed elementor-section-height-default elementor-section-height-default\" data-id=\"6c223b71\" data-element_type=\"section\" data-e-type=\"section\">\n\t\t\t\t\t\t<div class=\"elementor-container elementor-column-gap-default\">\n\t\t\t\t\t<div class=\"elementor-column elementor-col-100 elementor-top-column elementor-element elementor-element-7ce1a2e6\" data-id=\"7ce1a2e6\" data-element_type=\"column\" data-e-type=\"column\">\n\t\t\t<div class=\"elementor-widget-wrap elementor-element-populated\">\n\t\t\t\t\t\t<div class=\"elementor-element elementor-element-1b30921 elementor-widget elementor-widget-heading\" data-id=\"1b30921\" data-element_type=\"widget\" data-e-type=\"widget\" data-widget_type=\"heading.default\">\n\t\t\t\t<div class=\"elementor-widget-container\">\n\t\t\t\t\t<h1 class=\"elementor-heading-title elementor-size-default\">Politique de confidentialit\u00e9 et de protection des donn\u00e9es de The Hippo House<\/h1>\t\t\t\t<\/div>\n\t\t\t\t<\/div>\n\t\t\t\t<div class=\"elementor-element elementor-element-48c830a8 elementor-widget elementor-widget-text-editor\" data-id=\"48c830a8\" data-element_type=\"widget\" data-e-type=\"widget\" data-widget_type=\"text-editor.default\">\n\t\t\t\t<div class=\"elementor-widget-container\">\n\t\t\t\t\t\t\t\t\t<p>Date d&#8217;entr\u00e9e en vigueur : 14\/11\/2023<\/p>\t\t\t\t\t\t\t\t<\/div>\n\t\t\t\t<\/div>\n\t\t\t\t<div class=\"elementor-element elementor-element-b7bf419 elementor-widget elementor-widget-heading\" data-id=\"b7bf419\" data-element_type=\"widget\" data-e-type=\"widget\" data-widget_type=\"heading.default\">\n\t\t\t\t<div class=\"elementor-widget-container\">\n\t\t\t\t\t<h2 class=\"elementor-heading-title elementor-size-default\">I. Introduction<\/h2>\t\t\t\t<\/div>\n\t\t\t\t<\/div>\n\t\t\t\t<div class=\"elementor-element elementor-element-cc0ee2c elementor-widget elementor-widget-text-editor\" data-id=\"cc0ee2c\" data-element_type=\"widget\" data-e-type=\"widget\" data-widget_type=\"text-editor.default\">\n\t\t\t\t<div class=\"elementor-widget-container\">\n\t\t\t\t\t\t\t\t\t<p>Conform\u00e9ment aux dispositions de la l\u00e9gislation en vigueur, The Hippo House (ci-apr\u00e8s \u00e9galement Site Internet) s&#8217;engage \u00e0 adopter les mesures techniques et organisationnelles n\u00e9cessaires, selon le niveau de s\u00e9curit\u00e9 appropri\u00e9 au risque des donn\u00e9es collect\u00e9es.<\/p>\t\t\t\t\t\t\t\t<\/div>\n\t\t\t\t<\/div>\n\t\t\t\t<div class=\"elementor-element elementor-element-b6af9b4 elementor-widget elementor-widget-heading\" data-id=\"b6af9b4\" data-element_type=\"widget\" data-e-type=\"widget\" data-widget_type=\"heading.default\">\n\t\t\t\t<div class=\"elementor-widget-container\">\n\t\t\t\t\t<h2 class=\"elementor-heading-title elementor-size-default\">Lois incorpor\u00e9es par la pr\u00e9sente politique de protection de la vie priv\u00e9e<\/h2>\t\t\t\t<\/div>\n\t\t\t\t<\/div>\n\t\t\t\t<div class=\"elementor-element elementor-element-a51dcbf elementor-widget elementor-widget-text-editor\" data-id=\"a51dcbf\" data-element_type=\"widget\" data-e-type=\"widget\" data-widget_type=\"text-editor.default\">\n\t\t\t\t<div class=\"elementor-widget-container\">\n\t\t\t\t\t\t\t\t\t<p>Cette politique de confidentialit\u00e9 est adapt\u00e9e \u00e0 la l\u00e9gislation espagnole et europ\u00e9enne en vigueur sur la protection des donn\u00e9es personnelles sur Internet, notamment :<\/p><ul><li>R\u00e8glement (UE) 2016\/679 du Parlement europ\u00e9en et du Conseil (GDPR).<\/li><li>Loi organique 3\/2018, du 5 d\u00e9cembre, sur la protection des donn\u00e9es \u00e0 caract\u00e8re personnel et la garantie des droits digitaux (LOPD-GDD).<\/li><li>D\u00e9cret royal 1720\/2007, du 21 d\u00e9cembre, approuvant le r\u00e8glement d&#8217;application de la LOPD-GDD.<\/li><li>Loi 34\/2002, du 11 juillet, sur les services de la soci\u00e9t\u00e9 de l&#8217;information et le commerce \u00e9lectronique (LSSI-CE).<\/li><\/ul>\t\t\t\t\t\t\t\t<\/div>\n\t\t\t\t<\/div>\n\t\t\t\t<div class=\"elementor-element elementor-element-0bfc659 elementor-widget elementor-widget-heading\" data-id=\"0bfc659\" data-element_type=\"widget\" data-e-type=\"widget\" data-widget_type=\"heading.default\">\n\t\t\t\t<div class=\"elementor-widget-container\">\n\t\t\t\t\t<h2 class=\"elementor-heading-title elementor-size-default\">Identit\u00e9 du contr\u00f4leur des donn\u00e9es<\/h2>\t\t\t\t<\/div>\n\t\t\t\t<\/div>\n\t\t\t\t<div class=\"elementor-element elementor-element-16f4ffd elementor-widget elementor-widget-text-editor\" data-id=\"16f4ffd\" data-element_type=\"widget\" data-e-type=\"widget\" data-widget_type=\"text-editor.default\">\n\t\t\t\t<div class=\"elementor-widget-container\">\n\t\t\t\t\t\t\t\t\t<p>Le responsable du traitement des donn\u00e9es personnelles collect\u00e9es par The Hippo House est : Cristina Pindado Gonz\u00e1lez. Ses donn\u00e9es de contact sont les suivantes :<\/p><p>Adresse \u00e9lectronique du contact: info@thehippohouse.org<\/p>\t\t\t\t\t\t\t\t<\/div>\n\t\t\t\t<\/div>\n\t\t\t\t<div class=\"elementor-element elementor-element-0fc34b0 elementor-widget elementor-widget-heading\" data-id=\"0fc34b0\" data-element_type=\"widget\" data-e-type=\"widget\" data-widget_type=\"heading.default\">\n\t\t\t\t<div class=\"elementor-widget-container\">\n\t\t\t\t\t<h2 class=\"elementor-heading-title elementor-size-default\">Registre des donn\u00e9es personnelles<\/h2>\t\t\t\t<\/div>\n\t\t\t\t<\/div>\n\t\t\t\t<div class=\"elementor-element elementor-element-6e0b48e elementor-widget__width-initial elementor-widget elementor-widget-text-editor\" data-id=\"6e0b48e\" data-element_type=\"widget\" data-e-type=\"widget\" data-widget_type=\"text-editor.default\">\n\t\t\t\t<div class=\"elementor-widget-container\">\n\t\t\t\t\t\t\t\t\t<p>Conform\u00e9ment au RGPD et \u00e0 la LOPD-GDD, nous vous informons que les donn\u00e9es personnelles collect\u00e9es par The Hippo House seront incorpor\u00e9es et trait\u00e9es dans notre fichier afin de faciliter, d&#8217;acc\u00e9l\u00e9rer et de remplir les engagements \u00e9tablis avec l&#8217;Utilisateur, ainsi que de maintenir la relation \u00e9tablie dans les formulaires remplis par l&#8217;Utilisateur.<\/p><p>Le type et la quantit\u00e9 d&#8217;informations que nous recevons et stockons d\u00e9pendent de l&#8217;utilisation que chaque utilisateur fait de notre site web. Les utilisateurs peuvent acc\u00e9der \u00e0 la plupart des pages et des entr\u00e9es du site <a href=\"https:\/\/www.thehippohouse.org\/fr\/\">thehippohouse.org<\/a> sans nous r\u00e9v\u00e9ler leur identit\u00e9 ou d&#8217;autres informations personnelles.<\/p><p>Lors des visites sur notre site web, notre site stocke des fichiers journaux anonymes qui nous fournissent des informations pr\u00e9cieuses pour am\u00e9liorer l&#8217;exp\u00e9rience de l&#8217;utilisateur. Si vous souhaitez obtenir plus d&#8217;informations \u00e0 ce sujet, veuillez consulter notre politique en mati\u00e8re de cookies.<\/p><p>The Hippo House ne recueille pas d&#8217;informations permettant d&#8217;identifier l&#8217;utilisateur (telles que le nom, l&#8217;adresse, le num\u00e9ro de t\u00e9l\u00e9phone ou l&#8217;adresse \u00e9lectronique) \u00e0 moins que l&#8217;utilisateur ne choisisse de nous les fournir, par exemple lorsqu&#8217;il effectue un achat dans notre boutique ou qu&#8217;il adh\u00e8re au Hippo Club.<\/p>\t\t\t\t\t\t\t\t<\/div>\n\t\t\t\t<\/div>\n\t\t\t\t<div class=\"elementor-element elementor-element-c619f5b elementor-widget elementor-widget-heading\" data-id=\"c619f5b\" data-element_type=\"widget\" data-e-type=\"widget\" data-widget_type=\"heading.default\">\n\t\t\t\t<div class=\"elementor-widget-container\">\n\t\t\t\t\t<h2 class=\"elementor-heading-title elementor-size-default\">Principes applicables au traitement des donn\u00e9es \u00e0 caract\u00e8re personnel<\/h2>\t\t\t\t<\/div>\n\t\t\t\t<\/div>\n\t\t\t\t<div class=\"elementor-element elementor-element-d01dad1 elementor-widget__width-initial elementor-widget elementor-widget-text-editor\" data-id=\"d01dad1\" data-element_type=\"widget\" data-e-type=\"widget\" data-widget_type=\"text-editor.default\">\n\t\t\t\t<div class=\"elementor-widget-container\">\n\t\t\t\t\t\t\t\t\t<p>Le traitement des donn\u00e9es personnelles de l&#8217;Utilisateur sera soumis aux principes \u00e9nonc\u00e9s dans le RGPD et la LOPD-GDD :<\/p><ol><li><strong>Lic\u00e9it\u00e9, loyaut\u00e9 et transparence:<\/strong> le consentement de l&#8217;utilisateur sera toujours requis avec une information transparente pr\u00e9alable.<\/li><li><strong>Limitation de la finalit\u00e9:<\/strong> les donn\u00e9es personnelles seront collect\u00e9es pour des finalit\u00e9s sp\u00e9cifiques, explicites et l\u00e9gitimes.<\/li><li><strong>Minimisation des donn\u00e9es:<\/strong> seules les donn\u00e9es strictement n\u00e9cessaires seront collect\u00e9es.<\/li><li><strong>Exactitude:<\/strong> les donn\u00e9es personnelles doivent \u00eatre exactes et toujours \u00e0 jour.<\/li><li><strong>Limitation de la p\u00e9riode de conservation:<\/strong> Les donn\u00e9es sont conserv\u00e9es aussi longtemps que n\u00e9cessaire pour le traitement.<\/li><li><strong>Int\u00e9grit\u00e9 et confidentialit\u00e9:<\/strong> la s\u00e9curit\u00e9 et la confidentialit\u00e9 des donn\u00e9es sont garanties.<\/li><li><strong>Responsabilit\u00e9 proactive:<\/strong> le responsable du traitement des donn\u00e9es doit veiller au respect des principes susmentionn\u00e9s.<\/li><\/ol>\t\t\t\t\t\t\t\t<\/div>\n\t\t\t\t<\/div>\n\t\t\t\t<div class=\"elementor-element elementor-element-3a102fd elementor-widget elementor-widget-heading\" data-id=\"3a102fd\" data-element_type=\"widget\" data-e-type=\"widget\" data-widget_type=\"heading.default\">\n\t\t\t\t<div class=\"elementor-widget-container\">\n\t\t\t\t\t<h2 class=\"elementor-heading-title elementor-size-default\">Cat\u00e9gories de donn\u00e9es \u00e0 caract\u00e8re personnel<\/h2>\t\t\t\t<\/div>\n\t\t\t\t<\/div>\n\t\t\t\t<div class=\"elementor-element elementor-element-50b0588 elementor-widget__width-initial elementor-widget elementor-widget-text-editor\" data-id=\"50b0588\" data-element_type=\"widget\" data-e-type=\"widget\" data-widget_type=\"text-editor.default\">\n\t\t\t\t<div class=\"elementor-widget-container\">\n\t\t\t\t\t\t\t\t\t<p>Les cat\u00e9gories de donn\u00e9es trait\u00e9es par The Hippo House sont uniquement des donn\u00e9es d&#8217;identification, sans traitement de cat\u00e9gories particuli\u00e8res de donn\u00e9es \u00e0 caract\u00e8re personnel conform\u00e9ment \u00e0 l&#8217;article 9 du RGPD.<\/p>\t\t\t\t\t\t\t\t<\/div>\n\t\t\t\t<\/div>\n\t\t\t\t<div class=\"elementor-element elementor-element-b358813 elementor-widget elementor-widget-heading\" data-id=\"b358813\" data-element_type=\"widget\" data-e-type=\"widget\" data-widget_type=\"heading.default\">\n\t\t\t\t<div class=\"elementor-widget-container\">\n\t\t\t\t\t<h2 class=\"elementor-heading-title elementor-size-default\">Base juridique du traitement des donn\u00e9es \u00e0 caract\u00e8re personnel<\/h2>\t\t\t\t<\/div>\n\t\t\t\t<\/div>\n\t\t\t\t<div class=\"elementor-element elementor-element-c9518cd elementor-widget__width-initial elementor-widget elementor-widget-text-editor\" data-id=\"c9518cd\" data-element_type=\"widget\" data-e-type=\"widget\" data-widget_type=\"text-editor.default\">\n\t\t\t\t<div class=\"elementor-widget-container\">\n\t\t\t\t\t\t\t\t\t<p>La base juridique du traitement des donn\u00e9es personnelles est le consentement explicite et v\u00e9rifiable de l&#8217;utilisateur.<\/p>\t\t\t\t\t\t\t\t<\/div>\n\t\t\t\t<\/div>\n\t\t\t\t<div class=\"elementor-element elementor-element-8bb82c7 elementor-widget elementor-widget-heading\" data-id=\"8bb82c7\" data-element_type=\"widget\" data-e-type=\"widget\" data-widget_type=\"heading.default\">\n\t\t\t\t<div class=\"elementor-widget-container\">\n\t\t\t\t\t<h2 class=\"elementor-heading-title elementor-size-default\">Objectifs du traitement<\/h2>\t\t\t\t<\/div>\n\t\t\t\t<\/div>\n\t\t\t\t<div class=\"elementor-element elementor-element-19e0714 elementor-widget__width-initial elementor-widget elementor-widget-text-editor\" data-id=\"19e0714\" data-element_type=\"widget\" data-e-type=\"widget\" data-widget_type=\"text-editor.default\">\n\t\t\t\t<div class=\"elementor-widget-container\">\n\t\t\t\t\t\t\t\t\t<p>The Hippo House et ses prestataires de services (par exemple, la soci\u00e9t\u00e9 de messagerie qui livre votre commande \u00e0 votre domicile) traiteront vos donn\u00e9es avec confidentialit\u00e9 et les conserveront dans un environnement s\u00e9curis\u00e9.<\/p><p>Les donn\u00e9es personnelles sont collect\u00e9es et g\u00e9r\u00e9es dans le but de faciliter, d&#8217;acc\u00e9l\u00e9rer et de remplir les engagements pris avec l&#8217;utilisateur, ainsi que pour des activit\u00e9s li\u00e9es \u00e0 l&#8217;objet social de l&#8217;organisation.<\/p><p>La collecte et le traitement automatis\u00e9 des donn\u00e9es personnelles de l&#8217;utilisateur ont pour but de maintenir la relation contractuelle \u00e9tablie dans chaque cas avec The Hippo House. Par exemple:<\/p><ul><li>Pour vous envoyer les produits physiques que vous achetez dans notre boutique.<\/li><li>Pour vous contacter en cas d&#8217;incidents li\u00e9s \u00e0 l&#8217;exp\u00e9dition des produits ou au paiement des commandes.<\/li><li>Pour vous informer d&#8217;\u00e9v\u00e9nements ou de nouvelles li\u00e9s au site web ou aux produits. En cas d&#8217;envoi de publicit\u00e9, nous l&#8217;identifierons toujours comme telle et ne vous l&#8217;enverrons que si vous nous en donnez l&#8217;autorisation. En outre, vous aurez toujours un acc\u00e8s direct \u00e0 la possibilit\u00e9 de cesser de recevoir cette publicit\u00e9 \u00e0 tout moment.<\/li><li>Vous envoyer la lettre d&#8217;information si vous vous y \u00eates abonn\u00e9.<\/li><\/ul><p>Les paiements \u00e0 la The Hippo House sont effectu\u00e9s via la plateforme Paypal et nous n&#8217;avons pas acc\u00e8s aux d\u00e9tails de votre carte de d\u00e9bit ou de cr\u00e9dit ni aux d\u00e9tails de votre compte Paypal.<\/p>\t\t\t\t\t\t\t\t<\/div>\n\t\t\t\t<\/div>\n\t\t\t\t<div class=\"elementor-element elementor-element-54bf3ae elementor-widget elementor-widget-heading\" data-id=\"54bf3ae\" data-element_type=\"widget\" data-e-type=\"widget\" data-widget_type=\"heading.default\">\n\t\t\t\t<div class=\"elementor-widget-container\">\n\t\t\t\t\t<h2 class=\"elementor-heading-title elementor-size-default\">P\u00e9riodes de conservation<\/h2>\t\t\t\t<\/div>\n\t\t\t\t<\/div>\n\t\t\t\t<div class=\"elementor-element elementor-element-5dbda69 elementor-widget__width-initial elementor-widget elementor-widget-text-editor\" data-id=\"5dbda69\" data-element_type=\"widget\" data-e-type=\"widget\" data-widget_type=\"text-editor.default\">\n\t\t\t\t<div class=\"elementor-widget-container\">\n\t\t\t\t\t\t\t\t\t<p>Les donn\u00e9es \u00e0 caract\u00e8re personnel sont conserv\u00e9es pendant la dur\u00e9e minimale n\u00e9cessaire aux fins de leur traitement, jusqu&#8217;\u00e0 12 mois ou jusqu&#8217;\u00e0 ce que l&#8217;utilisateur demande leur suppression.<\/p>\t\t\t\t\t\t\t\t<\/div>\n\t\t\t\t<\/div>\n\t\t\t\t<div class=\"elementor-element elementor-element-0651f21 elementor-widget elementor-widget-heading\" data-id=\"0651f21\" data-element_type=\"widget\" data-e-type=\"widget\" data-widget_type=\"heading.default\">\n\t\t\t\t<div class=\"elementor-widget-container\">\n\t\t\t\t\t<h2 class=\"elementor-heading-title elementor-size-default\">Donn\u00e9es personnelles des mineurs<\/h2>\t\t\t\t<\/div>\n\t\t\t\t<\/div>\n\t\t\t\t<div class=\"elementor-element elementor-element-3cea29b elementor-widget__width-initial elementor-widget elementor-widget-text-editor\" data-id=\"3cea29b\" data-element_type=\"widget\" data-e-type=\"widget\" data-widget_type=\"text-editor.default\">\n\t\t\t\t<div class=\"elementor-widget-container\">\n\t\t\t\t\t\t\t\t\t<p>Seules les personnes \u00e2g\u00e9es de plus de 14 ans peuvent donner leur consentement au traitement de leurs donn\u00e9es personnelles par The Hippo House. Dans le cas des enfants de moins de 14 ans, le consentement d&#8217;un parent ou d&#8217;un tuteur est requis.<\/p>\t\t\t\t\t\t\t\t<\/div>\n\t\t\t\t<\/div>\n\t\t\t\t<div class=\"elementor-element elementor-element-551d387 elementor-widget elementor-widget-heading\" data-id=\"551d387\" data-element_type=\"widget\" data-e-type=\"widget\" data-widget_type=\"heading.default\">\n\t\t\t\t<div class=\"elementor-widget-container\">\n\t\t\t\t\t<h2 class=\"elementor-heading-title elementor-size-default\">Secret et s\u00e9curit\u00e9 des donn\u00e9es personnelles<\/h2>\t\t\t\t<\/div>\n\t\t\t\t<\/div>\n\t\t\t\t<div class=\"elementor-element elementor-element-5b10378 elementor-widget__width-initial elementor-widget elementor-widget-text-editor\" data-id=\"5b10378\" data-element_type=\"widget\" data-e-type=\"widget\" data-widget_type=\"text-editor.default\">\n\t\t\t\t<div class=\"elementor-widget-container\">\n\t\t\t\t\t\t\t\t\t<p>The Hippo House adoptera les mesures techniques et organisationnelles n\u00e9cessaires pour garantir la s\u00e9curit\u00e9 des donn\u00e9es personnelles et emp\u00eacher leur perte, leur destruction ou leur acc\u00e8s non autoris\u00e9.<\/p>\t\t\t\t\t\t\t\t<\/div>\n\t\t\t\t<\/div>\n\t\t\t\t<div class=\"elementor-element elementor-element-bc3702b elementor-widget elementor-widget-heading\" data-id=\"bc3702b\" data-element_type=\"widget\" data-e-type=\"widget\" data-widget_type=\"heading.default\">\n\t\t\t\t<div class=\"elementor-widget-container\">\n\t\t\t\t\t<h2 class=\"elementor-heading-title elementor-size-default\">Droits d\u00e9riv\u00e9s du traitement<\/h2>\t\t\t\t<\/div>\n\t\t\t\t<\/div>\n\t\t\t\t<div class=\"elementor-element elementor-element-7a1e3a1 elementor-widget__width-initial elementor-widget elementor-widget-text-editor\" data-id=\"7a1e3a1\" data-element_type=\"widget\" data-e-type=\"widget\" data-widget_type=\"text-editor.default\">\n\t\t\t\t<div class=\"elementor-widget-container\">\n\t\t\t\t\t\t\t\t\t<p>L&#8217;utilisateur peut exercer les droits reconnus par le RGPD et la LOPD-GDD, notamment le droit d&#8217;acc\u00e8s, de rectification, d&#8217;effacement, de limitation du traitement, de portabilit\u00e9 des donn\u00e9es, d&#8217;opposition et le droit de ne pas faire l&#8217;objet de d\u00e9cisions automatis\u00e9es.<\/p>\t\t\t\t\t\t\t\t<\/div>\n\t\t\t\t<\/div>\n\t\t\t\t<div class=\"elementor-element elementor-element-5df72e5 elementor-widget elementor-widget-heading\" data-id=\"5df72e5\" data-element_type=\"widget\" data-e-type=\"widget\" data-widget_type=\"heading.default\">\n\t\t\t\t<div class=\"elementor-widget-container\">\n\t\t\t\t\t<h2 class=\"elementor-heading-title elementor-size-default\">Liens vers des sites web de tiers<\/h2>\t\t\t\t<\/div>\n\t\t\t\t<\/div>\n\t\t\t\t<div class=\"elementor-element elementor-element-2e908a7 elementor-widget__width-initial elementor-widget elementor-widget-text-editor\" data-id=\"2e908a7\" data-element_type=\"widget\" data-e-type=\"widget\" data-widget_type=\"text-editor.default\">\n\t\t\t\t<div class=\"elementor-widget-container\">\n\t\t\t\t\t\t\t\t\t<p>Le site web peut inclure des liens vers des sites web de tiers, qui sont responsables de leurs propres politiques de protection des donn\u00e9es.<\/p>\t\t\t\t\t\t\t\t<\/div>\n\t\t\t\t<\/div>\n\t\t\t\t<div class=\"elementor-element elementor-element-874c144 elementor-widget elementor-widget-heading\" data-id=\"874c144\" data-element_type=\"widget\" data-e-type=\"widget\" data-widget_type=\"heading.default\">\n\t\t\t\t<div class=\"elementor-widget-container\">\n\t\t\t\t\t<h2 class=\"elementor-heading-title elementor-size-default\">Plaintes aupr\u00e8s de l'autorit\u00e9 de surveillance<\/h2>\t\t\t\t<\/div>\n\t\t\t\t<\/div>\n\t\t\t\t<div class=\"elementor-element elementor-element-746e7cb elementor-widget__width-initial elementor-widget elementor-widget-text-editor\" data-id=\"746e7cb\" data-element_type=\"widget\" data-e-type=\"widget\" data-widget_type=\"text-editor.default\">\n\t\t\t\t<div class=\"elementor-widget-container\">\n\t\t\t\t\t\t\t\t\t<p>Si l&#8217;utilisateur consid\u00e8re qu&#8217;il y a eu violation des r\u00e8gles de protection des donn\u00e9es, il a le droit de d\u00e9poser une plainte aupr\u00e8s de l&#8217;Agence espagnole de protection des donn\u00e9es.<\/p>\t\t\t\t\t\t\t\t<\/div>\n\t\t\t\t<\/div>\n\t\t\t\t<div class=\"elementor-element elementor-element-cffbf5b elementor-widget elementor-widget-heading\" data-id=\"cffbf5b\" data-element_type=\"widget\" data-e-type=\"widget\" data-widget_type=\"heading.default\">\n\t\t\t\t<div class=\"elementor-widget-container\">\n\t\t\t\t\t<h2 class=\"elementor-heading-title elementor-size-default\">II. Acceptation et modifications de la pr\u00e9sente politique de protection de la vie priv\u00e9e<\/h2>\t\t\t\t<\/div>\n\t\t\t\t<\/div>\n\t\t\t\t<div class=\"elementor-element elementor-element-ce303f8 elementor-widget__width-initial elementor-widget elementor-widget-text-editor\" data-id=\"ce303f8\" data-element_type=\"widget\" data-e-type=\"widget\" data-widget_type=\"text-editor.default\">\n\t\t\t\t<div class=\"elementor-widget-container\">\n\t\t\t\t\t\t\t\t\t<p>L&#8217;utilisation du site Internet implique l&#8217;acceptation de la politique de confidentialit\u00e9. The Hippo House se r\u00e9serve le droit de modifier cette politique \u00e0 sa seule discr\u00e9tion ou en raison de changements l\u00e9gislatifs. Il est conseill\u00e9 \u00e0 l&#8217;utilisateur de revoir p\u00e9riodiquement cette politique de confidentialit\u00e9.<\/p><p>Cette politique de confidentialit\u00e9 a \u00e9t\u00e9 mise \u00e0 jour pour se conformer au RGPD et \u00e0 la LOPD-GDD.<\/p><p>Si vous souhaitez exercer l&#8217;un de vos droits ou si vous avez des questions concernant notre politique de confidentialit\u00e9, vous pouvez nous contacter \u00e0 l&#8217;adresse <strong><a href=\"mailto:info@thehippohouse.org\">info@thehippohouse.org<\/a><\/strong>.<\/p>\t\t\t\t\t\t\t\t<\/div>\n\t\t\t\t<\/div>\n\t\t\t\t\t<\/div>\n\t\t<\/div>\n\t\t\t\t\t<\/div>\n\t\t<\/section>\n\t\t\t\t<\/div>\n\t\t","protected":false},"excerpt":{"rendered":"<p>Politique de confidentialit\u00e9 et de protection des donn\u00e9es de The Hippo House Date d&#8217;entr\u00e9e en vigueur : 14\/11\/2023 I. Introduction Conform\u00e9ment aux dispositions de la l\u00e9gislation en vigueur, The Hippo House (ci-apr\u00e8s \u00e9galement Site Internet) s&#8217;engage \u00e0 adopter les mesures techniques et organisationnelles n\u00e9cessaires, selon le niveau de s\u00e9curit\u00e9 appropri\u00e9 au risque des donn\u00e9es collect\u00e9es. &#8230; <a title=\"Politique de confidentialit\u00e9 et de protection des donn\u00e9es de The Hippo House\" class=\"read-more\" href=\"https:\/\/www.thehippohouse.org\/fr\/politique-de-confidentialite-et-de-protection-des-donnees-de-the-hippo-house\/\" aria-label=\"Read more about Politique de confidentialit\u00e9 et de protection des donn\u00e9es de The Hippo House\">Leer m\u00e1s<\/a><\/p>\n","protected":false},"author":1,"featured_media":0,"parent":0,"menu_order":2,"comment_status":"closed","ping_status":"closed","template":"elementor_header_footer","meta":{"_acf_changed":false,"_seopress_robots_primary_cat":"","_seopress_titles_title":"","_seopress_titles_desc":"","_seopress_robots_index":"","footnotes":""},"class_list":["post-20858","page","type-page","status-publish"],"acf":[],"_links":{"self":[{"href":"https:\/\/www.thehippohouse.org\/fr\/wp-json\/wp\/v2\/pages\/20858","targetHints":{"allow":["GET"]}}],"collection":[{"href":"https:\/\/www.thehippohouse.org\/fr\/wp-json\/wp\/v2\/pages"}],"about":[{"href":"https:\/\/www.thehippohouse.org\/fr\/wp-json\/wp\/v2\/types\/page"}],"author":[{"embeddable":true,"href":"https:\/\/www.thehippohouse.org\/fr\/wp-json\/wp\/v2\/users\/1"}],"replies":[{"embeddable":true,"href":"https:\/\/www.thehippohouse.org\/fr\/wp-json\/wp\/v2\/comments?post=20858"}],"version-history":[{"count":3,"href":"https:\/\/www.thehippohouse.org\/fr\/wp-json\/wp\/v2\/pages\/20858\/revisions"}],"predecessor-version":[{"id":41402,"href":"https:\/\/www.thehippohouse.org\/fr\/wp-json\/wp\/v2\/pages\/20858\/revisions\/41402"}],"wp:attachment":[{"href":"https:\/\/www.thehippohouse.org\/fr\/wp-json\/wp\/v2\/media?parent=20858"}],"curies":[{"name":"wp","href":"https:\/\/api.w.org\/{rel}","templated":true}]}}