{"id":34863,"date":"2024-12-11T11:03:12","date_gmt":"2024-12-11T11:03:12","guid":{"rendered":"https:\/\/www.thehippohouse.org\/?page_id=34863"},"modified":"2024-12-11T11:31:53","modified_gmt":"2024-12-11T11:31:53","slug":"a-propos-de-lexpedition","status":"publish","type":"page","link":"https:\/\/www.thehippohouse.org\/fr\/a-propos-de-lexpedition\/","title":{"rendered":"\u00c0 propos de l&#8217;exp\u00e9dition"},"content":{"rendered":"\t\t<div data-elementor-type=\"wp-page\" data-elementor-id=\"34863\" class=\"elementor elementor-34863 elementor-34855\" data-elementor-post-type=\"page\">\n\t\t\t\t\t\t<section class=\"elementor-section elementor-top-section elementor-element elementor-element-22e91a3a elementor-section-stretched elementor-section-boxed elementor-section-height-default elementor-section-height-default\" data-id=\"22e91a3a\" data-element_type=\"section\" data-e-type=\"section\" data-settings=\"{&quot;stretch_section&quot;:&quot;section-stretched&quot;}\">\n\t\t\t\t\t\t<div class=\"elementor-container elementor-column-gap-default\">\n\t\t\t\t\t<div class=\"elementor-column elementor-col-100 elementor-top-column elementor-element elementor-element-4635d9\" data-id=\"4635d9\" data-element_type=\"column\" data-e-type=\"column\">\n\t\t\t<div class=\"elementor-widget-wrap elementor-element-populated\">\n\t\t\t\t\t\t<div class=\"elementor-element elementor-element-28b70700 elementor-widget elementor-widget-heading\" data-id=\"28b70700\" data-element_type=\"widget\" data-e-type=\"widget\" data-widget_type=\"heading.default\">\n\t\t\t\t<div class=\"elementor-widget-container\">\n\t\t\t\t\t<h1 class=\"elementor-heading-title elementor-size-default\">Envois de la Boutique Solidaire Hippo \ud83e\udd9b\ud83d\udc99<\/h1>\t\t\t\t<\/div>\n\t\t\t\t<\/div>\n\t\t\t\t<div class=\"elementor-element elementor-element-5977de3b elementor-widget elementor-widget-text-editor\" data-id=\"5977de3b\" data-element_type=\"widget\" data-e-type=\"widget\" data-widget_type=\"text-editor.default\">\n\t\t\t\t<div class=\"elementor-widget-container\">\n\t\t\t\t\t\t\t\t\t<p>Nous voulons que votre exp\u00e9rience \u00e0 la <strong>Boutique de The Hippo House<\/strong> soit aussi chaleureuse et sp\u00e9ciale que <strong>notre Mission<\/strong>. Chaque commande que vous passez vous apporte non seulement un <strong>produit significatif<\/strong>, mais nous aide \u00e9galement \u00e0 continuer \u00e0 cr\u00e9er des <strong>ressources \u00e9ducatives gratuites<\/strong> pour les familles vivant avec <strong>l&#8217;hypoglyc\u00e9mie<\/strong>. Nous vous disons ici tout ce que vous devez savoir pour recevoir vos produits <strong>en toute simplicit\u00e9 et en toute confiance. <\/strong><strong>\ud83d\udce6<\/strong><\/p>\t\t\t\t\t\t\t\t<\/div>\n\t\t\t\t<\/div>\n\t\t\t\t<div class=\"elementor-element elementor-element-60ec3180 elementor-widget elementor-widget-heading\" data-id=\"60ec3180\" data-element_type=\"widget\" data-e-type=\"widget\" data-widget_type=\"heading.default\">\n\t\t\t\t<div class=\"elementor-widget-container\">\n\t\t\t\t\t<h2 class=\"elementor-heading-title elementor-size-default\">\ud83c\udf0d O\u00f9 sont exp\u00e9di\u00e9s les produits ?<\/h2>\t\t\t\t<\/div>\n\t\t\t\t<\/div>\n\t\t\t\t<div class=\"elementor-element elementor-element-0e6dcbc elementor-widget elementor-widget-text-editor\" data-id=\"0e6dcbc\" data-element_type=\"widget\" data-e-type=\"widget\" data-widget_type=\"text-editor.default\">\n\t\t\t\t<div class=\"elementor-widget-container\">\n\t\t\t\t\t\t\t\t\t<p>La <strong>Boutique Hippo<\/strong> traverse les fronti\u00e8res pour arriver jusqu&#8217;\u00e0 vous. Nous livrons actuellement en <strong>Espagne continentale<\/strong>, <strong>dans l&#8217;Union Europ\u00e9enne<\/strong> et dans <strong>certains pays de l&#8217;Espace \u00c9conomique Europ\u00e9en.<\/strong><\/p><p>Si vous habitez en dehors de ces zones et que vous voulez un petit morceau d&#8217;Hippo chez vous \ud83d\udc8c \u00e9crivez-nous \u00e0 <strong><a href=\"mailto:info@thehippohouse.org\">info@thehippohouse.org<\/a><\/strong>, et nous ferons de notre mieux pour que votre commande devienne r\u00e9alit\u00e9. Car, comme vous le savez, les bonnes causes n&#8217;ont pas de fronti\u00e8res. \u2708\ufe0f\ud83d\udcab<\/p>\t\t\t\t\t\t\t\t<\/div>\n\t\t\t\t<\/div>\n\t\t\t\t<div class=\"elementor-element elementor-element-0162231 elementor-widget elementor-widget-heading\" data-id=\"0162231\" data-element_type=\"widget\" data-e-type=\"widget\" data-widget_type=\"heading.default\">\n\t\t\t\t<div class=\"elementor-widget-container\">\n\t\t\t\t\t<h2 class=\"elementor-heading-title elementor-size-default\">\ud83d\udce6 Quel est le d\u00e9lai de livraison de votre commande au Boutique Hippo ? \ud83e\udd9b<\/h2>\t\t\t\t<\/div>\n\t\t\t\t<\/div>\n\t\t\t\t<div class=\"elementor-element elementor-element-6724d80 elementor-widget elementor-widget-text-editor\" data-id=\"6724d80\" data-element_type=\"widget\" data-e-type=\"widget\" data-widget_type=\"text-editor.default\">\n\t\t\t\t<div class=\"elementor-widget-container\">\n\t\t\t\t\t\t\t\t\t<p>\u00c0 <strong>The Hippo House<\/strong>, nous voulons que vous profitiez de votre achat le plus rapidement possible, car nous savons que chaque colis apporte plus que de simples produits : il apporte de la solidarit\u00e9, de l&#8217;espoir et de l&#8217;apprentissage\ud83d\udc8c En tant <strong>qu&#8217;\u00e9quipe solidaire<\/strong>, nous mettons tout notre <strong>Amour<\/strong> et nos ressources dans chaque envoi, en veillant \u00e0 ce qu&#8217;il arrive <strong>rapidement et sans encombre.<\/strong><\/p><p>Une fois que vous avez confirm\u00e9 votre commande, si tous les produits sont en <strong>stock<\/strong>, nous la traiterons dans les <strong>24 heures ouvrables<\/strong>. Si vous avez choisi de payer par <strong>virement bancaire<\/strong>, nous devrons recevoir le montant sur notre compte avant de pouvoir commencer le processus, mais ne vous inqui\u00e9tez pas : d\u00e8s que nous l&#8217;aurons re\u00e7u, votre commande sera pr\u00eate \u00e0 \u00eatre exp\u00e9di\u00e9e dans les 24 heures ouvrables\u00a0!<\/p><p>En r\u00e8gle g\u00e9n\u00e9rale, les commandes sont livr\u00e9es dans un d\u00e9lai de <strong>2 \u00e0 7 jours ouvrables<\/strong> \u00e0 compter de la date de confirmation. Chaque achat est accompagn\u00e9 de <strong>notre d\u00e9vouement et de notre amour<\/strong> pour s&#8217;assurer que vous avez une exp\u00e9rience aussi douce et transparente <strong>que les ressources que nous aidons \u00e0 cr\u00e9er<\/strong>. \ud83e\udd9b\ud83d\udc99<\/p><p>La <strong>livraison<\/strong> d\u00e9pendra de l&#8217;endroit o\u00f9 vous vivez, ce sont les temps de <strong>transit habituels<\/strong> apr\u00e8s l&#8217;exp\u00e9dition :<\/p><ul><li><strong>1-2 jours : <\/strong>Espagne continentale et Portugal.<\/li><li><strong>2-3 jours : <\/strong>France.<\/li><li><strong>3-4 jours :<\/strong> Allemagne, Autriche, Belgique, Pays-Bas, Italie, Luxembourg, Royaume-Uni.<\/li><li><strong>4-5 jours :<\/strong> Danemark, Slovaquie, Slov\u00e9nie, R\u00e9publique tch\u00e8que, Finlande, Hongrie, Su\u00e8de.<\/li><li><strong>4-6 jours :<\/strong> Norv\u00e8ge, Pologne, Irlande, Roumanie, Suisse.<\/li><li><strong>5-6 jours :<\/strong> Bulgarie, Estonie, Gr\u00e8ce, Lettonie, Lituanie.<\/li><li><strong>6-10 jours :<\/strong> Bosnie-Herz\u00e9govine, Serbie, Mont\u00e9n\u00e9gro, Croatie.<\/li><\/ul><p>Si l&#8217;un des produits que vous avez command\u00e9s <strong>n&#8217;est pas en stock<\/strong>, nous vous contacterons pour vous en <strong>informer<\/strong> et vous proposer des <strong>options<\/strong>. Certains articles sont tellement sp\u00e9ciaux que, s&#8217;ils ne sont pas en stock, nous <strong>les fabriquerons exclusivement pour vous<\/strong>. Si, pour une raison quelconque, il n&#8217;est pas possible de le produire, nous vous en informerons d\u00e8s que possible et mettrons \u00e0 jour notre <strong>boutique caritative.<\/strong><\/p><p>Vous avez besoin de votre commande pour une date particuli\u00e8re ? \u00c9crivez-nous et nous ferons de <strong>notre mieux <\/strong>pour vous aider. \ud83e\ude84\ud83d\udcab<\/p>\t\t\t\t\t\t\t\t<\/div>\n\t\t\t\t<\/div>\n\t\t\t\t<div class=\"elementor-element elementor-element-55a7f6c elementor-widget elementor-widget-heading\" data-id=\"55a7f6c\" data-element_type=\"widget\" data-e-type=\"widget\" data-widget_type=\"heading.default\">\n\t\t\t\t<div class=\"elementor-widget-container\">\n\t\t\t\t\t<h2 class=\"elementor-heading-title elementor-size-default\">\ud83d\udcb6 Quels sont les frais d\u2019exp\u00e9dition ?<\/h2>\t\t\t\t<\/div>\n\t\t\t\t<\/div>\n\t\t\t\t<div class=\"elementor-element elementor-element-f3adb63 elementor-widget elementor-widget-text-editor\" data-id=\"f3adb63\" data-element_type=\"widget\" data-e-type=\"widget\" data-widget_type=\"text-editor.default\">\n\t\t\t\t<div class=\"elementor-widget-container\">\n\t\t\t\t\t\t\t\t\t<p>Nous savons que vous voulez conna\u00eetre les co\u00fbts avant d&#8217;effectuer votre achat, voici les d\u00e9tails !<\/p><p><strong>Livraison en Espagne et au Portugal :<\/strong><\/p><ul><li><strong>Espagne continentale et Portugal<\/strong> : <strong>8,75\u20ac<\/strong><\/li><li>Pour les livraisons dans les \u00eeles, veuillez nous contacter.<\/li><\/ul><p><strong>Livraison en Europe et dans l&#8217;Espace \u00e9conomique europ\u00e9en (par zones) :<\/strong><\/p><ul><li><strong>Zone 1<\/strong> : Allemagne, France, Luxembourg, Pays-Bas \u2013 <strong>18,75\u20ac<\/strong><\/li><li><strong>Zone 2<\/strong> : Belgique, Autriche, Italie, R\u00e9publique Tch\u00e8que \u2013 <strong>21\u20ac<\/strong><\/li><li><strong>Zone 3<\/strong> : Danemark, Irlande, Slovaquie, Pologne, Slov\u00e9nie, Hongrie \u2013 <strong>22,50\u20ac<\/strong><\/li><li><strong>Zone 4<\/strong> : Croatie, Lettonie, Su\u00e8de, Estonie, Lituanie \u2013 <strong>35,75\u20ac<\/strong><\/li><li><strong>Zone 5<\/strong> : Bulgarie, Gr\u00e8ce, Finlande, Roumanie \u2013 <strong>40,50\u20ac<\/strong><\/li><li><strong>Zone 6 : <\/strong>Bosnie-Herz\u00e9govine, Norv\u00e8ge, Serbie, Mont\u00e9n\u00e9gro, Suisse <strong>\u2013 50\u20ac<\/strong><\/li><\/ul><p>Si vous souhaitez recevoir votre commande dans une zone qui ne figure pas sur la liste, pas de probl\u00e8me ! Contactez-nous par courriel \u00e0 <strong><a href=\"mailto:info@thehippohouse.org\">info@thehippohouse.org<\/a><\/strong> ou appelez-nous au <strong>+34 931 782 359<\/strong>, et nous vous donnerons toutes les informations dont vous avez besoin.<\/p><p>N&#8217;oubliez pas que chaque centime que vous d\u00e9pensez en frais de port est utilis\u00e9 pour garantir que votre commande arrive \u00e0 temps et en toute s\u00e9curit\u00e9. <strong>Merci de votre compr\u00e9hension ! <\/strong><strong>\ud83c\udf1f<\/strong><\/p>\t\t\t\t\t\t\t\t<\/div>\n\t\t\t\t<\/div>\n\t\t\t\t<div class=\"elementor-element elementor-element-9e92c21 elementor-widget elementor-widget-heading\" data-id=\"9e92c21\" data-element_type=\"widget\" data-e-type=\"widget\" data-widget_type=\"heading.default\">\n\t\t\t\t<div class=\"elementor-widget-container\">\n\t\t\t\t\t<h2 class=\"elementor-heading-title elementor-size-default\">\ud83d\udce9 Puis-je suivre ma commande ?<\/h2>\t\t\t\t<\/div>\n\t\t\t\t<\/div>\n\t\t\t\t<div class=\"elementor-element elementor-element-5d0530d elementor-widget elementor-widget-text-editor\" data-id=\"5d0530d\" data-element_type=\"widget\" data-e-type=\"widget\" data-widget_type=\"text-editor.default\">\n\t\t\t\t<div class=\"elementor-widget-container\">\n\t\t\t\t\t\t\t\t\t<p>Bien s\u00fbr ! Une fois votre commande en route, vous recevrez un courriel avec le <strong>num\u00e9ro de suivi<\/strong>. Vous saurez ainsi exactement quand elle arrivera chez vous.<\/p>\t\t\t\t\t\t\t\t<\/div>\n\t\t\t\t<\/div>\n\t\t\t\t<div class=\"elementor-element elementor-element-8ccaf32 elementor-widget elementor-widget-heading\" data-id=\"8ccaf32\" data-element_type=\"widget\" data-e-type=\"widget\" data-widget_type=\"heading.default\">\n\t\t\t\t<div class=\"elementor-widget-container\">\n\t\t\t\t\t<h2 class=\"elementor-heading-title elementor-size-default\">\u2728 Plus qu'une livraison : vous changez des vies<\/h2>\t\t\t\t<\/div>\n\t\t\t\t<\/div>\n\t\t\t\t<div class=\"elementor-element elementor-element-edd6a81 elementor-widget elementor-widget-text-editor\" data-id=\"edd6a81\" data-element_type=\"widget\" data-e-type=\"widget\" data-widget_type=\"text-editor.default\">\n\t\t\t\t<div class=\"elementor-widget-container\">\n\t\t\t\t\t\t\t\t\t<p>N&#8217;oubliez pas qu&#8217;en choisissant de faire vos achats dans la <strong>Boutique Caritative Hippo<\/strong>, vous recevez non seulement des <strong>produits qui ont du C\u0153ur et de l&#8217;\u00c2me<\/strong>, mais vous contribuez \u00e9galement \u00e0 notre Mission : <strong>100 % des b\u00e9n\u00e9fices sont consacr\u00e9s \u00e0 la cr\u00e9ation de nouvelles ressources \u00e9ducatives et r\u00e9cr\u00e9atives pour les familles qui vivent avec l&#8217;hypoglyc\u00e9mie.<\/strong><\/p>\t\t\t\t\t\t\t\t<\/div>\n\t\t\t\t<\/div>\n\t\t\t\t<div class=\"elementor-element elementor-element-5227232 elementor-widget elementor-widget-heading\" data-id=\"5227232\" data-element_type=\"widget\" data-e-type=\"widget\" data-widget_type=\"heading.default\">\n\t\t\t\t<div class=\"elementor-widget-container\">\n\t\t\t\t\t<h2 class=\"elementor-heading-title elementor-size-default\">\ud83e\udde1 Merci de faire partie de la Famille Hippo ! \ud83e\udd9b<\/h2>\t\t\t\t<\/div>\n\t\t\t\t<\/div>\n\t\t\t\t\t<\/div>\n\t\t<\/div>\n\t\t\t\t\t<\/div>\n\t\t<\/section>\n\t\t\t\t<\/div>\n\t\t","protected":false},"excerpt":{"rendered":"<p>Envois de la Boutique Solidaire Hippo \ud83e\udd9b\ud83d\udc99 Nous voulons que votre exp\u00e9rience \u00e0 la Boutique de The Hippo House soit aussi chaleureuse et sp\u00e9ciale que notre Mission. Chaque commande que vous passez vous apporte non seulement un produit significatif, mais nous aide \u00e9galement \u00e0 continuer \u00e0 cr\u00e9er des ressources \u00e9ducatives gratuites pour les familles vivant &#8230; <a title=\"\u00c0 propos de l&#8217;exp\u00e9dition\" class=\"read-more\" href=\"https:\/\/www.thehippohouse.org\/fr\/a-propos-de-lexpedition\/\" aria-label=\"Read more about \u00c0 propos de l&#8217;exp\u00e9dition\">Leer m\u00e1s<\/a><\/p>\n","protected":false},"author":1,"featured_media":0,"parent":0,"menu_order":1,"comment_status":"closed","ping_status":"closed","template":"elementor_header_footer","meta":{"_acf_changed":false,"_seopress_robots_primary_cat":"","_seopress_titles_title":"","_seopress_titles_desc":"","_seopress_robots_index":"","footnotes":""},"class_list":["post-34863","page","type-page","status-publish"],"acf":[],"_links":{"self":[{"href":"https:\/\/www.thehippohouse.org\/fr\/wp-json\/wp\/v2\/pages\/34863","targetHints":{"allow":["GET"]}}],"collection":[{"href":"https:\/\/www.thehippohouse.org\/fr\/wp-json\/wp\/v2\/pages"}],"about":[{"href":"https:\/\/www.thehippohouse.org\/fr\/wp-json\/wp\/v2\/types\/page"}],"author":[{"embeddable":true,"href":"https:\/\/www.thehippohouse.org\/fr\/wp-json\/wp\/v2\/users\/1"}],"replies":[{"embeddable":true,"href":"https:\/\/www.thehippohouse.org\/fr\/wp-json\/wp\/v2\/comments?post=34863"}],"version-history":[{"count":0,"href":"https:\/\/www.thehippohouse.org\/fr\/wp-json\/wp\/v2\/pages\/34863\/revisions"}],"wp:attachment":[{"href":"https:\/\/www.thehippohouse.org\/fr\/wp-json\/wp\/v2\/media?parent=34863"}],"curies":[{"name":"wp","href":"https:\/\/api.w.org\/{rel}","templated":true}]}}