{"id":34925,"date":"2024-12-11T18:04:05","date_gmt":"2024-12-11T18:04:05","guid":{"rendered":"https:\/\/www.thehippohouse.org\/?page_id=34925"},"modified":"2024-12-11T18:19:04","modified_gmt":"2024-12-11T18:19:04","slug":"comment-acheter","status":"publish","type":"page","link":"https:\/\/www.thehippohouse.org\/fr\/comment-acheter\/","title":{"rendered":"Comment acheter?"},"content":{"rendered":"\t\t<div data-elementor-type=\"wp-page\" data-elementor-id=\"34925\" class=\"elementor elementor-34925 elementor-34914\" data-elementor-post-type=\"page\">\n\t\t\t\t\t\t<section class=\"elementor-section elementor-top-section elementor-element elementor-element-78163347 elementor-section-stretched elementor-section-boxed elementor-section-height-default elementor-section-height-default\" data-id=\"78163347\" data-element_type=\"section\" data-e-type=\"section\" data-settings=\"{&quot;stretch_section&quot;:&quot;section-stretched&quot;}\">\n\t\t\t\t\t\t<div class=\"elementor-container elementor-column-gap-default\">\n\t\t\t\t\t<div class=\"elementor-column elementor-col-100 elementor-top-column elementor-element elementor-element-67487952\" data-id=\"67487952\" data-element_type=\"column\" data-e-type=\"column\">\n\t\t\t<div class=\"elementor-widget-wrap elementor-element-populated\">\n\t\t\t\t\t\t<div class=\"elementor-element elementor-element-6dbde6ab elementor-widget elementor-widget-heading\" data-id=\"6dbde6ab\" data-element_type=\"widget\" data-e-type=\"widget\" data-widget_type=\"heading.default\">\n\t\t\t\t<div class=\"elementor-widget-container\">\n\t\t\t\t\t<h1 class=\"elementor-heading-title elementor-size-default\">Comment acheter dans la Boutique Solidaire Hippo ? \ud83e\udd9b\ud83d\udc99<\/h1>\t\t\t\t<\/div>\n\t\t\t\t<\/div>\n\t\t\t\t<div class=\"elementor-element elementor-element-2405d8c0 elementor-widget elementor-widget-text-editor\" data-id=\"2405d8c0\" data-element_type=\"widget\" data-e-type=\"widget\" data-widget_type=\"text-editor.default\">\n\t\t\t\t<div class=\"elementor-widget-container\">\n\t\t\t\t\t\t\t\t\t<p>Chez <strong>The Hippo House<\/strong>, nous avons con\u00e7u un processus d&#8217;achat simple et s\u00e9curis\u00e9 pour que vous puissiez remplir votre panier de <strong>solidarit\u00e9<\/strong> en quelques \u00e9tapes seulement. Voici tout ce que vous devez savoir pour passer votre commande et contribuer \u00e0 notre <strong>Mission<\/strong> : cr\u00e9er des <strong>ressources \u00e9ducatives et ludiques gratuites<\/strong> pour les familles vivant avec l\u2019<strong>hypoglyc\u00e9mie<\/strong>.<\/p>\t\t\t\t\t\t\t\t<\/div>\n\t\t\t\t<\/div>\n\t\t\t\t<div class=\"elementor-element elementor-element-48f91675 elementor-widget elementor-widget-heading\" data-id=\"48f91675\" data-element_type=\"widget\" data-e-type=\"widget\" data-widget_type=\"heading.default\">\n\t\t\t\t<div class=\"elementor-widget-container\">\n\t\t\t\t\t<h2 class=\"elementor-heading-title elementor-size-default\">\ud83d\udce6 \u00c9tape 1 : Ajoutez des articles \u00e0 votre panier<\/h2>\t\t\t\t<\/div>\n\t\t\t\t<\/div>\n\t\t\t\t<div class=\"elementor-element elementor-element-68c5e349 elementor-widget elementor-widget-text-editor\" data-id=\"68c5e349\" data-element_type=\"widget\" data-e-type=\"widget\" data-widget_type=\"text-editor.default\">\n\t\t\t\t<div class=\"elementor-widget-container\">\n\t\t\t\t\t\t\t\t\t<p>Un <strong>produit solidaire<\/strong> vous <strong>a tap\u00e9 dans l&#8217;\u0153il<\/strong> ? \ud83d\udc8c C\u2019est tr\u00e8s facile de l\u2019ajouter \u00e0 votre <strong>panier<\/strong> ! Il suffit de cliquer sur le bouton <strong>\u00ab\u00a0Ajouter au panier\u00a0\u00bb<\/strong> et l&#8217;article sera automatiquement sauvegard\u00e9 dans votre panier.<\/p><p>Vous pouvez continuer \u00e0 naviguer dans notre <strong>boutique<\/strong> pour ajouter d&#8217;autres <strong>produits<\/strong>, ou acc\u00e9der directement au <strong>\u00ab Panier \u00bb <\/strong>via le haut de la page.<\/p>\t\t\t\t\t\t\t\t<\/div>\n\t\t\t\t<\/div>\n\t\t\t\t<div class=\"elementor-element elementor-element-945f6fd elementor-widget elementor-widget-heading\" data-id=\"945f6fd\" data-element_type=\"widget\" data-e-type=\"widget\" data-widget_type=\"heading.default\">\n\t\t\t\t<div class=\"elementor-widget-container\">\n\t\t\t\t\t<h2 class=\"elementor-heading-title elementor-size-default\">\ud83d\uded2 \u00c9tape 2 : V\u00e9rifiez votre panier<\/h2>\t\t\t\t<\/div>\n\t\t\t\t<\/div>\n\t\t\t\t<div class=\"elementor-element elementor-element-2c9b5136 elementor-widget elementor-widget-text-editor\" data-id=\"2c9b5136\" data-element_type=\"widget\" data-e-type=\"widget\" data-widget_type=\"text-editor.default\">\n\t\t\t\t<div class=\"elementor-widget-container\">\n\t\t\t\t\t\t\t\t\t<p>Sur la <strong>page du panier<\/strong>, vous trouverez une liste d\u00e9taill\u00e9e de tous les articles que vous avez s\u00e9lectionn\u00e9s. Vous y verrez :<\/p><ul><li><strong>Photo <\/strong>du produit.<\/li><li>Nom et <strong>description<\/strong>.<\/li><li><strong>Prix <\/strong>unitaire et<strong> quantit\u00e9<\/strong>.<\/li><li><strong>Montant <\/strong>total.<\/li><\/ul><p>\u00c0 partir de l\u00e0, vous pouvez :<\/p><ul><li><strong>Ajuster <\/strong>les quantit\u00e9s avec les fl\u00e8ches \u00e0 c\u00f4t\u00e9 du nombre.<\/li><li>Supprimer tout <strong>produit<\/strong> dont vous ne voulez plus.<\/li><li>Entrer un <strong>code de r\u00e9duction<\/strong> (si vous en avez un). Tapez simplement votre code et cliquez sur <strong>\u00ab Appliquer le coupon \u00bb<\/strong> !<\/li><\/ul>\t\t\t\t\t\t\t\t<\/div>\n\t\t\t\t<\/div>\n\t\t\t\t<div class=\"elementor-element elementor-element-25f1002b elementor-widget elementor-widget-heading\" data-id=\"25f1002b\" data-element_type=\"widget\" data-e-type=\"widget\" data-widget_type=\"heading.default\">\n\t\t\t\t<div class=\"elementor-widget-container\">\n\t\t\t\t\t<h2 class=\"elementor-heading-title elementor-size-default\">\ud83e\uddd1\u200d\ud83d\udcbb \u00c9tape 3 : Connexion ou inscription<\/h2>\t\t\t\t<\/div>\n\t\t\t\t<\/div>\n\t\t\t\t<div class=\"elementor-element elementor-element-5f431073 elementor-widget elementor-widget-text-editor\" data-id=\"5f431073\" data-element_type=\"widget\" data-e-type=\"widget\" data-widget_type=\"text-editor.default\">\n\t\t\t\t<div class=\"elementor-widget-container\">\n\t\t\t\t\t\t\t\t\t<p>Si c&#8217;est votre <strong>premier achat<\/strong> dans la <strong>Boutique Solidaire Hippo<\/strong>, vous devrez cr\u00e9er un compte. Nous ne demanderons que quelques informations de base comme votre <strong>nom<\/strong>, votre <strong>adresse \u00e9lectronique<\/strong>, votre <strong>adresse postale<\/strong> et un <strong>mot de passe<\/strong>. Nous promettons de traiter vos donn\u00e9es avec <strong>Soin<\/strong> et conform\u00e9ment \u00e0 la loi ! Consultez notre <a href=\"https:\/\/www.thehippohouse.org\/fr\/politique-de-confidentialite-et-de-protection-des-donnees-de-the-hippo-house\/\" target=\"_blank\" rel=\"noopener\"><strong>Politique de confidentialit\u00e9 et de Protection des Donn\u00e9es<\/strong><\/a> pour plus de d\u00e9tails.<\/p><p><strong>Vous avez d\u00e9j\u00e0 un compte ?<\/strong> Parfait ! <strong>Connectez-vous<\/strong> simplement avec votre identifiant et votre mot de passe.<\/p>\t\t\t\t\t\t\t\t<\/div>\n\t\t\t\t<\/div>\n\t\t\t\t<div class=\"elementor-element elementor-element-220bae7a elementor-widget elementor-widget-heading\" data-id=\"220bae7a\" data-element_type=\"widget\" data-e-type=\"widget\" data-widget_type=\"heading.default\">\n\t\t\t\t<div class=\"elementor-widget-container\">\n\t\t\t\t\t<h2 class=\"elementor-heading-title elementor-size-default\">\ud83d\udccd \u00c9tape 4 : Saisissez vos informations de livraison<\/h2>\t\t\t\t<\/div>\n\t\t\t\t<\/div>\n\t\t\t\t<div class=\"elementor-element elementor-element-16c31f29 elementor-widget elementor-widget-text-editor\" data-id=\"16c31f29\" data-element_type=\"widget\" data-e-type=\"widget\" data-widget_type=\"text-editor.default\">\n\t\t\t\t<div class=\"elementor-widget-container\">\n\t\t\t\t\t\t\t\t\t<p>Choisissez <strong>l\u2019adresse<\/strong> \u00e0 laquelle vous souhaitez recevoir votre <strong>commande<\/strong>. Par d\u00e9faut, nous utiliserons l&#8217;adresse que vous avez fournie lors de l\u2019inscription, mais vous pouvez la modifier si n\u00e9cessaire. Nous voulons que votre commande arrive exactement l\u00e0 o\u00f9 vous en avez besoin.<\/p>\t\t\t\t\t\t\t\t<\/div>\n\t\t\t\t<\/div>\n\t\t\t\t<div class=\"elementor-element elementor-element-cdd04c3 elementor-widget elementor-widget-heading\" data-id=\"cdd04c3\" data-element_type=\"widget\" data-e-type=\"widget\" data-widget_type=\"heading.default\">\n\t\t\t\t<div class=\"elementor-widget-container\">\n\t\t\t\t\t<h2 class=\"elementor-heading-title elementor-size-default\">\ud83d\udcb3 \u00c9tape 5 : Effectuez votre paiement<\/h2>\t\t\t\t<\/div>\n\t\t\t\t<\/div>\n\t\t\t\t<div class=\"elementor-element elementor-element-32838297 elementor-widget elementor-widget-text-editor\" data-id=\"32838297\" data-element_type=\"widget\" data-e-type=\"widget\" data-widget_type=\"text-editor.default\">\n\t\t\t\t<div class=\"elementor-widget-container\">\n\t\t\t\t\t\t\t\t\t<p>C&#8217;est le moment de <strong>confirmer votre achat<\/strong> et de choisir votre mode de paiement. Nous proposons des <strong>options s\u00e9curis\u00e9es et flexibles<\/strong> pour que vous puissiez choisir celle qui vous convient le mieux :<\/p><ul><li><strong>Carte de cr\u00e9dit ou de d\u00e9bit : <\/strong>Payez en toute s\u00e9curit\u00e9 via <strong>WooPayments<\/strong>, soutenu par <strong>Stripe<\/strong>. Il vous suffit d\u2019entrer les informations de votre carte.<\/li><li><strong>Paypal:<\/strong> Si vous avez un compte Paypal, vous pouvez utiliser votre <strong>solde<\/strong> ou une carte li\u00e9e.<\/li><li><strong>Virement bancaire<\/strong> : Vous recevrez un courriel avec nos coordonn\u00e9es bancaires pour effectuer le <strong>paiement<\/strong>. Veuillez noter que les virements peuvent prendre quelques jours, et nous exp\u00e9dierons votre commande <strong>d\u00e8s que<\/strong> le montant sera visible sur notre compte. Nous promettons de l&#8217;envoyer<strong> d\u00e8s que possible <\/strong>une fois confirm\u00e9 !<\/li><\/ul><p>\ud83d\udd12 Dans la <strong>Boutique Solidaire Hippo<\/strong>, nous n&#8217;avons pas acc\u00e8s \u00e0 vos informations de carte ou de compte. Toutes les <strong>transactions<\/strong> sont trait\u00e9es <strong>en toute s\u00e9curit\u00e9<\/strong> via des <strong>plateformes de paiement de confiance<\/strong> comme Woopayments, Paypal et Stripe. Votre s\u00e9curit\u00e9 est notre priorit\u00e9 ! \ud83d\udc99<\/p>\t\t\t\t\t\t\t\t<\/div>\n\t\t\t\t<\/div>\n\t\t\t\t<div class=\"elementor-element elementor-element-47e5c41 elementor-widget elementor-widget-heading\" data-id=\"47e5c41\" data-element_type=\"widget\" data-e-type=\"widget\" data-widget_type=\"heading.default\">\n\t\t\t\t<div class=\"elementor-widget-container\">\n\t\t\t\t\t<h2 class=\"elementor-heading-title elementor-size-default\">\ud83d\udce9 \u00c9tape 6 : Confirmation de votre commande<\/h2>\t\t\t\t<\/div>\n\t\t\t\t<\/div>\n\t\t\t\t<div class=\"elementor-element elementor-element-db44f3a elementor-widget elementor-widget-text-editor\" data-id=\"db44f3a\" data-element_type=\"widget\" data-e-type=\"widget\" data-widget_type=\"text-editor.default\">\n\t\t\t\t<div class=\"elementor-widget-container\">\n\t\t\t\t\t\t\t\t\t<p>Une fois le paiement effectu\u00e9, vous recevrez un e-mail de <strong>confirmation<\/strong> contenant tous les <strong>d\u00e9tails<\/strong> de votre achat. Vous pouvez conserver cet e-mail comme re\u00e7u. Si vous avez des questions ou besoin de plus d&#8217;informations, n&#8217;h\u00e9sitez pas \u00e0 nous contacter \u00e0 <strong><a href=\"mailto:info@thehippohouse.org\">info@thehippohouse.org<\/a><\/strong> ou au <strong>+34 931 782 359.<\/strong><\/p>\t\t\t\t\t\t\t\t<\/div>\n\t\t\t\t<\/div>\n\t\t\t\t<div class=\"elementor-element elementor-element-1fec2fbd elementor-widget elementor-widget-heading\" data-id=\"1fec2fbd\" data-element_type=\"widget\" data-e-type=\"widget\" data-widget_type=\"heading.default\">\n\t\t\t\t<div class=\"elementor-widget-container\">\n\t\t\t\t\t<h2 class=\"elementor-heading-title elementor-size-default\">\ud83e\udde1 Merci de faire partie de la Famille Hippo\ud83e\udd9b<\/h2>\t\t\t\t<\/div>\n\t\t\t\t<\/div>\n\t\t\t\t<div class=\"elementor-element elementor-element-fe0f131 elementor-widget elementor-widget-text-editor\" data-id=\"fe0f131\" data-element_type=\"widget\" data-e-type=\"widget\" data-widget_type=\"text-editor.default\">\n\t\t\t\t<div class=\"elementor-widget-container\">\n\t\t\t\t\t\t\t\t\t<p>Rappelez-vous que <strong>100% des b\u00e9n\u00e9fices<\/strong> <strong>de votre achat dans la Boutique Solidaire Hippo sont d\u00e9di\u00e9s \u00e0 la cr\u00e9ation de ressources \u00e9ducatives gratuites pour soutenir les familles vivant avec l\u2019hypoglyc\u00e9mie.<\/strong><\/p>\t\t\t\t\t\t\t\t<\/div>\n\t\t\t\t<\/div>\n\t\t\t\t<div class=\"elementor-element elementor-element-d5b7802 elementor-widget elementor-widget-heading\" data-id=\"d5b7802\" data-element_type=\"widget\" data-e-type=\"widget\" data-widget_type=\"heading.default\">\n\t\t\t\t<div class=\"elementor-widget-container\">\n\t\t\t\t\t<h2 class=\"elementor-heading-title elementor-size-default\">\ud83d\udcab Chaque clic dans notre boutique est un doux grain de sucre pour soutenir les familles ! \ud83d\udcab<\/h2>\t\t\t\t<\/div>\n\t\t\t\t<\/div>\n\t\t\t\t\t<\/div>\n\t\t<\/div>\n\t\t\t\t\t<\/div>\n\t\t<\/section>\n\t\t\t\t<\/div>\n\t\t","protected":false},"excerpt":{"rendered":"<p>Comment acheter dans la Boutique Solidaire Hippo ? \ud83e\udd9b\ud83d\udc99 Chez The Hippo House, nous avons con\u00e7u un processus d&#8217;achat simple et s\u00e9curis\u00e9 pour que vous puissiez remplir votre panier de solidarit\u00e9 en quelques \u00e9tapes seulement. Voici tout ce que vous devez savoir pour passer votre commande et contribuer \u00e0 notre Mission : cr\u00e9er des ressources &#8230; <a title=\"Comment acheter?\" class=\"read-more\" href=\"https:\/\/www.thehippohouse.org\/fr\/comment-acheter\/\" aria-label=\"Read more about Comment acheter?\">Leer m\u00e1s<\/a><\/p>\n","protected":false},"author":1,"featured_media":0,"parent":0,"menu_order":2,"comment_status":"closed","ping_status":"closed","template":"elementor_header_footer","meta":{"_acf_changed":false,"_seopress_robots_primary_cat":"","_seopress_titles_title":"","_seopress_titles_desc":"","_seopress_robots_index":"","footnotes":""},"class_list":["post-34925","page","type-page","status-publish"],"acf":[],"_links":{"self":[{"href":"https:\/\/www.thehippohouse.org\/fr\/wp-json\/wp\/v2\/pages\/34925","targetHints":{"allow":["GET"]}}],"collection":[{"href":"https:\/\/www.thehippohouse.org\/fr\/wp-json\/wp\/v2\/pages"}],"about":[{"href":"https:\/\/www.thehippohouse.org\/fr\/wp-json\/wp\/v2\/types\/page"}],"author":[{"embeddable":true,"href":"https:\/\/www.thehippohouse.org\/fr\/wp-json\/wp\/v2\/users\/1"}],"replies":[{"embeddable":true,"href":"https:\/\/www.thehippohouse.org\/fr\/wp-json\/wp\/v2\/comments?post=34925"}],"version-history":[{"count":0,"href":"https:\/\/www.thehippohouse.org\/fr\/wp-json\/wp\/v2\/pages\/34925\/revisions"}],"wp:attachment":[{"href":"https:\/\/www.thehippohouse.org\/fr\/wp-json\/wp\/v2\/media?parent=34925"}],"curies":[{"name":"wp","href":"https:\/\/api.w.org\/{rel}","templated":true}]}}