{"id":35056,"date":"2024-12-13T09:26:14","date_gmt":"2024-12-13T09:26:14","guid":{"rendered":"https:\/\/www.thehippohouse.org\/?page_id=35056"},"modified":"2024-12-13T12:33:33","modified_gmt":"2024-12-13T12:33:33","slug":"conditions-generales-de-vente","status":"publish","type":"page","link":"https:\/\/www.thehippohouse.org\/fr\/conditions-generales-de-vente\/","title":{"rendered":"Conditions g\u00e9n\u00e9rales de vente"},"content":{"rendered":"\t\t<div data-elementor-type=\"wp-page\" data-elementor-id=\"35056\" class=\"elementor elementor-35056 elementor-35030\" data-elementor-post-type=\"page\">\n\t\t\t\t\t\t<section class=\"elementor-section elementor-top-section elementor-element elementor-element-1c50a0fa elementor-section-stretched elementor-section-boxed elementor-section-height-default elementor-section-height-default\" data-id=\"1c50a0fa\" data-element_type=\"section\" data-e-type=\"section\" data-settings=\"{&quot;stretch_section&quot;:&quot;section-stretched&quot;}\">\n\t\t\t\t\t\t<div class=\"elementor-container elementor-column-gap-default\">\n\t\t\t\t\t<div class=\"elementor-column elementor-col-100 elementor-top-column elementor-element elementor-element-39162af4\" data-id=\"39162af4\" data-element_type=\"column\" data-e-type=\"column\">\n\t\t\t<div class=\"elementor-widget-wrap elementor-element-populated\">\n\t\t\t\t\t\t<div class=\"elementor-element elementor-element-2be54a88 elementor-widget elementor-widget-heading\" data-id=\"2be54a88\" data-element_type=\"widget\" data-e-type=\"widget\" data-widget_type=\"heading.default\">\n\t\t\t\t<div class=\"elementor-widget-container\">\n\t\t\t\t\t<h1 class=\"elementor-heading-title elementor-size-default\">Conditions G\u00e9n\u00e9rales de Vente de la Boutique Solidaire Hippo\ud83e\udd9b\ud83d\udc99\n<\/h1>\t\t\t\t<\/div>\n\t\t\t\t<\/div>\n\t\t\t\t<div class=\"elementor-element elementor-element-7e1e406d elementor-widget elementor-widget-text-editor\" data-id=\"7e1e406d\" data-element_type=\"widget\" data-e-type=\"widget\" data-widget_type=\"text-editor.default\">\n\t\t\t\t<div class=\"elementor-widget-container\">\n\t\t\t\t\t\t\t\t\t<p>Bienvenue dans la <strong>Boutique Solidaire Hippo<\/strong> ! Ici, chaque achat ne vous rapproche pas seulement de <strong>produits avec de l&#8217;\u00c2me et du C\u0153ur<\/strong>, mais aide \u00e9galement \u00e0 accomplir notre <strong>Mission<\/strong> : cr\u00e9er des <strong>ressources \u00e9ducatives gratuites<\/strong> pour soutenir les familles vivant avec <strong>l&#8217;hypoglyc\u00e9mie<\/strong>. \ud83c\udf1f<\/p><p>Ces conditions expliquent tout ce que vous devez savoir sur vos <strong>commandes, paiements, retours<\/strong> et plus encore.<\/p>\t\t\t\t\t\t\t\t<\/div>\n\t\t\t\t<\/div>\n\t\t\t\t<div class=\"elementor-element elementor-element-4ca583ed elementor-widget elementor-widget-heading\" data-id=\"4ca583ed\" data-element_type=\"widget\" data-e-type=\"widget\" data-widget_type=\"heading.default\">\n\t\t\t\t<div class=\"elementor-widget-container\">\n\t\t\t\t\t<h2 class=\"elementor-heading-title elementor-size-default\">Pr\u00e9ambule<\/h2>\t\t\t\t<\/div>\n\t\t\t\t<\/div>\n\t\t\t\t<div class=\"elementor-element elementor-element-645029b7 elementor-widget elementor-widget-text-editor\" data-id=\"645029b7\" data-element_type=\"widget\" data-e-type=\"widget\" data-widget_type=\"text-editor.default\">\n\t\t\t\t<div class=\"elementor-widget-container\">\n\t\t\t\t\t\t\t\t\t<p>Ces <strong>conditions g\u00e9n\u00e9rales<\/strong> s&#8217;appliquent exclusivement <strong>aux produits commercialis\u00e9s directement par The Hippo House<\/strong>. Si vous voyez d&#8217;autres produits ou services mentionn\u00e9s sur notre site mais non g\u00e9r\u00e9s directement par nous, ils ne sont pas soumis \u00e0 ces conditions.<\/p><p>Entre vous, le <strong>CLIENT<\/strong>, et nous, <a href=\"https:\/\/www.thehippohouse.org\/fr\/page-daccueil\/le-partenariat\/\" target=\"_blank\" rel=\"noopener\"><strong>L&#8217;ASSOCIATION HIPPO HOUSE<\/strong> <\/a>(CIF G16496077), nous \u00e9tablissons ces conditions pour que tout soit <strong>clair et transparent.<\/strong><\/p><p>Nous exp\u00e9dions dans presque le monde entier \ud83c\udf0d, tant que les frais de port d\u00e9taill\u00e9s dans la section <a href=\"https:\/\/www.thehippohouse.org\/fr\/boutique-caritative\/a-propos-de-lexpedition\/\" target=\"_blank\" rel=\"noopener\"><strong>&#8220;\u00c0 propos des exp\u00e9ditions&#8221;<\/strong><\/a> sont couverts. Ces conditions sont r\u00e9serv\u00e9es aux consommateurs ; <strong><u>la revente n&#8217;est pas autoris\u00e9e.<\/u><\/strong><\/p><p>Passer une <strong>commande<\/strong> dans la <strong>Boutique Solidaire Hippo<\/strong> implique que vous acceptez ces conditions, ainsi que toutes autres sp\u00e9cifi\u00e9es dans la commande elle-m\u00eame.<\/p>\t\t\t\t\t\t\t\t<\/div>\n\t\t\t\t<\/div>\n\t\t\t\t<div class=\"elementor-element elementor-element-d4f1bea elementor-widget elementor-widget-heading\" data-id=\"d4f1bea\" data-element_type=\"widget\" data-e-type=\"widget\" data-widget_type=\"heading.default\">\n\t\t\t\t<div class=\"elementor-widget-container\">\n\t\t\t\t\t<h2 class=\"elementor-heading-title elementor-size-default\">1. Objet<\/h2>\t\t\t\t<\/div>\n\t\t\t\t<\/div>\n\t\t\t\t<div class=\"elementor-element elementor-element-2014762c elementor-widget elementor-widget-text-editor\" data-id=\"2014762c\" data-element_type=\"widget\" data-e-type=\"widget\" data-widget_type=\"text-editor.default\">\n\t\t\t\t<div class=\"elementor-widget-container\">\n\t\t\t\t\t\t\t\t\t<p>Ces <strong>conditions<\/strong> ont pour but de d\u00e9finir notre relation commerciale, de la r\u00e9alisation de la commande, le paiement, la livraison et le service apr\u00e8s-vente. Nous voulons que votre exp\u00e9rience soit incroyable !<\/p>\t\t\t\t\t\t\t\t<\/div>\n\t\t\t\t<\/div>\n\t\t\t\t<div class=\"elementor-element elementor-element-7931276f elementor-widget elementor-widget-heading\" data-id=\"7931276f\" data-element_type=\"widget\" data-e-type=\"widget\" data-widget_type=\"heading.default\">\n\t\t\t\t<div class=\"elementor-widget-container\">\n\t\t\t\t\t<h2 class=\"elementor-heading-title elementor-size-default\">2. Commandes<\/h2>\t\t\t\t<\/div>\n\t\t\t\t<\/div>\n\t\t\t\t<div class=\"elementor-element elementor-element-6651ff4f elementor-widget elementor-widget-text-editor\" data-id=\"6651ff4f\" data-element_type=\"widget\" data-e-type=\"widget\" data-widget_type=\"text-editor.default\">\n\t\t\t\t<div class=\"elementor-widget-container\">\n\t\t\t\t\t\t\t\t\t<p>Passer une commande dans la <strong>Boutique Solidaire Hippo<\/strong> est tr\u00e8s simple, nous vous expliquons tout !<\/p><p>Vous pouvez passer votre commande de la mani\u00e8re suivante :<\/p><ul><li><strong>Sur notre site web<\/strong> (recommand\u00e9), en visitant la page <a href=\"https:\/\/www.thehippohouse.org\/fr\/\" target=\"_blank\" rel=\"noopener\"><strong>thehippohouse.org<\/strong><\/a> et en suivant la proc\u00e9dure dans la section<a href=\"https:\/\/www.thehippohouse.org\/fr\/boutique-caritative\/comment-acheter\/\" target=\"_blank\" rel=\"noopener\"> <strong>&#8220;Comment acheter&#8221;<\/strong><\/a>.<\/li><li><strong>Par e-mail<\/strong>, en nous envoyant un message \u00e0 <strong><a href=\"mailto:info@thehippohouse.org\">info@thehippohouse.org<\/a>.<\/strong><\/li><\/ul><p>Lorsque vous passez la commande, vous devrez nous fournir certaines informations personnelles pour pouvoir la traiter, sauf si vous avez d\u00e9j\u00e0 un <strong>compte client<\/strong> avec nous.<\/p><p>En passant la commande, le <strong>CLIENT<\/strong> accepte tous les prix, la description des produits et les conditions de vente. Si un produit est indisponible, nous vous en informerons d\u00e8s que possible.<\/p><p>Vous trouverez des informations d\u00e9taill\u00e9es sur le processus d&#8217;achat dans la section <a href=\"https:\/\/www.thehippohouse.org\/fr\/boutique-caritative\/comment-acheter\/\" target=\"_blank\" rel=\"noopener\"><strong>&#8220;Comment acheter&#8221;<\/strong><\/a> de notre site web.<\/p>\t\t\t\t\t\t\t\t<\/div>\n\t\t\t\t<\/div>\n\t\t\t\t<div class=\"elementor-element elementor-element-1e785175 elementor-widget elementor-widget-heading\" data-id=\"1e785175\" data-element_type=\"widget\" data-e-type=\"widget\" data-widget_type=\"heading.default\">\n\t\t\t\t<div class=\"elementor-widget-container\">\n\t\t\t\t\t<h2 class=\"elementor-heading-title elementor-size-default\">3. Livraison<\/h2>\t\t\t\t<\/div>\n\t\t\t\t<\/div>\n\t\t\t\t<div class=\"elementor-element elementor-element-736dda65 elementor-widget elementor-widget-text-editor\" data-id=\"736dda65\" data-element_type=\"widget\" data-e-type=\"widget\" data-widget_type=\"text-editor.default\">\n\t\t\t\t<div class=\"elementor-widget-container\">\n\t\t\t\t\t\t\t\t\t<p>Nous nous engageons \u00e0 exp\u00e9dier les <strong>produits disponibles en stock<\/strong> aussi rapidement que possible. Cependant, si l&#8217;un des produits est en rupture de stock ou en production, nous vous informerons de sa disponibilit\u00e9 et du <strong>d\u00e9lai estim\u00e9<\/strong> de livraison.<\/p><p>Les <strong>livraisons<\/strong> sont effectu\u00e9es du <strong>lundi au vendredi,<\/strong> jours ouvrables, \u00e0 l&#8217;adresse que vous nous indiquez. Si vous avez des questions ou des demandes sp\u00e9ciales, d\u00eetes-nous et nous nous en occupons avec plaisir ! \ud83d\ude0a<\/p><p><strong>Les d\u00e9lais estim\u00e9s de livraison<\/strong> (une fois votre commande trait\u00e9e) :<\/p><ul><li><strong>48\/72 heures<\/strong> (Espagne P\u00e9ninsulaire et Portugal).<\/li><li><strong>4\/10 jours<\/strong> (Union Europ\u00e9enne et Espace \u00c9conomique Europ\u00e9en).<\/li><li><strong>7\/25 jours<\/strong> (Reste du Monde).<\/li><\/ul><p>Si un <strong>produit<\/strong> n&#8217;est pas disponible et ne peut pas \u00eatre r\u00e9approvisionn\u00e9, nous vous en informerons et proc\u00e9derons \u00e0 vous rembourser imm\u00e9diatement. Ne vous inqui\u00e9tez pas, tout sera r\u00e9solu rapidement !<\/p><p>Vous trouverez toutes les informations sur les exp\u00e9ditions dans la section <a href=\"https:\/\/www.thehippohouse.org\/fr\/boutique-caritative\/a-propos-de-lexpedition\/\" target=\"_blank\" rel=\"noopener\"><strong>&#8221; \u00c0 propos des exp\u00e9ditions &#8220;<\/strong><\/a> de notre site web.<\/p>\t\t\t\t\t\t\t\t<\/div>\n\t\t\t\t<\/div>\n\t\t\t\t<div class=\"elementor-element elementor-element-31a4eedd elementor-widget elementor-widget-heading\" data-id=\"31a4eedd\" data-element_type=\"widget\" data-e-type=\"widget\" data-widget_type=\"heading.default\">\n\t\t\t\t<div class=\"elementor-widget-container\">\n\t\t\t\t\t<h2 class=\"elementor-heading-title elementor-size-default\">4. Paiement<\/h2>\t\t\t\t<\/div>\n\t\t\t\t<\/div>\n\t\t\t\t<div class=\"elementor-element elementor-element-48234685 elementor-widget elementor-widget-text-editor\" data-id=\"48234685\" data-element_type=\"widget\" data-e-type=\"widget\" data-widget_type=\"text-editor.default\">\n\t\t\t\t<div class=\"elementor-widget-container\">\n\t\t\t\t\t\t\t\t\t<p>Nous offrons diff\u00e9rentes <strong>options de paiement s\u00fbres<\/strong> et pratiques pour vous :<\/p><ul><li><strong>Paiement par carte via WooPayments (Stripe<\/strong>), qui vous permet de payer par carte de d\u00e9bit ou de cr\u00e9dit de mani\u00e8re s\u00e9curis\u00e9e. Ne vous inqui\u00e9tez pas, nous n&#8217;avons pas acc\u00e8s \u00e0 vos informations bancaires ! \ud83d\udcb3<\/li><li><strong>Paiement par PayPal,<\/strong> si vous avez un compte, vous pouvez payer directement avec votre solde ou votre carte li\u00e9e.<\/li><li><strong>Paiement par virement bancaire.<\/strong> Dans ce cas, nous vous enverrons les d\u00e9tails de notre compte pour que vous puissiez effectuer le virement. Sachez que les virements peuvent prendre quelques jours. D\u00e8s que nous recevons le paiement, nous traitons votre commande ! \u23f3<\/li><\/ul><p>Vous trouverez toutes les informations d\u00e9taill\u00e9es sur les options de paiement dans la section <a href=\"https:\/\/www.thehippohouse.org\/fr\/boutique-caritative\/comment-acheter\/\" target=\"_blank\" rel=\"noopener\"><strong>&#8221; Comment acheter &#8220;<\/strong><\/a> de notre site web.<\/p>\t\t\t\t\t\t\t\t<\/div>\n\t\t\t\t<\/div>\n\t\t\t\t<div class=\"elementor-element elementor-element-cb16e93 elementor-widget elementor-widget-heading\" data-id=\"cb16e93\" data-element_type=\"widget\" data-e-type=\"widget\" data-widget_type=\"heading.default\">\n\t\t\t\t<div class=\"elementor-widget-container\">\n\t\t\t\t\t<h2 class=\"elementor-heading-title elementor-size-default\">5. Prix <\/h2>\t\t\t\t<\/div>\n\t\t\t\t<\/div>\n\t\t\t\t<div class=\"elementor-element elementor-element-5536b7c elementor-widget elementor-widget-text-editor\" data-id=\"5536b7c\" data-element_type=\"widget\" data-e-type=\"widget\" data-widget_type=\"text-editor.default\">\n\t\t\t\t<div class=\"elementor-widget-container\">\n\t\t\t\t\t\t\t\t\t<p>Par d\u00e9faut, les prix affich\u00e9s sur notre site incluent les taxes l\u00e9gales en Espagne. <strong>Sans surprises !<\/strong> \ud83d\ude0e Le prix final de chaque commande peut inclure un suppl\u00e9ment pour les frais d&#8217;emballage et de livraison, en fonction de la destination de la commande.<\/p><p>Vous pouvez consulter les co\u00fbts suppl\u00e9mentaires dans la section <a href=\"https:\/\/www.thehippohouse.org\/fr\/boutique-caritative\/a-propos-de-lexpedition\/\" target=\"_blank\" rel=\"noopener\"><strong>&#8221; \u00c0 propos des exp\u00e9ditions &#8220;<\/strong><\/a> de notre site web.<\/p>\t\t\t\t\t\t\t\t<\/div>\n\t\t\t\t<\/div>\n\t\t\t\t<div class=\"elementor-element elementor-element-772a72d elementor-widget elementor-widget-heading\" data-id=\"772a72d\" data-element_type=\"widget\" data-e-type=\"widget\" data-widget_type=\"heading.default\">\n\t\t\t\t<div class=\"elementor-widget-container\">\n\t\t\t\t\t<h2 class=\"elementor-heading-title elementor-size-default\">6. Droit de renonciation et retour<\/h2>\t\t\t\t<\/div>\n\t\t\t\t<\/div>\n\t\t\t\t<div class=\"elementor-element elementor-element-423f675 elementor-widget elementor-widget-text-editor\" data-id=\"423f675\" data-element_type=\"widget\" data-e-type=\"widget\" data-widget_type=\"text-editor.default\">\n\t\t\t\t<div class=\"elementor-widget-container\">\n\t\t\t\t\t\t\t\t\t<p>Nous savons que parfois les choses ne se passent pas comme pr\u00e9vu. Pas de souci,<strong> vous avez 7 jours<\/strong> <strong>apr\u00e8s la r\u00e9ception<\/strong> de la commande pour retourner un produit sans p\u00e9nalit\u00e9. Assurez-vous simplement que l&#8217;article est en <strong>parfait \u00e9tat<\/strong>, avec les \u00e9tiquettes intactes.<\/p><p><span style=\"text-decoration: underline;\"><strong>Rappelez-vous, les produits personnalis\u00e9s ou consommables ne peuvent pas \u00eatre retourn\u00e9s<\/strong><\/span>. \ud83d\udca1<\/p><p>Si le retour est d\u00fb \u00e0 une erreur de notre part (produit incorrect ou d\u00e9fectueux), <strong>nous nous occupons des frais !<\/strong> Sinon, le<strong> CLIENT<\/strong> prendra en charge les frais de retour.<\/p><p>Vous trouverez toutes les informations dans la section <a href=\"https:\/\/www.thehippohouse.org\/fr\/boutique-caritative\/politique-de-retours\/\" target=\"_blank\" rel=\"noopener\"><strong>&#8220;Politique de Retours&#8221;<\/strong><\/a> de notre site web.<\/p>\t\t\t\t\t\t\t\t<\/div>\n\t\t\t\t<\/div>\n\t\t\t\t<div class=\"elementor-element elementor-element-901380e elementor-widget elementor-widget-heading\" data-id=\"901380e\" data-element_type=\"widget\" data-e-type=\"widget\" data-widget_type=\"heading.default\">\n\t\t\t\t<div class=\"elementor-widget-container\">\n\t\t\t\t\t<h2 class=\"elementor-heading-title elementor-size-default\">7. Garanties<\/h2>\t\t\t\t<\/div>\n\t\t\t\t<\/div>\n\t\t\t\t<div class=\"elementor-element elementor-element-4ee06ce elementor-widget elementor-widget-text-editor\" data-id=\"4ee06ce\" data-element_type=\"widget\" data-e-type=\"widget\" data-widget_type=\"text-editor.default\">\n\t\t\t\t<div class=\"elementor-widget-container\">\n\t\t\t\t\t\t\t\t\t<p>Si un produit ne correspond pas \u00e0 vos attentes ou pr\u00e9sente un d\u00e9faut, <strong>pas de souci !<\/strong> Vous pouvez demander un <strong>\u00e9change, un remplacement ou un remboursement<\/strong>. La r\u00e9paration et le remplacement seront <strong>enti\u00e8rement gratuits<\/strong> pour vous. Si vous choisissez de changer le produit, si le prix du nouveau produit est plus \u00e9lev\u00e9, vous devrez payer la diff\u00e9rence. Si le prix est inf\u00e9rieur, nous vous rembourserons la diff\u00e9rence. \ud83d\ude0a<\/p>\t\t\t\t\t\t\t\t<\/div>\n\t\t\t\t<\/div>\n\t\t\t\t<div class=\"elementor-element elementor-element-293ba02 elementor-widget elementor-widget-heading\" data-id=\"293ba02\" data-element_type=\"widget\" data-e-type=\"widget\" data-widget_type=\"heading.default\">\n\t\t\t\t<div class=\"elementor-widget-container\">\n\t\t\t\t\t<h2 class=\"elementor-heading-title elementor-size-default\">8. Responsabilit\u00e9<\/h2>\t\t\t\t<\/div>\n\t\t\t\t<\/div>\n\t\t\t\t<div class=\"elementor-element elementor-element-4c68135 elementor-widget elementor-widget-text-editor\" data-id=\"4c68135\" data-element_type=\"widget\" data-e-type=\"widget\" data-widget_type=\"text-editor.default\">\n\t\t\t\t<div class=\"elementor-widget-container\">\n\t\t\t\t\t\t\t\t\t<p>Nous prenons tr\u00e8s au s\u00e9rieux la s\u00e9curit\u00e9 de vos donn\u00e9es. <strong>The Hippo House<\/strong> garantit que toutes <strong><u>vos donn\u00e9es personnelles seront trait\u00e9es de mani\u00e8re s\u00e9curis\u00e9e,<\/u><\/strong> pour \u00e9viter toute perte, manipulation ou acc\u00e8s non autoris\u00e9.<\/p><p>\ud83d\udd10 Vous pouvez consulter notre <strong><a href=\"https:\/\/www.thehippohouse.org\/fr\/politique-de-confidentialite-et-de-protection-des-donnees-de-the-hippo-house\/\" target=\"_blank\" rel=\"noopener\">&#8220;Politique de Confidentialit\u00e9 et Protection des Donn\u00e9es<\/a>&#8220;<\/strong> pour conna\u00eetre tous les d\u00e9tails.<\/p>\t\t\t\t\t\t\t\t<\/div>\n\t\t\t\t<\/div>\n\t\t\t\t<div class=\"elementor-element elementor-element-f4bcc9c elementor-widget elementor-widget-heading\" data-id=\"f4bcc9c\" data-element_type=\"widget\" data-e-type=\"widget\" data-widget_type=\"heading.default\">\n\t\t\t\t<div class=\"elementor-widget-container\">\n\t\t\t\t\t<h2 class=\"elementor-heading-title elementor-size-default\">9. Propri\u00e9t\u00e9 intellectuelle<\/h2>\t\t\t\t<\/div>\n\t\t\t\t<\/div>\n\t\t\t\t<div class=\"elementor-element elementor-element-7fa17e5 elementor-widget elementor-widget-text-editor\" data-id=\"7fa17e5\" data-element_type=\"widget\" data-e-type=\"widget\" data-widget_type=\"text-editor.default\">\n\t\t\t\t<div class=\"elementor-widget-container\">\n\t\t\t\t\t\t\t\t\t<p>Toutes les informations et contenus de notre site (images, textes, vid\u00e9os) sont prot\u00e9g\u00e9s par des <strong>droits d&#8217;auteur.<\/strong> Certains contenus sont la propri\u00e9t\u00e9 de <a href=\"https:\/\/www.thehippohouse.org\/fr\/page-daccueil\/le-partenariat\/\" target=\"_blank\" rel=\"noopener\"><strong>l&#8217;Association<\/strong> <strong>Hippo House<\/strong><\/a> et d&#8217;autres appartiennent \u00e0 des tiers. N&#8217;h\u00e9sitez pas \u00e0 partager notre contenu tant que vous nous citez comme source ! \ud83d\udcda<\/p>\t\t\t\t\t\t\t\t<\/div>\n\t\t\t\t<\/div>\n\t\t\t\t<div class=\"elementor-element elementor-element-c2771d1 elementor-widget elementor-widget-heading\" data-id=\"c2771d1\" data-element_type=\"widget\" data-e-type=\"widget\" data-widget_type=\"heading.default\">\n\t\t\t\t<div class=\"elementor-widget-container\">\n\t\t\t\t\t<h2 class=\"elementor-heading-title elementor-size-default\">10. Accord complet<\/h2>\t\t\t\t<\/div>\n\t\t\t\t<\/div>\n\t\t\t\t<div class=\"elementor-element elementor-element-e067b98 elementor-widget elementor-widget-text-editor\" data-id=\"e067b98\" data-element_type=\"widget\" data-e-type=\"widget\" data-widget_type=\"text-editor.default\">\n\t\t\t\t<div class=\"elementor-widget-container\">\n\t\t\t\t\t\t\t\t\t<p>Ces <strong>conditions g\u00e9n\u00e9rales<\/strong> constituent l&#8217;accord complet entre vous et nous. Si une clause \u00e9tait annul\u00e9e, cela n&#8217;affecterait pas le reste des conditions. Tout reste clair et transparent. \u2705<\/p>\t\t\t\t\t\t\t\t<\/div>\n\t\t\t\t<\/div>\n\t\t\t\t<div class=\"elementor-element elementor-element-ec091ca elementor-widget elementor-widget-heading\" data-id=\"ec091ca\" data-element_type=\"widget\" data-e-type=\"widget\" data-widget_type=\"heading.default\">\n\t\t\t\t<div class=\"elementor-widget-container\">\n\t\t\t\t\t<h2 class=\"elementor-heading-title elementor-size-default\">11. Loi applicable et juridiction comp\u00e9tente<\/h2>\t\t\t\t<\/div>\n\t\t\t\t<\/div>\n\t\t\t\t<div class=\"elementor-element elementor-element-ea102f5 elementor-widget elementor-widget-text-editor\" data-id=\"ea102f5\" data-element_type=\"widget\" data-e-type=\"widget\" data-widget_type=\"text-editor.default\">\n\t\t\t\t<div class=\"elementor-widget-container\">\n\t\t\t\t\t\t\t\t\t<p>Ces <strong>Conditions G\u00e9n\u00e9rales de Vente<\/strong> sont r\u00e9gies par la loi espagnole. En cas de litige ou de doute, <strong>The Hippo House<\/strong> et le <strong>CLIENT<\/strong> se soumettront aux tribunaux comp\u00e9tents du domicile fiscal de <a href=\"https:\/\/www.thehippohouse.org\/fr\/page-daccueil\/le-partenariat\/\" target=\"_blank\" rel=\"noopener\"><strong>l&#8217;Association Hippo House<\/strong>.<\/a><\/p><p>Si vous avez des questions ou avez besoin de plus d&#8217;informations, n&#8217;h\u00e9sitez pas \u00e0 nous contacter \u00e0 <strong><a href=\"mailto:info@thehippohouse.org\">info@thehippohouse.org<\/a><\/strong> ou au <strong>+34 931 782 359.<\/strong> \ud83d\udcde<\/p>\t\t\t\t\t\t\t\t<\/div>\n\t\t\t\t<\/div>\n\t\t\t\t<div class=\"elementor-element elementor-element-3f46dc46 elementor-widget elementor-widget-heading\" data-id=\"3f46dc46\" data-element_type=\"widget\" data-e-type=\"widget\" data-widget_type=\"heading.default\">\n\t\t\t\t<div class=\"elementor-widget-container\">\n\t\t\t\t\t<h2 class=\"elementor-heading-title elementor-size-default\">\ud83e\udde1 Merci de faire partie de la famille Hippo et de faire en sorte que chaque achat compte ! \ud83e\udd9b<\/h2>\t\t\t\t<\/div>\n\t\t\t\t<\/div>\n\t\t\t\t<div class=\"elementor-element elementor-element-79e07e1 elementor-widget elementor-widget-text-editor\" data-id=\"79e07e1\" data-element_type=\"widget\" data-e-type=\"widget\" data-widget_type=\"text-editor.default\">\n\t\t\t\t<div class=\"elementor-widget-container\">\n\t\t\t\t\t\t\t\t\t<p>Rappelez-vous que <strong>100 % des b\u00e9n\u00e9fices de votre achat dans la Boutique Solidaire Hippo<\/strong> <strong>sont destin\u00e9s \u00e0 cr\u00e9er des ressources \u00e9ducatives gratuites pour soutenir les familles vivant avec l&#8217;hypoglyc\u00e9mie.<\/strong><\/p>\t\t\t\t\t\t\t\t<\/div>\n\t\t\t\t<\/div>\n\t\t\t\t<div class=\"elementor-element elementor-element-37ed2f6 elementor-widget elementor-widget-heading\" data-id=\"37ed2f6\" data-element_type=\"widget\" data-e-type=\"widget\" data-widget_type=\"heading.default\">\n\t\t\t\t<div class=\"elementor-widget-container\">\n\t\t\t\t\t<h2 class=\"elementor-heading-title elementor-size-default\">\ud83d\udcab Chaque clic dans notre boutique est un grain de sucre ! \ud83d\udcab<\/h2>\t\t\t\t<\/div>\n\t\t\t\t<\/div>\n\t\t\t\t\t<\/div>\n\t\t<\/div>\n\t\t\t\t\t<\/div>\n\t\t<\/section>\n\t\t\t\t<\/div>\n\t\t","protected":false},"excerpt":{"rendered":"<p>Conditions G\u00e9n\u00e9rales de Vente de la Boutique Solidaire Hippo\ud83e\udd9b\ud83d\udc99 Bienvenue dans la Boutique Solidaire Hippo ! Ici, chaque achat ne vous rapproche pas seulement de produits avec de l&#8217;\u00c2me et du C\u0153ur, mais aide \u00e9galement \u00e0 accomplir notre Mission : cr\u00e9er des ressources \u00e9ducatives gratuites pour soutenir les familles vivant avec l&#8217;hypoglyc\u00e9mie. \ud83c\udf1f Ces conditions &#8230; <a title=\"Conditions g\u00e9n\u00e9rales de vente\" class=\"read-more\" href=\"https:\/\/www.thehippohouse.org\/fr\/conditions-generales-de-vente\/\" aria-label=\"Read more about Conditions g\u00e9n\u00e9rales de vente\">Leer m\u00e1s<\/a><\/p>\n","protected":false},"author":1,"featured_media":0,"parent":0,"menu_order":4,"comment_status":"closed","ping_status":"closed","template":"elementor_header_footer","meta":{"_acf_changed":false,"_seopress_robots_primary_cat":"","_seopress_titles_title":"","_seopress_titles_desc":"","_seopress_robots_index":"","footnotes":""},"class_list":["post-35056","page","type-page","status-publish"],"acf":[],"_links":{"self":[{"href":"https:\/\/www.thehippohouse.org\/fr\/wp-json\/wp\/v2\/pages\/35056","targetHints":{"allow":["GET"]}}],"collection":[{"href":"https:\/\/www.thehippohouse.org\/fr\/wp-json\/wp\/v2\/pages"}],"about":[{"href":"https:\/\/www.thehippohouse.org\/fr\/wp-json\/wp\/v2\/types\/page"}],"author":[{"embeddable":true,"href":"https:\/\/www.thehippohouse.org\/fr\/wp-json\/wp\/v2\/users\/1"}],"replies":[{"embeddable":true,"href":"https:\/\/www.thehippohouse.org\/fr\/wp-json\/wp\/v2\/comments?post=35056"}],"version-history":[{"count":0,"href":"https:\/\/www.thehippohouse.org\/fr\/wp-json\/wp\/v2\/pages\/35056\/revisions"}],"wp:attachment":[{"href":"https:\/\/www.thehippohouse.org\/fr\/wp-json\/wp\/v2\/media?parent=35056"}],"curies":[{"name":"wp","href":"https:\/\/api.w.org\/{rel}","templated":true}]}}