{"id":35153,"date":"2024-12-13T16:36:43","date_gmt":"2024-12-13T16:36:43","guid":{"rendered":"https:\/\/www.thehippohouse.org\/?page_id=35153"},"modified":"2024-12-13T16:42:55","modified_gmt":"2024-12-13T16:42:55","slug":"clause-de-non-responsabilite","status":"publish","type":"page","link":"https:\/\/www.thehippohouse.org\/fr\/page-daccueil\/clause-de-non-responsabilite\/","title":{"rendered":"Clause de non-responsabilit\u00e9"},"content":{"rendered":"\t\t<div data-elementor-type=\"wp-post\" data-elementor-id=\"35153\" class=\"elementor elementor-35153 elementor-52\" data-elementor-post-type=\"page\">\n\t\t\t\t\t\t<section class=\"elementor-section elementor-top-section elementor-element elementor-element-370552cd elementor-section-stretched elementor-section-boxed elementor-section-height-default elementor-section-height-default\" data-id=\"370552cd\" data-element_type=\"section\" data-e-type=\"section\" data-settings=\"{&quot;stretch_section&quot;:&quot;section-stretched&quot;}\">\n\t\t\t\t\t\t<div class=\"elementor-container elementor-column-gap-default\">\n\t\t\t\t\t<div class=\"elementor-column elementor-col-100 elementor-top-column elementor-element elementor-element-4f0c2ce\" data-id=\"4f0c2ce\" data-element_type=\"column\" data-e-type=\"column\">\n\t\t\t<div class=\"elementor-widget-wrap elementor-element-populated\">\n\t\t\t\t\t\t<div class=\"elementor-element elementor-element-ce9d68f elementor-widget elementor-widget-heading\" data-id=\"ce9d68f\" data-element_type=\"widget\" data-e-type=\"widget\" data-widget_type=\"heading.default\">\n\t\t\t\t<div class=\"elementor-widget-container\">\n\t\t\t\t\t<h1 class=\"elementor-heading-title elementor-size-default\">Avis de non-responsabilit\u00e9 de The Hippo House \ud83e\udd9b\ud83d\udc99<\/h1>\t\t\t\t<\/div>\n\t\t\t\t<\/div>\n\t\t\t\t<div class=\"elementor-element elementor-element-4d351a34 elementor-widget elementor-widget-text-editor\" data-id=\"4d351a34\" data-element_type=\"widget\" data-e-type=\"widget\" data-widget_type=\"text-editor.default\">\n\t\t\t\t<div class=\"elementor-widget-container\">\n\t\t\t\t\t\t\t\t\t<p>Chez <strong>The Hippo House<\/strong>, notre objectif est de fournir des informations et des ressources \u00e9ducatives avec tout notre soin et engagement. Cependant, il est important de comprendre que <strong>le contenu de ce site web est uniquement destin\u00e9 \u00e0 des fins informatives<\/strong> et ne doit pas \u00eatre consid\u00e9r\u00e9 comme un substitut aux conseils, diagnostics ou traitements propos\u00e9s par des <strong>professionnels qualifi\u00e9s dans les domaines m\u00e9dical, psychologique, juridique ou autres sp\u00e9cialit\u00e9s.<\/strong><\/p>\t\t\t\t\t\t\t\t<\/div>\n\t\t\t\t<\/div>\n\t\t\t\t<div class=\"elementor-element elementor-element-1b24987 elementor-widget elementor-widget-heading\" data-id=\"1b24987\" data-element_type=\"widget\" data-e-type=\"widget\" data-widget_type=\"heading.default\">\n\t\t\t\t<div class=\"elementor-widget-container\">\n\t\t\t\t\t<h2 class=\"elementor-heading-title elementor-size-default\">\u00c0 titre informatif uniquement<\/h2>\t\t\t\t<\/div>\n\t\t\t\t<\/div>\n\t\t\t\t<div class=\"elementor-element elementor-element-ae3967e elementor-widget elementor-widget-text-editor\" data-id=\"ae3967e\" data-element_type=\"widget\" data-e-type=\"widget\" data-widget_type=\"text-editor.default\">\n\t\t\t\t<div class=\"elementor-widget-container\">\n\t\t\t\t\t\t\t\t\t<p>Toutes les informations publi\u00e9es sur <strong><a href=\"https:\/\/www.thehippohouse.org\/fr\/\">www.thehippohouse.org<\/a><\/strong> sont con\u00e7ues \u00e0 des fins \u00e9ducatives et ne doivent pas \u00eatre utilis\u00e9es comme base pour des d\u00e9cisions critiques concernant la sant\u00e9, la s\u00e9curit\u00e9 ou tout autre aspect essentiel de la vie. <strong>The Hippo House n\u2019est pas valid\u00e9 par des organismes tels que l\u2019EMA (Agence europ\u00e9enne des m\u00e9dicaments), la FDA (Food and Drug Administration des \u00c9tats-Unis), ni par aucune autre autorit\u00e9 de r\u00e9gulation officielle.<\/strong><\/p><p>Si vous avez des pr\u00e9occupations li\u00e9es \u00e0 la sant\u00e9, \u00e0 la gestion des maladies, aux traitements ou \u00e0 tout autre sujet, nous vous encourageons vivement \u00e0 <strong>consulter directement des professionnels qualifi\u00e9s.<\/strong><\/p>\t\t\t\t\t\t\t\t<\/div>\n\t\t\t\t<\/div>\n\t\t\t\t<div class=\"elementor-element elementor-element-a04cd20 elementor-widget elementor-widget-heading\" data-id=\"a04cd20\" data-element_type=\"widget\" data-e-type=\"widget\" data-widget_type=\"heading.default\">\n\t\t\t\t<div class=\"elementor-widget-container\">\n\t\t\t\t\t<h2 class=\"elementor-heading-title elementor-size-default\">Conditions d\u2019utilisation<\/h2>\t\t\t\t<\/div>\n\t\t\t\t<\/div>\n\t\t\t\t<div class=\"elementor-element elementor-element-147a86f elementor-widget elementor-widget-text-editor\" data-id=\"147a86f\" data-element_type=\"widget\" data-e-type=\"widget\" data-widget_type=\"text-editor.default\">\n\t\t\t\t<div class=\"elementor-widget-container\">\n\t\t\t\t\t\t\t\t\t<p>En utilisant <strong><a href=\"https:\/\/www.thehippohouse.org\/fr\/\">www.thehippohouse.org<\/a><\/strong>, vous acceptez les termes suivants :<\/p><ol><li><strong>Les informations fournies ne remplacent pas les conseils de professionnels qualifi\u00e9s.<\/strong> En aucun cas, le contenu de ce site web ne doit se substituer \u00e0 l\u2019assistance de m\u00e9decins, psychologues, nutritionnistes, avocats ou autres experts.<\/li><li>Les produits, d\u00e9clarations et contenus pr\u00e9sent\u00e9s sur ce site <strong>n\u2019ont pas \u00e9t\u00e9 \u00e9valu\u00e9s ni approuv\u00e9s par des organismes officiels<\/strong> et <strong>ne sont pas destin\u00e9s \u00e0 diagnostiquer, traiter, gu\u00e9rir ou pr\u00e9venir des maladies.<\/strong><\/li><li>Avant de commencer tout programme li\u00e9 \u00e0 des r\u00e9gimes, des compl\u00e9ments alimentaires, des m\u00e9dicaments ou des routines d\u2019exercice mentionn\u00e9s sur ce site, il est essentiel de consulter un professionnel qualifi\u00e9.<\/li><li><strong>Les informations fournies sur ce site peuvent ne pas s\u2019appliquer \u00e0 tous ni garantir des r\u00e9sultats sp\u00e9cifiques.<\/strong> Chaque individu est unique, et les r\u00e9actions ou r\u00e9sultats peuvent varier consid\u00e9rablement.<\/li><li><strong>Nous d\u00e9clinons toute responsabilit\u00e9 en cas d\u2019interactions n\u00e9gatives entre m\u00e9dicaments, compl\u00e9ments alimentaires ou traitements<\/strong> mentionn\u00e9s sur ce site. Consultez toujours votre m\u00e9decin avant de les combiner.<\/li><li><strong>L\u2019utilisation des informations contenues sur ce site peut comporter des risques,<\/strong> notamment pour les personnes souffrant de conditions m\u00e9dicales ou mentales pr\u00e9existantes. Si vous choisissez de prendre ces risques, vous le faites sous votre propre responsabilit\u00e9.<\/li><li>Bien que nous nous efforcions de garantir que les informations pr\u00e9sent\u00e9es soient exactes et \u00e0 jour, <strong>The Hippo House ne garantit pas l\u2019exhaustivit\u00e9 ni l\u2019exactitude des contenus<\/strong>, qui se limitent aux informations disponibles au moment de leur publication.<\/li><\/ol>\t\t\t\t\t\t\t\t<\/div>\n\t\t\t\t<\/div>\n\t\t\t\t<div class=\"elementor-element elementor-element-9929139 elementor-widget elementor-widget-heading\" data-id=\"9929139\" data-element_type=\"widget\" data-e-type=\"widget\" data-widget_type=\"heading.default\">\n\t\t\t\t<div class=\"elementor-widget-container\">\n\t\t\t\t\t<h2 class=\"elementor-heading-title elementor-size-default\">\u00c0 propos des produits ou services tiers<\/h2>\t\t\t\t<\/div>\n\t\t\t\t<\/div>\n\t\t\t\t<div class=\"elementor-element elementor-element-2571bc1 elementor-widget elementor-widget-text-editor\" data-id=\"2571bc1\" data-element_type=\"widget\" data-e-type=\"widget\" data-widget_type=\"text-editor.default\">\n\t\t\t\t<div class=\"elementor-widget-container\">\n\t\t\t\t\t\t\t\t\t<p>Chez <strong>The Hippo House<\/strong>, il peut nous arriver de mentionner ou de faire r\u00e9f\u00e9rence \u00e0 des produits, services, entreprises ou institutions externes. Cependant :<\/p><ul><li><strong>Nous ne recommandons ni ne soutenons aucun produit, service ou institution sp\u00e9cifique.<\/strong><\/li><li><strong>Nous ne recevons aucune influence ni compensation de la part de tiers<\/strong> pour cr\u00e9er ou publier du contenu.<\/li><li>Les mentions ou r\u00e9f\u00e9rences ne signifient pas une approbation ni une association avec les entreprises, laboratoires ou institutions mentionn\u00e9s.<\/li><\/ul>\t\t\t\t\t\t\t\t<\/div>\n\t\t\t\t<\/div>\n\t\t\t\t<div class=\"elementor-element elementor-element-a05f90d elementor-widget elementor-widget-heading\" data-id=\"a05f90d\" data-element_type=\"widget\" data-e-type=\"widget\" data-widget_type=\"heading.default\">\n\t\t\t\t<div class=\"elementor-widget-container\">\n\t\t\t\t\t<h2 class=\"elementor-heading-title elementor-size-default\">Limitation de responsabilit\u00e9<\/h2>\t\t\t\t<\/div>\n\t\t\t\t<\/div>\n\t\t\t\t<div class=\"elementor-element elementor-element-5f193e6 elementor-widget elementor-widget-text-editor\" data-id=\"5f193e6\" data-element_type=\"widget\" data-e-type=\"widget\" data-widget_type=\"text-editor.default\">\n\t\t\t\t<div class=\"elementor-widget-container\">\n\t\t\t\t\t\t\t\t\t<p>En utilisant ce site web, <strong>vous lib\u00e9rez The Hippo House<\/strong> ainsi que ses administrateurs, auteurs, employ\u00e9s et collaborateurs de toute responsabilit\u00e9 pour :<\/p><ul><li>Les dommages, blessures ou pr\u00e9judices d\u00e9coulant d\u2019une mauvaise utilisation des informations contenues sur ce site.<\/li><li>Les r\u00e9clamations ou co\u00fbts li\u00e9s \u00e0 l\u2019utilisation inappropri\u00e9e des contenus, sauf dans les cas de n\u00e9gligence grave ou d\u2019actes intentionnels de notre part.<\/li><\/ul>\t\t\t\t\t\t\t\t<\/div>\n\t\t\t\t<\/div>\n\t\t\t\t<div class=\"elementor-element elementor-element-7dd63e6 elementor-widget elementor-widget-heading\" data-id=\"7dd63e6\" data-element_type=\"widget\" data-e-type=\"widget\" data-widget_type=\"heading.default\">\n\t\t\t\t<div class=\"elementor-widget-container\">\n\t\t\t\t\t<h2 class=\"elementor-heading-title elementor-size-default\">T\u00e9moignages et exemples<\/h2>\t\t\t\t<\/div>\n\t\t\t\t<\/div>\n\t\t\t\t<div class=\"elementor-element elementor-element-4bd79df elementor-widget elementor-widget-text-editor\" data-id=\"4bd79df\" data-element_type=\"widget\" data-e-type=\"widget\" data-widget_type=\"text-editor.default\">\n\t\t\t\t<div class=\"elementor-widget-container\">\n\t\t\t\t\t\t\t\t\t<p>Les t\u00e9moignages et exemples partag\u00e9s sur ce site web :<\/p><ul><li><strong>Sont des cas individuels et ne repr\u00e9sentent pas des r\u00e9sultats typiques ou garantis.<\/strong><\/li><li>Peuvent \u00eatre bas\u00e9s sur des informations fournies par des tiers, comme des fabricants ou des utilisateurs, et ne refl\u00e8tent pas toujours des donn\u00e9es enti\u00e8rement v\u00e9rifi\u00e9es.<\/li><\/ul>\t\t\t\t\t\t\t\t<\/div>\n\t\t\t\t<\/div>\n\t\t\t\t<div class=\"elementor-element elementor-element-6f16be2c elementor-widget elementor-widget-heading\" data-id=\"6f16be2c\" data-element_type=\"widget\" data-e-type=\"widget\" data-widget_type=\"heading.default\">\n\t\t\t\t<div class=\"elementor-widget-container\">\n\t\t\t\t\t<h2 class=\"elementor-heading-title elementor-size-default\">\u2764\ufe0f Merci de faire partie de The Hippo House \u2764\ufe0f<\/h2>\t\t\t\t<\/div>\n\t\t\t\t<\/div>\n\t\t\t\t<div class=\"elementor-element elementor-element-b83e1de elementor-widget elementor-widget-text-editor\" data-id=\"b83e1de\" data-element_type=\"widget\" data-e-type=\"widget\" data-widget_type=\"text-editor.default\">\n\t\t\t\t<div class=\"elementor-widget-container\">\n\t\t\t\t\t\t\t\t\t<p><strong>Agissez toujours de mani\u00e8re responsable<\/strong> lorsque vous utilisez les informations disponibles sur notre site web.<\/p><p><strong><u>Si vous avez des questions ou des pr\u00e9occupations, consultez des professionnels qualifi\u00e9s pour garantir votre s\u00e9curit\u00e9 et votre bien-\u00eatre.<\/u><\/strong><\/p>\t\t\t\t\t\t\t\t<\/div>\n\t\t\t\t<\/div>\n\t\t\t\t\t<\/div>\n\t\t<\/div>\n\t\t\t\t\t<\/div>\n\t\t<\/section>\n\t\t\t\t<\/div>\n\t\t","protected":false},"excerpt":{"rendered":"<p>Avis de non-responsabilit\u00e9 de The Hippo House \ud83e\udd9b\ud83d\udc99 Chez The Hippo House, notre objectif est de fournir des informations et des ressources \u00e9ducatives avec tout notre soin et engagement. Cependant, il est important de comprendre que le contenu de ce site web est uniquement destin\u00e9 \u00e0 des fins informatives et ne doit pas \u00eatre consid\u00e9r\u00e9 &#8230; <a title=\"Clause de non-responsabilit\u00e9\" class=\"read-more\" href=\"https:\/\/www.thehippohouse.org\/fr\/page-daccueil\/clause-de-non-responsabilite\/\" aria-label=\"Read more about Clause de non-responsabilit\u00e9\">Leer m\u00e1s<\/a><\/p>\n","protected":false},"author":1,"featured_media":0,"parent":8691,"menu_order":6,"comment_status":"closed","ping_status":"closed","template":"elementor_header_footer","meta":{"_acf_changed":false,"_seopress_robots_primary_cat":"","_seopress_titles_title":"","_seopress_titles_desc":"","_seopress_robots_index":"","footnotes":""},"class_list":["post-35153","page","type-page","status-publish"],"acf":[],"_links":{"self":[{"href":"https:\/\/www.thehippohouse.org\/fr\/wp-json\/wp\/v2\/pages\/35153","targetHints":{"allow":["GET"]}}],"collection":[{"href":"https:\/\/www.thehippohouse.org\/fr\/wp-json\/wp\/v2\/pages"}],"about":[{"href":"https:\/\/www.thehippohouse.org\/fr\/wp-json\/wp\/v2\/types\/page"}],"author":[{"embeddable":true,"href":"https:\/\/www.thehippohouse.org\/fr\/wp-json\/wp\/v2\/users\/1"}],"replies":[{"embeddable":true,"href":"https:\/\/www.thehippohouse.org\/fr\/wp-json\/wp\/v2\/comments?post=35153"}],"version-history":[{"count":0,"href":"https:\/\/www.thehippohouse.org\/fr\/wp-json\/wp\/v2\/pages\/35153\/revisions"}],"up":[{"embeddable":true,"href":"https:\/\/www.thehippohouse.org\/fr\/wp-json\/wp\/v2\/pages\/8691"}],"wp:attachment":[{"href":"https:\/\/www.thehippohouse.org\/fr\/wp-json\/wp\/v2\/media?parent=35153"}],"curies":[{"name":"wp","href":"https:\/\/api.w.org\/{rel}","templated":true}]}}