{"id":18407,"date":"2023-11-19T09:39:54","date_gmt":"2023-11-19T09:39:54","guid":{"rendered":"https:\/\/www.thehippohouse.org\/?page_id=18407"},"modified":"2025-09-26T07:09:48","modified_gmt":"2025-09-26T07:09:48","slug":"informativa-sulla-privacy-e-sulla-protezione-dei-dati","status":"publish","type":"page","link":"https:\/\/www.thehippohouse.org\/it\/informativa-sulla-privacy-e-sulla-protezione-dei-dati\/","title":{"rendered":"Informativa sulla privacy e sulla protezione dei dati di The Hippo House"},"content":{"rendered":"\t\t<div data-elementor-type=\"wp-post\" data-elementor-id=\"18407\" class=\"elementor elementor-18407 elementor-674\" data-elementor-post-type=\"page\">\n\t\t\t\t\t\t<section class=\"elementor-section elementor-top-section elementor-element elementor-element-6c223b71 elementor-section-boxed elementor-section-height-default elementor-section-height-default\" data-id=\"6c223b71\" data-element_type=\"section\" data-e-type=\"section\">\n\t\t\t\t\t\t<div class=\"elementor-container elementor-column-gap-default\">\n\t\t\t\t\t<div class=\"elementor-column elementor-col-100 elementor-top-column elementor-element elementor-element-7ce1a2e6\" data-id=\"7ce1a2e6\" data-element_type=\"column\" data-e-type=\"column\">\n\t\t\t<div class=\"elementor-widget-wrap elementor-element-populated\">\n\t\t\t\t\t\t<div class=\"elementor-element elementor-element-1b30921 elementor-widget elementor-widget-heading\" data-id=\"1b30921\" data-element_type=\"widget\" data-e-type=\"widget\" data-widget_type=\"heading.default\">\n\t\t\t\t<div class=\"elementor-widget-container\">\n\t\t\t\t\t<h1 class=\"elementor-heading-title elementor-size-default\">Informativa sulla privacy e sulla protezione dei dati di The Hippo House<\/h1>\t\t\t\t<\/div>\n\t\t\t\t<\/div>\n\t\t\t\t<div class=\"elementor-element elementor-element-48c830a8 elementor-widget elementor-widget-text-editor\" data-id=\"48c830a8\" data-element_type=\"widget\" data-e-type=\"widget\" data-widget_type=\"text-editor.default\">\n\t\t\t\t<div class=\"elementor-widget-container\">\n\t\t\t\t\t\t\t\t\t<p>Data di entrata in vigore: 14\/11\/2023<\/p>\t\t\t\t\t\t\t\t<\/div>\n\t\t\t\t<\/div>\n\t\t\t\t<div class=\"elementor-element elementor-element-b7bf419 elementor-widget elementor-widget-heading\" data-id=\"b7bf419\" data-element_type=\"widget\" data-e-type=\"widget\" data-widget_type=\"heading.default\">\n\t\t\t\t<div class=\"elementor-widget-container\">\n\t\t\t\t\t<h2 class=\"elementor-heading-title elementor-size-default\">I. Introduzione<\/h2>\t\t\t\t<\/div>\n\t\t\t\t<\/div>\n\t\t\t\t<div class=\"elementor-element elementor-element-cc0ee2c elementor-widget elementor-widget-text-editor\" data-id=\"cc0ee2c\" data-element_type=\"widget\" data-e-type=\"widget\" data-widget_type=\"text-editor.default\">\n\t\t\t\t<div class=\"elementor-widget-container\">\n\t\t\t\t\t\t\t\t\t<p>In ottemperanza a quanto previsto dalla normativa vigente, The Hippo House (di seguito anche Sito) si impegna ad adottare le misure tecniche e organizzative necessarie, secondo un livello di sicurezza adeguato al rischio dei dati raccolti.<\/p>\t\t\t\t\t\t\t\t<\/div>\n\t\t\t\t<\/div>\n\t\t\t\t<div class=\"elementor-element elementor-element-b6af9b4 elementor-widget elementor-widget-heading\" data-id=\"b6af9b4\" data-element_type=\"widget\" data-e-type=\"widget\" data-widget_type=\"heading.default\">\n\t\t\t\t<div class=\"elementor-widget-container\">\n\t\t\t\t\t<h2 class=\"elementor-heading-title elementor-size-default\">Leggi incluse nella presente Informativa sulla privacy<\/h2>\t\t\t\t<\/div>\n\t\t\t\t<\/div>\n\t\t\t\t<div class=\"elementor-element elementor-element-a51dcbf elementor-widget elementor-widget-text-editor\" data-id=\"a51dcbf\" data-element_type=\"widget\" data-e-type=\"widget\" data-widget_type=\"text-editor.default\">\n\t\t\t\t<div class=\"elementor-widget-container\">\n\t\t\t\t\t\t\t\t\t<ul>La presente informativa sulla privacy \u00e8 adeguata alla legislazione spagnola ed europea vigente in materia di protezione dei dati personali su Internet, tra cui:<\/ul><ul><li>Regolamento (UE) 2016\/679 del Parlamento europeo e del Consiglio (GDPR).<\/li><li>Legge organica 3\/2018, del 5 dicembre, sulla protezione dei dati personali e la garanzia dei diritti digitali (LOPD-GDD).<\/li><li>Regio decreto 1720\/2007, del 21 dicembre, che approva il Regolamento di attuazione della LOPD-GDD.<\/li><li>Legge 34\/2002, dell&#8217;11 luglio, sui servizi della societ\u00e0 dell&#8217;informazione e il commercio elettronico (LSSI-CE).<\/li><\/ul>\t\t\t\t\t\t\t\t<\/div>\n\t\t\t\t<\/div>\n\t\t\t\t<div class=\"elementor-element elementor-element-0bfc659 elementor-widget elementor-widget-heading\" data-id=\"0bfc659\" data-element_type=\"widget\" data-e-type=\"widget\" data-widget_type=\"heading.default\">\n\t\t\t\t<div class=\"elementor-widget-container\">\n\t\t\t\t\t<h2 class=\"elementor-heading-title elementor-size-default\">Identit\u00e0 del Titolare del trattamento<\/h2>\t\t\t\t<\/div>\n\t\t\t\t<\/div>\n\t\t\t\t<div class=\"elementor-element elementor-element-16f4ffd elementor-widget elementor-widget-text-editor\" data-id=\"16f4ffd\" data-element_type=\"widget\" data-e-type=\"widget\" data-widget_type=\"text-editor.default\">\n\t\t\t\t<div class=\"elementor-widget-container\">\n\t\t\t\t\t\t\t\t\t<p>Il responsabile del trattamento dei dati personali raccolti da The Hippo House \u00e8: Cristina Pindado Gonz\u00e1lez. I suoi dati di contatto sono i seguenti:<\/p><p>Email di contatto: info@thehippohouse.org<\/p>\t\t\t\t\t\t\t\t<\/div>\n\t\t\t\t<\/div>\n\t\t\t\t<div class=\"elementor-element elementor-element-0fc34b0 elementor-widget elementor-widget-heading\" data-id=\"0fc34b0\" data-element_type=\"widget\" data-e-type=\"widget\" data-widget_type=\"heading.default\">\n\t\t\t\t<div class=\"elementor-widget-container\">\n\t\t\t\t\t<h2 class=\"elementor-heading-title elementor-size-default\">Registro dei dati personali<\/h2>\t\t\t\t<\/div>\n\t\t\t\t<\/div>\n\t\t\t\t<div class=\"elementor-element elementor-element-6e0b48e elementor-widget__width-initial elementor-widget elementor-widget-text-editor\" data-id=\"6e0b48e\" data-element_type=\"widget\" data-e-type=\"widget\" data-widget_type=\"text-editor.default\">\n\t\t\t\t<div class=\"elementor-widget-container\">\n\t\t\t\t\t\t\t\t\t<p>In conformit\u00e0 al RGPD e alla LOPD-GDD, informiamo che i dati personali raccolti da The Hippo House saranno incorporati e trattati nel nostro archivio al fine di facilitare, accelerare e adempiere agli impegni assunti con l&#8217;Utente, nonch\u00e9 di mantenere il rapporto stabilito nei moduli compilati dall&#8217;Utente.<\/p><p>Il tipo e la quantit\u00e0 di informazioni che riceviamo e memorizziamo dipendono dall&#8217;uso che ciascun utente fa del nostro sito web. Gli utenti possono accedere alla maggior parte delle pagine e delle voci di thehippohouse.org senza rivelarci la loro identit\u00e0 o altre informazioni personali.<\/p><p>Durante le visite al nostro sito web, il nostro sito memorizza file di log anonimi che ci forniscono informazioni preziose per migliorare l&#8217;esperienza dell&#8217;utente. Per ulteriori informazioni in merito, consultare la nostra politica sui cookie.<\/p><p>The Hippo House non raccoglie informazioni identificabili dall&#8217;utente (come nome, indirizzo, numero di telefono o indirizzo e-mail) a meno che l&#8217;utente non scelga di fornircele, ad esempio quando effettua un acquisto nel nostro negozio o si iscrive all&#8217;Hippo Club.<\/p>\t\t\t\t\t\t\t\t<\/div>\n\t\t\t\t<\/div>\n\t\t\t\t<div class=\"elementor-element elementor-element-c619f5b elementor-widget elementor-widget-heading\" data-id=\"c619f5b\" data-element_type=\"widget\" data-e-type=\"widget\" data-widget_type=\"heading.default\">\n\t\t\t\t<div class=\"elementor-widget-container\">\n\t\t\t\t\t<h2 class=\"elementor-heading-title elementor-size-default\">Principi applicabili al trattamento dei dati personali<\/h2>\t\t\t\t<\/div>\n\t\t\t\t<\/div>\n\t\t\t\t<div class=\"elementor-element elementor-element-d01dad1 elementor-widget__width-initial elementor-widget elementor-widget-text-editor\" data-id=\"d01dad1\" data-element_type=\"widget\" data-e-type=\"widget\" data-widget_type=\"text-editor.default\">\n\t\t\t\t<div class=\"elementor-widget-container\">\n\t\t\t\t\t\t\t\t\t<p>Il trattamento dei dati personali dell&#8217;Utente sar\u00e0 soggetto ai principi contenuti nel RGPD e nella LOPD-GDD:<\/p><ol><li><strong>Legalit\u00e0, lealt\u00e0 e trasparenza: <\/strong>sar\u00e0 richiesto in ogni momento il consenso dell&#8217;Utente previa informativa trasparente.<\/li><li><b>Limitazione della finalit\u00e0:<\/b> i dati personali saranno raccolti per scopi determinati, espliciti e legittimi.<\/li><li><b>Minimizzazione dei dati:<\/b> verranno raccolti solo i dati strettamente necessari.Exactitud: Los datos personales deben ser exactos y estar siempre actualizados.<\/li><li><b>Limitazione del periodo di conservazione:<\/b> I dati saranno conservati per il tempo necessario al loro trattamento.<\/li><li><b>Integrit\u00e0 e riservatezza: <\/b>sar\u00e0 garantita la sicurezza e la riservatezza dei dati.<\/li><li><b>Responsabilit\u00e0 proattiva:<\/b> Il Titolare garantir\u00e0 il rispetto dei principi sopra indicati.<\/li><\/ol>\t\t\t\t\t\t\t\t<\/div>\n\t\t\t\t<\/div>\n\t\t\t\t<div class=\"elementor-element elementor-element-3a102fd elementor-widget elementor-widget-heading\" data-id=\"3a102fd\" data-element_type=\"widget\" data-e-type=\"widget\" data-widget_type=\"heading.default\">\n\t\t\t\t<div class=\"elementor-widget-container\">\n\t\t\t\t\t<h2 class=\"elementor-heading-title elementor-size-default\">Categorie di dati personali<\/h2>\t\t\t\t<\/div>\n\t\t\t\t<\/div>\n\t\t\t\t<div class=\"elementor-element elementor-element-50b0588 elementor-widget__width-initial elementor-widget elementor-widget-text-editor\" data-id=\"50b0588\" data-element_type=\"widget\" data-e-type=\"widget\" data-widget_type=\"text-editor.default\">\n\t\t\t\t<div class=\"elementor-widget-container\">\n\t\t\t\t\t\t\t\t\t<p>Le categorie di dati trattati da The Hippo House sono esclusivamente dati identificativi, senza trattare categorie particolari di dati personali ai sensi dell&#8217;articolo 9 del GDPR.<\/p>\t\t\t\t\t\t\t\t<\/div>\n\t\t\t\t<\/div>\n\t\t\t\t<div class=\"elementor-element elementor-element-b358813 elementor-widget elementor-widget-heading\" data-id=\"b358813\" data-element_type=\"widget\" data-e-type=\"widget\" data-widget_type=\"heading.default\">\n\t\t\t\t<div class=\"elementor-widget-container\">\n\t\t\t\t\t<h2 class=\"elementor-heading-title elementor-size-default\">Base Giuridica del Trattamento dei Dati Personali<\/h2>\t\t\t\t<\/div>\n\t\t\t\t<\/div>\n\t\t\t\t<div class=\"elementor-element elementor-element-c9518cd elementor-widget__width-initial elementor-widget elementor-widget-text-editor\" data-id=\"c9518cd\" data-element_type=\"widget\" data-e-type=\"widget\" data-widget_type=\"text-editor.default\">\n\t\t\t\t<div class=\"elementor-widget-container\">\n\t\t\t\t\t\t\t\t\t<p>La base giuridica del trattamento dei dati personali \u00e8 il consenso espresso e verificabile dell\u2019Utente.<\/p>\t\t\t\t\t\t\t\t<\/div>\n\t\t\t\t<\/div>\n\t\t\t\t<div class=\"elementor-element elementor-element-8bb82c7 elementor-widget elementor-widget-heading\" data-id=\"8bb82c7\" data-element_type=\"widget\" data-e-type=\"widget\" data-widget_type=\"heading.default\">\n\t\t\t\t<div class=\"elementor-widget-container\">\n\t\t\t\t\t<h2 class=\"elementor-heading-title elementor-size-default\">Finalit\u00e0 del trattamento<\/h2>\t\t\t\t<\/div>\n\t\t\t\t<\/div>\n\t\t\t\t<div class=\"elementor-element elementor-element-19e0714 elementor-widget__width-initial elementor-widget elementor-widget-text-editor\" data-id=\"19e0714\" data-element_type=\"widget\" data-e-type=\"widget\" data-widget_type=\"text-editor.default\">\n\t\t\t\t<div class=\"elementor-widget-container\">\n\t\t\t\t\t\t\t\t\t<p>The Hippo House e i suoi fornitori di servizi (ad esempio: il corriere che consegna il tuo ordine a casa tua) tratteranno i tuoi dati in modo confidenziale e li conserveremo in un ambiente sicuro.<\/p><p>I dati personali sono raccolti e gestiti con la finalit\u00e0 di agevolare, razionalizzare ed adempiere agli impegni presi con l&#8217;Utente, nonch\u00e9 per attivit\u00e0 specifiche allo scopo aziendale dell&#8217;organizzazione.<\/p><p>Lo scopo della raccolta e del trattamento automatizzato dei dati personali dell&#8217;utente \u00e8 il mantenimento del rapporto contrattuale instaurato di volta in volta con The Hippo House. Per esempio:<\/p><ul><li>Per inviarti i prodotti fisici che acquisti nel nostro negozio.<\/li><li>Per contattarti in caso di incidenti legati alla spedizione dei prodotti o al pagamento degli ordini.<\/li><li>Per informarti su eventi o novit\u00e0 relative al sito web o ai prodotti. In caso di invio di pubblicit\u00e0, la identificheremo sempre come tale e te la invieremo solo se ci darai il tuo consenso. Inoltre, avrai sempre accesso diretto alla possibilit\u00e0 di interrompere in qualsiasi momento la ricezione di tale pubblicit\u00e0.<\/li><li>Inviarti la Newsletter se sei iscritto<\/li><\/ul><p>I pagamenti a The Hippo House vengono effettuati tramite la piattaforma Paypal e non abbiamo accesso ai dettagli della tua carta di debito o credito, o ai dettagli del tuo conto Paypal.<\/p>\t\t\t\t\t\t\t\t<\/div>\n\t\t\t\t<\/div>\n\t\t\t\t<div class=\"elementor-element elementor-element-54bf3ae elementor-widget elementor-widget-heading\" data-id=\"54bf3ae\" data-element_type=\"widget\" data-e-type=\"widget\" data-widget_type=\"heading.default\">\n\t\t\t\t<div class=\"elementor-widget-container\">\n\t\t\t\t\t<h2 class=\"elementor-heading-title elementor-size-default\">Periodi di conservazione<\/h2>\t\t\t\t<\/div>\n\t\t\t\t<\/div>\n\t\t\t\t<div class=\"elementor-element elementor-element-5dbda69 elementor-widget__width-initial elementor-widget elementor-widget-text-editor\" data-id=\"5dbda69\" data-element_type=\"widget\" data-e-type=\"widget\" data-widget_type=\"text-editor.default\">\n\t\t\t\t<div class=\"elementor-widget-container\">\n\t\t\t\t\t\t\t\t\t<p>I dati personali saranno conservati per il tempo minimo necessario ai fini del trattamento, fino a 12 mesi o fino a quando l&#8217;Utente non ne richieder\u00e0 la cancellazione.<\/p>\t\t\t\t\t\t\t\t<\/div>\n\t\t\t\t<\/div>\n\t\t\t\t<div class=\"elementor-element elementor-element-0651f21 elementor-widget elementor-widget-heading\" data-id=\"0651f21\" data-element_type=\"widget\" data-e-type=\"widget\" data-widget_type=\"heading.default\">\n\t\t\t\t<div class=\"elementor-widget-container\">\n\t\t\t\t\t<h2 class=\"elementor-heading-title elementor-size-default\">Dati Personali dei Minori<\/h2>\t\t\t\t<\/div>\n\t\t\t\t<\/div>\n\t\t\t\t<div class=\"elementor-element elementor-element-3cea29b elementor-widget__width-initial elementor-widget elementor-widget-text-editor\" data-id=\"3cea29b\" data-element_type=\"widget\" data-e-type=\"widget\" data-widget_type=\"text-editor.default\">\n\t\t\t\t<div class=\"elementor-widget-container\">\n\t\t\t\t\t\t\t\t\t<p>Solo i maggiori di 14 anni potranno prestare il consenso al trattamento dei propri dati personali da parte di The Hippo House. Nel caso di minori di 14 anni sar\u00e0 richiesto il consenso dei genitori o di chi ne fa le veci.<\/p>\t\t\t\t\t\t\t\t<\/div>\n\t\t\t\t<\/div>\n\t\t\t\t<div class=\"elementor-element elementor-element-551d387 elementor-widget elementor-widget-heading\" data-id=\"551d387\" data-element_type=\"widget\" data-e-type=\"widget\" data-widget_type=\"heading.default\">\n\t\t\t\t<div class=\"elementor-widget-container\">\n\t\t\t\t\t<h2 class=\"elementor-heading-title elementor-size-default\">Segretezza e sicurezza dei dati personali<\/h2>\t\t\t\t<\/div>\n\t\t\t\t<\/div>\n\t\t\t\t<div class=\"elementor-element elementor-element-5b10378 elementor-widget__width-initial elementor-widget elementor-widget-text-editor\" data-id=\"5b10378\" data-element_type=\"widget\" data-e-type=\"widget\" data-widget_type=\"text-editor.default\">\n\t\t\t\t<div class=\"elementor-widget-container\">\n\t\t\t\t\t\t\t\t\t<p>The Hippo House adotter\u00e0 le misure tecniche e organizzative necessarie per garantire la sicurezza dei dati personali e prevenirne la perdita, la distruzione o l&#8217;accesso non autorizzato.<\/p>\t\t\t\t\t\t\t\t<\/div>\n\t\t\t\t<\/div>\n\t\t\t\t<div class=\"elementor-element elementor-element-bc3702b elementor-widget elementor-widget-heading\" data-id=\"bc3702b\" data-element_type=\"widget\" data-e-type=\"widget\" data-widget_type=\"heading.default\">\n\t\t\t\t<div class=\"elementor-widget-container\">\n\t\t\t\t\t<h2 class=\"elementor-heading-title elementor-size-default\">Diritti Derivati dal Trattamento<\/h2>\t\t\t\t<\/div>\n\t\t\t\t<\/div>\n\t\t\t\t<div class=\"elementor-element elementor-element-7a1e3a1 elementor-widget__width-initial elementor-widget elementor-widget-text-editor\" data-id=\"7a1e3a1\" data-element_type=\"widget\" data-e-type=\"widget\" data-widget_type=\"text-editor.default\">\n\t\t\t\t<div class=\"elementor-widget-container\">\n\t\t\t\t\t\t\t\t\t<p>L&#8217;Utente pu\u00f2 esercitare i diritti riconosciuti dal RGPD e dalla LOPD-GDD, tra cui il diritto di accesso, rettifica, cancellazione, limitazione del trattamento, portabilit\u00e0 dei dati, opposizione e non essere soggetto a decisioni automatizzate.<\/p>\t\t\t\t\t\t\t\t<\/div>\n\t\t\t\t<\/div>\n\t\t\t\t<div class=\"elementor-element elementor-element-5df72e5 elementor-widget elementor-widget-heading\" data-id=\"5df72e5\" data-element_type=\"widget\" data-e-type=\"widget\" data-widget_type=\"heading.default\">\n\t\t\t\t<div class=\"elementor-widget-container\">\n\t\t\t\t\t<h2 class=\"elementor-heading-title elementor-size-default\">Collegamenti a siti Web di terzi<\/h2>\t\t\t\t<\/div>\n\t\t\t\t<\/div>\n\t\t\t\t<div class=\"elementor-element elementor-element-2e908a7 elementor-widget__width-initial elementor-widget elementor-widget-text-editor\" data-id=\"2e908a7\" data-element_type=\"widget\" data-e-type=\"widget\" data-widget_type=\"text-editor.default\">\n\t\t\t\t<div class=\"elementor-widget-container\">\n\t\t\t\t\t\t\t\t\t<p>Il Sito Web pu\u00f2 includere collegamenti a pagine Web di terzi, che sono responsabili delle proprie politiche di protezione dei dati.<\/p>\t\t\t\t\t\t\t\t<\/div>\n\t\t\t\t<\/div>\n\t\t\t\t<div class=\"elementor-element elementor-element-874c144 elementor-widget elementor-widget-heading\" data-id=\"874c144\" data-element_type=\"widget\" data-e-type=\"widget\" data-widget_type=\"heading.default\">\n\t\t\t\t<div class=\"elementor-widget-container\">\n\t\t\t\t\t<h2 class=\"elementor-heading-title elementor-size-default\">Reclami davanti all'Autorit\u00e0 di controllo<\/h2>\t\t\t\t<\/div>\n\t\t\t\t<\/div>\n\t\t\t\t<div class=\"elementor-element elementor-element-746e7cb elementor-widget__width-initial elementor-widget elementor-widget-text-editor\" data-id=\"746e7cb\" data-element_type=\"widget\" data-e-type=\"widget\" data-widget_type=\"text-editor.default\">\n\t\t\t\t<div class=\"elementor-widget-container\">\n\t\t\t\t\t\t\t\t\t<p>Se l&#8217;Utente ritiene che vi sia una violazione della normativa sulla protezione dei dati, ha il diritto di presentare un reclamo all&#8217;Agenzia spagnola per la protezione dei dati.<\/p>\t\t\t\t\t\t\t\t<\/div>\n\t\t\t\t<\/div>\n\t\t\t\t<div class=\"elementor-element elementor-element-cffbf5b elementor-widget elementor-widget-heading\" data-id=\"cffbf5b\" data-element_type=\"widget\" data-e-type=\"widget\" data-widget_type=\"heading.default\">\n\t\t\t\t<div class=\"elementor-widget-container\">\n\t\t\t\t\t<h2 class=\"elementor-heading-title elementor-size-default\">II. Accettazione e modifiche alla presente Informativa sulla privacy<\/h2>\t\t\t\t<\/div>\n\t\t\t\t<\/div>\n\t\t\t\t<div class=\"elementor-element elementor-element-ce303f8 elementor-widget__width-initial elementor-widget elementor-widget-text-editor\" data-id=\"ce303f8\" data-element_type=\"widget\" data-e-type=\"widget\" data-widget_type=\"text-editor.default\">\n\t\t\t\t<div class=\"elementor-widget-container\">\n\t\t\t\t\t\t\t\t\t<p>L&#8217;utilizzo del Sito implica l&#8217;accettazione della Privacy Policy. The Hippo House si riserva il diritto di modificare la presente policy a propria discrezione o a causa di modifiche legislative. Si raccomanda all&#8217;Utente di rivedere periodicamente la presente Privacy Policy.<\/p><p>La presente Informativa sulla privacy \u00e8 stata aggiornata per adattarsi alla RGPD e alla LOPD-GDD.<\/p><p>Se desideri esercitare uno qualsiasi dei tuoi diritti o hai domande sulla nostra politica sulla privacy, puoi contattarci all&#8217;indirizzo <strong><a href=\"_wp_link_placeholder\" data-wplink-edit=\"true\">info@thehippohouse.org<\/a><\/strong>.<\/p>\t\t\t\t\t\t\t\t<\/div>\n\t\t\t\t<\/div>\n\t\t\t\t\t<\/div>\n\t\t<\/div>\n\t\t\t\t\t<\/div>\n\t\t<\/section>\n\t\t\t\t<\/div>\n\t\t","protected":false},"excerpt":{"rendered":"<p>Informativa sulla privacy e sulla protezione dei dati di The Hippo House Data di entrata in vigore: 14\/11\/2023 I. Introduzione In ottemperanza a quanto previsto dalla normativa vigente, The Hippo House (di seguito anche Sito) si impegna ad adottare le misure tecniche e organizzative necessarie, secondo un livello di sicurezza adeguato al rischio dei dati &#8230; <a title=\"Informativa sulla privacy e sulla protezione dei dati di The Hippo House\" class=\"read-more\" href=\"https:\/\/www.thehippohouse.org\/it\/informativa-sulla-privacy-e-sulla-protezione-dei-dati\/\" aria-label=\"Read more about Informativa sulla privacy e sulla protezione dei dati di The Hippo House\">Leer m\u00e1s<\/a><\/p>\n","protected":false},"author":1,"featured_media":0,"parent":0,"menu_order":2,"comment_status":"closed","ping_status":"closed","template":"elementor_header_footer","meta":{"_acf_changed":false,"_seopress_robots_primary_cat":"","_seopress_titles_title":"","_seopress_titles_desc":"","_seopress_robots_index":"","footnotes":""},"class_list":["post-18407","page","type-page","status-publish"],"acf":[],"_links":{"self":[{"href":"https:\/\/www.thehippohouse.org\/it\/wp-json\/wp\/v2\/pages\/18407","targetHints":{"allow":["GET"]}}],"collection":[{"href":"https:\/\/www.thehippohouse.org\/it\/wp-json\/wp\/v2\/pages"}],"about":[{"href":"https:\/\/www.thehippohouse.org\/it\/wp-json\/wp\/v2\/types\/page"}],"author":[{"embeddable":true,"href":"https:\/\/www.thehippohouse.org\/it\/wp-json\/wp\/v2\/users\/1"}],"replies":[{"embeddable":true,"href":"https:\/\/www.thehippohouse.org\/it\/wp-json\/wp\/v2\/comments?post=18407"}],"version-history":[{"count":3,"href":"https:\/\/www.thehippohouse.org\/it\/wp-json\/wp\/v2\/pages\/18407\/revisions"}],"predecessor-version":[{"id":41396,"href":"https:\/\/www.thehippohouse.org\/it\/wp-json\/wp\/v2\/pages\/18407\/revisions\/41396"}],"wp:attachment":[{"href":"https:\/\/www.thehippohouse.org\/it\/wp-json\/wp\/v2\/media?parent=18407"}],"curies":[{"name":"wp","href":"https:\/\/api.w.org\/{rel}","templated":true}]}}