{"id":34879,"date":"2024-12-11T12:11:47","date_gmt":"2024-12-11T12:11:47","guid":{"rendered":"https:\/\/www.thehippohouse.org\/?page_id=34879"},"modified":"2024-12-11T12:26:38","modified_gmt":"2024-12-11T12:26:38","slug":"informazioni-sulla-spedizione","status":"publish","type":"page","link":"https:\/\/www.thehippohouse.org\/it\/informazioni-sulla-spedizione\/","title":{"rendered":"Informazioni sulla spedizione"},"content":{"rendered":"\t\t<div data-elementor-type=\"wp-page\" data-elementor-id=\"34879\" class=\"elementor elementor-34879 elementor-34855\" data-elementor-post-type=\"page\">\n\t\t\t\t\t\t<section class=\"elementor-section elementor-top-section elementor-element elementor-element-22e91a3a elementor-section-stretched elementor-section-boxed elementor-section-height-default elementor-section-height-default\" data-id=\"22e91a3a\" data-element_type=\"section\" data-e-type=\"section\" data-settings=\"{&quot;stretch_section&quot;:&quot;section-stretched&quot;}\">\n\t\t\t\t\t\t<div class=\"elementor-container elementor-column-gap-default\">\n\t\t\t\t\t<div class=\"elementor-column elementor-col-100 elementor-top-column elementor-element elementor-element-4635d9\" data-id=\"4635d9\" data-element_type=\"column\" data-e-type=\"column\">\n\t\t\t<div class=\"elementor-widget-wrap elementor-element-populated\">\n\t\t\t\t\t\t<div class=\"elementor-element elementor-element-28b70700 elementor-widget elementor-widget-heading\" data-id=\"28b70700\" data-element_type=\"widget\" data-e-type=\"widget\" data-widget_type=\"heading.default\">\n\t\t\t\t<div class=\"elementor-widget-container\">\n\t\t\t\t\t<h1 class=\"elementor-heading-title elementor-size-default\">Le spedizioni dal Negozio Solidale Hippo \ud83e\udd9b\ud83d\udc99<\/h1>\t\t\t\t<\/div>\n\t\t\t\t<\/div>\n\t\t\t\t<div class=\"elementor-element elementor-element-5977de3b elementor-widget elementor-widget-text-editor\" data-id=\"5977de3b\" data-element_type=\"widget\" data-e-type=\"widget\" data-widget_type=\"text-editor.default\">\n\t\t\t\t<div class=\"elementor-widget-container\">\n\t\t\t\t\t\t\t\t\t<p>Vogliamo che la tua esperienza nel <strong>Negozio di The Hippo House<\/strong> sia calorosa e speciale quanto la <strong>nostra Missione<\/strong>. Ogni ordine che effettui non solo ti porta un <strong>prodotto solidale<\/strong> ricco di significato, ma ci aiuta anche a continuare a creare <strong>risorse educative gratuite<\/strong> per le famiglie che convivono con le <strong>ipoglicemie<\/strong>. Qui trovi tutto ci\u00f2 che devi sapere per ricevere i tuoi prodotti con <strong>facilit\u00e0 e fiducia<\/strong>. \ud83d\udce6<\/p>\t\t\t\t\t\t\t\t<\/div>\n\t\t\t\t<\/div>\n\t\t\t\t<div class=\"elementor-element elementor-element-60ec3180 elementor-widget elementor-widget-heading\" data-id=\"60ec3180\" data-element_type=\"widget\" data-e-type=\"widget\" data-widget_type=\"heading.default\">\n\t\t\t\t<div class=\"elementor-widget-container\">\n\t\t\t\t\t<h2 class=\"elementor-heading-title elementor-size-default\">\ud83c\udf0d Dove spediamo?<\/h2>\t\t\t\t<\/div>\n\t\t\t\t<\/div>\n\t\t\t\t<div class=\"elementor-element elementor-element-0e6dcbc elementor-widget elementor-widget-text-editor\" data-id=\"0e6dcbc\" data-element_type=\"widget\" data-e-type=\"widget\" data-widget_type=\"text-editor.default\">\n\t\t\t\t<div class=\"elementor-widget-container\">\n\t\t\t\t\t\t\t\t\t<p>Il <strong>Negozio Hippo<\/strong> supera i confini per arrivare fino a te. Attualmente effettuiamo spedizioni all&#8217;interno della <strong>Spagna Peninsulare<\/strong>, <strong>dell&#8217;Unione Europea<\/strong> e di <strong>alcuni paesi dello Spazio Economico Europeo<\/strong>.<\/p><p>Vivi al di fuori di queste aree e desideri un pezzo di Hippo a casa tua? \ud83d\udc8c Scrivici a <strong><a href=\"mailto:info@thehippohouse.org\">info@thehippohouse.org<\/a>,<\/strong> e faremo tutto il possibile per realizzare il tuo ordine. Perch\u00e9, come sai, le buone cause non conoscono confini. \u2708\ufe0f\ud83d\udcab<\/p>\t\t\t\t\t\t\t\t<\/div>\n\t\t\t\t<\/div>\n\t\t\t\t<div class=\"elementor-element elementor-element-0162231 elementor-widget elementor-widget-heading\" data-id=\"0162231\" data-element_type=\"widget\" data-e-type=\"widget\" data-widget_type=\"heading.default\">\n\t\t\t\t<div class=\"elementor-widget-container\">\n\t\t\t\t\t<h2 class=\"elementor-heading-title elementor-size-default\">\ud83d\udce6 Quanto tempo ci vorr\u00e0 per ricevere il tuo ordine dal Negozio Hippo? \ud83e\udd9b<\/h2>\t\t\t\t<\/div>\n\t\t\t\t<\/div>\n\t\t\t\t<div class=\"elementor-element elementor-element-6724d80 elementor-widget elementor-widget-text-editor\" data-id=\"6724d80\" data-element_type=\"widget\" data-e-type=\"widget\" data-widget_type=\"text-editor.default\">\n\t\t\t\t<div class=\"elementor-widget-container\">\n\t\t\t\t\t\t\t\t\t<p>In <strong>The Hippo House<\/strong>, vogliamo che tu possa goderti il tuo acquisto il prima possibile, perch\u00e9 sappiamo che ogni pacco porta con s\u00e9 qualcosa di pi\u00f9 dei prodotti: porta solidariet\u00e0, speranza e apprendimento! \ud83d\udc8c Come <strong>squadra solidale<\/strong>, mettiamo tutto il nostro <strong>Amore<\/strong> e le nostre risorse in ogni spedizione, assicurandoci che arrivi <strong>rapidamente e senza problemi.<\/strong><\/p><p>Una volta confermato il tuo ordine, se tutti i prodotti sono <strong>disponibili<\/strong>, lo elaboreremo entro un massimo di <strong>24 ore lavorative<\/strong>. Se hai scelto di pagare <strong>tramite bonifico bancario<\/strong>, dovremo ricevere l&#8217;importo sul nostro conto prima di avviare il processo. Ma non preoccuparti: appena ricevuto il pagamento, prepareremo il tuo ordine entro 24 ore lavorative!<\/p><p>Normalmente, gli ordini impiegano dai <strong>2 ai 7 giorni lavorativi<\/strong> per arrivare a destinazione dalla conferma. Ogni acquisto \u00e8 gestito con <strong>dedizione e affetto<\/strong> per garantire un&#8217;esperienza dolce e scorrevole come <strong>le risorse che contribuiamo a creare.<\/strong> \ud83e\udd9b\ud83d\udc99<\/p><p>I tempi di <strong>consegna<\/strong> dipendono dalla tua posizione. Questi sono i tempi di <strong>transito abituali<\/strong> dopo la spedizione:<\/p><ul><li><strong>1-2 giorni: <\/strong>Spagna peninsulare e Portogallo.<\/li><li><strong>2-3 giorni: <\/strong>Francia.<\/li><li><strong>3-4 giorni:<\/strong> Germania, Austria, Belgio, Paesi Bassi, Italia, Lussemburgo, Regno Unito.<\/li><li><strong>4-5 giorni:<\/strong> Danimarca, Slovacchia, Slovenia, Repubblica Ceca, Finlandia, Ungheria, Svezia.<\/li><li><strong>4-6 giorni:<\/strong> Norvegia, Polonia, Irlanda, Romania, Svizzera.<\/li><li><strong>5-6 giorni:<\/strong> Bulgaria, Estonia, Grecia, Lettonia, Lituania.<\/li><li><strong>6-10 giorni:<\/strong> Bosnia-Erzegovina, Serbia, Montenegro, Croazia.<\/li><\/ul><p>Se uno dei prodotti che hai ordinato <strong>non \u00e8 disponibile<\/strong>, ti contatteremo per <strong>informarti<\/strong> e offrirti delle <strong>alternative<\/strong>. Alcuni articoli sono cos\u00ec speciali che, se esauriti, <strong>li realizziamo esclusivamente per te<\/strong>. Se, per motivi al di fuori del nostro controllo, non fosse possibile produrlo, ti avviseremo il prima possibile e aggiorneremo il nostro <strong>negozio solidale.<\/strong><\/p><p>Hai bisogno del tuo ordine per una data speciale? Scrivici, e faremo <strong>magie<\/strong> per aiutarti. \ud83e\ude84\ud83d\udcab<\/p>\t\t\t\t\t\t\t\t<\/div>\n\t\t\t\t<\/div>\n\t\t\t\t<div class=\"elementor-element elementor-element-55a7f6c elementor-widget elementor-widget-heading\" data-id=\"55a7f6c\" data-element_type=\"widget\" data-e-type=\"widget\" data-widget_type=\"heading.default\">\n\t\t\t\t<div class=\"elementor-widget-container\">\n\t\t\t\t\t<h2 class=\"elementor-heading-title elementor-size-default\">\ud83d\udcb6 Quanto costano le spese di spedizione?<\/h2>\t\t\t\t<\/div>\n\t\t\t\t<\/div>\n\t\t\t\t<div class=\"elementor-element elementor-element-f3adb63 elementor-widget elementor-widget-text-editor\" data-id=\"f3adb63\" data-element_type=\"widget\" data-e-type=\"widget\" data-widget_type=\"text-editor.default\">\n\t\t\t\t<div class=\"elementor-widget-container\">\n\t\t\t\t\t\t\t\t\t<p>Sappiamo che vuoi conoscere i costi prima di completare l&#8217;acquisto. Ecco i dettagli!<\/p><p><strong>Spedizioni all&#8217;interno di Spagna e Portogallo:<\/strong><\/p><ul><li><strong>Spagna peninsulare e Portogallo<\/strong>: <strong>8,75\u20ac<\/strong><\/li><li>Per spedizioni verso le isole, contattaci.<\/li><\/ul><p><strong>Spedizioni all&#8217;interno dell&#8217;Europa e dello Spazio Economico Europeo (per zone):<\/strong><\/p><ul><li><strong>Zona 1<\/strong>: Germania, Francia, Lussemburgo, Paesi Bassi \u2013 <strong>18,75\u20ac<\/strong><\/li><li><strong>Zona 2<\/strong>: Belgio, Austria, Italia, Repubblica Ceca\u2013 <strong>21\u20ac<\/strong><\/li><li><strong>Zona 3<\/strong>: Danimarca, Irlanda, Slovacchia, Polonia, Slovenia, Ungheria\u2013 <strong>22,50\u20ac<\/strong><\/li><li><strong>Zona 4<\/strong>: Croazia, Lettonia, Svezia, Estonia, Lituania\u2013 <strong>35,75\u20ac<\/strong><\/li><li><strong>Zona 5<\/strong>: Bulgaria, Grecia, Finlandia, Romania\u2013 <strong>40,50\u20ac<\/strong><\/li><li><strong>Zona 6: <\/strong>Bosnia-Erzegovina, Norvegia, Serbia, Montenegro, Svizzera<strong>\u2013 50\u20ac<\/strong><\/li><\/ul><p>Vuoi ricevere il tuo ordine in un luogo che non appare nell&#8217;elenco? Nessun problema! Contattaci tramite la nostra e-mail <strong><a href=\"mailto:info@thehippohouse.org\">info@thehippohouse.org<\/a> <\/strong>o chiamaci al numero <strong>+34 931 782 359<\/strong>, e ti forniremo tutte le informazioni necessarie.<\/p><p>Ricorda che ogni centesimo che contribuisci attraverso le spese di spedizione viene utilizzato per garantire che il tuo ordine arrivi in modo sicuro e puntuale<strong>. Grazie per capirlo! <\/strong><strong>\ud83c\udf1f<\/strong><\/p>\t\t\t\t\t\t\t\t<\/div>\n\t\t\t\t<\/div>\n\t\t\t\t<div class=\"elementor-element elementor-element-9e92c21 elementor-widget elementor-widget-heading\" data-id=\"9e92c21\" data-element_type=\"widget\" data-e-type=\"widget\" data-widget_type=\"heading.default\">\n\t\t\t\t<div class=\"elementor-widget-container\">\n\t\t\t\t\t<h2 class=\"elementor-heading-title elementor-size-default\">\ud83d\udce9 Posso tracciare il mio ordine?<\/h2>\t\t\t\t<\/div>\n\t\t\t\t<\/div>\n\t\t\t\t<div class=\"elementor-element elementor-element-5d0530d elementor-widget elementor-widget-text-editor\" data-id=\"5d0530d\" data-element_type=\"widget\" data-e-type=\"widget\" data-widget_type=\"text-editor.default\">\n\t\t\t\t<div class=\"elementor-widget-container\">\n\t\t\t\t\t\t\t\t\t<p>Certamente! Una volta che il tuo ordine \u00e8 in viaggio, riceverai un&#8217;e-mail con il <strong>numero di tracciamento<\/strong>. In questo modo saprai esattamente quando arriver\u00e0 a casa tua.<\/p>\t\t\t\t\t\t\t\t<\/div>\n\t\t\t\t<\/div>\n\t\t\t\t<div class=\"elementor-element elementor-element-8ccaf32 elementor-widget elementor-widget-heading\" data-id=\"8ccaf32\" data-element_type=\"widget\" data-e-type=\"widget\" data-widget_type=\"heading.default\">\n\t\t\t\t<div class=\"elementor-widget-container\">\n\t\t\t\t\t<h2 class=\"elementor-heading-title elementor-size-default\">\u2728 Pi\u00f9 di una spedizione: stai cambiando vite<\/h2>\t\t\t\t<\/div>\n\t\t\t\t<\/div>\n\t\t\t\t<div class=\"elementor-element elementor-element-edd6a81 elementor-widget elementor-widget-text-editor\" data-id=\"edd6a81\" data-element_type=\"widget\" data-e-type=\"widget\" data-widget_type=\"text-editor.default\">\n\t\t\t\t<div class=\"elementor-widget-container\">\n\t\t\t\t\t\t\t\t\t<p>Ricorda che, scegliendo di acquistare dal <strong>Negozio Solidale Hippo<\/strong>, non solo ricevi <strong>prodotti con<\/strong> <strong>Anima e Cuore<\/strong>, ma sostieni anche la nostra Missione: <strong>il 100% dei profitti \u00e8 destinato alla creazione di nuove risorse educative e ludiche per le famiglie che convivono con le ipoglicemie.<\/strong><\/p>\t\t\t\t\t\t\t\t<\/div>\n\t\t\t\t<\/div>\n\t\t\t\t<div class=\"elementor-element elementor-element-5227232 elementor-widget elementor-widget-heading\" data-id=\"5227232\" data-element_type=\"widget\" data-e-type=\"widget\" data-widget_type=\"heading.default\">\n\t\t\t\t<div class=\"elementor-widget-container\">\n\t\t\t\t\t<h2 class=\"elementor-heading-title elementor-size-default\">\ud83e\udde1 Grazie per far parte della Famiglia Hippo!\ud83e\udd9b<\/h2>\t\t\t\t<\/div>\n\t\t\t\t<\/div>\n\t\t\t\t\t<\/div>\n\t\t<\/div>\n\t\t\t\t\t<\/div>\n\t\t<\/section>\n\t\t\t\t<\/div>\n\t\t","protected":false},"excerpt":{"rendered":"<p>Le spedizioni dal Negozio Solidale Hippo \ud83e\udd9b\ud83d\udc99 Vogliamo che la tua esperienza nel Negozio di The Hippo House sia calorosa e speciale quanto la nostra Missione. Ogni ordine che effettui non solo ti porta un prodotto solidale ricco di significato, ma ci aiuta anche a continuare a creare risorse educative gratuite per le famiglie che &#8230; <a title=\"Informazioni sulla spedizione\" class=\"read-more\" href=\"https:\/\/www.thehippohouse.org\/it\/informazioni-sulla-spedizione\/\" aria-label=\"Read more about Informazioni sulla spedizione\">Leer m\u00e1s<\/a><\/p>\n","protected":false},"author":1,"featured_media":0,"parent":0,"menu_order":1,"comment_status":"closed","ping_status":"closed","template":"elementor_header_footer","meta":{"_acf_changed":false,"_seopress_robots_primary_cat":"","_seopress_titles_title":"","_seopress_titles_desc":"","_seopress_robots_index":"","footnotes":""},"class_list":["post-34879","page","type-page","status-publish"],"acf":[],"_links":{"self":[{"href":"https:\/\/www.thehippohouse.org\/it\/wp-json\/wp\/v2\/pages\/34879","targetHints":{"allow":["GET"]}}],"collection":[{"href":"https:\/\/www.thehippohouse.org\/it\/wp-json\/wp\/v2\/pages"}],"about":[{"href":"https:\/\/www.thehippohouse.org\/it\/wp-json\/wp\/v2\/types\/page"}],"author":[{"embeddable":true,"href":"https:\/\/www.thehippohouse.org\/it\/wp-json\/wp\/v2\/users\/1"}],"replies":[{"embeddable":true,"href":"https:\/\/www.thehippohouse.org\/it\/wp-json\/wp\/v2\/comments?post=34879"}],"version-history":[{"count":0,"href":"https:\/\/www.thehippohouse.org\/it\/wp-json\/wp\/v2\/pages\/34879\/revisions"}],"wp:attachment":[{"href":"https:\/\/www.thehippohouse.org\/it\/wp-json\/wp\/v2\/media?parent=34879"}],"curies":[{"name":"wp","href":"https:\/\/api.w.org\/{rel}","templated":true}]}}