{"id":35079,"date":"2024-12-13T11:14:48","date_gmt":"2024-12-13T11:14:48","guid":{"rendered":"https:\/\/www.thehippohouse.org\/?page_id=35079"},"modified":"2024-12-13T12:34:38","modified_gmt":"2024-12-13T12:34:38","slug":"condizioni-generali-di-vendita","status":"publish","type":"page","link":"https:\/\/www.thehippohouse.org\/it\/condizioni-generali-di-vendita\/","title":{"rendered":"Condizioni Generali di Vendita"},"content":{"rendered":"\t\t<div data-elementor-type=\"wp-page\" data-elementor-id=\"35079\" class=\"elementor elementor-35079 elementor-35030\" data-elementor-post-type=\"page\">\n\t\t\t\t\t\t<section class=\"elementor-section elementor-top-section elementor-element elementor-element-1c50a0fa elementor-section-stretched elementor-section-boxed elementor-section-height-default elementor-section-height-default\" data-id=\"1c50a0fa\" data-element_type=\"section\" data-e-type=\"section\" data-settings=\"{&quot;stretch_section&quot;:&quot;section-stretched&quot;}\">\n\t\t\t\t\t\t<div class=\"elementor-container elementor-column-gap-default\">\n\t\t\t\t\t<div class=\"elementor-column elementor-col-100 elementor-top-column elementor-element elementor-element-39162af4\" data-id=\"39162af4\" data-element_type=\"column\" data-e-type=\"column\">\n\t\t\t<div class=\"elementor-widget-wrap elementor-element-populated\">\n\t\t\t\t\t\t<div class=\"elementor-element elementor-element-2be54a88 elementor-widget elementor-widget-heading\" data-id=\"2be54a88\" data-element_type=\"widget\" data-e-type=\"widget\" data-widget_type=\"heading.default\">\n\t\t\t\t<div class=\"elementor-widget-container\">\n\t\t\t\t\t<h1 class=\"elementor-heading-title elementor-size-default\">Condizioni Generali di Vendita del Negozio Solidale Hippo\ud83e\udd9b\ud83d\udc99 \n<\/h1>\t\t\t\t<\/div>\n\t\t\t\t<\/div>\n\t\t\t\t<div class=\"elementor-element elementor-element-7e1e406d elementor-widget elementor-widget-text-editor\" data-id=\"7e1e406d\" data-element_type=\"widget\" data-e-type=\"widget\" data-widget_type=\"text-editor.default\">\n\t\t\t\t<div class=\"elementor-widget-container\">\n\t\t\t\t\t\t\t\t\t<p>Benvenuto nel <strong>Negozio Solidale Hippo<\/strong>! Qui, ogni acquisto non solo ti avvicina a <strong>prodotti pieni di Anima e<\/strong> <strong>Cuore<\/strong>, ma contribuisce anche a realizzare la nostra <strong>Missione<\/strong>: creare <strong>risorse educative gratuite<\/strong> per supportare le famiglie che convivono con <strong>l\u2019ipoglicemia<\/strong>. \ud83c\udf1f<\/p><p>Questi termini e condizioni spiegano tutto quello che c&#8217;\u00e8 da sapere su <strong>ordini, pagamenti, resi<\/strong> e altro ancora.<\/p>\t\t\t\t\t\t\t\t<\/div>\n\t\t\t\t<\/div>\n\t\t\t\t<div class=\"elementor-element elementor-element-4ca583ed elementor-widget elementor-widget-heading\" data-id=\"4ca583ed\" data-element_type=\"widget\" data-e-type=\"widget\" data-widget_type=\"heading.default\">\n\t\t\t\t<div class=\"elementor-widget-container\">\n\t\t\t\t\t<h2 class=\"elementor-heading-title elementor-size-default\">Premessa<\/h2>\t\t\t\t<\/div>\n\t\t\t\t<\/div>\n\t\t\t\t<div class=\"elementor-element elementor-element-645029b7 elementor-widget elementor-widget-text-editor\" data-id=\"645029b7\" data-element_type=\"widget\" data-e-type=\"widget\" data-widget_type=\"text-editor.default\">\n\t\t\t\t<div class=\"elementor-widget-container\">\n\t\t\t\t\t\t\t\t\t<p>Queste <strong>condizioni generali<\/strong> si applicano esclusivamente ai <strong>prodotti venduti direttamente da The Hippo House<\/strong>. Se vedi altri prodotti o servizi menzionati sul nostro sito web, ma non gestiti direttamente da noi, non rientrano in queste condizioni.<\/p><p>Tra te, il <strong>CLIENTE<\/strong>, e noi, l\u2019<a href=\"https:\/\/www.thehippohouse.org\/it\/inizio\/il-partenariato\/\" target=\"_blank\" rel=\"noopener\"><strong>ASSOCIAZIONE HIPPO HOUSE<\/strong><\/a> (CIF G16496077), stabiliamo queste condizioni per garantire <strong>chiarezza e trasparenza.<\/strong><\/p><p>Effettuiamo spedizioni in quasi tutto il mondo \ud83c\udf0d, purch\u00e9 siano coperte le tariffe di spedizione descritte nella sezione <a href=\"https:\/\/www.thehippohouse.org\/it\/shop-di-carita\/informazioni-sulla-spedizione\/\" target=\"_blank\" rel=\"noopener\"><strong>&#8220;Informazioni sulle Spedizioni&#8221;<\/strong><\/a>. Queste condizioni si applicano esclusivamente ai consumatori; <strong><u>la rivendita non \u00e8 consentita.<\/u><\/strong><\/p><p>Effettuare un <strong>ordine<\/strong> nel <strong>Negozio Solidale Hippo<\/strong> implica l\u2019accettazione di queste condizioni, nonch\u00e9 di qualsiasi altra specificata nell\u2019ordine stesso.<\/p>\t\t\t\t\t\t\t\t<\/div>\n\t\t\t\t<\/div>\n\t\t\t\t<div class=\"elementor-element elementor-element-d4f1bea elementor-widget elementor-widget-heading\" data-id=\"d4f1bea\" data-element_type=\"widget\" data-e-type=\"widget\" data-widget_type=\"heading.default\">\n\t\t\t\t<div class=\"elementor-widget-container\">\n\t\t\t\t\t<h2 class=\"elementor-heading-title elementor-size-default\">1. Scopo<\/h2>\t\t\t\t<\/div>\n\t\t\t\t<\/div>\n\t\t\t\t<div class=\"elementor-element elementor-element-2014762c elementor-widget elementor-widget-text-editor\" data-id=\"2014762c\" data-element_type=\"widget\" data-e-type=\"widget\" data-widget_type=\"text-editor.default\">\n\t\t\t\t<div class=\"elementor-widget-container\">\n\t\t\t\t\t\t\t\t\t<p>Queste <strong>condizioni<\/strong> definiscono la nostra relazione commerciale, dalla realizzazione dell\u2019ordine al pagamento, alla consegna e al servizio post-vendita. Vogliamo che la tua esperienza sia fantastica!<\/p>\t\t\t\t\t\t\t\t<\/div>\n\t\t\t\t<\/div>\n\t\t\t\t<div class=\"elementor-element elementor-element-7931276f elementor-widget elementor-widget-heading\" data-id=\"7931276f\" data-element_type=\"widget\" data-e-type=\"widget\" data-widget_type=\"heading.default\">\n\t\t\t\t<div class=\"elementor-widget-container\">\n\t\t\t\t\t<h2 class=\"elementor-heading-title elementor-size-default\">2. Ordini<\/h2>\t\t\t\t<\/div>\n\t\t\t\t<\/div>\n\t\t\t\t<div class=\"elementor-element elementor-element-6651ff4f elementor-widget elementor-widget-text-editor\" data-id=\"6651ff4f\" data-element_type=\"widget\" data-e-type=\"widget\" data-widget_type=\"text-editor.default\">\n\t\t\t\t<div class=\"elementor-widget-container\">\n\t\t\t\t\t\t\t\t\t<p>Effettuare un ordine nel <strong>Negozio Solidale Hippo<\/strong> \u00e8 semplicissimo, te lo spieghiamo!<\/p><p>Puoi effettuare il tuo ordine nei seguenti modi:<\/p><ul><li><strong>Tramite il nostro sito web<\/strong> (consigliato), visitando <a href=\"https:\/\/www.thehippohouse.org\/it\/\" target=\"_blank\" rel=\"noopener\"><strong>thehippohouse.org<\/strong><\/a> e seguendo le istruzioni nella sezione<a href=\"https:\/\/www.thehippohouse.org\/it\/shop-di-carita\/come-acquistare\/\" target=\"_blank\" rel=\"noopener\"> <strong>&#8220;Come acquistare&#8221;<\/strong>.<\/a><\/li><li><strong>Via e-mail,<\/strong> inviandoci un messaggio a <a href=\"mailto:info@thehippohouse.org\"><strong>info@thehippohouse.org<\/strong><\/a><strong>.<\/strong><\/li><\/ul><p>Al momento dell\u2019ordine, dovrai fornirci alcuni dati personali per elaborarlo, a meno che tu non abbia gi\u00e0 un <strong>account cliente<\/strong> con noi.<\/p><p>Effettuando l\u2019ordine, il <strong>CLIENTE<\/strong> accetta tutti i prezzi, le descrizioni dei prodotti e le condizioni di vendita. Se un prodotto non \u00e8 disponibile, ti informeremo il prima possibile.<\/p><p>Trovi tutte le informazioni dettagliate sul processo di acquisto nella sezione <a href=\"https:\/\/www.thehippohouse.org\/it\/shop-di-carita\/come-acquistare\/\" target=\"_blank\" rel=\"noopener\"><strong>&#8220;Come acquistare&#8221;<\/strong><\/a> del nostro sito web.<\/p>\t\t\t\t\t\t\t\t<\/div>\n\t\t\t\t<\/div>\n\t\t\t\t<div class=\"elementor-element elementor-element-1e785175 elementor-widget elementor-widget-heading\" data-id=\"1e785175\" data-element_type=\"widget\" data-e-type=\"widget\" data-widget_type=\"heading.default\">\n\t\t\t\t<div class=\"elementor-widget-container\">\n\t\t\t\t\t<h2 class=\"elementor-heading-title elementor-size-default\">3. Consegna<\/h2>\t\t\t\t<\/div>\n\t\t\t\t<\/div>\n\t\t\t\t<div class=\"elementor-element elementor-element-736dda65 elementor-widget elementor-widget-text-editor\" data-id=\"736dda65\" data-element_type=\"widget\" data-e-type=\"widget\" data-widget_type=\"text-editor.default\">\n\t\t\t\t<div class=\"elementor-widget-container\">\n\t\t\t\t\t\t\t\t\t<p>Ci impegniamo a spedire <strong>i prodotti disponibili a magazzino<\/strong> il pi\u00f9 rapidamente possibile. Tuttavia, se un prodotto non \u00e8 disponibile o \u00e8 in produzione, ti informeremo sulla <strong>disponibilit\u00e0<\/strong> e sui <strong>tempi di consegna<\/strong> stimati.<\/p><p>Le <strong>consegne<\/strong> vengono effettuate <strong>dal luned\u00ec al venerd\u00ec<\/strong> all\u2019indirizzo che ci fornisci. Se hai domande o richieste particolari, faccelo sapere e ci occuperemo di tutto con piacere! \ud83d\ude0a<\/p><p><strong>Tempi di consegna stimati<\/strong> (dopo l\u2019elaborazione dell\u2019ordine):<\/p><ul><li><strong>48\/72 ore <\/strong>(Spagna peninsulare e Portogallo).<\/li><li><strong>4\/10 giorni <\/strong>(Unione Europea e Spazio Economico Europeo).<\/li><li><strong>7\/25 giorni<\/strong> (Resto del mondo).<\/li><\/ul><p>Se un <strong>prodotto<\/strong> non \u00e8 disponibile e non pu\u00f2 essere sostituito, ti informeremo e procederemo immediatamente al rimborso. Non preoccuparti, risolviamo tutto velocemente!<\/p><p>Tutte le informazioni sulle spedizioni sono disponibili nella sezione <a href=\"https:\/\/www.thehippohouse.org\/it\/shop-di-carita\/informazioni-sulla-spedizione\/\" target=\"_blank\" rel=\"noopener\"><strong>&#8220;Informazioni sulle Spedizioni&#8221;<\/strong><\/a> del nostro sito web.<\/p>\t\t\t\t\t\t\t\t<\/div>\n\t\t\t\t<\/div>\n\t\t\t\t<div class=\"elementor-element elementor-element-31a4eedd elementor-widget elementor-widget-heading\" data-id=\"31a4eedd\" data-element_type=\"widget\" data-e-type=\"widget\" data-widget_type=\"heading.default\">\n\t\t\t\t<div class=\"elementor-widget-container\">\n\t\t\t\t\t<h2 class=\"elementor-heading-title elementor-size-default\">4. Pagamento<\/h2>\t\t\t\t<\/div>\n\t\t\t\t<\/div>\n\t\t\t\t<div class=\"elementor-element elementor-element-48234685 elementor-widget elementor-widget-text-editor\" data-id=\"48234685\" data-element_type=\"widget\" data-e-type=\"widget\" data-widget_type=\"text-editor.default\">\n\t\t\t\t<div class=\"elementor-widget-container\">\n\t\t\t\t\t\t\t\t\t<p>Offriamo diverse <strong>modalit\u00e0 di pagamento sicure<\/strong> e comode per te:<\/p><ul><li><strong>Pagamento con carta tramite WooPayments (Stripe),<\/strong> che ti consente di pagare con carta di debito o credito in modo sicuro. Non ti preoccupare, non abbiamo accesso ai tuoi dati bancari! \ud83d\udcb3<\/li><li><strong>Pagamento tramite PayPal.<\/strong> Se hai un account, puoi pagare direttamente con il saldo o la carta collegata.<\/li><li><strong>Pagamento tramite bonifico bancario<\/strong>. In questo caso, ti invieremo i dettagli del nostro conto per effettuare il pagamento. Tieni presente che i bonifici possono richiedere alcuni giorni. Non appena riceviamo il pagamento, elaboriamo il tuo ordine! \u23f3<\/li><\/ul><p>Trovi tutte le informazioni dettagliate sui metodi di pagamento nella sezione <a href=\"https:\/\/www.thehippohouse.org\/it\/shop-di-carita\/come-acquistare\/\" target=\"_blank\" rel=\"noopener\"><strong>&#8220;Come acquistare&#8221;<\/strong><\/a> del nostro sito web.<\/p>\t\t\t\t\t\t\t\t<\/div>\n\t\t\t\t<\/div>\n\t\t\t\t<div class=\"elementor-element elementor-element-cb16e93 elementor-widget elementor-widget-heading\" data-id=\"cb16e93\" data-element_type=\"widget\" data-e-type=\"widget\" data-widget_type=\"heading.default\">\n\t\t\t\t<div class=\"elementor-widget-container\">\n\t\t\t\t\t<h2 class=\"elementor-heading-title elementor-size-default\">5. Prezzi<\/h2>\t\t\t\t<\/div>\n\t\t\t\t<\/div>\n\t\t\t\t<div class=\"elementor-element elementor-element-5536b7c elementor-widget elementor-widget-text-editor\" data-id=\"5536b7c\" data-element_type=\"widget\" data-e-type=\"widget\" data-widget_type=\"text-editor.default\">\n\t\t\t\t<div class=\"elementor-widget-container\">\n\t\t\t\t\t\t\t\t\t<p>I prezzi che vedi sul nostro sito web includono per impostazione predefinita le tasse legali in Spagna. <strong>Nessuna sorpresa!<\/strong> \ud83d\ude0e Il prezzo finale di ogni ordine pu\u00f2 includere costi aggiuntivi per l\u2019imballaggio e la spedizione, a seconda della destinazione dell\u2019ordine.<\/p><p>Puoi consultare i costi aggiuntivi nella sezione <a href=\"https:\/\/www.thehippohouse.org\/it\/shop-di-carita\/informazioni-sulla-spedizione\/\" target=\"_blank\" rel=\"noopener\"><strong>&#8220;Informazioni sulle Spedizioni&#8221;<\/strong><\/a> del nostro sito web.<\/p>\t\t\t\t\t\t\t\t<\/div>\n\t\t\t\t<\/div>\n\t\t\t\t<div class=\"elementor-element elementor-element-772a72d elementor-widget elementor-widget-heading\" data-id=\"772a72d\" data-element_type=\"widget\" data-e-type=\"widget\" data-widget_type=\"heading.default\">\n\t\t\t\t<div class=\"elementor-widget-container\">\n\t\t\t\t\t<h2 class=\"elementor-heading-title elementor-size-default\">6. Diritto di recesso e restituzione<\/h2>\t\t\t\t<\/div>\n\t\t\t\t<\/div>\n\t\t\t\t<div class=\"elementor-element elementor-element-423f675 elementor-widget elementor-widget-text-editor\" data-id=\"423f675\" data-element_type=\"widget\" data-e-type=\"widget\" data-widget_type=\"text-editor.default\">\n\t\t\t\t<div class=\"elementor-widget-container\">\n\t\t\t\t\t\t\t\t\t<p>A volte le cose non vanno come previsto. Nessun problema,<strong> hai 7 giorni di tempo<\/strong>, <strong>dalla ricezione dell\u2019ordine<\/strong>, per restituire un prodotto senza penalit\u00e0. Assicurati solo che l\u2019articolo sia in <strong>perfette condizioni<\/strong> e con le etichette intatte.<\/p><p><span style=\"text-decoration: underline;\"><strong>Ricorda che i prodotti personalizzati o consumabili non possono essere restituiti.<\/strong> <\/span>\ud83d\udca1<\/p><p>Se la restituzione \u00e8 dovuta a un nostro errore (prodotto errato o difettoso), <strong>ci facciamo carico dei costi!<\/strong> In caso contrario, il <strong>CLIENTE<\/strong> sosterr\u00e0 i costi di restituzione.<\/p><p>Trovi tutte le informazioni nella sezione <a href=\"https:\/\/www.thehippohouse.org\/it\/shop-di-carita\/politica-di-restituzione\/\" target=\"_blank\" rel=\"noopener\"><strong>&#8220;Politica di Restituzione&#8221;<\/strong><\/a> del nostro sito web.<\/p>\t\t\t\t\t\t\t\t<\/div>\n\t\t\t\t<\/div>\n\t\t\t\t<div class=\"elementor-element elementor-element-901380e elementor-widget elementor-widget-heading\" data-id=\"901380e\" data-element_type=\"widget\" data-e-type=\"widget\" data-widget_type=\"heading.default\">\n\t\t\t\t<div class=\"elementor-widget-container\">\n\t\t\t\t\t<h2 class=\"elementor-heading-title elementor-size-default\">7. Garanzie<\/h2>\t\t\t\t<\/div>\n\t\t\t\t<\/div>\n\t\t\t\t<div class=\"elementor-element elementor-element-4ee06ce elementor-widget elementor-widget-text-editor\" data-id=\"4ee06ce\" data-element_type=\"widget\" data-e-type=\"widget\" data-widget_type=\"text-editor.default\">\n\t\t\t\t<div class=\"elementor-widget-container\">\n\t\t\t\t\t\t\t\t\t<p>Se un prodotto non soddisfa le tue aspettative o presenta un difetto, non preoccuparti! Puoi richiedere <strong>una sostituzione, un cambio o un rimborso<\/strong>. La riparazione e la sostituzione sono <strong>completamente gratuite<\/strong> per te. Se decidi di cambiare il prodotto e il prezzo del nuovo prodotto \u00e8 pi\u00f9 alto, dovrai pagare la differenza. Se \u00e8 inferiore, ti rimborsiamo la differenza. \ud83d\ude0a<\/p>\t\t\t\t\t\t\t\t<\/div>\n\t\t\t\t<\/div>\n\t\t\t\t<div class=\"elementor-element elementor-element-293ba02 elementor-widget elementor-widget-heading\" data-id=\"293ba02\" data-element_type=\"widget\" data-e-type=\"widget\" data-widget_type=\"heading.default\">\n\t\t\t\t<div class=\"elementor-widget-container\">\n\t\t\t\t\t<h2 class=\"elementor-heading-title elementor-size-default\">8. Responsabilit\u00e0<\/h2>\t\t\t\t<\/div>\n\t\t\t\t<\/div>\n\t\t\t\t<div class=\"elementor-element elementor-element-4c68135 elementor-widget elementor-widget-text-editor\" data-id=\"4c68135\" data-element_type=\"widget\" data-e-type=\"widget\" data-widget_type=\"text-editor.default\">\n\t\t\t\t<div class=\"elementor-widget-container\">\n\t\t\t\t\t\t\t\t\t<p>Prendiamo molto sul serio la sicurezza dei tuoi dati. <strong>The Hippo House<\/strong> garantisce che tutti <strong><u>i tuoi dati personali saranno trattati in modo sicuro<\/u><\/strong>, per evitare qualsiasi accesso non autorizzato.<\/p><p>\ud83d\udd10 Puoi consultare la nostra <a href=\"https:\/\/www.thehippohouse.org\/it\/informativa-sulla-privacy-e-sulla-protezione-dei-dati\/\" target=\"_blank\" rel=\"noopener\"><strong>&#8220;Politica sulla Privacy&#8221;<\/strong><\/a> per conoscere tutti i dettagli.<\/p>\t\t\t\t\t\t\t\t<\/div>\n\t\t\t\t<\/div>\n\t\t\t\t<div class=\"elementor-element elementor-element-f4bcc9c elementor-widget elementor-widget-heading\" data-id=\"f4bcc9c\" data-element_type=\"widget\" data-e-type=\"widget\" data-widget_type=\"heading.default\">\n\t\t\t\t<div class=\"elementor-widget-container\">\n\t\t\t\t\t<h2 class=\"elementor-heading-title elementor-size-default\">9. Propriet\u00e0 intellettuale<\/h2>\t\t\t\t<\/div>\n\t\t\t\t<\/div>\n\t\t\t\t<div class=\"elementor-element elementor-element-7fa17e5 elementor-widget elementor-widget-text-editor\" data-id=\"7fa17e5\" data-element_type=\"widget\" data-e-type=\"widget\" data-widget_type=\"text-editor.default\">\n\t\t\t\t<div class=\"elementor-widget-container\">\n\t\t\t\t\t\t\t\t\t<p>Tutte le informazioni e i contenuti del nostro sito web (immagini, testi, video) sono protetti da <strong>copyright<\/strong>. Alcuni contenuti appartengono all\u2019<a href=\"https:\/\/www.thehippohouse.org\/it\/inizio\/il-partenariato\/\" target=\"_blank\" rel=\"noopener\"><strong>Associazione Hippo House<\/strong><\/a>, altri a terzi. Condividi pure i nostri contenuti, ma ricordati di citarci come fonte! \ud83d\udcda<\/p>\t\t\t\t\t\t\t\t<\/div>\n\t\t\t\t<\/div>\n\t\t\t\t<div class=\"elementor-element elementor-element-c2771d1 elementor-widget elementor-widget-heading\" data-id=\"c2771d1\" data-element_type=\"widget\" data-e-type=\"widget\" data-widget_type=\"heading.default\">\n\t\t\t\t<div class=\"elementor-widget-container\">\n\t\t\t\t\t<h2 class=\"elementor-heading-title elementor-size-default\">10. Accordo totale<\/h2>\t\t\t\t<\/div>\n\t\t\t\t<\/div>\n\t\t\t\t<div class=\"elementor-element elementor-element-e067b98 elementor-widget elementor-widget-text-editor\" data-id=\"e067b98\" data-element_type=\"widget\" data-e-type=\"widget\" data-widget_type=\"text-editor.default\">\n\t\t\t\t<div class=\"elementor-widget-container\">\n\t\t\t\t\t\t\t\t\t<p>Queste <strong>condizioni generali<\/strong> rappresentano l\u2019accordo completo tra te e noi. Se una clausola viene annullata, le altre condizioni rimangono invariate. Tutto \u00e8 chiaro e trasparente. \u2705<\/p>\t\t\t\t\t\t\t\t<\/div>\n\t\t\t\t<\/div>\n\t\t\t\t<div class=\"elementor-element elementor-element-ec091ca elementor-widget elementor-widget-heading\" data-id=\"ec091ca\" data-element_type=\"widget\" data-e-type=\"widget\" data-widget_type=\"heading.default\">\n\t\t\t\t<div class=\"elementor-widget-container\">\n\t\t\t\t\t<h2 class=\"elementor-heading-title elementor-size-default\">11. Legge applicabile e giurisdizione<\/h2>\t\t\t\t<\/div>\n\t\t\t\t<\/div>\n\t\t\t\t<div class=\"elementor-element elementor-element-ea102f5 elementor-widget elementor-widget-text-editor\" data-id=\"ea102f5\" data-element_type=\"widget\" data-e-type=\"widget\" data-widget_type=\"text-editor.default\">\n\t\t\t\t<div class=\"elementor-widget-container\">\n\t\t\t\t\t\t\t\t\t<p>Queste <strong>Condizioni Generali di Vendita<\/strong> sono regolate dalla legge spagnola. In caso di controversie o dubbi, <strong>The Hippo House<\/strong> e il <strong>CLIENTE<\/strong> si sottoporranno ai tribunali del domicilio fiscale dell\u2019<a href=\"https:\/\/www.thehippohouse.org\/it\/inizio\/il-partenariato\/\" target=\"_blank\" rel=\"noopener\"><strong>Associazione Hippo House<\/strong><\/a>.<\/p><p>Se hai domande o hai bisogno di ulteriori informazioni, contattaci pure all\u2019indirizzo <a href=\"mailto:info@thehippohouse.org\"><strong>info@thehippohouse.org<\/strong><\/a> o al numero <strong>+34 931 782 359.<\/strong> \ud83d\udcde<\/p>\t\t\t\t\t\t\t\t<\/div>\n\t\t\t\t<\/div>\n\t\t\t\t<div class=\"elementor-element elementor-element-3f46dc46 elementor-widget elementor-widget-heading\" data-id=\"3f46dc46\" data-element_type=\"widget\" data-e-type=\"widget\" data-widget_type=\"heading.default\">\n\t\t\t\t<div class=\"elementor-widget-container\">\n\t\t\t\t\t<h2 class=\"elementor-heading-title elementor-size-default\">\ud83e\udde1 Grazie per far parte della Famiglia Hippo e per rendere ogni acquisto importante! \ud83e\udd9b <\/h2>\t\t\t\t<\/div>\n\t\t\t\t<\/div>\n\t\t\t\t<div class=\"elementor-element elementor-element-79e07e1 elementor-widget elementor-widget-text-editor\" data-id=\"79e07e1\" data-element_type=\"widget\" data-e-type=\"widget\" data-widget_type=\"text-editor.default\">\n\t\t\t\t<div class=\"elementor-widget-container\">\n\t\t\t\t\t\t\t\t\t<p>Ricorda che il <strong>100% dei ricavi degli acquisti nel Negozio Solidale Hippo<\/strong> <strong>viene destinato alla creazione di risorse educative gratuite per le famiglie che convivono con l\u2019ipoglicemia.<\/strong><\/p>\t\t\t\t\t\t\t\t<\/div>\n\t\t\t\t<\/div>\n\t\t\t\t<div class=\"elementor-element elementor-element-37ed2f6 elementor-widget elementor-widget-heading\" data-id=\"37ed2f6\" data-element_type=\"widget\" data-e-type=\"widget\" data-widget_type=\"heading.default\">\n\t\t\t\t<div class=\"elementor-widget-container\">\n\t\t\t\t\t<h2 class=\"elementor-heading-title elementor-size-default\">\ud83d\udcab Ogni clic nel nostro negozio \u00e8 un granello di zucchero! \ud83d\udcab<\/h2>\t\t\t\t<\/div>\n\t\t\t\t<\/div>\n\t\t\t\t\t<\/div>\n\t\t<\/div>\n\t\t\t\t\t<\/div>\n\t\t<\/section>\n\t\t\t\t<\/div>\n\t\t","protected":false},"excerpt":{"rendered":"<p>Condizioni Generali di Vendita del Negozio Solidale Hippo\ud83e\udd9b\ud83d\udc99 Benvenuto nel Negozio Solidale Hippo! Qui, ogni acquisto non solo ti avvicina a prodotti pieni di Anima e Cuore, ma contribuisce anche a realizzare la nostra Missione: creare risorse educative gratuite per supportare le famiglie che convivono con l\u2019ipoglicemia. \ud83c\udf1f Questi termini e condizioni spiegano tutto quello &#8230; <a title=\"Condizioni Generali di Vendita\" class=\"read-more\" href=\"https:\/\/www.thehippohouse.org\/it\/condizioni-generali-di-vendita\/\" aria-label=\"Read more about Condizioni Generali di Vendita\">Leer m\u00e1s<\/a><\/p>\n","protected":false},"author":1,"featured_media":0,"parent":0,"menu_order":4,"comment_status":"closed","ping_status":"closed","template":"elementor_header_footer","meta":{"_acf_changed":false,"_seopress_robots_primary_cat":"","_seopress_titles_title":"","_seopress_titles_desc":"","_seopress_robots_index":"","footnotes":""},"class_list":["post-35079","page","type-page","status-publish"],"acf":[],"_links":{"self":[{"href":"https:\/\/www.thehippohouse.org\/it\/wp-json\/wp\/v2\/pages\/35079","targetHints":{"allow":["GET"]}}],"collection":[{"href":"https:\/\/www.thehippohouse.org\/it\/wp-json\/wp\/v2\/pages"}],"about":[{"href":"https:\/\/www.thehippohouse.org\/it\/wp-json\/wp\/v2\/types\/page"}],"author":[{"embeddable":true,"href":"https:\/\/www.thehippohouse.org\/it\/wp-json\/wp\/v2\/users\/1"}],"replies":[{"embeddable":true,"href":"https:\/\/www.thehippohouse.org\/it\/wp-json\/wp\/v2\/comments?post=35079"}],"version-history":[{"count":0,"href":"https:\/\/www.thehippohouse.org\/it\/wp-json\/wp\/v2\/pages\/35079\/revisions"}],"wp:attachment":[{"href":"https:\/\/www.thehippohouse.org\/it\/wp-json\/wp\/v2\/media?parent=35079"}],"curies":[{"name":"wp","href":"https:\/\/api.w.org\/{rel}","templated":true}]}}