{"id":16084,"date":"2017-12-10T10:23:24","date_gmt":"2017-12-10T10:23:24","guid":{"rendered":"https:\/\/www.thehippohouse.org\/?page_id=16084"},"modified":"2025-09-26T07:08:57","modified_gmt":"2025-09-26T07:08:57","slug":"politica-de-privacidade-e-protecao-de-dados","status":"publish","type":"page","link":"https:\/\/www.thehippohouse.org\/pt-pt\/paginas-rollazo\/politica-de-privacidade-e-protecao-de-dados\/","title":{"rendered":"Pol\u00edtica de privacidade e prote\u00e7\u00e3o de dados da Hippo House"},"content":{"rendered":"\t\t<div data-elementor-type=\"wp-post\" data-elementor-id=\"16084\" class=\"elementor elementor-16084 elementor-674\" data-elementor-post-type=\"page\">\n\t\t\t\t\t\t<section class=\"elementor-section elementor-top-section elementor-element elementor-element-6c223b71 elementor-section-boxed elementor-section-height-default elementor-section-height-default\" data-id=\"6c223b71\" data-element_type=\"section\" data-e-type=\"section\">\n\t\t\t\t\t\t<div class=\"elementor-container elementor-column-gap-default\">\n\t\t\t\t\t<div class=\"elementor-column elementor-col-100 elementor-top-column elementor-element elementor-element-7ce1a2e6\" data-id=\"7ce1a2e6\" data-element_type=\"column\" data-e-type=\"column\">\n\t\t\t<div class=\"elementor-widget-wrap elementor-element-populated\">\n\t\t\t\t\t\t<div class=\"elementor-element elementor-element-1b30921 elementor-widget elementor-widget-heading\" data-id=\"1b30921\" data-element_type=\"widget\" data-e-type=\"widget\" data-widget_type=\"heading.default\">\n\t\t\t\t<div class=\"elementor-widget-container\">\n\t\t\t\t\t<h1 class=\"elementor-heading-title elementor-size-default\">Pol\u00edtica de Privacidade e Prote\u00e7\u00e3o de Dados da Hippo House<\/h1>\t\t\t\t<\/div>\n\t\t\t\t<\/div>\n\t\t\t\t<div class=\"elementor-element elementor-element-48c830a8 elementor-widget elementor-widget-text-editor\" data-id=\"48c830a8\" data-element_type=\"widget\" data-e-type=\"widget\" data-widget_type=\"text-editor.default\">\n\t\t\t\t<div class=\"elementor-widget-container\">\n\t\t\t\t\t\t\t\t\t<p>Data de entrada em vigor: 14\/11\/2023<\/p>\t\t\t\t\t\t\t\t<\/div>\n\t\t\t\t<\/div>\n\t\t\t\t<div class=\"elementor-element elementor-element-b7bf419 elementor-widget elementor-widget-heading\" data-id=\"b7bf419\" data-element_type=\"widget\" data-e-type=\"widget\" data-widget_type=\"heading.default\">\n\t\t\t\t<div class=\"elementor-widget-container\">\n\t\t\t\t\t<h2 class=\"elementor-heading-title elementor-size-default\">I. Introdu\u00e7\u00e3o<\/h2>\t\t\t\t<\/div>\n\t\t\t\t<\/div>\n\t\t\t\t<div class=\"elementor-element elementor-element-cc0ee2c elementor-widget elementor-widget-text-editor\" data-id=\"cc0ee2c\" data-element_type=\"widget\" data-e-type=\"widget\" data-widget_type=\"text-editor.default\">\n\t\t\t\t<div class=\"elementor-widget-container\">\n\t\t\t\t\t\t\t\t\t<p>Respeitando o disposto na legisla\u00e7\u00e3o em vigor, a The Hippo House (doravante tamb\u00e9m Site) compromete-se a adotar as medidas t\u00e9cnicas e organizativas necess\u00e1rias, de acordo com o n\u00edvel de seguran\u00e7a adequado ao risco dos dados recolhidos.<\/p>\t\t\t\t\t\t\t\t<\/div>\n\t\t\t\t<\/div>\n\t\t\t\t<div class=\"elementor-element elementor-element-b6af9b4 elementor-widget elementor-widget-heading\" data-id=\"b6af9b4\" data-element_type=\"widget\" data-e-type=\"widget\" data-widget_type=\"heading.default\">\n\t\t\t\t<div class=\"elementor-widget-container\">\n\t\t\t\t\t<h2 class=\"elementor-heading-title elementor-size-default\">Leis incorporadas nesta Pol\u00edtica de Privacidade<\/h2>\t\t\t\t<\/div>\n\t\t\t\t<\/div>\n\t\t\t\t<div class=\"elementor-element elementor-element-a51dcbf elementor-widget elementor-widget-text-editor\" data-id=\"a51dcbf\" data-element_type=\"widget\" data-e-type=\"widget\" data-widget_type=\"text-editor.default\">\n\t\t\t\t<div class=\"elementor-widget-container\">\n\t\t\t\t\t\t\t\t\t<p>Esta pol\u00edtica de privacidade est\u00e1 adaptada \u00e0s regulamenta\u00e7\u00f5es espanholas e europeias em vigor relativas \u00e0 prote\u00e7\u00e3o de dados pessoais na Internet, incluindo:<\/p><ul><li>Regulamento (UE) 2016\/679 do Parlamento Europeu e do Conselho (RGPD).<\/li><li>Lei Org\u00e2nica 3\/2018, de 5 de dezembro, sobre Prote\u00e7\u00e3o de Dados Pessoais e garantia de direitos digitais (LOPD-GDD).<\/li><li>Real Decreto 1720\/2007, de 21 de dezembro, que aprova o Regulamento para o desenvolvimento do LOPD-GDD.<\/li><li>Lei 34\/2002, de 11 de julho, de Servi\u00e7os da Sociedade da Informa\u00e7\u00e3o e Com\u00e9rcio Eletr\u00f3nico (LSSI-CE).<\/li><\/ul>\t\t\t\t\t\t\t\t<\/div>\n\t\t\t\t<\/div>\n\t\t\t\t<div class=\"elementor-element elementor-element-0bfc659 elementor-widget elementor-widget-heading\" data-id=\"0bfc659\" data-element_type=\"widget\" data-e-type=\"widget\" data-widget_type=\"heading.default\">\n\t\t\t\t<div class=\"elementor-widget-container\">\n\t\t\t\t\t<h2 class=\"elementor-heading-title elementor-size-default\">Identidade do Controlador de Dados<\/h2>\t\t\t\t<\/div>\n\t\t\t\t<\/div>\n\t\t\t\t<div class=\"elementor-element elementor-element-16f4ffd elementor-widget elementor-widget-text-editor\" data-id=\"16f4ffd\" data-element_type=\"widget\" data-e-type=\"widget\" data-widget_type=\"text-editor.default\">\n\t\t\t\t<div class=\"elementor-widget-container\">\n\t\t\t\t\t\t\t\t\t<p>O respons\u00e1vel pelo tratamento dos dados pessoais recolhidos na The Hippo House \u00e9: Cristina Pindado Gonz\u00e1lez. Suas informa\u00e7\u00f5es de contato s\u00e3o as seguintes:<\/p><p>E-mail de contato: info@thehippohouse.org<\/p>\t\t\t\t\t\t\t\t<\/div>\n\t\t\t\t<\/div>\n\t\t\t\t<div class=\"elementor-element elementor-element-0fc34b0 elementor-widget elementor-widget-heading\" data-id=\"0fc34b0\" data-element_type=\"widget\" data-e-type=\"widget\" data-widget_type=\"heading.default\">\n\t\t\t\t<div class=\"elementor-widget-container\">\n\t\t\t\t\t<h2 class=\"elementor-heading-title elementor-size-default\">Registo de Dados Pessoais<\/h2>\t\t\t\t<\/div>\n\t\t\t\t<\/div>\n\t\t\t\t<div class=\"elementor-element elementor-element-6e0b48e elementor-widget__width-initial elementor-widget elementor-widget-text-editor\" data-id=\"6e0b48e\" data-element_type=\"widget\" data-e-type=\"widget\" data-widget_type=\"text-editor.default\">\n\t\t\t\t<div class=\"elementor-widget-container\">\n\t\t\t\t\t\t\t\t\t<p>Em cumprimento do RGPD e do LOPD-GDD, informamos que os dados pessoais recolhidos pela The Hippo House ser\u00e3o incorporados e ser\u00e3o tratados no nosso ficheiro de forma a facilitar, agilizar e cumprir os compromissos estabelecidos com o Utilizador, bem como para manter o relacionamento estabelecido nos formul\u00e1rios que voc\u00ea preenche.<\/p><p>O tipo e a quantidade de informa\u00e7\u00e3o que recebemos e armazenamos depende da utiliza\u00e7\u00e3o que cada utilizador faz do nosso website. Os usu\u00e1rios podem acessar a maioria das p\u00e1ginas e entradas em thehippohouse.org sem nos revelar sua identidade ou outras informa\u00e7\u00f5es pessoais.<\/p><p>Quando voc\u00ea visita nosso site, nosso site armazena arquivos de log an\u00f4nimos que nos fornecem informa\u00e7\u00f5es valiosas para melhorar a experi\u00eancia do usu\u00e1rio. Se quiser mais informa\u00e7\u00f5es sobre isso, voc\u00ea pode acessar nossa pol\u00edtica de cookies.<\/p><p>A Hippo House n\u00e3o recolhe informa\u00e7\u00f5es de identifica\u00e7\u00e3o do utilizador (tais como nome, morada, n\u00famero de telefone ou endere\u00e7o de e-mail) a menos que o utilizador opte por nos fornec\u00ea-las, como por exemplo quando realiza uma compra na nossa loja ou adere ao Clube Hippo.<\/p>\t\t\t\t\t\t\t\t<\/div>\n\t\t\t\t<\/div>\n\t\t\t\t<div class=\"elementor-element elementor-element-c619f5b elementor-widget elementor-widget-heading\" data-id=\"c619f5b\" data-element_type=\"widget\" data-e-type=\"widget\" data-widget_type=\"heading.default\">\n\t\t\t\t<div class=\"elementor-widget-container\">\n\t\t\t\t\t<h2 class=\"elementor-heading-title elementor-size-default\">Princ\u00edpios Aplic\u00e1veis ao Tratamento de Dados Pessoais<\/h2>\t\t\t\t<\/div>\n\t\t\t\t<\/div>\n\t\t\t\t<div class=\"elementor-element elementor-element-d01dad1 elementor-widget__width-initial elementor-widget elementor-widget-text-editor\" data-id=\"d01dad1\" data-element_type=\"widget\" data-e-type=\"widget\" data-widget_type=\"text-editor.default\">\n\t\t\t\t<div class=\"elementor-widget-container\">\n\t\t\t\t\t\t\t\t\t<p>O tratamento dos dados pessoais do Utilizador estar\u00e1 sujeito aos princ\u00edpios constantes do RGPD e do LOPD-GDD:<\/p><ol><li><b>Legalidade, lealdade e transpar\u00eancia: Ser\u00e1 necess\u00e1rio o consentimento do Usu\u00e1rio em todos os momentos com informa\u00e7\u00e3o pr\u00e9via e transparente<\/b><\/li><li><strong>L<\/strong><b>imita\u00e7\u00e3o da finalidade:<\/b> Os dados pessoais ser\u00e3o recolhidos para finalidades espec\u00edficas, expl\u00edcitas e leg\u00edtimas.<\/li><li><b>Minimiza\u00e7\u00e3o de dados: <\/b>Ser\u00e3o recolhidos apenas os dados estritamente necess\u00e1rios.<\/li><li><b>Precis\u00e3o: <\/b>Os dados pessoais devem ser exatos e sempre atualizados.<\/li><li><b>Limita\u00e7\u00e3o do per\u00edodo de conserva\u00e7\u00e3o: <\/b>Os dados ser\u00e3o conservados pelo tempo necess\u00e1rio ao seu tratamento.<\/li><li><b>Integridade e confidencialidade: <\/b>A seguran\u00e7a e confidencialidade dos dados ser\u00e3o garantidas.<\/li><li><b>Responsabilidade proativa:<\/b> O Respons\u00e1vel pelo Tratamento garantir\u00e1 o cumprimento dos princ\u00edpios acima mencionados.<\/li><\/ol>\t\t\t\t\t\t\t\t<\/div>\n\t\t\t\t<\/div>\n\t\t\t\t<div class=\"elementor-element elementor-element-3a102fd elementor-widget elementor-widget-heading\" data-id=\"3a102fd\" data-element_type=\"widget\" data-e-type=\"widget\" data-widget_type=\"heading.default\">\n\t\t\t\t<div class=\"elementor-widget-container\">\n\t\t\t\t\t<h2 class=\"elementor-heading-title elementor-size-default\">Categorias de dados pessoais<\/h2>\t\t\t\t<\/div>\n\t\t\t\t<\/div>\n\t\t\t\t<div class=\"elementor-element elementor-element-50b0588 elementor-widget__width-initial elementor-widget elementor-widget-text-editor\" data-id=\"50b0588\" data-element_type=\"widget\" data-e-type=\"widget\" data-widget_type=\"text-editor.default\">\n\t\t\t\t<div class=\"elementor-widget-container\">\n\t\t\t\t\t\t\t\t\t<p>As categorias de dados tratados pela The Hippo House s\u00e3o apenas dados de identifica\u00e7\u00e3o, sem tratamento de categorias especiais de dados pessoais de acordo com o Artigo 9 do RGPD<\/p>\t\t\t\t\t\t\t\t<\/div>\n\t\t\t\t<\/div>\n\t\t\t\t<div class=\"elementor-element elementor-element-b358813 elementor-widget elementor-widget-heading\" data-id=\"b358813\" data-element_type=\"widget\" data-e-type=\"widget\" data-widget_type=\"heading.default\">\n\t\t\t\t<div class=\"elementor-widget-container\">\n\t\t\t\t\t<h2 class=\"elementor-heading-title elementor-size-default\">Base Legal para o Tratamento de Dados Pessoais<\/h2>\t\t\t\t<\/div>\n\t\t\t\t<\/div>\n\t\t\t\t<div class=\"elementor-element elementor-element-c9518cd elementor-widget__width-initial elementor-widget elementor-widget-text-editor\" data-id=\"c9518cd\" data-element_type=\"widget\" data-e-type=\"widget\" data-widget_type=\"text-editor.default\">\n\t\t\t\t<div class=\"elementor-widget-container\">\n\t\t\t\t\t\t\t\t\t<p>A base legal para o tratamento de dados pessoais \u00e9 o consentimento expresso e verific\u00e1vel do Utilizador.<\/p>\t\t\t\t\t\t\t\t<\/div>\n\t\t\t\t<\/div>\n\t\t\t\t<div class=\"elementor-element elementor-element-8bb82c7 elementor-widget elementor-widget-heading\" data-id=\"8bb82c7\" data-element_type=\"widget\" data-e-type=\"widget\" data-widget_type=\"heading.default\">\n\t\t\t\t<div class=\"elementor-widget-container\">\n\t\t\t\t\t<h2 class=\"elementor-heading-title elementor-size-default\">Finalidades do Tratamento<\/h2>\t\t\t\t<\/div>\n\t\t\t\t<\/div>\n\t\t\t\t<div class=\"elementor-element elementor-element-19e0714 elementor-widget__width-initial elementor-widget elementor-widget-text-editor\" data-id=\"19e0714\" data-element_type=\"widget\" data-e-type=\"widget\" data-widget_type=\"text-editor.default\">\n\t\t\t\t<div class=\"elementor-widget-container\">\n\t\t\t\t\t\t\t\t\t<p>A Hippo House e os seus prestadores de servi\u00e7os (por exemplo: a empresa de transporte que entrega a sua encomenda em sua casa) tratar\u00e3o os seus dados de forma confidencial e iremos armazen\u00e1-los num ambiente seguro.<\/p><p>Os dados pessoais s\u00e3o coletados e gerenciados com a finalidade de facilitar, agilizar e cumprir os compromissos estabelecidos com o Usu\u00e1rio, bem como para atividades espec\u00edficas do objeto social da organiza\u00e7\u00e3o.<\/p><p>A recolha e tratamento automatizado dos dados pessoais do utilizador tem por finalidade manter a rela\u00e7\u00e3o contratual estabelecida em cada caso com The Hippo House. Por exemplo:<\/p><ul><li>Para lhe enviar os produtos f\u00edsicos que voc\u00ea compra em nossa loja.<\/li><li>Para contact\u00e1-lo em caso de incidentes relacionados com o envio de produtos ou pagamento de encomendas.<\/li><li>Para inform\u00e1-lo sobre eventos ou not\u00edcias relacionadas ao site ou produtos. No caso de envio de publicidade, iremos sempre identific\u00e1-la como tal e s\u00f3 lhe enviaremos se nos der o seu consentimento. Al\u00e9m disso, ter\u00e1 sempre acesso direto \u00e0 possibilidade de deixar de receber tal publicidade a qualquer momento.<\/li><li>Enviar-lhe a Newsletter caso tenha subscrito.<\/li><\/ul><p>Os pagamentos \u00e0 The Hippo House s\u00e3o feitos atrav\u00e9s da plataforma Paypal e n\u00e3o temos acesso aos dados do seu cart\u00e3o de d\u00e9bito ou cr\u00e9dito, nem aos dados da sua conta Paypal.<\/p>\t\t\t\t\t\t\t\t<\/div>\n\t\t\t\t<\/div>\n\t\t\t\t<div class=\"elementor-element elementor-element-54bf3ae elementor-widget elementor-widget-heading\" data-id=\"54bf3ae\" data-element_type=\"widget\" data-e-type=\"widget\" data-widget_type=\"heading.default\">\n\t\t\t\t<div class=\"elementor-widget-container\">\n\t\t\t\t\t<h2 class=\"elementor-heading-title elementor-size-default\">Per\u00edodos de reten\u00e7\u00e3o<\/h2>\t\t\t\t<\/div>\n\t\t\t\t<\/div>\n\t\t\t\t<div class=\"elementor-element elementor-element-5dbda69 elementor-widget__width-initial elementor-widget elementor-widget-text-editor\" data-id=\"5dbda69\" data-element_type=\"widget\" data-e-type=\"widget\" data-widget_type=\"text-editor.default\">\n\t\t\t\t<div class=\"elementor-widget-container\">\n\t\t\t\t\t\t\t\t\t<p>Os dados pessoais ser\u00e3o conservados pelo tempo m\u00ednimo necess\u00e1rio \u00e0s finalidades do seu tratamento, at\u00e9 12 meses ou at\u00e9 que o Utilizador solicite a sua elimina\u00e7\u00e3o.<\/p>\t\t\t\t\t\t\t\t<\/div>\n\t\t\t\t<\/div>\n\t\t\t\t<div class=\"elementor-element elementor-element-0651f21 elementor-widget elementor-widget-heading\" data-id=\"0651f21\" data-element_type=\"widget\" data-e-type=\"widget\" data-widget_type=\"heading.default\">\n\t\t\t\t<div class=\"elementor-widget-container\">\n\t\t\t\t\t<h2 class=\"elementor-heading-title elementor-size-default\">Dados Pessoais de Menores<\/h2>\t\t\t\t<\/div>\n\t\t\t\t<\/div>\n\t\t\t\t<div class=\"elementor-element elementor-element-3cea29b elementor-widget__width-initial elementor-widget elementor-widget-text-editor\" data-id=\"3cea29b\" data-element_type=\"widget\" data-e-type=\"widget\" data-widget_type=\"text-editor.default\">\n\t\t\t\t<div class=\"elementor-widget-container\">\n\t\t\t\t\t\t\t\t\t<p>Apenas os maiores de 14 anos poder\u00e3o dar o seu consentimento para o tratamento dos seus dados pessoais pela The Hippo House. No caso de menores de 14 anos ser\u00e1 necess\u00e1ria a autoriza\u00e7\u00e3o dos pais ou respons\u00e1veis.<\/p>\t\t\t\t\t\t\t\t<\/div>\n\t\t\t\t<\/div>\n\t\t\t\t<div class=\"elementor-element elementor-element-551d387 elementor-widget elementor-widget-heading\" data-id=\"551d387\" data-element_type=\"widget\" data-e-type=\"widget\" data-widget_type=\"heading.default\">\n\t\t\t\t<div class=\"elementor-widget-container\">\n\t\t\t\t\t<h2 class=\"elementor-heading-title elementor-size-default\">Sigilo e Seguran\u00e7a dos Dados Pessoais<\/h2>\t\t\t\t<\/div>\n\t\t\t\t<\/div>\n\t\t\t\t<div class=\"elementor-element elementor-element-5b10378 elementor-widget__width-initial elementor-widget elementor-widget-text-editor\" data-id=\"5b10378\" data-element_type=\"widget\" data-e-type=\"widget\" data-widget_type=\"text-editor.default\">\n\t\t\t\t<div class=\"elementor-widget-container\">\n\t\t\t\t\t\t\t\t\t<p>A Hippo House adotar\u00e1 as medidas t\u00e9cnicas e organizativas necess\u00e1rias para garantir a seguran\u00e7a dos dados pessoais e evitar a sua perda, destrui\u00e7\u00e3o ou acesso n\u00e3o autorizado.<\/p>\t\t\t\t\t\t\t\t<\/div>\n\t\t\t\t<\/div>\n\t\t\t\t<div class=\"elementor-element elementor-element-bc3702b elementor-widget elementor-widget-heading\" data-id=\"bc3702b\" data-element_type=\"widget\" data-e-type=\"widget\" data-widget_type=\"heading.default\">\n\t\t\t\t<div class=\"elementor-widget-container\">\n\t\t\t\t\t<h2 class=\"elementor-heading-title elementor-size-default\">Direitos Derivados do Tratamento<\/h2>\t\t\t\t<\/div>\n\t\t\t\t<\/div>\n\t\t\t\t<div class=\"elementor-element elementor-element-7a1e3a1 elementor-widget__width-initial elementor-widget elementor-widget-text-editor\" data-id=\"7a1e3a1\" data-element_type=\"widget\" data-e-type=\"widget\" data-widget_type=\"text-editor.default\">\n\t\t\t\t<div class=\"elementor-widget-container\">\n\t\t\t\t\t\t\t\t\t<p>O Utilizador poder\u00e1 exercer os direitos reconhecidos no RGPD e no LOPD-GDD, incluindo o direito de acesso, retifica\u00e7\u00e3o, apagamento, limita\u00e7\u00e3o do tratamento, portabilidade de dados, oposi\u00e7\u00e3o e n\u00e3o ficar sujeito a decis\u00f5es automatizadas.<\/p>\t\t\t\t\t\t\t\t<\/div>\n\t\t\t\t<\/div>\n\t\t\t\t<div class=\"elementor-element elementor-element-5df72e5 elementor-widget elementor-widget-heading\" data-id=\"5df72e5\" data-element_type=\"widget\" data-e-type=\"widget\" data-widget_type=\"heading.default\">\n\t\t\t\t<div class=\"elementor-widget-container\">\n\t\t\t\t\t<h2 class=\"elementor-heading-title elementor-size-default\">Links para sites de terceiros<\/h2>\t\t\t\t<\/div>\n\t\t\t\t<\/div>\n\t\t\t\t<div class=\"elementor-element elementor-element-2e908a7 elementor-widget__width-initial elementor-widget elementor-widget-text-editor\" data-id=\"2e908a7\" data-element_type=\"widget\" data-e-type=\"widget\" data-widget_type=\"text-editor.default\">\n\t\t\t\t<div class=\"elementor-widget-container\">\n\t\t\t\t\t\t\t\t\t<p>O Site pode incluir links para p\u00e1ginas web de terceiros, sendo estes respons\u00e1veis pelas suas pr\u00f3prias pol\u00edticas de prote\u00e7\u00e3o de dados.<\/p>\t\t\t\t\t\t\t\t<\/div>\n\t\t\t\t<\/div>\n\t\t\t\t<div class=\"elementor-element elementor-element-874c144 elementor-widget elementor-widget-heading\" data-id=\"874c144\" data-element_type=\"widget\" data-e-type=\"widget\" data-widget_type=\"heading.default\">\n\t\t\t\t<div class=\"elementor-widget-container\">\n\t\t\t\t\t<h2 class=\"elementor-heading-title elementor-size-default\">Reclama\u00e7\u00f5es perante a Autoridade de Controle<\/h2>\t\t\t\t<\/div>\n\t\t\t\t<\/div>\n\t\t\t\t<div class=\"elementor-element elementor-element-746e7cb elementor-widget__width-initial elementor-widget elementor-widget-text-editor\" data-id=\"746e7cb\" data-element_type=\"widget\" data-e-type=\"widget\" data-widget_type=\"text-editor.default\">\n\t\t\t\t<div class=\"elementor-widget-container\">\n\t\t\t\t\t\t\t\t\t<p>Se o Utilizador considerar que existe uma viola\u00e7\u00e3o das normas de prote\u00e7\u00e3o de dados, tem o direito de apresentar uma reclama\u00e7\u00e3o junto da Ag\u00eancia Espanhola de Prote\u00e7\u00e3o de Dados.<\/p>\t\t\t\t\t\t\t\t<\/div>\n\t\t\t\t<\/div>\n\t\t\t\t<div class=\"elementor-element elementor-element-cffbf5b elementor-widget elementor-widget-heading\" data-id=\"cffbf5b\" data-element_type=\"widget\" data-e-type=\"widget\" data-widget_type=\"heading.default\">\n\t\t\t\t<div class=\"elementor-widget-container\">\n\t\t\t\t\t<h2 class=\"elementor-heading-title elementor-size-default\">II. Aceita\u00e7\u00e3o e altera\u00e7\u00f5es a esta Pol\u00edtica de Privacidade<\/h2>\t\t\t\t<\/div>\n\t\t\t\t<\/div>\n\t\t\t\t<div class=\"elementor-element elementor-element-ce303f8 elementor-widget__width-initial elementor-widget elementor-widget-text-editor\" data-id=\"ce303f8\" data-element_type=\"widget\" data-e-type=\"widget\" data-widget_type=\"text-editor.default\">\n\t\t\t\t<div class=\"elementor-widget-container\">\n\t\t\t\t\t\t\t\t\t<p>A utiliza\u00e7\u00e3o do Site implica a aceita\u00e7\u00e3o da Pol\u00edtica de Privacidade. A Hippo House reserva-se o direito de modificar esta pol\u00edtica de acordo com o seu crit\u00e9rio ou devido a altera\u00e7\u00f5es legislativas. Recomenda-se ao Usu\u00e1rio revisar periodicamente esta Pol\u00edtica de Privacidade.<\/p><p>Esta Pol\u00edtica de Privacidade foi atualizada para se adaptar ao RGPD e ao LOPD-GDD.<\/p><p>Se quiser exercer algum dos seus direitos ou tiver alguma d\u00favida sobre a nossa pol\u00edtica de privacidade, pode contactar-nos atrav\u00e9s do e-mail <strong>info@thehippohouse.org<\/strong>.<\/p>\t\t\t\t\t\t\t\t<\/div>\n\t\t\t\t<\/div>\n\t\t\t\t\t<\/div>\n\t\t<\/div>\n\t\t\t\t\t<\/div>\n\t\t<\/section>\n\t\t\t\t<\/div>\n\t\t","protected":false},"excerpt":{"rendered":"<p>Pol\u00edtica de Privacidade e Prote\u00e7\u00e3o de Dados da Hippo House Data de entrada em vigor: 14\/11\/2023 I. Introdu\u00e7\u00e3o Respeitando o disposto na legisla\u00e7\u00e3o em vigor, a The Hippo House (doravante tamb\u00e9m Site) compromete-se a adotar as medidas t\u00e9cnicas e organizativas necess\u00e1rias, de acordo com o n\u00edvel de seguran\u00e7a adequado ao risco dos dados recolhidos. Leis &#8230; <a title=\"Pol\u00edtica de privacidade e prote\u00e7\u00e3o de dados da Hippo House\" class=\"read-more\" href=\"https:\/\/www.thehippohouse.org\/pt-pt\/paginas-rollazo\/politica-de-privacidade-e-protecao-de-dados\/\" aria-label=\"Read more about Pol\u00edtica de privacidade e prote\u00e7\u00e3o de dados da Hippo House\">Leer m\u00e1s<\/a><\/p>\n","protected":false},"author":1,"featured_media":0,"parent":16096,"menu_order":2,"comment_status":"closed","ping_status":"closed","template":"elementor_header_footer","meta":{"_acf_changed":false,"_seopress_robots_primary_cat":"","_seopress_titles_title":"","_seopress_titles_desc":"","_seopress_robots_index":"","footnotes":""},"class_list":["post-16084","page","type-page","status-publish"],"acf":[],"_links":{"self":[{"href":"https:\/\/www.thehippohouse.org\/pt-pt\/wp-json\/wp\/v2\/pages\/16084","targetHints":{"allow":["GET"]}}],"collection":[{"href":"https:\/\/www.thehippohouse.org\/pt-pt\/wp-json\/wp\/v2\/pages"}],"about":[{"href":"https:\/\/www.thehippohouse.org\/pt-pt\/wp-json\/wp\/v2\/types\/page"}],"author":[{"embeddable":true,"href":"https:\/\/www.thehippohouse.org\/pt-pt\/wp-json\/wp\/v2\/users\/1"}],"replies":[{"embeddable":true,"href":"https:\/\/www.thehippohouse.org\/pt-pt\/wp-json\/wp\/v2\/comments?post=16084"}],"version-history":[{"count":3,"href":"https:\/\/www.thehippohouse.org\/pt-pt\/wp-json\/wp\/v2\/pages\/16084\/revisions"}],"predecessor-version":[{"id":41393,"href":"https:\/\/www.thehippohouse.org\/pt-pt\/wp-json\/wp\/v2\/pages\/16084\/revisions\/41393"}],"up":[{"embeddable":true,"href":"https:\/\/www.thehippohouse.org\/pt-pt\/wp-json\/wp\/v2\/pages\/16096"}],"wp:attachment":[{"href":"https:\/\/www.thehippohouse.org\/pt-pt\/wp-json\/wp\/v2\/media?parent=16084"}],"curies":[{"name":"wp","href":"https:\/\/api.w.org\/{rel}","templated":true}]}}