{"id":16608,"date":"2017-11-23T10:51:17","date_gmt":"2017-11-23T10:51:17","guid":{"rendered":"https:\/\/www.thehippohouse.org\/?page_id=16608"},"modified":"2024-12-13T18:01:17","modified_gmt":"2024-12-13T18:01:17","slug":"isencao-de-responsabilidade","status":"publish","type":"page","link":"https:\/\/www.thehippohouse.org\/pt-pt\/home\/isencao-de-responsabilidade\/","title":{"rendered":"Isen\u00e7\u00e3o de responsabilidade"},"content":{"rendered":"\t\t<div data-elementor-type=\"wp-post\" data-elementor-id=\"16608\" class=\"elementor elementor-16608 elementor-52\" data-elementor-post-type=\"page\">\n\t\t\t\t\t\t<section class=\"elementor-section elementor-top-section elementor-element elementor-element-370552cd elementor-section-stretched elementor-section-boxed elementor-section-height-default elementor-section-height-default\" data-id=\"370552cd\" data-element_type=\"section\" data-e-type=\"section\" data-settings=\"{&quot;stretch_section&quot;:&quot;section-stretched&quot;}\">\n\t\t\t\t\t\t<div class=\"elementor-container elementor-column-gap-default\">\n\t\t\t\t\t<div class=\"elementor-column elementor-col-100 elementor-top-column elementor-element elementor-element-4f0c2ce\" data-id=\"4f0c2ce\" data-element_type=\"column\" data-e-type=\"column\">\n\t\t\t<div class=\"elementor-widget-wrap elementor-element-populated\">\n\t\t\t\t\t\t<div class=\"elementor-element elementor-element-ce9d68f elementor-widget elementor-widget-heading\" data-id=\"ce9d68f\" data-element_type=\"widget\" data-e-type=\"widget\" data-widget_type=\"heading.default\">\n\t\t\t\t<div class=\"elementor-widget-container\">\n\t\t\t\t\t<h1 class=\"elementor-heading-title elementor-size-default\">Isen\u00e7\u00e3o de Responsabilidade da The Hippo House\ud83e\udd9b\ud83d\udc99<\/h1>\t\t\t\t<\/div>\n\t\t\t\t<\/div>\n\t\t\t\t<div class=\"elementor-element elementor-element-4d351a34 elementor-widget elementor-widget-text-editor\" data-id=\"4d351a34\" data-element_type=\"widget\" data-e-type=\"widget\" data-widget_type=\"text-editor.default\">\n\t\t\t\t<div class=\"elementor-widget-container\">\n\t\t\t\t\t\t\t\t\t<p>Na <strong>The Hippo House<\/strong>, nosso objetivo \u00e9 oferecer informa\u00e7\u00f5es e recursos educativos com o m\u00e1ximo carinho e compromisso. No entanto, \u00e9 importante que voc\u00ea saiba que <strong>os conte\u00fados deste site s\u00e3o exclusivamente informativos<\/strong> e n\u00e3o devem ser considerados como substitutos de conselhos, diagn\u00f3sticos ou tratamentos fornecidos por <strong>profissionais qualificados nas \u00e1reas m\u00e9dica, psicol\u00f3gica, jur\u00eddica ou outras especialidades.<\/strong><\/p>\t\t\t\t\t\t\t\t<\/div>\n\t\t\t\t<\/div>\n\t\t\t\t<div class=\"elementor-element elementor-element-1b24987 elementor-widget elementor-widget-heading\" data-id=\"1b24987\" data-element_type=\"widget\" data-e-type=\"widget\" data-widget_type=\"heading.default\">\n\t\t\t\t<div class=\"elementor-widget-container\">\n\t\t\t\t\t<h2 class=\"elementor-heading-title elementor-size-default\">Prop\u00f3sito Exclusivamente Informativo<\/h2>\t\t\t\t<\/div>\n\t\t\t\t<\/div>\n\t\t\t\t<div class=\"elementor-element elementor-element-ae3967e elementor-widget elementor-widget-text-editor\" data-id=\"ae3967e\" data-element_type=\"widget\" data-e-type=\"widget\" data-widget_type=\"text-editor.default\">\n\t\t\t\t<div class=\"elementor-widget-container\">\n\t\t\t\t\t\t\t\t\t<p>Todas as informa\u00e7\u00f5es publicadas em <strong><a href=\"https:\/\/www.thehippohouse.org\/pt-pt\/\">www.thehippohouse.org<\/a><\/strong> t\u00eam fins educativos e n\u00e3o devem ser utilizadas como base para decis\u00f5es cr\u00edticas relacionadas \u00e0 sa\u00fade, seguran\u00e7a ou qualquer outro aspecto essencial da vida. The Hippo House n\u00e3o \u00e9 validada por \u00f3rg\u00e3os como EMA (Ag\u00eancia Europeia de Medicamentos), FDA (Administra\u00e7\u00e3o de Alimentos e Medicamentos dos Estados Unidos), nem por nenhuma autoridade reguladora oficial.<\/p><p>Se voc\u00ea tem d\u00favidas relacionadas \u00e0 sa\u00fade, ao manejo de doen\u00e7as, tratamentos ou qualquer outro tema, recomendamos que <strong>consulte diretamente profissionais devidamente qualificados.<\/strong><\/p>\t\t\t\t\t\t\t\t<\/div>\n\t\t\t\t<\/div>\n\t\t\t\t<div class=\"elementor-element elementor-element-a04cd20 elementor-widget elementor-widget-heading\" data-id=\"a04cd20\" data-element_type=\"widget\" data-e-type=\"widget\" data-widget_type=\"heading.default\">\n\t\t\t\t<div class=\"elementor-widget-container\">\n\t\t\t\t\t<h2 class=\"elementor-heading-title elementor-size-default\">Condi\u00e7\u00f5es de Uso<\/h2>\t\t\t\t<\/div>\n\t\t\t\t<\/div>\n\t\t\t\t<div class=\"elementor-element elementor-element-147a86f elementor-widget elementor-widget-text-editor\" data-id=\"147a86f\" data-element_type=\"widget\" data-e-type=\"widget\" data-widget_type=\"text-editor.default\">\n\t\t\t\t<div class=\"elementor-widget-container\">\n\t\t\t\t\t\t\t\t\t<p>O uso de <strong><a href=\"https:\/\/www.thehippohouse.org\/pt-pt\/\">www.thehippohouse.org<\/a><\/strong> implica sua aceita\u00e7\u00e3o dos seguintes termos:<\/p><ol><li><strong>As informa\u00e7\u00f5es fornecidas n\u00e3o substituem o conselho de profissionais qualificados.<\/strong> Em nenhuma circunst\u00e2ncia os conte\u00fados deste site devem substituir o atendimento de m\u00e9dicos, psic\u00f3logos, nutricionistas, advogados ou outros especialistas.<\/li><li>Os produtos, declara\u00e7\u00f5es e conte\u00fados apresentados neste site <strong>n\u00e3o foram avaliados nem aprovados por \u00f3rg\u00e3os oficiais e n\u00e3o t\u00eam o objetivo de diagnosticar, tratar, curar ou prevenir doen\u00e7as.<\/strong><\/li><li>Antes de iniciar qualquer programa relacionado a dietas, suplementos, medicamentos ou rotinas de exerc\u00edcios mencionados neste site, \u00e9 fundamental que voc\u00ea consulte um profissional qualificado.<\/li><li><strong>As informa\u00e7\u00f5es oferecidas neste site podem n\u00e3o ser aplic\u00e1veis a todas as pessoas nem garantir resultados espec\u00edficos.<\/strong> Cada indiv\u00edduo \u00e9 \u00fanico, e as rea\u00e7\u00f5es ou resultados podem variar significativamente.<\/li><li><strong>N\u00e3o assumimos responsabilidade por poss\u00edveis intera\u00e7\u00f5es adversas entre medicamentos, suplementos ou tratamentos<\/strong> mencionados neste site. Consulte sempre seu m\u00e9dico antes de combin\u00e1-los.<\/li><li><strong>O uso das informa\u00e7\u00f5es contidas neste site pode acarretar riscos,<\/strong> especialmente para pessoas com condi\u00e7\u00f5es m\u00e9dicas ou mentais preexistentes. Se voc\u00ea decidir assumir tais riscos, o faz sob sua pr\u00f3pria responsabilidade.<\/li><li>Embora trabalhemos para garantir que as informa\u00e7\u00f5es apresentadas sejam precisas e atualizadas, <strong>The Hippo House<\/strong> <strong>n\u00e3o garante a exaustividade ou precis\u00e3o dos conte\u00fados,<\/strong> que est\u00e3o limitados \u00e0s informa\u00e7\u00f5es dispon\u00edveis no momento de sua publica\u00e7\u00e3o.<\/li><\/ol>\t\t\t\t\t\t\t\t<\/div>\n\t\t\t\t<\/div>\n\t\t\t\t<div class=\"elementor-element elementor-element-9929139 elementor-widget elementor-widget-heading\" data-id=\"9929139\" data-element_type=\"widget\" data-e-type=\"widget\" data-widget_type=\"heading.default\">\n\t\t\t\t<div class=\"elementor-widget-container\">\n\t\t\t\t\t<h2 class=\"elementor-heading-title elementor-size-default\">Sobre Produtos ou Servi\u00e7os de Terceiros<\/h2>\t\t\t\t<\/div>\n\t\t\t\t<\/div>\n\t\t\t\t<div class=\"elementor-element elementor-element-2571bc1 elementor-widget elementor-widget-text-editor\" data-id=\"2571bc1\" data-element_type=\"widget\" data-e-type=\"widget\" data-widget_type=\"text-editor.default\">\n\t\t\t\t<div class=\"elementor-widget-container\">\n\t\t\t\t\t\t\t\t\t<p>Na <strong>The Hippo House<\/strong>, ocasionalmente podemos mencionar ou fazer refer\u00eancia a produtos, servi\u00e7os, empresas ou institui\u00e7\u00f5es externas. No entanto:<\/p><ul><li><strong>N\u00e3o recomendamos nem apoiamos nenhum produto, servi\u00e7o ou institui\u00e7\u00e3o espec\u00edfica.<\/strong><\/li><li><strong>N\u00e3o recebemos influ\u00eancia nem compensa\u00e7\u00e3o de terceiros<\/strong> para criar ou publicar conte\u00fados.<\/li><li>As men\u00e7\u00f5es ou refer\u00eancias n\u00e3o implicam aprova\u00e7\u00e3o nem associa\u00e7\u00e3o com as empresas, laborat\u00f3rios ou institui\u00e7\u00f5es mencionadas.<\/li><\/ul>\t\t\t\t\t\t\t\t<\/div>\n\t\t\t\t<\/div>\n\t\t\t\t<div class=\"elementor-element elementor-element-a05f90d elementor-widget elementor-widget-heading\" data-id=\"a05f90d\" data-element_type=\"widget\" data-e-type=\"widget\" data-widget_type=\"heading.default\">\n\t\t\t\t<div class=\"elementor-widget-container\">\n\t\t\t\t\t<h2 class=\"elementor-heading-title elementor-size-default\">Limita\u00e7\u00e3o de Responsabilidade<\/h2>\t\t\t\t<\/div>\n\t\t\t\t<\/div>\n\t\t\t\t<div class=\"elementor-element elementor-element-5f193e6 elementor-widget elementor-widget-text-editor\" data-id=\"5f193e6\" data-element_type=\"widget\" data-e-type=\"widget\" data-widget_type=\"text-editor.default\">\n\t\t\t\t<div class=\"elementor-widget-container\">\n\t\t\t\t\t\t\t\t\t<p>Ao usar este site, voc\u00ea <strong>libera<\/strong> <strong>The Hippo House<\/strong> e seus administradores, autores, funcion\u00e1rios e colaboradores de qualquer responsabilidade por:<\/p><ul><li>Danos, les\u00f5es ou preju\u00edzos decorrentes do uso inadequado das informa\u00e7\u00f5es contidas neste site.<\/li><li>Reclama\u00e7\u00f5es ou custos relacionados ao uso indevido dos conte\u00fados, exceto em casos de neglig\u00eancia grave ou atos intencionais por nossa parte.<\/li><\/ul>\t\t\t\t\t\t\t\t<\/div>\n\t\t\t\t<\/div>\n\t\t\t\t<div class=\"elementor-element elementor-element-7dd63e6 elementor-widget elementor-widget-heading\" data-id=\"7dd63e6\" data-element_type=\"widget\" data-e-type=\"widget\" data-widget_type=\"heading.default\">\n\t\t\t\t<div class=\"elementor-widget-container\">\n\t\t\t\t\t<h2 class=\"elementor-heading-title elementor-size-default\">Testemunhos e Exemplos<\/h2>\t\t\t\t<\/div>\n\t\t\t\t<\/div>\n\t\t\t\t<div class=\"elementor-element elementor-element-4bd79df elementor-widget elementor-widget-text-editor\" data-id=\"4bd79df\" data-element_type=\"widget\" data-e-type=\"widget\" data-widget_type=\"text-editor.default\">\n\t\t\t\t<div class=\"elementor-widget-container\">\n\t\t\t\t\t\t\t\t\t<p>Os testemunhos e exemplos compartilhados neste site:<\/p><ul><li><strong>S\u00e3o casos individuais e n\u00e3o representam resultados t\u00edpicos nem garantidos.<\/strong><\/li><li>Podem ser baseados em informa\u00e7\u00f5es fornecidas por terceiros, como fabricantes ou usu\u00e1rios, e nem sempre refletem dados completamente verificados.<\/li><\/ul>\t\t\t\t\t\t\t\t<\/div>\n\t\t\t\t<\/div>\n\t\t\t\t<div class=\"elementor-element elementor-element-6f16be2c elementor-widget elementor-widget-heading\" data-id=\"6f16be2c\" data-element_type=\"widget\" data-e-type=\"widget\" data-widget_type=\"heading.default\">\n\t\t\t\t<div class=\"elementor-widget-container\">\n\t\t\t\t\t<h2 class=\"elementor-heading-title elementor-size-default\">\u2764\ufe0f Obrigado por fazer parte da The Hippo House\u2764\ufe0f<\/h2>\t\t\t\t<\/div>\n\t\t\t\t<\/div>\n\t\t\t\t<div class=\"elementor-element elementor-element-b83e1de elementor-widget elementor-widget-text-editor\" data-id=\"b83e1de\" data-element_type=\"widget\" data-e-type=\"widget\" data-widget_type=\"text-editor.default\">\n\t\t\t\t<div class=\"elementor-widget-container\">\n\t\t\t\t\t\t\t\t\t<p><strong><u>Lembre-se sempre de agir com responsabilidade<\/u><\/strong> ao utilizar as informa\u00e7\u00f5es dispon\u00edveis em nosso site.<\/p><p><strong><u>Se voc\u00ea tiver d\u00favidas ou preocupa\u00e7\u00f5es, deve consult\u00e1-las com profissionais qualificados para garantir sua seguran\u00e7a e bem-estar.<\/u><\/strong><\/p>\t\t\t\t\t\t\t\t<\/div>\n\t\t\t\t<\/div>\n\t\t\t\t\t<\/div>\n\t\t<\/div>\n\t\t\t\t\t<\/div>\n\t\t<\/section>\n\t\t\t\t<\/div>\n\t\t","protected":false},"excerpt":{"rendered":"<p>Isen\u00e7\u00e3o de Responsabilidade da The Hippo House\ud83e\udd9b\ud83d\udc99 Na The Hippo House, nosso objetivo \u00e9 oferecer informa\u00e7\u00f5es e recursos educativos com o m\u00e1ximo carinho e compromisso. No entanto, \u00e9 importante que voc\u00ea saiba que os conte\u00fados deste site s\u00e3o exclusivamente informativos e n\u00e3o devem ser considerados como substitutos de conselhos, diagn\u00f3sticos ou tratamentos fornecidos por profissionais &#8230; <a title=\"Isen\u00e7\u00e3o de responsabilidade\" class=\"read-more\" href=\"https:\/\/www.thehippohouse.org\/pt-pt\/home\/isencao-de-responsabilidade\/\" aria-label=\"Read more about Isen\u00e7\u00e3o de responsabilidade\">Leer m\u00e1s<\/a><\/p>\n","protected":false},"author":1,"featured_media":0,"parent":11749,"menu_order":6,"comment_status":"closed","ping_status":"closed","template":"elementor_header_footer","meta":{"_acf_changed":false,"_seopress_robots_primary_cat":"","_seopress_titles_title":"","_seopress_titles_desc":"","_seopress_robots_index":"","footnotes":""},"class_list":["post-16608","page","type-page","status-publish"],"acf":[],"_links":{"self":[{"href":"https:\/\/www.thehippohouse.org\/pt-pt\/wp-json\/wp\/v2\/pages\/16608","targetHints":{"allow":["GET"]}}],"collection":[{"href":"https:\/\/www.thehippohouse.org\/pt-pt\/wp-json\/wp\/v2\/pages"}],"about":[{"href":"https:\/\/www.thehippohouse.org\/pt-pt\/wp-json\/wp\/v2\/types\/page"}],"author":[{"embeddable":true,"href":"https:\/\/www.thehippohouse.org\/pt-pt\/wp-json\/wp\/v2\/users\/1"}],"replies":[{"embeddable":true,"href":"https:\/\/www.thehippohouse.org\/pt-pt\/wp-json\/wp\/v2\/comments?post=16608"}],"version-history":[{"count":0,"href":"https:\/\/www.thehippohouse.org\/pt-pt\/wp-json\/wp\/v2\/pages\/16608\/revisions"}],"up":[{"embeddable":true,"href":"https:\/\/www.thehippohouse.org\/pt-pt\/wp-json\/wp\/v2\/pages\/11749"}],"wp:attachment":[{"href":"https:\/\/www.thehippohouse.org\/pt-pt\/wp-json\/wp\/v2\/media?parent=16608"}],"curies":[{"name":"wp","href":"https:\/\/api.w.org\/{rel}","templated":true}]}}