{"id":34886,"date":"2024-12-11T12:29:05","date_gmt":"2024-12-11T12:29:05","guid":{"rendered":"https:\/\/www.thehippohouse.org\/?page_id=34886"},"modified":"2024-12-11T12:49:44","modified_gmt":"2024-12-11T12:49:44","slug":"sobre-o-envio","status":"publish","type":"page","link":"https:\/\/www.thehippohouse.org\/pt-pt\/sobre-o-envio\/","title":{"rendered":"Sobre O Envio"},"content":{"rendered":"\t\t<div data-elementor-type=\"wp-page\" data-elementor-id=\"34886\" class=\"elementor elementor-34886 elementor-34855\" data-elementor-post-type=\"page\">\n\t\t\t\t\t\t<section class=\"elementor-section elementor-top-section elementor-element elementor-element-22e91a3a elementor-section-stretched elementor-section-boxed elementor-section-height-default elementor-section-height-default\" data-id=\"22e91a3a\" data-element_type=\"section\" data-e-type=\"section\" data-settings=\"{&quot;stretch_section&quot;:&quot;section-stretched&quot;}\">\n\t\t\t\t\t\t<div class=\"elementor-container elementor-column-gap-default\">\n\t\t\t\t\t<div class=\"elementor-column elementor-col-100 elementor-top-column elementor-element elementor-element-4635d9\" data-id=\"4635d9\" data-element_type=\"column\" data-e-type=\"column\">\n\t\t\t<div class=\"elementor-widget-wrap elementor-element-populated\">\n\t\t\t\t\t\t<div class=\"elementor-element elementor-element-28b70700 elementor-widget elementor-widget-heading\" data-id=\"28b70700\" data-element_type=\"widget\" data-e-type=\"widget\" data-widget_type=\"heading.default\">\n\t\t\t\t<div class=\"elementor-widget-container\">\n\t\t\t\t\t<h1 class=\"elementor-heading-title elementor-size-default\">Remessas da Loja Solid\u00e1ria Hippo\ud83e\udd9b\ud83d\udc99<\/h1>\t\t\t\t<\/div>\n\t\t\t\t<\/div>\n\t\t\t\t<div class=\"elementor-element elementor-element-5977de3b elementor-widget elementor-widget-text-editor\" data-id=\"5977de3b\" data-element_type=\"widget\" data-e-type=\"widget\" data-widget_type=\"text-editor.default\">\n\t\t\t\t<div class=\"elementor-widget-container\">\n\t\t\t\t\t\t\t\t\t<p>Queremos que sua experi\u00eancia na <strong>The Hippo House Shop<\/strong> seja t\u00e3o calorosa e especial quanto a <strong>nossa Miss\u00e3o<\/strong>. Cada pedido que voc\u00ea faz n\u00e3o apenas lhe traz um <strong>produto significativo<\/strong>, mas tamb\u00e9m nos ajuda a continuar criando <strong>recursos educacionais gratuitos<\/strong> para fam\u00edlias que vivem com <strong>hipoglicemia<\/strong>. Aqui, informamos tudo o que voc\u00ea precisa saber para receber seus produtos com <strong>facilidade e confian\u00e7a<\/strong>. \ud83d\udce6<\/p>\t\t\t\t\t\t\t\t<\/div>\n\t\t\t\t<\/div>\n\t\t\t\t<div class=\"elementor-element elementor-element-60ec3180 elementor-widget elementor-widget-heading\" data-id=\"60ec3180\" data-element_type=\"widget\" data-e-type=\"widget\" data-widget_type=\"heading.default\">\n\t\t\t\t<div class=\"elementor-widget-container\">\n\t\t\t\t\t<h2 class=\"elementor-heading-title elementor-size-default\">\ud83c\udf0d Para onde enviamos?<\/h2>\t\t\t\t<\/div>\n\t\t\t\t<\/div>\n\t\t\t\t<div class=\"elementor-element elementor-element-0e6dcbc elementor-widget elementor-widget-text-editor\" data-id=\"0e6dcbc\" data-element_type=\"widget\" data-e-type=\"widget\" data-widget_type=\"text-editor.default\">\n\t\t\t\t<div class=\"elementor-widget-container\">\n\t\t\t\t\t\t\t\t\t<p>A <strong>Loja Hippo<\/strong> atravessa fronteiras para chegar at\u00e9 voc\u00ea. Atualmente, fazemos envios para a <strong>Espanha continental<\/strong>, para a <strong>Uni\u00e3o Europeia<\/strong> e para <strong>alguns pa\u00edses do Espa\u00e7o Econ\u00f4mico Europeu. <\/strong><\/p><p>Se voc\u00ea mora fora dessas \u00e1reas e quer um pedacinho do Hippo em casa \ud83d\udc8c Escreva para n\u00f3s em <strong><a href=\"mailto:info@thehippohouse.org\">info@thehippohouse.org<\/a> <\/strong>e faremos o poss\u00edvel para tornar seu pedido uma realidade. Porque, como voc\u00ea sabe, as boas causas n\u00e3o t\u00eam fronteiras. \u2708\ufe0f\ud83d\udcab<\/p>\t\t\t\t\t\t\t\t<\/div>\n\t\t\t\t<\/div>\n\t\t\t\t<div class=\"elementor-element elementor-element-0162231 elementor-widget elementor-widget-heading\" data-id=\"0162231\" data-element_type=\"widget\" data-e-type=\"widget\" data-widget_type=\"heading.default\">\n\t\t\t\t<div class=\"elementor-widget-container\">\n\t\t\t\t\t<h2 class=\"elementor-heading-title elementor-size-default\">\ud83d\udce6 Quanto tempo seu pedido levar\u00e1 para chegar da Loja do Hippo? \ud83e\udd9b<\/h2>\t\t\t\t<\/div>\n\t\t\t\t<\/div>\n\t\t\t\t<div class=\"elementor-element elementor-element-6724d80 elementor-widget elementor-widget-text-editor\" data-id=\"6724d80\" data-element_type=\"widget\" data-e-type=\"widget\" data-widget_type=\"text-editor.default\">\n\t\t\t\t<div class=\"elementor-widget-container\">\n\t\t\t\t\t\t\t\t\t<p>Na <strong>The Hippo House<\/strong>, queremos que voc\u00ea aproveite sua compra o mais r\u00e1pido poss\u00edvel, pois sabemos que cada pacote traz mais do que apenas produtos: traz solidariedade, esperan\u00e7a e aprendizagem! \ud83d\udc8c Como uma <strong>equipe solid\u00e1ria<\/strong>, colocamos todo o nosso <strong>Amor<\/strong> e recursos em cada remessa, garantindo que ela chegue <strong>rapidamente e sem problemas.<\/strong><\/p><p>Depois de confirmar seu pedido, se todos os produtos estiverem em <strong>estoque<\/strong>, n\u00f3s o processaremos dentro de <strong>24 horas \u00fateis<\/strong>. Se voc\u00ea optar por pagar por <strong>transfer\u00eancia banc\u00e1ria<\/strong>, precisaremos receber o valor em nossa conta antes de iniciar o processo, mas n\u00e3o se preocupe: assim que o recebermos, seu pedido estar\u00e1 pronto para ser enviado em 24 horas \u00fateis!<\/p><p>Normalmente, os pedidos levam de <strong>2 a 7 dias \u00fateis<\/strong> para chegar a partir do momento da confirma\u00e7\u00e3o. Cada compra \u00e9 acompanhada de nossa <strong>dedica\u00e7\u00e3o e amor<\/strong> para garantir que voc\u00ea tenha uma experi\u00eancia t\u00e3o agrad\u00e1vel e perfeita quanto <strong>os recursos que ajudamos a criar<\/strong>. \ud83e\udd9b\ud83d\udc99<\/p><p>A <strong>entrega<\/strong> depender\u00e1 de onde voc\u00ea mora, esses s\u00e3o os tempos de <strong>tr\u00e2nsito normais<\/strong> ap\u00f3s o envio:<\/p><ul><li><strong>1-2 dias: <\/strong>Espanha continental e Portugal.<\/li><li><strong>2-3 dias: <\/strong>Fran\u00e7a.<\/li><li><strong>3-4 dias:<\/strong> Alemanha, \u00c1ustria, B\u00e9lgica, Holanda, It\u00e1lia, Luxemburgo, Reino Unido.<\/li><li><strong>4-5 dias:<\/strong> Dinamarca, Eslov\u00e1quia, Eslov\u00eania, Rep\u00fablica Tcheca, Finl\u00e2ndia, Hungria, Su\u00e9cia.<\/li><li><strong>4-6 dias:<\/strong> Noruega, Pol\u00f4nia, Irlanda, Rom\u00eania, Su\u00ed\u00e7a.<\/li><li><strong>5-6 dias:<\/strong> Bulg\u00e1ria, Est\u00f4nia, Gr\u00e9cia, Let\u00f4nia, Litu\u00e2nia.<\/li><li><strong>6-10 dias:<\/strong> B\u00f3snia e Herzegovina, S\u00e9rvia, Montenegro, Cro\u00e1cia.<\/li><\/ul><p>Se algum dos produtos solicitados <strong>n\u00e3o estiver em estoque<\/strong>, entraremos em contato para <strong>inform\u00e1-lo<\/strong> e oferecer <strong>op\u00e7\u00f5es<\/strong>. Alguns itens s\u00e3o t\u00e3o especiais que, se estiverem fora de estoque, n\u00f3s <strong>os fabricaremos exclusivamente para voc\u00ea. <\/strong>Se, por algum motivo, n\u00e3o for poss\u00edvel produzi-los, n\u00f3s o informaremos o mais r\u00e1pido poss\u00edvel e atualizaremos nossa <strong>loja de caridade.<\/strong><\/p><p>Voc\u00ea precisa do seu pedido para uma data especial? Escreva para n\u00f3s e faremos nossa <strong>m\u00e1gica<\/strong> para ajud\u00e1-lo. \ud83e\ude84\ud83d\udcab<\/p>\t\t\t\t\t\t\t\t<\/div>\n\t\t\t\t<\/div>\n\t\t\t\t<div class=\"elementor-element elementor-element-55a7f6c elementor-widget elementor-widget-heading\" data-id=\"55a7f6c\" data-element_type=\"widget\" data-e-type=\"widget\" data-widget_type=\"heading.default\">\n\t\t\t\t<div class=\"elementor-widget-container\">\n\t\t\t\t\t<h2 class=\"elementor-heading-title elementor-size-default\">\ud83d\udcb6 Quanto custa o frete?<\/h2>\t\t\t\t<\/div>\n\t\t\t\t<\/div>\n\t\t\t\t<div class=\"elementor-element elementor-element-f3adb63 elementor-widget elementor-widget-text-editor\" data-id=\"f3adb63\" data-element_type=\"widget\" data-e-type=\"widget\" data-widget_type=\"text-editor.default\">\n\t\t\t\t<div class=\"elementor-widget-container\">\n\t\t\t\t\t\t\t\t\t<p>Sabemos que voc\u00ea quer saber os custos antes de concluir sua compra, aqui est\u00e3o os detalhes!<\/p><p><strong>Frete dentro da Espanha e de Portugal:<\/strong><\/p><ul><li><strong>Espanha e Portugal continental:<\/strong> <strong>8,75\u20ac<\/strong><\/li><li>Para entregas nas ilhas, entre em contato conosco.<\/li><\/ul><p><strong>Frete dentro da Europa e do Espa\u00e7o Econ\u00f4mico Europeu (por zonas):<\/strong><\/p><ul><li><strong>Zona 1<\/strong>: Alemanha, Fran\u00e7a, Luxemburgo, Holanda \u2013 <strong>18,75\u20ac<\/strong><\/li><li><strong>Zona 2<\/strong>: B\u00e9lgica, \u00c1ustria, It\u00e1lia, Rep\u00fablica Tcheca \u2013 <strong>21\u20ac<\/strong><\/li><li><strong>Zona 3<\/strong>: Dinamarca, Irlanda, Eslov\u00e1quia, Pol\u00f4nia, Eslov\u00eania, Hungria \u2013 <strong>22,50\u20ac<\/strong><\/li><li><strong>Zona 4<\/strong>: Cro\u00e1cia, Let\u00f4nia, Su\u00e9cia, Est\u00f4nia, Litu\u00e2nia \u2013 <strong>35,75\u20ac<\/strong><\/li><li><strong>Zona 5<\/strong>: Bulg\u00e1ria, Gr\u00e9cia, Finl\u00e2ndia, Rom\u00eania \u2013 <strong>40,50\u20ac<\/strong><\/li><li><strong>Zona 6: <\/strong>B\u00f3snia e Herzegovina, Noruega, S\u00e9rvia, Montenegro, Su\u00ed\u00e7a <strong>\u2013 50\u20ac<\/strong><\/li><\/ul><p>Se quiser receber seu pedido em um local que n\u00e3o esteja na lista, n\u00e3o h\u00e1 problema! Entre em contato conosco pelo e-mail <strong><a href=\"mailto:info@thehippohouse.org\">info@thehippohouse.org<\/a> <\/strong>ou ligue para <strong>+34 931 782 359<\/strong> e forneceremos todas as informa\u00e7\u00f5es necess\u00e1rias. Lembre-se de que cada centavo que voc\u00ea contribui com os custos de envio \u00e9 usado para garantir que seu pedido chegue com seguran\u00e7a e dentro do prazo.<\/p><p>Lembre-se de que cada centavo que voc\u00ea gasta com a postagem \u00e9 usado para garantir que seu pedido chegue com seguran\u00e7a e dentro do prazo. \u00a0<strong>Obrigado pela compreens\u00e3o! <\/strong><strong>\ud83c\udf1f<\/strong><\/p>\t\t\t\t\t\t\t\t<\/div>\n\t\t\t\t<\/div>\n\t\t\t\t<div class=\"elementor-element elementor-element-9e92c21 elementor-widget elementor-widget-heading\" data-id=\"9e92c21\" data-element_type=\"widget\" data-e-type=\"widget\" data-widget_type=\"heading.default\">\n\t\t\t\t<div class=\"elementor-widget-container\">\n\t\t\t\t\t<h2 class=\"elementor-heading-title elementor-size-default\">\ud83d\udce9 Posso rastrear meu pedido?<\/h2>\t\t\t\t<\/div>\n\t\t\t\t<\/div>\n\t\t\t\t<div class=\"elementor-element elementor-element-5d0530d elementor-widget elementor-widget-text-editor\" data-id=\"5d0530d\" data-element_type=\"widget\" data-e-type=\"widget\" data-widget_type=\"text-editor.default\">\n\t\t\t\t<div class=\"elementor-widget-container\">\n\t\t\t\t\t\t\t\t\t<p>\u00c9 claro! Quando seu pedido estiver a caminho, voc\u00ea receber\u00e1 um e-mail com o <strong>n\u00famero de rastreamento<\/strong>. Isso permitir\u00e1 que voc\u00ea saiba exatamente quando ele chegar\u00e1 \u00e0 sua porta.<\/p>\t\t\t\t\t\t\t\t<\/div>\n\t\t\t\t<\/div>\n\t\t\t\t<div class=\"elementor-element elementor-element-8ccaf32 elementor-widget elementor-widget-heading\" data-id=\"8ccaf32\" data-element_type=\"widget\" data-e-type=\"widget\" data-widget_type=\"heading.default\">\n\t\t\t\t<div class=\"elementor-widget-container\">\n\t\t\t\t\t<h2 class=\"elementor-heading-title elementor-size-default\">\u2728 Mais do que uma remessa: voc\u00ea est\u00e1 mudando vidas<\/h2>\t\t\t\t<\/div>\n\t\t\t\t<\/div>\n\t\t\t\t<div class=\"elementor-element elementor-element-edd6a81 elementor-widget elementor-widget-text-editor\" data-id=\"edd6a81\" data-element_type=\"widget\" data-e-type=\"widget\" data-widget_type=\"text-editor.default\">\n\t\t\t\t<div class=\"elementor-widget-container\">\n\t\t\t\t\t\t\t\t\t<p>Lembre-se de que, ao optar por fazer compras na <strong>Loja de Caridade do Hippo,<\/strong> voc\u00ea n\u00e3o apenas recebe <strong>produtos com Cora\u00e7\u00e3o e Alma<\/strong>, mas tamb\u00e9m ajuda a nossa Miss\u00e3o: <strong>100% dos lucros s\u00e3o destinados \u00e0 cria\u00e7\u00e3o de novos recursos educacionais e recreativos para fam\u00edlias que vivem com hipoglicemia.<\/strong><\/p>\t\t\t\t\t\t\t\t<\/div>\n\t\t\t\t<\/div>\n\t\t\t\t<div class=\"elementor-element elementor-element-5227232 elementor-widget elementor-widget-heading\" data-id=\"5227232\" data-element_type=\"widget\" data-e-type=\"widget\" data-widget_type=\"heading.default\">\n\t\t\t\t<div class=\"elementor-widget-container\">\n\t\t\t\t\t<h2 class=\"elementor-heading-title elementor-size-default\">\ud83e\udde1 Obrigado por fazer parte da Fam\u00edlia Hippo! \ud83e\udd9b<\/h2>\t\t\t\t<\/div>\n\t\t\t\t<\/div>\n\t\t\t\t\t<\/div>\n\t\t<\/div>\n\t\t\t\t\t<\/div>\n\t\t<\/section>\n\t\t\t\t<\/div>\n\t\t","protected":false},"excerpt":{"rendered":"<p>Remessas da Loja Solid\u00e1ria Hippo\ud83e\udd9b\ud83d\udc99 Queremos que sua experi\u00eancia na The Hippo House Shop seja t\u00e3o calorosa e especial quanto a nossa Miss\u00e3o. Cada pedido que voc\u00ea faz n\u00e3o apenas lhe traz um produto significativo, mas tamb\u00e9m nos ajuda a continuar criando recursos educacionais gratuitos para fam\u00edlias que vivem com hipoglicemia. Aqui, informamos tudo o &#8230; <a title=\"Sobre O Envio\" class=\"read-more\" href=\"https:\/\/www.thehippohouse.org\/pt-pt\/sobre-o-envio\/\" aria-label=\"Read more about Sobre O Envio\">Leer m\u00e1s<\/a><\/p>\n","protected":false},"author":1,"featured_media":0,"parent":0,"menu_order":1,"comment_status":"closed","ping_status":"closed","template":"elementor_header_footer","meta":{"_acf_changed":false,"_seopress_robots_primary_cat":"","_seopress_titles_title":"","_seopress_titles_desc":"","_seopress_robots_index":"","footnotes":""},"class_list":["post-34886","page","type-page","status-publish"],"acf":[],"_links":{"self":[{"href":"https:\/\/www.thehippohouse.org\/pt-pt\/wp-json\/wp\/v2\/pages\/34886","targetHints":{"allow":["GET"]}}],"collection":[{"href":"https:\/\/www.thehippohouse.org\/pt-pt\/wp-json\/wp\/v2\/pages"}],"about":[{"href":"https:\/\/www.thehippohouse.org\/pt-pt\/wp-json\/wp\/v2\/types\/page"}],"author":[{"embeddable":true,"href":"https:\/\/www.thehippohouse.org\/pt-pt\/wp-json\/wp\/v2\/users\/1"}],"replies":[{"embeddable":true,"href":"https:\/\/www.thehippohouse.org\/pt-pt\/wp-json\/wp\/v2\/comments?post=34886"}],"version-history":[{"count":0,"href":"https:\/\/www.thehippohouse.org\/pt-pt\/wp-json\/wp\/v2\/pages\/34886\/revisions"}],"wp:attachment":[{"href":"https:\/\/www.thehippohouse.org\/pt-pt\/wp-json\/wp\/v2\/media?parent=34886"}],"curies":[{"name":"wp","href":"https:\/\/api.w.org\/{rel}","templated":true}]}}