{"id":34941,"date":"2024-12-12T14:52:57","date_gmt":"2024-12-12T14:52:57","guid":{"rendered":"https:\/\/www.thehippohouse.org\/?page_id=34941"},"modified":"2024-12-12T14:56:47","modified_gmt":"2024-12-12T14:56:47","slug":"como-comprar","status":"publish","type":"page","link":"https:\/\/www.thehippohouse.org\/pt-pt\/como-comprar\/","title":{"rendered":"Como Comprar"},"content":{"rendered":"\t\t<div data-elementor-type=\"wp-page\" data-elementor-id=\"34941\" class=\"elementor elementor-34941 elementor-34914\" data-elementor-post-type=\"page\">\n\t\t\t\t\t\t<section class=\"elementor-section elementor-top-section elementor-element elementor-element-78163347 elementor-section-stretched elementor-section-boxed elementor-section-height-default elementor-section-height-default\" data-id=\"78163347\" data-element_type=\"section\" data-e-type=\"section\" data-settings=\"{&quot;stretch_section&quot;:&quot;section-stretched&quot;}\">\n\t\t\t\t\t\t<div class=\"elementor-container elementor-column-gap-default\">\n\t\t\t\t\t<div class=\"elementor-column elementor-col-100 elementor-top-column elementor-element elementor-element-67487952\" data-id=\"67487952\" data-element_type=\"column\" data-e-type=\"column\">\n\t\t\t<div class=\"elementor-widget-wrap elementor-element-populated\">\n\t\t\t\t\t\t<div class=\"elementor-element elementor-element-6dbde6ab elementor-widget elementor-widget-heading\" data-id=\"6dbde6ab\" data-element_type=\"widget\" data-e-type=\"widget\" data-widget_type=\"heading.default\">\n\t\t\t\t<div class=\"elementor-widget-container\">\n\t\t\t\t\t<h1 class=\"elementor-heading-title elementor-size-default\">Como Comprar na Loja Solid\u00e1ria Hippo? \ud83e\udd9b\ud83d\udc99<\/h1>\t\t\t\t<\/div>\n\t\t\t\t<\/div>\n\t\t\t\t<div class=\"elementor-element elementor-element-2405d8c0 elementor-widget elementor-widget-text-editor\" data-id=\"2405d8c0\" data-element_type=\"widget\" data-e-type=\"widget\" data-widget_type=\"text-editor.default\">\n\t\t\t\t<div class=\"elementor-widget-container\">\n\t\t\t\t\t\t\t\t\t<p>Na <strong>The Hippo House<\/strong>, criamos um processo de compra simples e seguro, para que voc\u00ea possa encher seu carrinho de <strong>solidariedade<\/strong> em poucos passos. Aqui explicamos tudo o que voc\u00ea precisa saber para fazer seu pedido e contribuir com a nossa <strong>Miss\u00e3o<\/strong>: criar <strong>recursos educativos e l\u00fadicos gratuitos<\/strong> para as fam\u00edlias que convivem com <strong>hipoglicemias<\/strong>.<\/p>\t\t\t\t\t\t\t\t<\/div>\n\t\t\t\t<\/div>\n\t\t\t\t<div class=\"elementor-element elementor-element-48f91675 elementor-widget elementor-widget-heading\" data-id=\"48f91675\" data-element_type=\"widget\" data-e-type=\"widget\" data-widget_type=\"heading.default\">\n\t\t\t\t<div class=\"elementor-widget-container\">\n\t\t\t\t\t<h2 class=\"elementor-heading-title elementor-size-default\">\ud83d\udce6 Passo 1: Adicione itens ao carrinho<\/h2>\t\t\t\t<\/div>\n\t\t\t\t<\/div>\n\t\t\t\t<div class=\"elementor-element elementor-element-68c5e349 elementor-widget elementor-widget-text-editor\" data-id=\"68c5e349\" data-element_type=\"widget\" data-e-type=\"widget\" data-widget_type=\"text-editor.default\">\n\t\t\t\t<div class=\"elementor-widget-container\">\n\t\t\t\t\t\t\t\t\t<p><strong>Apaixonado<\/strong> por um <strong>produto solid\u00e1rio<\/strong>? \ud83d\udc8c \u00c9 muito f\u00e1cil adicion\u00e1-lo ao <strong>carrinho<\/strong>! Basta clicar no bot\u00e3o <strong>\u00abAdicionar ao carrinho\u00bb<\/strong> e o item ser\u00e1 automaticamente salvo.<\/p><p>Voc\u00ea pode continuar navegando pela nossa <strong>loja<\/strong> para adicionar mais <strong>produtos<\/strong> ou acessar diretamente o <strong>\u00abCarrinho\u00bb,<\/strong> localizado na parte superior da p\u00e1gina.<\/p>\t\t\t\t\t\t\t\t<\/div>\n\t\t\t\t<\/div>\n\t\t\t\t<div class=\"elementor-element elementor-element-945f6fd elementor-widget elementor-widget-heading\" data-id=\"945f6fd\" data-element_type=\"widget\" data-e-type=\"widget\" data-widget_type=\"heading.default\">\n\t\t\t\t<div class=\"elementor-widget-container\">\n\t\t\t\t\t<h2 class=\"elementor-heading-title elementor-size-default\">\ud83d\uded2 Passo 2: Revise seu carrinho<\/h2>\t\t\t\t<\/div>\n\t\t\t\t<\/div>\n\t\t\t\t<div class=\"elementor-element elementor-element-2c9b5136 elementor-widget elementor-widget-text-editor\" data-id=\"2c9b5136\" data-element_type=\"widget\" data-e-type=\"widget\" data-widget_type=\"text-editor.default\">\n\t\t\t\t<div class=\"elementor-widget-container\">\n\t\t\t\t\t\t\t\t\t<p>Na <strong>p\u00e1gina do carrinho,<\/strong> voc\u00ea ver\u00e1 uma lista detalhada de todos os itens selecionados. Voc\u00ea encontrar\u00e1:<\/p><ul><li><strong>Foto<\/strong> do produto.<\/li><li><strong>Nome<\/strong> e <strong>descri\u00e7\u00e3o<\/strong>.<\/li><li><strong>Pre\u00e7o <\/strong>unit\u00e1rio e<strong> quantidade<\/strong>.<\/li><li><strong>Valor<\/strong> total.<\/li><\/ul><p>Aqui voc\u00ea pode:<\/p><ul><li><strong>Ajustar <\/strong>as quantidades com as setas ao lado do n\u00famero.<\/li><li><strong>Remover<\/strong> qualquer produto que voc\u00ea n\u00e3o deseja mais.<\/li><li>Inserir um <strong>c\u00f3digo promocional de desconto<\/strong> (se tiver um). Escreva o c\u00f3digo e clique em <strong>\u00abAplicar cupom\u00bb!<\/strong><\/li><\/ul>\t\t\t\t\t\t\t\t<\/div>\n\t\t\t\t<\/div>\n\t\t\t\t<div class=\"elementor-element elementor-element-25f1002b elementor-widget elementor-widget-heading\" data-id=\"25f1002b\" data-element_type=\"widget\" data-e-type=\"widget\" data-widget_type=\"heading.default\">\n\t\t\t\t<div class=\"elementor-widget-container\">\n\t\t\t\t\t<h2 class=\"elementor-heading-title elementor-size-default\">\ud83e\uddd1\u200d\ud83d\udcbb Passo 3: Identifica\u00e7\u00e3o ou cadastro<\/h2>\t\t\t\t<\/div>\n\t\t\t\t<\/div>\n\t\t\t\t<div class=\"elementor-element elementor-element-5f431073 elementor-widget elementor-widget-text-editor\" data-id=\"5f431073\" data-element_type=\"widget\" data-e-type=\"widget\" data-widget_type=\"text-editor.default\">\n\t\t\t\t<div class=\"elementor-widget-container\">\n\t\t\t\t\t\t\t\t\t<p>Se esta for sua <strong>primeira compra<\/strong> na <strong>Loja Solid\u00e1ria Hippo<\/strong>, voc\u00ea precisar\u00e1 criar uma conta. Solicitaremos apenas algumas informa\u00e7\u00f5es b\u00e1sicas, como seu <strong>nome<\/strong>, <strong>e-mail<\/strong>, <strong>endere\u00e7o<\/strong> e uma <strong>senha<\/strong>. Prometemos tratar seus dados com <strong>Cuidado<\/strong> e de acordo com a lei! Para mais informa\u00e7\u00f5es, consulte nossa <a href=\"https:\/\/www.thehippohouse.org\/pt-pt\/paginas-rollazo\/politica-de-privacidade-e-protecao-de-dados\/\" target=\"_blank\" rel=\"noopener\"><strong>Pol\u00edtica de Privacidade.<\/strong><\/a><\/p><p><strong>J\u00e1 tem uma conta?<\/strong> \u00d3timo! Basta <strong>fazer<\/strong> <strong>login<\/strong> com seu usu\u00e1rio e senha.<\/p>\t\t\t\t\t\t\t\t<\/div>\n\t\t\t\t<\/div>\n\t\t\t\t<div class=\"elementor-element elementor-element-220bae7a elementor-widget elementor-widget-heading\" data-id=\"220bae7a\" data-element_type=\"widget\" data-e-type=\"widget\" data-widget_type=\"heading.default\">\n\t\t\t\t<div class=\"elementor-widget-container\">\n\t\t\t\t\t<h2 class=\"elementor-heading-title elementor-size-default\">\ud83d\udccd Passo 4: Insira os dados de entrega<\/h2>\t\t\t\t<\/div>\n\t\t\t\t<\/div>\n\t\t\t\t<div class=\"elementor-element elementor-element-16c31f29 elementor-widget elementor-widget-text-editor\" data-id=\"16c31f29\" data-element_type=\"widget\" data-e-type=\"widget\" data-widget_type=\"text-editor.default\">\n\t\t\t\t<div class=\"elementor-widget-container\">\n\t\t\t\t\t\t\t\t\t<p>Escolha o <strong>endere\u00e7o<\/strong> onde voc\u00ea deseja receber o <strong>pedido<\/strong>. Por padr\u00e3o, utilizaremos o endere\u00e7o fornecido durante o cadastro, mas voc\u00ea pode alter\u00e1-lo se necess\u00e1rio. Queremos que seu pedido chegue exatamente onde voc\u00ea precisa.<\/p>\t\t\t\t\t\t\t\t<\/div>\n\t\t\t\t<\/div>\n\t\t\t\t<div class=\"elementor-element elementor-element-cdd04c3 elementor-widget elementor-widget-heading\" data-id=\"cdd04c3\" data-element_type=\"widget\" data-e-type=\"widget\" data-widget_type=\"heading.default\">\n\t\t\t\t<div class=\"elementor-widget-container\">\n\t\t\t\t\t<h2 class=\"elementor-heading-title elementor-size-default\">\ud83d\udcb3 Passo 5: Conclua o pagamento<\/h2>\t\t\t\t<\/div>\n\t\t\t\t<\/div>\n\t\t\t\t<div class=\"elementor-element elementor-element-32838297 elementor-widget elementor-widget-text-editor\" data-id=\"32838297\" data-element_type=\"widget\" data-e-type=\"widget\" data-widget_type=\"text-editor.default\">\n\t\t\t\t<div class=\"elementor-widget-container\">\n\t\t\t\t\t\t\t\t\t<p>Agora \u00e9 hora de <strong>confirmar sua compra<\/strong> e escolher como deseja pagar. Oferecemos <strong>op\u00e7\u00f5es seguras e flex\u00edveis<\/strong> para atender \u00e0s suas necessidades:<\/p><ul><li><strong>Cart\u00e3o de cr\u00e9dito ou d\u00e9bito<\/strong>: Pague com seguran\u00e7a atrav\u00e9s do <strong>WooPayments<\/strong>, apoiado pelo <strong>Stripe<\/strong>. Basta inserir os dados do seu cart\u00e3o.<\/li><li><strong>Paypal:<\/strong> Se voc\u00ea tem uma conta Paypal, pode usar seu <strong>saldo<\/strong> ou um cart\u00e3o vinculado.<\/li><li><strong>Transfer\u00eancia banc\u00e1ria<\/strong>: Voc\u00ea receber\u00e1 um e-mail com os dados da nossa conta banc\u00e1ria para realizar o <strong>pagamento<\/strong>. Lembre-se de que as transfer\u00eancias podem levar alguns dias, e processaremos seu pedido <strong>assim que<\/strong> o valor for confirmado na nossa conta. Prometemos envi\u00e1-lo <strong>o mais r\u00e1pido poss\u00edvel<\/strong> ap\u00f3s a confirma\u00e7\u00e3o!<\/li><\/ul><p>\ud83d\udd12 Na <strong>Loja Solid\u00e1ria Hippo<\/strong>, n\u00e3o temos acesso aos dados do seu cart\u00e3o ou contas banc\u00e1rias. Todas as <strong>transa\u00e7\u00f5es<\/strong> s\u00e3o realizadas de <strong>forma segura<\/strong> por meio de <strong>plataformas confi\u00e1veis<\/strong> como Woopayments, Paypal e Stripe. Sua seguran\u00e7a \u00e9 a nossa prioridade! \ud83d\udc99<\/p>\t\t\t\t\t\t\t\t<\/div>\n\t\t\t\t<\/div>\n\t\t\t\t<div class=\"elementor-element elementor-element-47e5c41 elementor-widget elementor-widget-heading\" data-id=\"47e5c41\" data-element_type=\"widget\" data-e-type=\"widget\" data-widget_type=\"heading.default\">\n\t\t\t\t<div class=\"elementor-widget-container\">\n\t\t\t\t\t<h2 class=\"elementor-heading-title elementor-size-default\">\ud83d\udce9 Passo 6: Confirma\u00e7\u00e3o do pedido<\/h2>\t\t\t\t<\/div>\n\t\t\t\t<\/div>\n\t\t\t\t<div class=\"elementor-element elementor-element-db44f3a elementor-widget elementor-widget-text-editor\" data-id=\"db44f3a\" data-element_type=\"widget\" data-e-type=\"widget\" data-widget_type=\"text-editor.default\">\n\t\t\t\t<div class=\"elementor-widget-container\">\n\t\t\t\t\t\t\t\t\t<p>Ap\u00f3s o pagamento, voc\u00ea receber\u00e1 um e-mail de <strong>confirma\u00e7\u00e3o<\/strong> com todos os <strong>detalhes<\/strong> da sua compra. Guarde este e-mail como comprovante. Se voc\u00ea tiver d\u00favidas ou precisar de mais informa\u00e7\u00f5es, pode nos contatar a qualquer momento pelo e-mail <a href=\"mailto:info@thehippohouse.org\"><strong>info@thehippohouse.org<\/strong><\/a> ou pelo telefone <strong>+34 931 782 359.<\/strong><\/p>\t\t\t\t\t\t\t\t<\/div>\n\t\t\t\t<\/div>\n\t\t\t\t<div class=\"elementor-element elementor-element-1fec2fbd elementor-widget elementor-widget-heading\" data-id=\"1fec2fbd\" data-element_type=\"widget\" data-e-type=\"widget\" data-widget_type=\"heading.default\">\n\t\t\t\t<div class=\"elementor-widget-container\">\n\t\t\t\t\t<h2 class=\"elementor-heading-title elementor-size-default\">\ud83e\udde1 Obrigado por fazer parte da Fam\u00edlia Hippo\ud83e\udd9b<\/h2>\t\t\t\t<\/div>\n\t\t\t\t<\/div>\n\t\t\t\t<div class=\"elementor-element elementor-element-fe0f131 elementor-widget elementor-widget-text-editor\" data-id=\"fe0f131\" data-element_type=\"widget\" data-e-type=\"widget\" data-widget_type=\"text-editor.default\">\n\t\t\t\t<div class=\"elementor-widget-container\">\n\t\t\t\t\t\t\t\t\t<p>Lembre-se de que <strong>100% dos lucros<\/strong> <strong>da sua compra na Loja Solid\u00e1ria Hippo s\u00e3o destinados \u00e0 cria\u00e7\u00e3o de recursos educativos gratuitos para apoiar as fam\u00edlias que convivem com hipoglicemias.<\/strong><\/p>\t\t\t\t\t\t\t\t<\/div>\n\t\t\t\t<\/div>\n\t\t\t\t<div class=\"elementor-element elementor-element-d5b7802 elementor-widget elementor-widget-heading\" data-id=\"d5b7802\" data-element_type=\"widget\" data-e-type=\"widget\" data-widget_type=\"heading.default\">\n\t\t\t\t<div class=\"elementor-widget-container\">\n\t\t\t\t\t<h2 class=\"elementor-heading-title elementor-size-default\">\ud83d\udcab Cada clique na nossa loja \u00e9 um gr\u00e3ozinho de a\u00e7\u00facar para apoiar as fam\u00edlias! \ud83d\udcab<\/h2>\t\t\t\t<\/div>\n\t\t\t\t<\/div>\n\t\t\t\t\t<\/div>\n\t\t<\/div>\n\t\t\t\t\t<\/div>\n\t\t<\/section>\n\t\t\t\t<\/div>\n\t\t","protected":false},"excerpt":{"rendered":"<p>Como Comprar na Loja Solid\u00e1ria Hippo? \ud83e\udd9b\ud83d\udc99 Na The Hippo House, criamos um processo de compra simples e seguro, para que voc\u00ea possa encher seu carrinho de solidariedade em poucos passos. Aqui explicamos tudo o que voc\u00ea precisa saber para fazer seu pedido e contribuir com a nossa Miss\u00e3o: criar recursos educativos e l\u00fadicos gratuitos &#8230; <a title=\"Como Comprar\" class=\"read-more\" href=\"https:\/\/www.thehippohouse.org\/pt-pt\/como-comprar\/\" aria-label=\"Read more about Como Comprar\">Leer m\u00e1s<\/a><\/p>\n","protected":false},"author":1,"featured_media":0,"parent":0,"menu_order":2,"comment_status":"closed","ping_status":"closed","template":"elementor_header_footer","meta":{"_acf_changed":false,"_seopress_robots_primary_cat":"","_seopress_titles_title":"","_seopress_titles_desc":"","_seopress_robots_index":"","footnotes":""},"class_list":["post-34941","page","type-page","status-publish"],"acf":[],"_links":{"self":[{"href":"https:\/\/www.thehippohouse.org\/pt-pt\/wp-json\/wp\/v2\/pages\/34941","targetHints":{"allow":["GET"]}}],"collection":[{"href":"https:\/\/www.thehippohouse.org\/pt-pt\/wp-json\/wp\/v2\/pages"}],"about":[{"href":"https:\/\/www.thehippohouse.org\/pt-pt\/wp-json\/wp\/v2\/types\/page"}],"author":[{"embeddable":true,"href":"https:\/\/www.thehippohouse.org\/pt-pt\/wp-json\/wp\/v2\/users\/1"}],"replies":[{"embeddable":true,"href":"https:\/\/www.thehippohouse.org\/pt-pt\/wp-json\/wp\/v2\/comments?post=34941"}],"version-history":[{"count":0,"href":"https:\/\/www.thehippohouse.org\/pt-pt\/wp-json\/wp\/v2\/pages\/34941\/revisions"}],"wp:attachment":[{"href":"https:\/\/www.thehippohouse.org\/pt-pt\/wp-json\/wp\/v2\/media?parent=34941"}],"curies":[{"name":"wp","href":"https:\/\/api.w.org\/{rel}","templated":true}]}}