{"id":35087,"date":"2024-12-13T11:56:42","date_gmt":"2024-12-13T11:56:42","guid":{"rendered":"https:\/\/www.thehippohouse.org\/?page_id=35087"},"modified":"2024-12-13T12:36:15","modified_gmt":"2024-12-13T12:36:15","slug":"condicoes-gerais-de-venda","status":"publish","type":"page","link":"https:\/\/www.thehippohouse.org\/pt-pt\/condicoes-gerais-de-venda\/","title":{"rendered":"Condi\u00e7\u00f5es Gerais de Venda"},"content":{"rendered":"\t\t<div data-elementor-type=\"wp-page\" data-elementor-id=\"35087\" class=\"elementor elementor-35087 elementor-35030\" data-elementor-post-type=\"page\">\n\t\t\t\t\t\t<section class=\"elementor-section elementor-top-section elementor-element elementor-element-1c50a0fa elementor-section-stretched elementor-section-boxed elementor-section-height-default elementor-section-height-default\" data-id=\"1c50a0fa\" data-element_type=\"section\" data-e-type=\"section\" data-settings=\"{&quot;stretch_section&quot;:&quot;section-stretched&quot;}\">\n\t\t\t\t\t\t<div class=\"elementor-container elementor-column-gap-default\">\n\t\t\t\t\t<div class=\"elementor-column elementor-col-100 elementor-top-column elementor-element elementor-element-39162af4\" data-id=\"39162af4\" data-element_type=\"column\" data-e-type=\"column\">\n\t\t\t<div class=\"elementor-widget-wrap elementor-element-populated\">\n\t\t\t\t\t\t<div class=\"elementor-element elementor-element-2be54a88 elementor-widget elementor-widget-heading\" data-id=\"2be54a88\" data-element_type=\"widget\" data-e-type=\"widget\" data-widget_type=\"heading.default\">\n\t\t\t\t<div class=\"elementor-widget-container\">\n\t\t\t\t\t<h1 class=\"elementor-heading-title elementor-size-default\">Condi\u00e7\u00f5es Gerais de Venda da Loja Solid\u00e1ria Hippo \ud83e\udd9b\ud83d\udc99\n<\/h1>\t\t\t\t<\/div>\n\t\t\t\t<\/div>\n\t\t\t\t<div class=\"elementor-element elementor-element-7e1e406d elementor-widget elementor-widget-text-editor\" data-id=\"7e1e406d\" data-element_type=\"widget\" data-e-type=\"widget\" data-widget_type=\"text-editor.default\">\n\t\t\t\t<div class=\"elementor-widget-container\">\n\t\t\t\t\t\t\t\t\t<p>Bem-vindo \u00e0 <strong>Loja Solid\u00e1ria Hippo<\/strong>! Aqui, cada compra n\u00e3o s\u00f3 te aproxima de <strong>produtos com Alma e Cora\u00e7\u00e3o<\/strong>, como tamb\u00e9m ajuda a cumprir nossa <strong>Miss\u00e3o<\/strong>: criar <strong>recursos educativos gratuitos<\/strong> para apoiar as fam\u00edlias que convivem com <strong>hipoglicemias<\/strong>. \ud83c\udf1f<\/p><p>Estes termos e condi\u00e7\u00f5es explicam tudo o que voc\u00ea precisa saber sobre seus <strong>pedidos, pagamentos, devolu\u00e7\u00f5es<\/strong> e muito mais.<\/p>\t\t\t\t\t\t\t\t<\/div>\n\t\t\t\t<\/div>\n\t\t\t\t<div class=\"elementor-element elementor-element-4ca583ed elementor-widget elementor-widget-heading\" data-id=\"4ca583ed\" data-element_type=\"widget\" data-e-type=\"widget\" data-widget_type=\"heading.default\">\n\t\t\t\t<div class=\"elementor-widget-container\">\n\t\t\t\t\t<h2 class=\"elementor-heading-title elementor-size-default\">Pre\u00e2mbulo<\/h2>\t\t\t\t<\/div>\n\t\t\t\t<\/div>\n\t\t\t\t<div class=\"elementor-element elementor-element-645029b7 elementor-widget elementor-widget-text-editor\" data-id=\"645029b7\" data-element_type=\"widget\" data-e-type=\"widget\" data-widget_type=\"text-editor.default\">\n\t\t\t\t<div class=\"elementor-widget-container\">\n\t\t\t\t\t\t\t\t\t<p>Estas <strong>condi\u00e7\u00f5es gerais<\/strong> aplicam-se exclusivamente aos <strong>produtos comercializados diretamente pela The Hippo House<\/strong>. Se voc\u00ea vir outros produtos ou servi\u00e7os mencionados em nosso site, mas que n\u00e3o s\u00e3o diretamente gerenciados por n\u00f3s, eles n\u00e3o est\u00e3o sujeitos a estas condi\u00e7\u00f5es.<\/p><p>Entre voc\u00ea, o <strong>CLIENTE<\/strong>, e n\u00f3s, a <a href=\"https:\/\/www.thehippohouse.org\/pt-pt\/home\/a-parceria\/\" target=\"_blank\" rel=\"noopener\"><strong>ASSOCIA\u00c7\u00c3O HIPPO HOUSE<\/strong><\/a> (CIF G16496077), estabelecemos estas condi\u00e7\u00f5es para garantir <strong>clareza e transpar\u00eancia.<\/strong><\/p><p>Realizamos envios para quase todo o mundo \ud83c\udf0d, desde que as tarifas de envio detalhadas na se\u00e7\u00e3o <a href=\"https:\/\/www.thehippohouse.org\/pt-pt\/loja-de-caridade\/sobre-o-envio\/\" target=\"_blank\" rel=\"noopener\"><strong>&#8220;Informa\u00e7\u00f5es sobre os Envios&#8221;<\/strong><\/a> sejam cobertas. Estas condi\u00e7\u00f5es aplicam-se apenas a consumidores; <strong><u>a revenda n\u00e3o \u00e9 permitida.<\/u><\/strong><\/p><p>Fazer um <strong>pedido<\/strong> na <strong>Loja Solid\u00e1ria Hippo<\/strong> implica a aceita\u00e7\u00e3o destas condi\u00e7\u00f5es, bem como de qualquer outra especificada no pr\u00f3prio pedido.<\/p>\t\t\t\t\t\t\t\t<\/div>\n\t\t\t\t<\/div>\n\t\t\t\t<div class=\"elementor-element elementor-element-d4f1bea elementor-widget elementor-widget-heading\" data-id=\"d4f1bea\" data-element_type=\"widget\" data-e-type=\"widget\" data-widget_type=\"heading.default\">\n\t\t\t\t<div class=\"elementor-widget-container\">\n\t\t\t\t\t<h2 class=\"elementor-heading-title elementor-size-default\">1. Objetivo<\/h2>\t\t\t\t<\/div>\n\t\t\t\t<\/div>\n\t\t\t\t<div class=\"elementor-element elementor-element-2014762c elementor-widget elementor-widget-text-editor\" data-id=\"2014762c\" data-element_type=\"widget\" data-e-type=\"widget\" data-widget_type=\"text-editor.default\">\n\t\t\t\t<div class=\"elementor-widget-container\">\n\t\t\t\t\t\t\t\t\t<p>Estas <strong>condi\u00e7\u00f5es<\/strong> t\u00eam como objetivo definir nossa rela\u00e7\u00e3o comercial, desde a realiza\u00e7\u00e3o do pedido, pagamento, entrega e servi\u00e7o p\u00f3s-venda. Queremos que sua experi\u00eancia seja incr\u00edvel!<\/p>\t\t\t\t\t\t\t\t<\/div>\n\t\t\t\t<\/div>\n\t\t\t\t<div class=\"elementor-element elementor-element-7931276f elementor-widget elementor-widget-heading\" data-id=\"7931276f\" data-element_type=\"widget\" data-e-type=\"widget\" data-widget_type=\"heading.default\">\n\t\t\t\t<div class=\"elementor-widget-container\">\n\t\t\t\t\t<h2 class=\"elementor-heading-title elementor-size-default\">2. Pedidos<\/h2>\t\t\t\t<\/div>\n\t\t\t\t<\/div>\n\t\t\t\t<div class=\"elementor-element elementor-element-6651ff4f elementor-widget elementor-widget-text-editor\" data-id=\"6651ff4f\" data-element_type=\"widget\" data-e-type=\"widget\" data-widget_type=\"text-editor.default\">\n\t\t\t\t<div class=\"elementor-widget-container\">\n\t\t\t\t\t\t\t\t\t<p>Fazer um pedido na <strong>Loja Solid\u00e1ria Hippo<\/strong> \u00e9 super f\u00e1cil, vamos te explicar!<\/p><p>Voc\u00ea pode fazer seu pedido das seguintes formas:<\/p><ul><li><strong>Pelo nosso site<\/strong> (recomendado), visitando <a href=\"https:\/\/www.thehippohouse.org\/pt-pt\/\" target=\"_blank\" rel=\"noopener\"><strong>thehippohouse.org<\/strong><\/a> e seguindo as instru\u00e7\u00f5es na se\u00e7\u00e3o <a href=\"https:\/\/www.thehippohouse.org\/pt-pt\/loja-de-caridade\/como-comprar\/\" target=\"_blank\" rel=\"noopener\"><strong>&#8220;Como Comprar&#8221;<\/strong><\/a>.<\/li><li><strong>Por e-mail<\/strong>, enviando uma mensagem para <strong><a href=\"mailto:info@thehippohouse.org\">info@thehippohouse.org<\/a>.<\/strong><\/li><\/ul><p>Ao realizar o pedido, voc\u00ea precisar\u00e1 fornecer alguns dados pessoais para que possamos process\u00e1-lo, a menos que j\u00e1 tenha <strong>uma conta<\/strong> conosco.<\/p><p>Ao fazer o pedido, o <strong>CLIENTE<\/strong> aceita todos os pre\u00e7os, descri\u00e7\u00f5es dos produtos e condi\u00e7\u00f5es de venda. Se algum produto n\u00e3o estiver dispon\u00edvel, informaremos o mais r\u00e1pido poss\u00edvel.<\/p><p>Voc\u00ea encontra informa\u00e7\u00f5es detalhadas sobre o processo de compra na se\u00e7\u00e3o<a href=\"https:\/\/www.thehippohouse.org\/pt-pt\/loja-de-caridade\/como-comprar\/\" target=\"_blank\" rel=\"noopener\"> <strong>&#8220;Como Comprar&#8221;<\/strong> <\/a>do nosso site.<\/p>\t\t\t\t\t\t\t\t<\/div>\n\t\t\t\t<\/div>\n\t\t\t\t<div class=\"elementor-element elementor-element-1e785175 elementor-widget elementor-widget-heading\" data-id=\"1e785175\" data-element_type=\"widget\" data-e-type=\"widget\" data-widget_type=\"heading.default\">\n\t\t\t\t<div class=\"elementor-widget-container\">\n\t\t\t\t\t<h2 class=\"elementor-heading-title elementor-size-default\">3. Entrega<\/h2>\t\t\t\t<\/div>\n\t\t\t\t<\/div>\n\t\t\t\t<div class=\"elementor-element elementor-element-736dda65 elementor-widget elementor-widget-text-editor\" data-id=\"736dda65\" data-element_type=\"widget\" data-e-type=\"widget\" data-widget_type=\"text-editor.default\">\n\t\t\t\t<div class=\"elementor-widget-container\">\n\t\t\t\t\t\t\t\t\t<p>Nos comprometemos a enviar os <strong>produtos dispon\u00edveis em estoque<\/strong> o mais r\u00e1pido poss\u00edvel. No entanto, se algum produto estiver fora de estoque ou em produ\u00e7\u00e3o, informaremos sobre a <strong>disponibilidade<\/strong> e o <strong>prazo estimado<\/strong> de entrega.<\/p><p>As <strong>entregas<\/strong> s\u00e3o feitas <strong>de segunda a sexta-feira<\/strong> no endere\u00e7o que voc\u00ea nos fornecer. Se tiver d\u00favidas ou solicita\u00e7\u00f5es especiais, conte pra gente e vamos resolver com carinho! \ud83d\ude0a<\/p><p><strong>Prazos estimados de entrega<\/strong> (ap\u00f3s o processamento do pedido):<\/p><ul><li><strong>48\/72 horas<\/strong> (Espanha Continental e Portugal).<\/li><li><strong>4\/10 dias<\/strong> (Uni\u00e3o Europeia e Espa\u00e7o Econ\u00f4mico Europeu).<\/li><li><strong>7\/25 dias<\/strong> (Resto do mundo).<\/li><\/ul><p>Se um <strong>produto<\/strong> n\u00e3o estiver dispon\u00edvel e n\u00e3o puder ser substitu\u00eddo, informaremos e processaremos o reembolso imediatamente. Fique tranquilo, resolvemos tudo r\u00e1pido!<\/p><p>Todas as informa\u00e7\u00f5es sobre envios est\u00e3o dispon\u00edveis na se\u00e7\u00e3o <a href=\"https:\/\/www.thehippohouse.org\/pt-pt\/loja-de-caridade\/sobre-o-envio\/\" target=\"_blank\" rel=\"noopener\"><strong>&#8220;Informa\u00e7\u00f5es sobre os Envios&#8221;<\/strong> <\/a>do nosso site.<\/p>\t\t\t\t\t\t\t\t<\/div>\n\t\t\t\t<\/div>\n\t\t\t\t<div class=\"elementor-element elementor-element-31a4eedd elementor-widget elementor-widget-heading\" data-id=\"31a4eedd\" data-element_type=\"widget\" data-e-type=\"widget\" data-widget_type=\"heading.default\">\n\t\t\t\t<div class=\"elementor-widget-container\">\n\t\t\t\t\t<h2 class=\"elementor-heading-title elementor-size-default\">4. Pagamento<\/h2>\t\t\t\t<\/div>\n\t\t\t\t<\/div>\n\t\t\t\t<div class=\"elementor-element elementor-element-48234685 elementor-widget elementor-widget-text-editor\" data-id=\"48234685\" data-element_type=\"widget\" data-e-type=\"widget\" data-widget_type=\"text-editor.default\">\n\t\t\t\t<div class=\"elementor-widget-container\">\n\t\t\t\t\t\t\t\t\t<p>Oferecemos diversas <strong>formas de pagamento seguras<\/strong> e pr\u00e1ticas para voc\u00ea:<\/p><ul><li><strong>Pagamento com cart\u00e3o via WooPayments (Stripe<\/strong>), permitindo o pagamento com cart\u00e3o de d\u00e9bito ou cr\u00e9dito de forma segura. Fique tranquilo, n\u00e3o temos acesso aos seus dados banc\u00e1rios! \ud83d\udcb3<\/li><li><strong>Pagamento via PayPal.<\/strong> Se voc\u00ea tiver uma conta, pode pagar diretamente com o saldo ou o cart\u00e3o vinculado.<\/li><li><strong>Pagamento por transfer\u00eancia banc\u00e1ria.<\/strong> Nesse caso, enviaremos os dados da nossa conta para que voc\u00ea realize o pagamento. Lembre-se de que as transfer\u00eancias podem levar alguns dias. Assim que o pagamento for confirmado, processamos seu pedido! \u23f3<\/li><\/ul><p>Voc\u00ea encontra informa\u00e7\u00f5es detalhadas sobre as formas de pagamento na se\u00e7\u00e3o <a href=\"https:\/\/www.thehippohouse.org\/pt-pt\/loja-de-caridade\/como-comprar\/\" target=\"_blank\" rel=\"noopener\"><strong>&#8220;Como Comprar&#8221;<\/strong><\/a> do nosso site.<\/p>\t\t\t\t\t\t\t\t<\/div>\n\t\t\t\t<\/div>\n\t\t\t\t<div class=\"elementor-element elementor-element-cb16e93 elementor-widget elementor-widget-heading\" data-id=\"cb16e93\" data-element_type=\"widget\" data-e-type=\"widget\" data-widget_type=\"heading.default\">\n\t\t\t\t<div class=\"elementor-widget-container\">\n\t\t\t\t\t<h2 class=\"elementor-heading-title elementor-size-default\">5. Pre\u00e7os<\/h2>\t\t\t\t<\/div>\n\t\t\t\t<\/div>\n\t\t\t\t<div class=\"elementor-element elementor-element-5536b7c elementor-widget elementor-widget-text-editor\" data-id=\"5536b7c\" data-element_type=\"widget\" data-e-type=\"widget\" data-widget_type=\"text-editor.default\">\n\t\t\t\t<div class=\"elementor-widget-container\">\n\t\t\t\t\t\t\t\t\t<p>Por padr\u00e3o, os pre\u00e7os exibidos em nosso site incluem os impostos legais da Espanha. <strong>Sem surpresas!<\/strong> \ud83d\ude0e O pre\u00e7o final de cada pedido pode incluir taxas adicionais de embalagem e envio, dependendo do destino.<\/p><p>Voc\u00ea pode consultar os custos adicionais na se\u00e7\u00e3o <a href=\"https:\/\/www.thehippohouse.org\/pt-pt\/loja-de-caridade\/sobre-o-envio\/\" target=\"_blank\" rel=\"noopener\"><strong>&#8220;Informa\u00e7\u00f5es sobre os Envios&#8221;<\/strong><\/a> do nosso site.<\/p>\t\t\t\t\t\t\t\t<\/div>\n\t\t\t\t<\/div>\n\t\t\t\t<div class=\"elementor-element elementor-element-772a72d elementor-widget elementor-widget-heading\" data-id=\"772a72d\" data-element_type=\"widget\" data-e-type=\"widget\" data-widget_type=\"heading.default\">\n\t\t\t\t<div class=\"elementor-widget-container\">\n\t\t\t\t\t<h2 class=\"elementor-heading-title elementor-size-default\">6. Direito de Arrependimento e Devolu\u00e7\u00f5es<\/h2>\t\t\t\t<\/div>\n\t\t\t\t<\/div>\n\t\t\t\t<div class=\"elementor-element elementor-element-423f675 elementor-widget elementor-widget-text-editor\" data-id=\"423f675\" data-element_type=\"widget\" data-e-type=\"widget\" data-widget_type=\"text-editor.default\">\n\t\t\t\t<div class=\"elementor-widget-container\">\n\t\t\t\t\t\t\t\t\t<p>Sabemos que, \u00e0s vezes, as coisas n\u00e3o saem como esperado. N\u00e3o tem problema,<strong> voc\u00ea tem 7 dias<\/strong> <strong>a partir do recebimento<\/strong> do pedido para devolver um produto sem penalidades. Certifique-se de que o item esteja em <strong>perfeito estado,<\/strong> com as etiquetas intactas.<\/p><p><strong><u>Lembre-se de que produtos personalizados ou consum\u00edveis n\u00e3o podem ser devolvidos.<\/u><\/strong> \ud83d\udca1<\/p><p>Se a devolu\u00e7\u00e3o for devido a um erro nosso (produto errado ou com defeito), <strong>cobrimos todos os custos!<\/strong> Caso contr\u00e1rio, o <strong>CLIENTE<\/strong> ser\u00e1 respons\u00e1vel pelos custos da devolu\u00e7\u00e3o.<\/p><p>Voc\u00ea encontra todas as informa\u00e7\u00f5es na se\u00e7\u00e3o <a href=\"https:\/\/www.thehippohouse.org\/pt-pt\/loja-de-caridade\/politica-de-devolucoes\/\" target=\"_blank\" rel=\"noopener\"><strong>&#8220;Pol\u00edtica de Devolu\u00e7\u00f5es&#8221;<\/strong><\/a> do nosso site.<\/p>\t\t\t\t\t\t\t\t<\/div>\n\t\t\t\t<\/div>\n\t\t\t\t<div class=\"elementor-element elementor-element-901380e elementor-widget elementor-widget-heading\" data-id=\"901380e\" data-element_type=\"widget\" data-e-type=\"widget\" data-widget_type=\"heading.default\">\n\t\t\t\t<div class=\"elementor-widget-container\">\n\t\t\t\t\t<h2 class=\"elementor-heading-title elementor-size-default\">7. Garantias<\/h2>\t\t\t\t<\/div>\n\t\t\t\t<\/div>\n\t\t\t\t<div class=\"elementor-element elementor-element-4ee06ce elementor-widget elementor-widget-text-editor\" data-id=\"4ee06ce\" data-element_type=\"widget\" data-e-type=\"widget\" data-widget_type=\"text-editor.default\">\n\t\t\t\t<div class=\"elementor-widget-container\">\n\t\t\t\t\t\t\t\t\t<p>Se um produto n\u00e3o atender \u00e0s suas expectativas ou apresentar defeito, n\u00e3o se preocupe! Voc\u00ea pode solicitar <strong>substitui\u00e7\u00e3o, troca ou reembolso<\/strong>. A substitui\u00e7\u00e3o e a troca ser\u00e3o <strong>totalmente gratuitas<\/strong> para voc\u00ea. Se decidir trocar o produto e o pre\u00e7o do novo produto for maior, voc\u00ea precisar\u00e1 pagar a diferen\u00e7a. Se for menor, reembolsamos a diferen\u00e7a. \ud83d\ude0a<\/p>\t\t\t\t\t\t\t\t<\/div>\n\t\t\t\t<\/div>\n\t\t\t\t<div class=\"elementor-element elementor-element-293ba02 elementor-widget elementor-widget-heading\" data-id=\"293ba02\" data-element_type=\"widget\" data-e-type=\"widget\" data-widget_type=\"heading.default\">\n\t\t\t\t<div class=\"elementor-widget-container\">\n\t\t\t\t\t<h2 class=\"elementor-heading-title elementor-size-default\">8. Responsabilidade<\/h2>\t\t\t\t<\/div>\n\t\t\t\t<\/div>\n\t\t\t\t<div class=\"elementor-element elementor-element-4c68135 elementor-widget elementor-widget-text-editor\" data-id=\"4c68135\" data-element_type=\"widget\" data-e-type=\"widget\" data-widget_type=\"text-editor.default\">\n\t\t\t\t<div class=\"elementor-widget-container\">\n\t\t\t\t\t\t\t\t\t<p>Levamos muito a s\u00e9rio a seguran\u00e7a dos seus dados. <strong>The Hippo House<\/strong> garante que todos os <strong><u>seus dados pessoais ser\u00e3o tratados com seguran\u00e7a<\/u><\/strong> para evitar qualquer acesso n\u00e3o autorizado.<\/p><p>\ud83d\udd10 Voc\u00ea pode consultar nossa <a href=\"https:\/\/www.thehippohouse.org\/pt-pt\/paginas-rollazo\/politica-de-privacidade-e-protecao-de-dados\/\" target=\"_blank\" rel=\"noopener\"><strong>&#8220;Pol\u00edtica de Privacidade&#8221;<\/strong><\/a> para mais detalhes.<\/p>\t\t\t\t\t\t\t\t<\/div>\n\t\t\t\t<\/div>\n\t\t\t\t<div class=\"elementor-element elementor-element-f4bcc9c elementor-widget elementor-widget-heading\" data-id=\"f4bcc9c\" data-element_type=\"widget\" data-e-type=\"widget\" data-widget_type=\"heading.default\">\n\t\t\t\t<div class=\"elementor-widget-container\">\n\t\t\t\t\t<h2 class=\"elementor-heading-title elementor-size-default\">9. Propriedade Intelectual<\/h2>\t\t\t\t<\/div>\n\t\t\t\t<\/div>\n\t\t\t\t<div class=\"elementor-element elementor-element-7fa17e5 elementor-widget elementor-widget-text-editor\" data-id=\"7fa17e5\" data-element_type=\"widget\" data-e-type=\"widget\" data-widget_type=\"text-editor.default\">\n\t\t\t\t<div class=\"elementor-widget-container\">\n\t\t\t\t\t\t\t\t\t<p>Todas as informa\u00e7\u00f5es e conte\u00fados do nosso site (imagens, textos, v\u00eddeos) est\u00e3o protegidos por <strong>direitos autorais.<\/strong> Alguns dos conte\u00fados pertencem \u00e0 <a href=\"https:\/\/www.thehippohouse.org\/pt-pt\/home\/a-parceria\/\" target=\"_blank\" rel=\"noopener\"><strong>Associa\u00e7\u00e3o Hippo House<\/strong><\/a>, outros a terceiros. Compartilhe nossos conte\u00fados, mas n\u00e3o esque\u00e7a de nos citar como fonte! \ud83d\udcda<\/p>\t\t\t\t\t\t\t\t<\/div>\n\t\t\t\t<\/div>\n\t\t\t\t<div class=\"elementor-element elementor-element-c2771d1 elementor-widget elementor-widget-heading\" data-id=\"c2771d1\" data-element_type=\"widget\" data-e-type=\"widget\" data-widget_type=\"heading.default\">\n\t\t\t\t<div class=\"elementor-widget-container\">\n\t\t\t\t\t<h2 class=\"elementor-heading-title elementor-size-default\">10. Acordo Total<\/h2>\t\t\t\t<\/div>\n\t\t\t\t<\/div>\n\t\t\t\t<div class=\"elementor-element elementor-element-e067b98 elementor-widget elementor-widget-text-editor\" data-id=\"e067b98\" data-element_type=\"widget\" data-e-type=\"widget\" data-widget_type=\"text-editor.default\">\n\t\t\t\t<div class=\"elementor-widget-container\">\n\t\t\t\t\t\t\t\t\t<p>Estas <strong>condi\u00e7\u00f5es gerais<\/strong> representam o acordo completo entre voc\u00ea e n\u00f3s. Se alguma cl\u00e1usula for anulada, as demais condi\u00e7\u00f5es permanecem inalteradas. Tudo \u00e9 claro e transparente. \u2705<\/p>\t\t\t\t\t\t\t\t<\/div>\n\t\t\t\t<\/div>\n\t\t\t\t<div class=\"elementor-element elementor-element-ec091ca elementor-widget elementor-widget-heading\" data-id=\"ec091ca\" data-element_type=\"widget\" data-e-type=\"widget\" data-widget_type=\"heading.default\">\n\t\t\t\t<div class=\"elementor-widget-container\">\n\t\t\t\t\t<h2 class=\"elementor-heading-title elementor-size-default\">11. Legisla\u00e7\u00e3o Aplic\u00e1vel e Compet\u00eancia<\/h2>\t\t\t\t<\/div>\n\t\t\t\t<\/div>\n\t\t\t\t<div class=\"elementor-element elementor-element-ea102f5 elementor-widget elementor-widget-text-editor\" data-id=\"ea102f5\" data-element_type=\"widget\" data-e-type=\"widget\" data-widget_type=\"text-editor.default\">\n\t\t\t\t<div class=\"elementor-widget-container\">\n\t\t\t\t\t\t\t\t\t<p>Estas <strong>Condi\u00e7\u00f5es Gerais de Venda<\/strong> s\u00e3o regidas pela legisla\u00e7\u00e3o espanhola. Em caso de disputas ou d\u00favidas, <strong>The Hippo House<\/strong> e o <strong>CLIENTE<\/strong> se submeter\u00e3o aos tribunais do domic\u00edlio fiscal da <a href=\"https:\/\/www.thehippohouse.org\/pt-pt\/home\/a-parceria\/\" target=\"_blank\" rel=\"noopener\"><strong>Associa\u00e7\u00e3o Hippo House<\/strong>.<\/a><\/p><p>Se voc\u00ea tiver d\u00favidas ou precisar de mais informa\u00e7\u00f5es, entre em contato conosco pelo e-mail <strong><a href=\"mailto:info@thehippohouse.org\">info@thehippohouse.org<\/a> <\/strong>ou pelo telefone <strong>+34 931 782 359. <\/strong><strong>\ud83d\udcde<\/strong><\/p>\t\t\t\t\t\t\t\t<\/div>\n\t\t\t\t<\/div>\n\t\t\t\t<div class=\"elementor-element elementor-element-3f46dc46 elementor-widget elementor-widget-heading\" data-id=\"3f46dc46\" data-element_type=\"widget\" data-e-type=\"widget\" data-widget_type=\"heading.default\">\n\t\t\t\t<div class=\"elementor-widget-container\">\n\t\t\t\t\t<h2 class=\"elementor-heading-title elementor-size-default\">\ud83e\udde1 Obrigado por fazer parte da Fam\u00edlia Hippo e por tornar cada compra importante! \ud83e\udd9b<\/h2>\t\t\t\t<\/div>\n\t\t\t\t<\/div>\n\t\t\t\t<div class=\"elementor-element elementor-element-79e07e1 elementor-widget elementor-widget-text-editor\" data-id=\"79e07e1\" data-element_type=\"widget\" data-e-type=\"widget\" data-widget_type=\"text-editor.default\">\n\t\t\t\t<div class=\"elementor-widget-container\">\n\t\t\t\t\t\t\t\t\t<p>Lembre-se de que <strong>100% dos lucros das compras na Loja Solid\u00e1ria Hippo<\/strong> <strong>s\u00e3o destinados \u00e0 cria\u00e7\u00e3o de recursos educativos gratuitos para as fam\u00edlias que convivem com hipoglicemias.<\/strong><\/p>\t\t\t\t\t\t\t\t<\/div>\n\t\t\t\t<\/div>\n\t\t\t\t<div class=\"elementor-element elementor-element-37ed2f6 elementor-widget elementor-widget-heading\" data-id=\"37ed2f6\" data-element_type=\"widget\" data-e-type=\"widget\" data-widget_type=\"heading.default\">\n\t\t\t\t<div class=\"elementor-widget-container\">\n\t\t\t\t\t<h2 class=\"elementor-heading-title elementor-size-default\">\ud83d\udcab Cada clique na nossa loja \u00e9 um gr\u00e3o de a\u00e7\u00facar! \ud83d\udcab<\/h2>\t\t\t\t<\/div>\n\t\t\t\t<\/div>\n\t\t\t\t\t<\/div>\n\t\t<\/div>\n\t\t\t\t\t<\/div>\n\t\t<\/section>\n\t\t\t\t<\/div>\n\t\t","protected":false},"excerpt":{"rendered":"<p>Condi\u00e7\u00f5es Gerais de Venda da Loja Solid\u00e1ria Hippo \ud83e\udd9b\ud83d\udc99 Bem-vindo \u00e0 Loja Solid\u00e1ria Hippo! Aqui, cada compra n\u00e3o s\u00f3 te aproxima de produtos com Alma e Cora\u00e7\u00e3o, como tamb\u00e9m ajuda a cumprir nossa Miss\u00e3o: criar recursos educativos gratuitos para apoiar as fam\u00edlias que convivem com hipoglicemias. \ud83c\udf1f Estes termos e condi\u00e7\u00f5es explicam tudo o que &#8230; <a title=\"Condi\u00e7\u00f5es Gerais de Venda\" class=\"read-more\" href=\"https:\/\/www.thehippohouse.org\/pt-pt\/condicoes-gerais-de-venda\/\" aria-label=\"Read more about Condi\u00e7\u00f5es Gerais de Venda\">Leer m\u00e1s<\/a><\/p>\n","protected":false},"author":1,"featured_media":0,"parent":0,"menu_order":4,"comment_status":"closed","ping_status":"closed","template":"elementor_header_footer","meta":{"_acf_changed":false,"_seopress_robots_primary_cat":"","_seopress_titles_title":"","_seopress_titles_desc":"","_seopress_robots_index":"","footnotes":""},"class_list":["post-35087","page","type-page","status-publish"],"acf":[],"_links":{"self":[{"href":"https:\/\/www.thehippohouse.org\/pt-pt\/wp-json\/wp\/v2\/pages\/35087","targetHints":{"allow":["GET"]}}],"collection":[{"href":"https:\/\/www.thehippohouse.org\/pt-pt\/wp-json\/wp\/v2\/pages"}],"about":[{"href":"https:\/\/www.thehippohouse.org\/pt-pt\/wp-json\/wp\/v2\/types\/page"}],"author":[{"embeddable":true,"href":"https:\/\/www.thehippohouse.org\/pt-pt\/wp-json\/wp\/v2\/users\/1"}],"replies":[{"embeddable":true,"href":"https:\/\/www.thehippohouse.org\/pt-pt\/wp-json\/wp\/v2\/comments?post=35087"}],"version-history":[{"count":0,"href":"https:\/\/www.thehippohouse.org\/pt-pt\/wp-json\/wp\/v2\/pages\/35087\/revisions"}],"wp:attachment":[{"href":"https:\/\/www.thehippohouse.org\/pt-pt\/wp-json\/wp\/v2\/media?parent=35087"}],"curies":[{"name":"wp","href":"https:\/\/api.w.org\/{rel}","templated":true}]}}